{"id":991165,"date":"2024-02-16T09:35:08","date_gmt":"2024-02-16T09:35:08","guid":{"rendered":"https:\/\/rimecgroup.it\/cookies-policy\/"},"modified":"2025-03-28T13:08:17","modified_gmt":"2025-03-28T13:08:17","slug":"cookies-policy","status":"publish","type":"page","link":"https:\/\/rimecgroup.it\/fr\/cookies-policy\/","title":{"rendered":"Politique de cookies"},"content":{"rendered":"<div class=\"vgblk-rw-wrapper limit-wrapper\">\n<h2>\n\tInformations sur l&rsquo;utilisation des cookies\n\t<\/h2>\n\t<p>Le site rimecgroup.it utilise des cookies et des technologies similaires pour assurer le bon fonctionnement des proc\u00e9dures et am\u00e9liorer l&rsquo;exp\u00e9rience d&rsquo;utilisation des applications en ligne. Ce document fournit des informations d\u00e9taill\u00e9es sur l&rsquo;utilisation des cookies et des technologies similaires, comment ils sont utilis\u00e9s par rimecgroup.it et comment les g\u00e9rer.<\/p>\n\t<p><strong>D\u00e9finitions<\/strong><\/p>\n<p>Les cookies sont de courts fragments de texte (lettres et\/ou chiffres) qui permettent au serveur Web de stocker des informations sur le client (le <i>navigateur<\/i>) pour \u00eatre r\u00e9utilis\u00e9es lors de la m\u00eame visite sur le site (cookies de session) ou ult\u00e9rieurement, m\u00eame apr\u00e8s plusieurs jours (cookies persistants). Les cookies sont stock\u00e9s, en fonction des pr\u00e9f\u00e9rences de l&rsquo;utilisateur, par le navigateur individuel sur l&rsquo;appareil sp\u00e9cifique utilis\u00e9 (ordinateur, tablette, smartphone). Des technologies similaires, telles que les balises Web, les GIF invisibles et toutes les formes de stockage local introduites avec HTML5, peuvent \u00eatre utilis\u00e9es pour collecter des informations sur le comportement des utilisateurs et l&rsquo;utilisation des services. Dans la suite de ce document, nous ferons r\u00e9f\u00e9rence aux cookies et \u00e0 toutes les technologies similaires en utilisant simplement le terme \u00ab cookies \u00bb.<\/p>\n<p><strong>Types de cookies<\/strong><\/p>\n<p>En fonction des caract\u00e9ristiques et de l&rsquo;utilisation des cookies, nous pouvons distinguer diff\u00e9rentes cat\u00e9gories :<\/p>\n<ul>\n<li><b>Cookies strictement n\u00e9cessaires<\/b>. Il s&rsquo;agit de cookies indispensables au bon fonctionnement du site rimecgroup.it et utilis\u00e9s pour g\u00e9rer la connexion et l&rsquo;acc\u00e8s aux fonctions r\u00e9serv\u00e9es du site. La dur\u00e9e des cookies est strictement limit\u00e9e \u00e0 la session de travail (ils sont supprim\u00e9s lorsque le navigateur est ferm\u00e9). La partie publique du site rimecgroup.it reste normalement utilisable.<\/li>\n<li><b>Cookies d&rsquo;analyse et de performance<\/b>. Il s&rsquo;agit de cookies utilis\u00e9s pour collecter et analyser le trafic et l&rsquo;utilisation du site de mani\u00e8re anonyme. Ces cookies, m\u00eame sans identifier l&rsquo;utilisateur, permettent par exemple de d\u00e9tecter si le m\u00eame utilisateur revient se connecter \u00e0 des moments diff\u00e9rents. Ils vous permettent \u00e9galement de surveiller le syst\u00e8me et d&rsquo;am\u00e9liorer ses performances et sa convivialit\u00e9. La d\u00e9sactivation de ces cookies peut \u00eatre effectu\u00e9e sans aucune perte de fonctionnalit\u00e9.<\/li>\n<li><b>Cookies de profilage<\/b>. Il s&rsquo;agit de cookies permanents utilis\u00e9s pour identifier (de mani\u00e8re anonyme ou non) les pr\u00e9f\u00e9rences des utilisateurs et am\u00e9liorer leur exp\u00e9rience de navigation. Le site rimecgroup.it n&rsquo;utilise pas de cookies de ce type.<\/li>\n<\/ul>\n<p><strong>Cookies tiers<\/strong><\/p>\n<p>Lorsque vous visitez un site Web, vous pouvez recevoir des cookies provenant \u00e0 la fois du site visit\u00e9 (\u00ab propri\u00e9taire \u00bb) et de sites g\u00e9r\u00e9s par d&rsquo;autres organisations (\u00ab tiers \u00bb). Un exemple notable est la pr\u00e9sence de \u00ab plugins sociaux \u00bb pour Facebook, Twitter, Google+ et LinkedIn. Il s&rsquo;agit de parties de la page visit\u00e9e g\u00e9n\u00e9r\u00e9es directement par les sites pr\u00e9cit\u00e9s et int\u00e9gr\u00e9es \u00e0 la page du site h\u00f4te. L&rsquo;utilisation la plus courante des <i>plugins sociaux<\/i> vise \u00e0 partager du contenu sur les r\u00e9seaux sociaux. La pr\u00e9sence de ces <i>plugins<\/i> implique la transmission de cookies vers et depuis tous les sites g\u00e9r\u00e9s par des tiers. La gestion des informations collect\u00e9es par des \u00ab tiers \u00bb est r\u00e9gie par les informations pertinentes auxquelles vous \u00eates pri\u00e9 de vous r\u00e9f\u00e9rer. Afin d&rsquo;assurer une plus grande transparence et commodit\u00e9, les adresses web des diff\u00e9rentes informations et modalit\u00e9s de gestion des cookies sont indiqu\u00e9es ci-dessous.<\/p>\n<ul>\nInformations Facebook\u00a0: <a href=\"https:\/\/www.facebook.com\/help\/cookies\/\">https:\/\/www.facebook.com\/help\/cookies\/<\/a>\n<li>Facebook (configuration) : connectez-vous \u00e0 votre compte. Section Confidentialit\u00e9.<\/li>\nInformations Twitter\u00a0: <a href=\"https:\/\/support.twitter.com\/articles\/20170514\">https:\/\/support.twitter.com\/articles\/20170514<\/a>\n<li>Twitter (param\u00e8tres)\u00a0: <a href=\"https:\/\/twitter.com\/settings\/security\">https:\/\/twitter.com\/settings\/security<\/a><\/li>\nInformations LinkedIn\u00a0: <a href=\"https:\/\/www.linkedin.com\/legal\/cookie-policy\">https:\/\/www.linkedin.com\/legal\/cookie-policy<\/a>\n<li>Linkedin (param\u00e8tres)\u00a0: <a href=\"https:\/\/www.linkedin.com\/settings\/\">https:\/\/www.linkedin.com\/settings\/<\/a><\/li>\nInformations Google+\u00a0: <a href=\"https:\/\/www.google.it\/intl\/it\/policies\/technologies\/cookies\/\">https:\/\/www.google.it\/intl\/it\/policies\/technologies\/cookies\/<\/a>\nGoogle+ (configuration)\u00a0: <a href=\"https:\/\/www.google.it\/intl\/it\/policies\/technologies\/managing\/\">https:\/\/www.google.it\/intl\/it\/policies\/technologies\/managing\/<\/a>\n<\/ul>\n<p>Dur\u00e9e des cookies<\/p>\n<p>Certains cookies (cookies de session) restent actifs uniquement jusqu&rsquo;\u00e0 la fermeture du navigateur ou l&rsquo;ex\u00e9cution de la commande de d\u00e9connexion. D&rsquo;autres cookies \u00ab survivent \u00bb \u00e0 la fermeture du navigateur et sont \u00e9galement disponibles lors des visites ult\u00e9rieures de l&rsquo;utilisateur. Ces cookies sont dits persistants et leur dur\u00e9e est fix\u00e9e par le serveur au moment de leur cr\u00e9ation. Dans certains cas, il y a un d\u00e9lai, dans d&rsquo;autres cas la dur\u00e9e est illimit\u00e9e. rimecgroup.it <b>n&rsquo;utilise pas de cookies persistants<\/b>. Cependant, en parcourant les pages du site rimecgroup.it, vous pouvez interagir avec des sites g\u00e9r\u00e9s par des tiers susceptibles de cr\u00e9er ou de modifier des cookies permanents et de profilage.<\/p>\n<p><strong>Gestion des cookies<\/strong><\/p>\n<p>L&rsquo;utilisateur peut d\u00e9cider d&rsquo;accepter ou non les cookies en utilisant les param\u00e8tres de son navigateur.<\/p>\n<p><b>Attention<\/b> : la d\u00e9sactivation totale ou partielle des cookies techniques peut compromettre l&rsquo;utilisation des fonctionnalit\u00e9s du site r\u00e9serv\u00e9es aux utilisateurs enregistr\u00e9s. Au contraire, la convivialit\u00e9 du contenu public est \u00e9galement possible en d\u00e9sactivant compl\u00e8tement les cookies. La d\u00e9sactivation des cookies \u00ab tiers \u00bb n&rsquo;affecte en rien la navigation. Le param\u00e8tre peut \u00eatre d\u00e9fini sp\u00e9cifiquement pour diff\u00e9rents sites Web et applications Web. De plus, les meilleurs navigateurs vous permettent de d\u00e9finir des param\u00e8tres diff\u00e9rents pour les cookies \u00ab propri\u00e9taires \u00bb et pour les cookies \u00ab tiers \u00bb. Par exemple, dans Firefox, via le menu <i>Outils->Options->Confidentialit\u00e9<\/i>, vous pouvez acc\u00e9der \u00e0 un panneau de configuration o\u00f9 vous pouvez d\u00e9finir si vous souhaitez accepter ou non les diff\u00e9rents types de cookies et proc\u00e9der \u00e0 leur suppression.<\/p>\n<p>Chrome\u00a0: <a href=\"https:\/\/support.google.com\/chrome\/answer\/95647?hl=fr\">https:\/\/support.google.com\/chrome\/answer\/95647?hl=fr<\/a><\/p>\n<p>Firefox\u00a0: <a href=\"https:\/\/support.mozilla.org\/it\/kb\/Gestione%20dei%20cookie\">https:\/\/support.mozilla.org\/it\/kb\/Gestione%20dei%20cookie<\/a><\/p>\n<p>Internet Explorer\u00a0: <a href=\"https:\/\/windows.microsoft.com\/it-it\/windows7\/how-to-manage-cookies-in-internet-explorer-9\">https:\/\/windows.microsoft.com\/it-it\/windows7\/how-to-manage-cookies-in-internet-explorer-9<\/a><\/p>\n<p>Op\u00e9ra\u00a0: <a href=\"https:\/\/help.opera.com\/Windows\/10.00\/it\/cookies.html\">https:\/\/help.opera.com\/Windows\/10.00\/it\/cookies.html<\/a><\/p>\n<p>Safari\u00a0: <a href=\"https:\/\/support.apple.com\/kb\/HT1677?viewlocale=fr_FR\">https:\/\/support.apple.com\/kb\/HT1677?viewlocale=fr_FR<\/a><\/p>\n<p>Nous avons class\u00e9 les cookies pr\u00e9sents sur le site, ci-dessous vous pouvez lire la finalit\u00e9 de chaque cat\u00e9gorie, avec la possibilit\u00e9 de bloquer les cookies partiellement ou totalement. Lorsque les cat\u00e9gories pr\u00e9c\u00e9demment autoris\u00e9es sont d\u00e9sactiv\u00e9es, tous les cookies attribu\u00e9s \u00e0 cette cat\u00e9gorie sont supprim\u00e9s du navigateur de l&rsquo;utilisateur. Vous pouvez \u00e9galement voir une liste des cookies attribu\u00e9s \u00e0 chaque cat\u00e9gorie, avec des informations suppl\u00e9mentaires dans la d\u00e9claration des cookies.<\/p>\n\n<\/div><!-- .vgblk-rw-wrapper -->","protected":false},"excerpt":{"rendered":"<p>Informations sur l&rsquo;utilisation des cookies Le site rimecgroup.it utilise des cookies et des technologies similaires pour assurer le bon fonctionnement des proc\u00e9dures et am\u00e9liorer l&rsquo;exp\u00e9rience d&rsquo;utilisation des applications en ligne. Ce document fournit des informations d\u00e9taill\u00e9es sur l&rsquo;utilisation des cookies et des technologies similaires, comment ils sont utilis\u00e9s par rimecgroup.it et comment les g\u00e9rer. D\u00e9finitions&#8230;<\/p>\n","protected":false},"author":1,"featured_media":0,"parent":0,"menu_order":0,"comment_status":"closed","ping_status":"closed","template":"","meta":{"inline_featured_image":false,"footnotes":""},"class_list":["post-991165","page","type-page","status-publish","hentry"],"jetpack_sharing_enabled":true,"_links":{"self":[{"href":"https:\/\/rimecgroup.it\/fr\/wp-json\/wp\/v2\/pages\/991165","targetHints":{"allow":["GET"]}}],"collection":[{"href":"https:\/\/rimecgroup.it\/fr\/wp-json\/wp\/v2\/pages"}],"about":[{"href":"https:\/\/rimecgroup.it\/fr\/wp-json\/wp\/v2\/types\/page"}],"author":[{"embeddable":true,"href":"https:\/\/rimecgroup.it\/fr\/wp-json\/wp\/v2\/users\/1"}],"replies":[{"embeddable":true,"href":"https:\/\/rimecgroup.it\/fr\/wp-json\/wp\/v2\/comments?post=991165"}],"version-history":[{"count":2,"href":"https:\/\/rimecgroup.it\/fr\/wp-json\/wp\/v2\/pages\/991165\/revisions"}],"predecessor-version":[{"id":991174,"href":"https:\/\/rimecgroup.it\/fr\/wp-json\/wp\/v2\/pages\/991165\/revisions\/991174"}],"wp:attachment":[{"href":"https:\/\/rimecgroup.it\/fr\/wp-json\/wp\/v2\/media?parent=991165"}],"curies":[{"name":"wp","href":"https:\/\/api.w.org\/{rel}","templated":true}]}}