{"id":991160,"date":"2024-02-16T09:24:30","date_gmt":"2024-02-16T09:24:30","guid":{"rendered":"https:\/\/rimecgroup.it\/privacy-policy\/"},"modified":"2025-03-28T13:05:58","modified_gmt":"2025-03-28T13:05:58","slug":"privacy-policy","status":"publish","type":"page","link":"https:\/\/rimecgroup.it\/fr\/privacy-policy\/","title":{"rendered":"Politique de confidentialit\u00e9"},"content":{"rendered":"<div class=\"vgblk-rw-wrapper limit-wrapper\">\n<h2>\n\tInformations sur le traitement des donn\u00e9es personnelles\n\t<\/h2>\n\t<p>des utilisateurs qui consultent les sites Web de RIMEC GROUP s.r.l. pour la protection des donn\u00e9es personnelles conform\u00e9ment \u00e0 l&rsquo;article 13 du r\u00e8glement (UE) 2016\/679<\/p>\n\t<strong>POURQUOI CES INFORMATIONS<\/strong><br \/>\nConform\u00e9ment au R\u00e8glement (UE) 2016\/679 (ci-apr\u00e8s \u00ab R\u00e8glement \u00bb), cette page d\u00e9crit les modalit\u00e9s de traitement des donn\u00e9es personnelles des utilisateurs qui consultent le site Internet de RIMEC GROUP SRL accessible par voie \u00e9lectronique \u00e0 l&rsquo;adresse suivante : <a href=\"https:\/\/www.rimecgroup.it\">www.rimecgroup.it <\/a>\n<p>Ces informations ne concernent pas les autres sites, pages ou services en ligne accessibles via des liens hypertextes \u00e9ventuellement publi\u00e9s sur le site mais renvoyant \u00e0 des ressources ext\u00e9rieures au domaine de RIMEC GROUP srl<\/p>\nRESPONSABLE DU TRAITEMENT DES DONN\u00c9ES<br \/>\nSuite \u00e0 la consultation des sites list\u00e9s ci-dessus, des donn\u00e9es relatives \u00e0 des personnes physiques identifi\u00e9es ou identifiables peuvent \u00eatre trait\u00e9es.<br \/>\nLe responsable du traitement des donn\u00e9es est\nGROUPE RIMEC srl,<br \/>\nVia Maggio,11, 11-15, 15 Localit\u00e9 Pontecchio Marconi 40037 Sasso Marconi (BO) ITALIE<br \/>\nCourriel : <a href=\"mailto:info@rimecgroup.it\">info@rimecgroup.it<\/a>; PEC\u00a0: <a href=\"mailto:rimecgroup@rimecgroup.legalmail.it\">rimecgroup@rimecgroup.legalmail.it<\/a><br \/>\nT\u00e9l. 051 846902\n<strong>BASE JURIDIQUE DU TRAITEMENT<\/strong><br \/>\nLa collecte des donn\u00e9es des utilisateurs du site Web est justifi\u00e9e par l&rsquo;int\u00e9r\u00eat l\u00e9gitime de RIMEC GROUP srl dans l&rsquo;am\u00e9lioration de son site Web.\nTYPES DE DONN\u00c9ES TRAIT\u00c9ES ET FINALIT\u00c9 DU TRAITEMENT<br \/>\nDonn\u00e9es de navigation<br \/>\nLes syst\u00e8mes informatiques et les proc\u00e9dures logicielles utilis\u00e9s pour faire fonctionner ce site acqui\u00e8rent, au cours de leur fonctionnement normal, certaines donn\u00e9es personnelles dont la transmission est implicite dans l&rsquo;utilisation des protocoles de communication Internet.\n<p>Cette cat\u00e9gorie de donn\u00e9es comprend les adresses IP ou les noms de domaine des ordinateurs et terminaux utilis\u00e9s par les utilisateurs, les adresses URI\/URL (Uniform Resource Identifier\/Locator) des ressources demand\u00e9es, l&rsquo;heure de la demande, la m\u00e9thode utilis\u00e9e pour soumettre la demande au serveur, la taille du fichier obtenu en r\u00e9ponse, le code num\u00e9rique indiquant l&rsquo;\u00e9tat de la r\u00e9ponse donn\u00e9e par le serveur (succ\u00e8s, erreur, etc.) et d&rsquo;autres param\u00e8tres relatifs au syst\u00e8me d&rsquo;exploitation et \u00e0 l&rsquo;environnement informatique de l&rsquo;utilisateur.<\/p>\n<p>Ces donn\u00e9es, n\u00e9cessaires \u00e0 l&rsquo;utilisation des services web, sont \u00e9galement trait\u00e9es aux fins de :<\/p>\n<ul>\n<li>obtenir des informations statistiques sur l&rsquo;utilisation des services (pages les plus visit\u00e9es, nombre de visiteurs par tranche horaire ou par jour, zones g\u00e9ographiques d&rsquo;origine, etc.)\u00a0;<\/li>\n<li>v\u00e9rifier le bon fonctionnement des services propos\u00e9s.<\/li>\n<\/ul>\n<p>Les donn\u00e9es de navigation ne persistent pas plus de vingt-six mois et sont supprim\u00e9es imm\u00e9diatement apr\u00e8s leur agr\u00e9gation (sauf en cas de n\u00e9cessit\u00e9 de constatation de d\u00e9lits par les autorit\u00e9s judiciaires).<\/p>\nDonn\u00e9es communiqu\u00e9es par l&rsquo;utilisateur<br \/>\nL&rsquo;envoi facultatif, explicite et volontaire de messages aux adresses de contact de RIMEC GROUP srl ainsi que la compilation et la transmission des formulaires pr\u00e9sents sur le site et des curriculum vitae, comportent l&rsquo;acquisition des donn\u00e9es de contact de l&rsquo;exp\u00e9diteur, n\u00e9cessaires pour r\u00e9pondre, ainsi que de toutes les donn\u00e9es personnelles incluses dans les communications.\n<p>Des informations sp\u00e9cifiques sont publi\u00e9es sur les pages du site Web de RIMEC GROUP srl mises en place pour la fourniture de certains services.<\/p>\n<strong>COOKIES ET AUTRES SYST\u00c8MES DE SUIVI<\/strong><br \/>\nAucun cookie n&rsquo;est utilis\u00e9 pour profiler les utilisateurs, ni aucune autre m\u00e9thode de suivi n&rsquo;est employ\u00e9e.\n<p>Au lieu de cela, on utilise :<\/p>\n<ul>\n<li>Cookies techniques : permettent \u00e0 l&rsquo;utilisateur de naviguer de mani\u00e8re optimale et rapide sur le site et d&rsquo;utiliser efficacement les services et\/ou les diff\u00e9rentes options qu&rsquo;il propose. Ces cookies sont n\u00e9cessaires au fonctionnement du site Internet et ne peuvent pas \u00eatre d\u00e9sactiv\u00e9s car la d\u00e9sactivation entra\u00eenerait le non-fonctionnement du site. Les cookies techniques ont une dur\u00e9e de vie de 180 jours.\n<\/li><li>Cookies d&rsquo;analyse : ce sont des outils d&rsquo;analyse Web anonymes et agr\u00e9g\u00e9s qui nous permettent d&rsquo;obtenir des informations sur la fa\u00e7on dont les utilisateurs utilisent le site Web, comment ils y sont arriv\u00e9s, le nombre et la dur\u00e9e des visites, etc. Ces cookies nous permettent d&rsquo;introduire des am\u00e9liorations sur le site Web, qui facilitent l&rsquo;acc\u00e8s des utilisateurs et de traiter des statistiques. Ces cookies ne sont pas n\u00e9cessaires \u00e0 une utilisation optimale du site Web et peuvent donc \u00eatre d\u00e9sactiv\u00e9s. Les cookies d&rsquo;analyse actifs sur ce site proviennent des fonctionnalit\u00e9s de Google Analytics.<\/li>\n<\/ul>\n<p>Vous pouvez trouver plus d&rsquo;informations sur Google Analytics en cliquant sur le lien suivant : <a href=\"https:\/\/www.google.it\/intl\/it\/analytics\" target=\"_blank\" rel=\"noopener\">www.google.it\/intl\/it\/analytics<\/a>. Pour d\u00e9sactiver les cookies et emp\u00eacher Google Analytics de collecter des donn\u00e9es sur votre navigation, il vous suffit d&rsquo;aller sur le lien <a href=\"https:\/\/www.rimecgroup.it\/cookies-policy\/\" target=\"_blank\" rel=\"noopener\">https:\/\/www.rimecgroup.it\/cookies-policy\/<\/a>, de s\u00e9lectionner \u00ab Configurer les param\u00e8tres des cookies \u00bb puis \u00ab Analytics \u00bb.<\/p>\n<p>Les Cookies relatifs \u00e0 Google Analytics sont les suivants :<\/p>\n_G\u00e9orgie. Dur\u00e9e 2 ans. Correspond \u00e0 l&rsquo;ID utilisateur. Il s&rsquo;agit d&rsquo;une cha\u00eene g\u00e9n\u00e9r\u00e9e al\u00e9atoirement qui est stock\u00e9e dans les cookies du navigateur. De cette fa\u00e7on, les visites ult\u00e9rieures sur le m\u00eame site Web peuvent \u00eatre associ\u00e9es au m\u00eame utilisateur, qui est toujours anonyme.<br \/>\n_gid. Dur\u00e9e 24 heures. Ces cookies stockent d&rsquo;autres identifiants g\u00e9n\u00e9r\u00e9s al\u00e9atoirement et des informations sur la campagne li\u00e9e \u00e0 l&rsquo;utilisateur.<br \/>\n_flingue. Dur\u00e9e 1 minute. Il est utilis\u00e9 pour r\u00e9guler la vitesse de demande.\n<strong>DESTINATAIRES DES DONN\u00c9ES<\/strong><br \/>\nLes destinataires des donn\u00e9es collect\u00e9es suite \u00e0 la consultation du site susmentionn\u00e9 sont les sujets suivants d\u00e9sign\u00e9s par RIMEC GROUP srl, conform\u00e9ment \u00e0 l&rsquo;article 28 du R\u00e8glement, comme responsables du traitement. Les donn\u00e9es personnelles collect\u00e9es sont \u00e9galement trait\u00e9es par le personnel de RIMEC GROUP srl qui agit sur la base d&rsquo;instructions sp\u00e9cifiques fournies en fonction des finalit\u00e9s et des modalit\u00e9s du traitement lui-m\u00eame.\n<strong>DROITS DES PARTIES INT\u00c9RESS\u00c9ES<\/strong><br \/>\nLes int\u00e9ress\u00e9s ont le droit d&rsquo;obtenir, dans les cas pr\u00e9vus, l&rsquo;acc\u00e8s aux donn\u00e9es personnelles et la rectification ou l&rsquo;annulation de celles-ci ou la limitation du traitement les concernant ou de s&rsquo;opposer au traitement (articles 15 et suivants du R\u00e8glement). La demande appropri\u00e9e est soumise en contactant le d\u00e9l\u00e9gu\u00e9 \u00e0 la protection des donn\u00e9es\nGROUPE RIMEC srl,<br \/>\nVia Maggio,11, 11-15, 15 Localit\u00e9 Pontecchio Marconi 40037 Sasso Marconi (BO) ITALIE<br \/>\nCourriel : <a href=\"mailto:info@rimecgroup.it\">info@rimecgroup.it<\/a>; PEC\u00a0: <a href=\"mailto:rimecgroup@rimecgroup.legalmail.it\">rimecgroup@rimecgroup.legalmail.it<\/a><br \/>\nT\u00e9l. 051 846902\n<strong>DROIT DE PLAINTE<\/strong><br \/>\nLes parties int\u00e9ress\u00e9es qui estiment que le traitement de leurs donn\u00e9es personnelles effectu\u00e9 via ce site est en violation des dispositions du R\u00e8glement ont le droit de d\u00e9poser une plainte aupr\u00e8s du Garant, comme pr\u00e9vu par l&rsquo;art. 77 du R\u00e8glement lui-m\u00eame, ou d&rsquo;engager une action en justice (art. 79 du R\u00e8glement).\n\n<\/div><!-- .vgblk-rw-wrapper -->","protected":false},"excerpt":{"rendered":"<p>Informations sur le traitement des donn\u00e9es personnelles des utilisateurs qui consultent les sites Web de RIMEC GROUP s.r.l. pour la protection des donn\u00e9es personnelles conform\u00e9ment \u00e0 l&rsquo;article 13 du r\u00e8glement (UE) 2016\/679 POURQUOI CES INFORMATIONS Conform\u00e9ment au R\u00e8glement (UE) 2016\/679 (ci-apr\u00e8s \u00ab R\u00e8glement \u00bb), cette page d\u00e9crit les modalit\u00e9s de traitement des donn\u00e9es personnelles des&#8230;<\/p>\n","protected":false},"author":1,"featured_media":0,"parent":0,"menu_order":0,"comment_status":"closed","ping_status":"closed","template":"","meta":{"inline_featured_image":false,"footnotes":""},"class_list":["post-991160","page","type-page","status-publish","hentry"],"jetpack_sharing_enabled":true,"_links":{"self":[{"href":"https:\/\/rimecgroup.it\/fr\/wp-json\/wp\/v2\/pages\/991160","targetHints":{"allow":["GET"]}}],"collection":[{"href":"https:\/\/rimecgroup.it\/fr\/wp-json\/wp\/v2\/pages"}],"about":[{"href":"https:\/\/rimecgroup.it\/fr\/wp-json\/wp\/v2\/types\/page"}],"author":[{"embeddable":true,"href":"https:\/\/rimecgroup.it\/fr\/wp-json\/wp\/v2\/users\/1"}],"replies":[{"embeddable":true,"href":"https:\/\/rimecgroup.it\/fr\/wp-json\/wp\/v2\/comments?post=991160"}],"version-history":[{"count":2,"href":"https:\/\/rimecgroup.it\/fr\/wp-json\/wp\/v2\/pages\/991160\/revisions"}],"predecessor-version":[{"id":991172,"href":"https:\/\/rimecgroup.it\/fr\/wp-json\/wp\/v2\/pages\/991160\/revisions\/991172"}],"wp:attachment":[{"href":"https:\/\/rimecgroup.it\/fr\/wp-json\/wp\/v2\/media?parent=991160"}],"curies":[{"name":"wp","href":"https:\/\/api.w.org\/{rel}","templated":true}]}}