{"id":991131,"date":"2024-02-02T09:30:16","date_gmt":"2024-02-02T09:30:16","guid":{"rendered":"https:\/\/rimecgroup.it\/richiedi-un-preventivo\/"},"modified":"2025-03-28T11:36:59","modified_gmt":"2025-03-28T11:36:59","slug":"richiedi-un-preventivo","status":"publish","type":"page","link":"https:\/\/rimecgroup.it\/fr\/richiedi-un-preventivo\/","title":{"rendered":"Demander un devis"},"content":{"rendered":"<div class=\"vgblk-rw-wrapper limit-wrapper\">\n\n\t<h2>Demander  <strong>un devis<\/strong><\/h2>\n\t\n<div class=\"wpcf7 no-js\" id=\"wpcf7-f991156-o1\" lang=\"it-IT\" dir=\"ltr\" data-wpcf7-id=\"991156\">\n<div class=\"screen-reader-response\"><p role=\"status\" aria-live=\"polite\" aria-atomic=\"true\"><\/p> <ul><\/ul><\/div>\n<form action=\"\/fr\/wp-json\/wp\/v2\/pages\/991131#wpcf7-f991156-o1\" method=\"post\" class=\"wpcf7-form init\" aria-label=\"Modulo di contatto\" novalidate=\"novalidate\" data-status=\"init\">\n<fieldset class=\"hidden-fields-container\"><input type=\"hidden\" name=\"_wpcf7\" value=\"991156\" \/><input type=\"hidden\" name=\"_wpcf7_version\" value=\"6.1.5\" \/><input type=\"hidden\" name=\"_wpcf7_locale\" value=\"it_IT\" \/><input type=\"hidden\" name=\"_wpcf7_unit_tag\" value=\"wpcf7-f991156-o1\" \/><input type=\"hidden\" name=\"_wpcf7_container_post\" value=\"0\" \/><input type=\"hidden\" name=\"_wpcf7_posted_data_hash\" value=\"\" \/><input type=\"hidden\" name=\"_wpcf7_recaptcha_response\" value=\"\" \/>\n<\/fieldset>\n<div style=\"float: left; width: 49%;\">\n\t<p><span class=\"wpcf7-form-control-wrap\" data-name=\"nome-e-cognome\"><input size=\"40\" maxlength=\"400\" class=\"wpcf7-form-control wpcf7-text wpcf7-validates-as-required\" aria-required=\"true\" aria-invalid=\"false\" placeholder=\"Nom et Pr\u00e9nom*\" value=\"\" type=\"text\" name=\"nome-e-cognome\" \/><\/span>\n\t<\/p>\n<\/div>\n<div style=\"float: right; width: 49%;\">\n\t<p><span class=\"wpcf7-form-control-wrap\" data-name=\"azienda\"><input size=\"40\" maxlength=\"400\" class=\"wpcf7-form-control wpcf7-text wpcf7-validates-as-required\" aria-required=\"true\" aria-invalid=\"false\" placeholder=\"Soci\u00e9t\u00e9*\" value=\"\" type=\"text\" name=\"azienda\" \/><\/span>\n\t<\/p>\n<\/div>\n<div style=\"float: left; width: 49%;\">\n\t<p><span class=\"wpcf7-form-control-wrap\" data-name=\"indirizzo-email\"><input size=\"40\" maxlength=\"400\" class=\"wpcf7-form-control wpcf7-email wpcf7-validates-as-required wpcf7-text wpcf7-validates-as-email\" aria-required=\"true\" aria-invalid=\"false\" placeholder=\"Adresse e-mail de l&#039;entreprise*\" value=\"\" type=\"email\" name=\"indirizzo-email\" \/><\/span>\n\t<\/p>\n<\/div>\n<div style=\"float: right; width: 49%;\">\n\t<p><span class=\"wpcf7-form-control-wrap\" data-name=\"telefono\"><input size=\"40\" maxlength=\"400\" class=\"wpcf7-form-control wpcf7-tel wpcf7-validates-as-required wpcf7-text wpcf7-validates-as-tel\" aria-required=\"true\" aria-invalid=\"false\" placeholder=\"T\u00e9l\u00e9phone*\" value=\"\" type=\"tel\" name=\"telefono\" \/><\/span>\n\t<\/p>\n<\/div>\n<div>\n\t<p><span class=\"wpcf7-form-control-wrap\" data-name=\"messaggio\"><textarea cols=\"40\" rows=\"10\" maxlength=\"2000\" class=\"wpcf7-form-control wpcf7-textarea wpcf7-validates-as-required\" aria-required=\"true\" aria-invalid=\"false\" placeholder=\"Comment pouvons-nous vous aider ?*\" name=\"messaggio\"><\/textarea><\/span>\n\t<\/p>\n<\/div>\n<p><a href=\"\/fr\/privacy-policy\/\">Lire les informations sur le traitement des donn\u00e9es personnelles<\/a>\n<\/p>\n<div>\n\t<p><span class=\"wpcf7-form-control-wrap\" data-name=\"privacy\"><span class=\"wpcf7-form-control wpcf7-acceptance\"><span class=\"wpcf7-list-item\"><label><input type=\"checkbox\" name=\"privacy\" value=\"1\" aria-invalid=\"false\" \/><span class=\"wpcf7-list-item-label\">J'autorise le traitement de mes donn\u00e9es personnelles conform\u00e9ment \u00e0 l'article 13 du r\u00e8glement UE 679\/2016 (RGPD) et j'assume la responsabilit\u00e9 de l'omission ou de la fausset\u00e9 de ces donn\u00e9es. *<\/span><\/label><\/span><\/span><\/span>\n\t<\/p>\n<\/div>\n<p><input class=\"wpcf7-form-control wpcf7-submit has-spinner\" type=\"submit\" value=\"Envoyer\" \/>\n<\/p><div class=\"wpcf7-response-output\" aria-hidden=\"true\"><\/div>\n<\/form>\n<\/div>\n\n<h3>\n\tGestion\n\t<\/h3>\n\t<strong>Ottavio Palmerini<\/strong><br \/>\n<a href=\"mailto:ottavio@rimecgroup.it\">ottavio@rimecgroup.it<\/a><br \/>\ntel. +39 333-2495 684\n<h3>\n\tComptabilit\u00e9\n\t<\/h3>\n\t<strong>Rita Lolli<\/strong><br \/>\n<a href=\"mailto:rita@rimecgroup.it\">rita@rimecgroup.it<\/a><br \/>\ntel. +39 333-2495 655\n<h3>\n\tD\u00e9partement des Ventes\n\t<\/h3>\n\t<strong>Deborah Dini<\/strong><br \/>\n<a href=\"mailto:deborah@rimecgroup.it\">deborah@rimecgroup.it<\/a><br \/>\ntel. +39 333-2495 675\n<h3>\n\tD\u00e9partement des Achats\n\t<\/h3>\n\t<strong>Giulia Anderlini<\/strong><br \/>\n<a href=\"mailto:deborah@rimecgroup.it\">giulia@rimecgroup.it<\/a><br \/>\ntel. +39 338-2224689\n<h3>\n\tQualit\u00e9\n\t<\/h3>\n\t<strong>Francesco Marras<\/strong><br \/>\n<a href=\"mailto:quality@rimecgroup.it\">quality@rimecgroup.it<\/a><br \/>\ntel.+39 333-2495654\n<strong>Paolo Gaiani<\/strong><br \/>\n<a href=\"mailto:paolo@rimecgroup.it\">paolo@rimecgroup.it<\/a><br \/>\ntel. +39 333-2495 640\n<h3>\n\tPlanification et Livraison\n\t<\/h3>\n\t<strong>Andrea Anderlini<\/strong><br \/>\n<a href=\"mailto:andrea@rimecgroup.it\">andrea@rimecgroup.it<\/a><br \/>\ntel. +39 333-2495 668\n<h3>\n\tAssemblage et Exp\u00e9dition\n\t<\/h3>\n\t<strong>Massimo Anderlini<\/strong><br \/>\n<a href=\"mailto:massimo@rimecgroup.it\">massimo@rimecgroup.it<\/a><br \/>\ntel. +39 333- 9692 684\n<h3>\n\tProduction\n\t<\/h3>\n\t<strong>Gisselle Corniel A.<\/strong><br \/>\n<a href=\"mailto:gisselle@rimecgroup.it\">gisselle@rimecgroup.it<\/a><br \/>\ntel. +39 333- 2695 052\n<h3>\n\tZone de Production\n\t<\/h3>\n\t<strong>Massimiliano Brighenti<\/strong><br \/>\n<a href=\"mailto:officina@rimecgroup.it\">officina@rimecgroup.it<\/a><br \/>\ntel. +39 333-2495 683\n<strong>Paolo Bocchi<\/strong><br \/>\n<a href=\"mailto:p.bocchi@rimecgroup.it\">p.bocchi@rimecgroup.it<\/a><br \/>\ntel. +39 334-1197628\n<h3>\n\tEntrep\u00f4t\n\t<\/h3>\n\t<strong>Nicolae Rosca<\/strong><br \/>\n<a href=\"mailto:magazzino@rimecgroup.it\">magazzino@rimecgroup.it<\/a><br \/>\ntel. +39 333-2495 682\n<strong>Antonio Le Pera<\/strong><br \/>\n<a href=\"mailto:magazzino@rimecgroup.it\">magazzino@rimecgroup.it<\/a><br \/>\ntel. +39 333-2634 959\n<strong>Chiara Fattorini<\/strong><br \/>\n<a href=\"mailto:magazzino@rimecgroup.it\">chiara@rimecgroup.it<\/a><br \/>\ntel. +39 333-2495 669\n<h3>\n\tMarketing\n\t<\/h3>\n\t<strong>Cinzia Gennarelli<\/strong><br \/>\n<a href=\"mailto:marketing@rimecgroup.it\">marketing@rimecgroup.it<\/a><br \/>\ntel. +39 342-0878884\n\n<\/div><!-- .vgblk-rw-wrapper -->","protected":false},"excerpt":{"rendered":"<p>Demander un devis Gestion Ottavio Palmerini ottavio@rimecgroup.it tel. +39 333-2495 684 Comptabilit\u00e9 Rita Lolli rita@rimecgroup.it tel. +39 333-2495 655 D\u00e9partement des Ventes Deborah Dini deborah@rimecgroup.it tel. +39 333-2495 675 D\u00e9partement des Achats Giulia Anderlini giulia@rimecgroup.it tel. +39 338-2224689 Qualit\u00e9 Francesco Marras quality@rimecgroup.it tel.+39 333-2495654 Paolo Gaiani paolo@rimecgroup.it tel. +39 333-2495 640 Planification et Livraison Andrea&#8230;<\/p>\n","protected":false},"author":1,"featured_media":0,"parent":0,"menu_order":0,"comment_status":"closed","ping_status":"closed","template":"","meta":{"inline_featured_image":false,"footnotes":""},"class_list":["post-991131","page","type-page","status-publish","hentry"],"jetpack_sharing_enabled":true,"_links":{"self":[{"href":"https:\/\/rimecgroup.it\/fr\/wp-json\/wp\/v2\/pages\/991131","targetHints":{"allow":["GET"]}}],"collection":[{"href":"https:\/\/rimecgroup.it\/fr\/wp-json\/wp\/v2\/pages"}],"about":[{"href":"https:\/\/rimecgroup.it\/fr\/wp-json\/wp\/v2\/types\/page"}],"author":[{"embeddable":true,"href":"https:\/\/rimecgroup.it\/fr\/wp-json\/wp\/v2\/users\/1"}],"replies":[{"embeddable":true,"href":"https:\/\/rimecgroup.it\/fr\/wp-json\/wp\/v2\/comments?post=991131"}],"version-history":[{"count":4,"href":"https:\/\/rimecgroup.it\/fr\/wp-json\/wp\/v2\/pages\/991131\/revisions"}],"predecessor-version":[{"id":991159,"href":"https:\/\/rimecgroup.it\/fr\/wp-json\/wp\/v2\/pages\/991131\/revisions\/991159"}],"wp:attachment":[{"href":"https:\/\/rimecgroup.it\/fr\/wp-json\/wp\/v2\/media?parent=991131"}],"curies":[{"name":"wp","href":"https:\/\/api.w.org\/{rel}","templated":true}]}}