{"id":990835,"date":"2017-07-31T12:54:58","date_gmt":"2017-07-31T12:54:58","guid":{"rendered":"https:\/\/rimecgroup.it\/parco-macchine\/"},"modified":"2025-03-28T10:34:49","modified_gmt":"2025-03-28T10:34:49","slug":"parco-macchine","status":"publish","type":"page","link":"https:\/\/rimecgroup.it\/fr\/parco-macchine\/","title":{"rendered":"Parc de machines"},"content":{"rendered":"<div class=\"vgblk-rw-wrapper limit-wrapper\">\n<h3>\n\tTournage\n\t<\/h3>\n\t<p>Gr\u00e2ce \u00e0 nos nombreuses ann\u00e9es d&rsquo;exp\u00e9rience et \u00e0 nos tours de derni\u00e8re g\u00e9n\u00e9ration, nous sommes en mesure de produire des composants de diff\u00e9rentes tailles, trous, rainures, divers diam\u00e8tres, c\u00f4nes, surfaces fa\u00e7onn\u00e9es et bien plus encore. Nos types d&rsquo;usinage : tournage vertical, CNC, multi-broches et mono-broche, tournage statique, tournage de barres de pr\u00e9cision.<\/p>\n\t<a href=\"\/fr\/tornitura\/\" target=\"_self\" role=\"button\">\n\t\t\t\t\tLire la suite\n\t<\/a>\n<h3>\n\tCentres d&rsquo;usinage  \n\t<\/h3>\n\t<p>Nos centres d&rsquo;usinage sont les plus sophistiqu\u00e9s et technologiquement avanc\u00e9s disponibles sur le march\u00e9. Nous disposons de centres d&rsquo;usinage horizontaux et verticaux \u00e0 4 et 5 axes, combinant une technologie de pr\u00e9cision avec des logiciels, de l&rsquo;ing\u00e9nierie et de l&rsquo;automatisation sophistiqu\u00e9s.<\/p>\n\t<a href=\"\/fr\/centri-di-lavoro\/\" target=\"_self\" role=\"button\">\n\t\t\t\t\tLire la suite\n\t<\/a>\n<h3>\n\tRectification\n\t<\/h3>\n\t<p>Nos machines de rectification et notre personnel hautement qualifi\u00e9 garantissent la production de pi\u00e8ces n\u00e9cessitant une finition de surface de haute qualit\u00e9. Nous garantissons diff\u00e9rents types de rectification : cylindrique\/ronde, plongeante, plane, sans centre et verticale.<\/p>\n\t<a href=\"\/fr\/rettifica\/\" target=\"_self\" role=\"button\">\n\t\t\t\t\tLire la suite\n\t<\/a>\n<h3>\n\tD\u00e9coupe  \n\t<\/h3>\n\t<p>La mesure de barres et de tubes est un m\u00e9tier historique du Groupe Rimec. Une porte couverte est d\u00e9di\u00e9e \u00e0 l&rsquo;entrep\u00f4t de barres et de tubes de diff\u00e9rents mat\u00e9riaux et longueurs, pr\u00eats \u00e0 \u00eatre utilis\u00e9s avec des machines-outils sophistiqu\u00e9es et hautement qualifi\u00e9es.<\/p>\n\t<a href=\"\/fr\/taglio\/\" target=\"_self\" role=\"button\">\n\t\t\t\t\tLire la suite\n\t<\/a>\n<h3>\n\tQualit\u00e9\n\t<\/h3>\n\t<p>Le d\u00e9partement Contr\u00f4le Qualit\u00e9 repr\u00e9sente le c\u0153ur battant de notre mission d&rsquo;excellence. Gr\u00e2ce \u00e0 une \u00e9quipe d&rsquo;experts et \u00e0 l&rsquo;utilisation d&rsquo;outils de pointe, nous garantissons que chaque composant produit r\u00e9pond aux plus hauts standards de qualit\u00e9 et de pr\u00e9cision.<\/p>\n\t<a href=\"\/fr\/qualita\/\" target=\"_self\" role=\"button\">\n\t\t\t\t\tLire la suite\n\t<\/a>\n\n<\/div><!-- .vgblk-rw-wrapper -->","protected":false},"excerpt":{"rendered":"<p>Tournage Gr\u00e2ce \u00e0 nos nombreuses ann\u00e9es d&rsquo;exp\u00e9rience et \u00e0 nos tours de derni\u00e8re g\u00e9n\u00e9ration, nous sommes en mesure de produire des composants de diff\u00e9rentes tailles, trous, rainures, divers diam\u00e8tres, c\u00f4nes, surfaces fa\u00e7onn\u00e9es et bien plus encore. Nos types d&rsquo;usinage : tournage vertical, CNC, multi-broches et mono-broche, tournage statique, tournage de barres de pr\u00e9cision. Lire la&#8230;<\/p>\n","protected":false},"author":1,"featured_media":0,"parent":0,"menu_order":0,"comment_status":"closed","ping_status":"closed","template":"","meta":{"inline_featured_image":false,"footnotes":""},"class_list":["post-990835","page","type-page","status-publish","hentry"],"jetpack_sharing_enabled":true,"_links":{"self":[{"href":"https:\/\/rimecgroup.it\/fr\/wp-json\/wp\/v2\/pages\/990835","targetHints":{"allow":["GET"]}}],"collection":[{"href":"https:\/\/rimecgroup.it\/fr\/wp-json\/wp\/v2\/pages"}],"about":[{"href":"https:\/\/rimecgroup.it\/fr\/wp-json\/wp\/v2\/types\/page"}],"author":[{"embeddable":true,"href":"https:\/\/rimecgroup.it\/fr\/wp-json\/wp\/v2\/users\/1"}],"replies":[{"embeddable":true,"href":"https:\/\/rimecgroup.it\/fr\/wp-json\/wp\/v2\/comments?post=990835"}],"version-history":[{"count":2,"href":"https:\/\/rimecgroup.it\/fr\/wp-json\/wp\/v2\/pages\/990835\/revisions"}],"predecessor-version":[{"id":990845,"href":"https:\/\/rimecgroup.it\/fr\/wp-json\/wp\/v2\/pages\/990835\/revisions\/990845"}],"wp:attachment":[{"href":"https:\/\/rimecgroup.it\/fr\/wp-json\/wp\/v2\/media?parent=990835"}],"curies":[{"name":"wp","href":"https:\/\/api.w.org\/{rel}","templated":true}]}}