{"id":990828,"date":"2024-05-29T12:29:04","date_gmt":"2024-05-29T12:29:04","guid":{"rendered":"https:\/\/rimecgroup.it\/tecnologia\/"},"modified":"2025-03-28T10:27:42","modified_gmt":"2025-03-28T10:27:42","slug":"tecnologia","status":"publish","type":"page","link":"https:\/\/rimecgroup.it\/fr\/tecnologia\/","title":{"rendered":"Technologie"},"content":{"rendered":"<div class=\"vgblk-rw-wrapper limit-wrapper\">\n<h2>\n\tUsinage\n\t<\/h2>\n\t<p>Flexibilit\u00e9, Pr\u00e9cision et Innovation sont notre engagement quotidien. Dans nos usines, gr\u00e2ce \u00e0 un parc de machines de derni\u00e8re g\u00e9n\u00e9ration, nous r\u00e9alisons tous types d&rsquo;usinage de pr\u00e9cision avec un processus de production efficace et structur\u00e9 pour garantir des normes de qualit\u00e9 \u00e9lev\u00e9es pour le march\u00e9.<\/p>\n<p>Nos usinages internes :<\/p>\n\t<p>Nous produisons des produits finis et des semi-finis de petite et moyenne taille, mais nous sommes capables de r\u00e9pondre \u00e0 tous les besoins de nos clients.<\/p>\n<h2>\n\tProduits\n\t<\/h2>\n\t<p>Le groupe Rimec peut produire une large gamme de produits, tant standards que sur mesure. Il convient de souligner que, cependant, le dessin est la base de chaque commande individuelle et suit toutes les \u00e9tapes du processus de production jusqu&rsquo;\u00e0 la livraison du produit.<\/p>\n\t<a href=\"\/fr\/prodotti\/\" target=\"_self\" role=\"button\">\n\t\t\t\t\tD\u00e9couvrez nos produits \n\t<\/a>\n<h2>\n\tMat\u00e9riaux\n\t<\/h2>\n\tDes mat\u00e9riaux de qualit\u00e9 pour une qualit\u00e9 totale du produit.<br \/>\nLe groupe Rimec utilise des mat\u00e9riaux de haute qualit\u00e9 pour ses processus\n\t<p>Une attention particuli\u00e8re est accord\u00e9e au travail de l&rsquo;<strong>acier inoxydable<\/strong>, un alliage qui combine les propri\u00e9t\u00e9s m\u00e9caniques typiques des aciers, avec des caract\u00e9ristiques sp\u00e9cifiques telles qu&rsquo;une excellente r\u00e9sistance \u00e0 la corrosion, \u00e0 l&rsquo;usure et aux contraintes de charge, ce qui le rend particuli\u00e8rement adapt\u00e9 aux applications dans les domaines de l&rsquo;alimentation et de l&rsquo;\u00e9lectrom\u00e9decine.<\/p>\n\n<\/div><!-- .vgblk-rw-wrapper -->","protected":false},"excerpt":{"rendered":"<p>Usinage Flexibilit\u00e9, Pr\u00e9cision et Innovation sont notre engagement quotidien. Dans nos usines, gr\u00e2ce \u00e0 un parc de machines de derni\u00e8re g\u00e9n\u00e9ration, nous r\u00e9alisons tous types d&rsquo;usinage de pr\u00e9cision avec un processus de production efficace et structur\u00e9 pour garantir des normes de qualit\u00e9 \u00e9lev\u00e9es pour le march\u00e9. Nos usinages internes : Nous produisons des produits finis&#8230;<\/p>\n","protected":false},"author":1,"featured_media":0,"parent":0,"menu_order":0,"comment_status":"closed","ping_status":"closed","template":"","meta":{"inline_featured_image":false,"footnotes":""},"class_list":["post-990828","page","type-page","status-publish","hentry"],"jetpack_sharing_enabled":true,"_links":{"self":[{"href":"https:\/\/rimecgroup.it\/fr\/wp-json\/wp\/v2\/pages\/990828","targetHints":{"allow":["GET"]}}],"collection":[{"href":"https:\/\/rimecgroup.it\/fr\/wp-json\/wp\/v2\/pages"}],"about":[{"href":"https:\/\/rimecgroup.it\/fr\/wp-json\/wp\/v2\/types\/page"}],"author":[{"embeddable":true,"href":"https:\/\/rimecgroup.it\/fr\/wp-json\/wp\/v2\/users\/1"}],"replies":[{"embeddable":true,"href":"https:\/\/rimecgroup.it\/fr\/wp-json\/wp\/v2\/comments?post=990828"}],"version-history":[{"count":2,"href":"https:\/\/rimecgroup.it\/fr\/wp-json\/wp\/v2\/pages\/990828\/revisions"}],"predecessor-version":[{"id":990832,"href":"https:\/\/rimecgroup.it\/fr\/wp-json\/wp\/v2\/pages\/990828\/revisions\/990832"}],"wp:attachment":[{"href":"https:\/\/rimecgroup.it\/fr\/wp-json\/wp\/v2\/media?parent=990828"}],"curies":[{"name":"wp","href":"https:\/\/api.w.org\/{rel}","templated":true}]}}