{"id":990794,"date":"2024-02-02T10:46:06","date_gmt":"2024-02-02T10:46:06","guid":{"rendered":"https:\/\/rimecgroup.it\/qualita-e-certificazioni\/"},"modified":"2025-03-28T10:07:09","modified_gmt":"2025-03-28T10:07:09","slug":"qualita-e-certificazioni","status":"publish","type":"page","link":"https:\/\/rimecgroup.it\/fr\/qualita-e-certificazioni\/","title":{"rendered":"Qualit\u00e9 et environnementale"},"content":{"rendered":"<div class=\"vgblk-rw-wrapper limit-wrapper\">\n<h2>\n\tPour une satisfaction totale du client, l&rsquo;ensemble du processus de production est garanti par :\n\t<\/h2>\n<h3>\n\tLe contr\u00f4le et l&rsquo;acceptation des mati\u00e8res premi\u00e8res et des produits semi-finis\n\t<\/h3>\n<h3>\n\tSi n\u00e9cessaire, le marquage pour la tra\u00e7abilit\u00e9 des produits\n\t<\/h3>\n<h3>\n\tLe contr\u00f4le final des sorties\n\t<\/h3>\n<h2>\n\tRimec Group : qualit\u00e9 certifi\u00e9e, respectueux de l&rsquo;environnement\n\t<\/h2>\n<h2>\n\tCertification UNI EN ISO 9001:2015 et UNI EN ISO 14001:2015\n\t<\/h2>\n\t<p>Depuis sa cr\u00e9ation, l&rsquo;entreprise poursuit la qualit\u00e9 totale et constante de ses processus de production et de ses services sur le march\u00e9. Elle le fait \u00e0 travers une approche syst\u00e9mique de la structure \u00ab\u00a0Plan-Do-Check-Act\u00a0\u00bb, visant l&rsquo;am\u00e9lioration continue, tant en termes de son syst\u00e8me de gestion de la qualit\u00e9 selon la norme UNI EN ISO 9001, que de son syst\u00e8me de gestion environnementale selon la norme UNI EN ISO 14001, pour mesurer et am\u00e9liorer son impact environnemental. L&rsquo;efficacit\u00e9 organisationnelle du Rimec Group, apport\u00e9e par la certification des syst\u00e8mes de gestion de la qualit\u00e9 et de l&rsquo;environnement, r\u00e9sulte \u00e9galement et surtout de l&rsquo;implication des diff\u00e9rents niveaux de l&rsquo;organisation dans la r\u00e9alisation d&rsquo;un objectif commun et de la normalisation des proc\u00e9dures internes.<\/p>\n\t\t\t\t<a href=\"https:\/\/rimecgroup.it\/wp-content\/uploads\/2024\/10\/CERTIFICATO-ISO9001-scad-20-07-2026.pdf\" target=\"_blank\" rel=\"noopener\"  itemprop=\"url\" title=\"CERTIFICATO-ISO9001-scad-20-07-2026\">\n\t\t\t\t\t\t\t<img loading=\"lazy\" decoding=\"async\" src=\"https:\/\/rimecgroup.it\/wp-content\/uploads\/2024\/10\/CERTIFICATO-ISO9001-scad-20-07-2026.jpg\" alt=\"CERTIFICATO-ISO9001-scad-20-07-2026\" itemprop=\"image\" height=\"850\" width=\"600\" data-link-type=\"url\" title=\"CERTIFICATO-ISO9001-scad-20-07-2026\" onerror=\"this.style.display='none'\"  sizes=\"auto, (max-width: 768px) 100vw, 100vw\" srcset=\"https:\/\/rimecgroup.it\/wp-content\/uploads\/2024\/10\/CERTIFICATO-ISO9001-scad-20-07-2026.jpg 600w, https:\/\/rimecgroup.it\/wp-content\/uploads\/2024\/10\/CERTIFICATO-ISO9001-scad-20-07-2026-212x300.jpg 212w, https:\/\/rimecgroup.it\/wp-content\/uploads\/2024\/10\/CERTIFICATO-ISO9001-scad-20-07-2026-420x595.jpg 420w, https:\/\/rimecgroup.it\/wp-content\/uploads\/2024\/10\/CERTIFICATO-ISO9001-scad-20-07-2026-315x446.jpg 315w\" \/>\t\t\t\t\t\t<\/a>\n\t\t\t\t<a href=\"https:\/\/rimecgroup.it\/wp-content\/uploads\/2024\/10\/CERTIFICATO-ISO14001-scad-17-07-2025.pdf\" target=\"_blank\" rel=\"noopener\"  itemprop=\"url\" title=\"CERTIFICATO-ISO14001-scad-17-07-2025\">\n\t\t\t\t\t\t\t<img loading=\"lazy\" decoding=\"async\" src=\"https:\/\/rimecgroup.it\/wp-content\/uploads\/2024\/10\/CERTIFICATO-ISO14001-scad-17-07-2025.jpg\" alt=\"CERTIFICATO-ISO14001-scad-17-07-2025\" itemprop=\"image\" height=\"850\" width=\"600\" data-link-type=\"url\" title=\"CERTIFICATO-ISO14001-scad-17-07-2025\" onerror=\"this.style.display='none'\"  sizes=\"auto, (max-width: 768px) 100vw, 100vw\" srcset=\"https:\/\/rimecgroup.it\/wp-content\/uploads\/2024\/10\/CERTIFICATO-ISO14001-scad-17-07-2025.jpg 600w, https:\/\/rimecgroup.it\/wp-content\/uploads\/2024\/10\/CERTIFICATO-ISO14001-scad-17-07-2025-212x300.jpg 212w, https:\/\/rimecgroup.it\/wp-content\/uploads\/2024\/10\/CERTIFICATO-ISO14001-scad-17-07-2025-420x595.jpg 420w, https:\/\/rimecgroup.it\/wp-content\/uploads\/2024\/10\/CERTIFICATO-ISO14001-scad-17-07-2025-315x446.jpg 315w\" \/>\t\t\t\t\t\t<\/a>\n\t<a href=\"\/wp-content\/uploads\/2024\/02\/5.2-POLITICA-PER-LA-QUALITA-E-AMBIENTE-2023_05_18_b-4.pdf\" target=\"_self\" role=\"button\">\n\t\t\t\t\tPolitique Int\u00e9gr\u00e9e de Qualit\u00e9 et Environnement  \n\t<\/a>\n<h2>\n\tOutils de Test\n\t<\/h2>\n\t<div class=\"tiled-gallery type-rectangular tiled-gallery-unresized\" data-original-width=\"1260\" data-carousel-extra='{&quot;blog_id&quot;:1,&quot;permalink&quot;:&quot;https:\\\/\\\/rimecgroup.it\\\/fr\\\/qualita-e-certificazioni\\\/&quot;,&quot;likes_blog_id&quot;:228116180}' itemscope itemtype=\"http:\/\/schema.org\/ImageGallery\" > <div class=\"gallery-row\" style=\"width: 1260px; height: 421px;\" data-original-width=\"1260\" data-original-height=\"421\" > <div class=\"gallery-group images-1\" style=\"width: 317px; height: 421px;\" data-original-width=\"317\" data-original-height=\"421\" > <div class=\"tiled-gallery-item tiled-gallery-item-large\" itemprop=\"associatedMedia\" itemscope itemtype=\"http:\/\/schema.org\/ImageObject\"> <a href=\"https:\/\/rimecgroup.it\/fr\/qualita-e-certificazioni\/strumenti-di-collaudo-06\/\" border=\"0\" itemprop=\"url\"> <meta itemprop=\"width\" content=\"313\"> <meta itemprop=\"height\" content=\"417\"> <img decoding=\"async\" class=\"\" data-attachment-id=\"990799\" data-orig-file=\"https:\/\/rimecgroup.it\/wp-content\/uploads\/2024\/02\/strumenti-di-collaudo-06.jpg\" data-orig-size=\"768,1024\" data-comments-opened=\"\" data-image-meta=\"{&quot;aperture&quot;:&quot;1.8&quot;,&quot;credit&quot;:&quot;&quot;,&quot;camera&quot;:&quot;iPhone X&quot;,&quot;caption&quot;:&quot;&quot;,&quot;created_timestamp&quot;:&quot;1541520328&quot;,&quot;copyright&quot;:&quot;&quot;,&quot;focal_length&quot;:&quot;4&quot;,&quot;iso&quot;:&quot;40&quot;,&quot;shutter_speed&quot;:&quot;0.04&quot;,&quot;title&quot;:&quot;&quot;,&quot;orientation&quot;:&quot;1&quot;}\" data-image-title=\"strumenti-di-collaudo-06\" data-image-description=\"\" data-medium-file=\"https:\/\/rimecgroup.it\/wp-content\/uploads\/2024\/02\/strumenti-di-collaudo-06-225x300.jpg\" data-large-file=\"https:\/\/rimecgroup.it\/wp-content\/uploads\/2024\/02\/strumenti-di-collaudo-06.jpg\" src=\"https:\/\/i0.wp.com\/rimecgroup.it\/wp-content\/uploads\/2024\/02\/strumenti-di-collaudo-06.jpg?w=313&#038;h=417&#038;ssl=1\" srcset=\"https:\/\/rimecgroup.it\/wp-content\/uploads\/2024\/02\/strumenti-di-collaudo-06.jpg 768w, https:\/\/rimecgroup.it\/wp-content\/uploads\/2024\/02\/strumenti-di-collaudo-06-225x300.jpg 225w, https:\/\/rimecgroup.it\/wp-content\/uploads\/2024\/02\/strumenti-di-collaudo-06-630x840.jpg 630w, https:\/\/rimecgroup.it\/wp-content\/uploads\/2024\/02\/strumenti-di-collaudo-06-420x560.jpg 420w, https:\/\/rimecgroup.it\/wp-content\/uploads\/2024\/02\/strumenti-di-collaudo-06-315x420.jpg 315w\" width=\"313\" height=\"417\" loading=\"lazy\" data-original-width=\"313\" data-original-height=\"417\" itemprop=\"http:\/\/schema.org\/image\" title=\"strumenti-di-collaudo-06\" alt=\"strumenti-di-collaudo-06\" style=\"width: 313px; height: 417px;\" \/> <\/a> <\/div> <\/div> <!-- close group --> <div class=\"gallery-group images-1\" style=\"width: 316px; height: 421px;\" data-original-width=\"316\" data-original-height=\"421\" > <div class=\"tiled-gallery-item tiled-gallery-item-large\" itemprop=\"associatedMedia\" itemscope itemtype=\"http:\/\/schema.org\/ImageObject\"> <a href=\"https:\/\/rimecgroup.it\/fr\/qualita-e-certificazioni\/strumenti-di-collaudo-07\/\" border=\"0\" itemprop=\"url\"> <meta itemprop=\"width\" content=\"312\"> <meta itemprop=\"height\" content=\"417\"> <img decoding=\"async\" class=\"\" data-attachment-id=\"990800\" data-orig-file=\"https:\/\/rimecgroup.it\/wp-content\/uploads\/2024\/02\/strumenti-di-collaudo-07.jpg\" data-orig-size=\"768,1024\" data-comments-opened=\"\" data-image-meta=\"{&quot;aperture&quot;:&quot;1.8&quot;,&quot;credit&quot;:&quot;&quot;,&quot;camera&quot;:&quot;iPhone X&quot;,&quot;caption&quot;:&quot;&quot;,&quot;created_timestamp&quot;:&quot;1541520369&quot;,&quot;copyright&quot;:&quot;&quot;,&quot;focal_length&quot;:&quot;4&quot;,&quot;iso&quot;:&quot;40&quot;,&quot;shutter_speed&quot;:&quot;0.05&quot;,&quot;title&quot;:&quot;&quot;,&quot;orientation&quot;:&quot;1&quot;}\" data-image-title=\"strumenti-di-collaudo-07\" data-image-description=\"\" data-medium-file=\"https:\/\/rimecgroup.it\/wp-content\/uploads\/2024\/02\/strumenti-di-collaudo-07-225x300.jpg\" data-large-file=\"https:\/\/rimecgroup.it\/wp-content\/uploads\/2024\/02\/strumenti-di-collaudo-07.jpg\" src=\"https:\/\/i0.wp.com\/rimecgroup.it\/wp-content\/uploads\/2024\/02\/strumenti-di-collaudo-07.jpg?w=312&#038;h=417&#038;ssl=1\" srcset=\"https:\/\/rimecgroup.it\/wp-content\/uploads\/2024\/02\/strumenti-di-collaudo-07.jpg 768w, https:\/\/rimecgroup.it\/wp-content\/uploads\/2024\/02\/strumenti-di-collaudo-07-225x300.jpg 225w, https:\/\/rimecgroup.it\/wp-content\/uploads\/2024\/02\/strumenti-di-collaudo-07-630x840.jpg 630w, https:\/\/rimecgroup.it\/wp-content\/uploads\/2024\/02\/strumenti-di-collaudo-07-420x560.jpg 420w, https:\/\/rimecgroup.it\/wp-content\/uploads\/2024\/02\/strumenti-di-collaudo-07-315x420.jpg 315w\" width=\"312\" height=\"417\" loading=\"lazy\" data-original-width=\"312\" data-original-height=\"417\" itemprop=\"http:\/\/schema.org\/image\" title=\"strumenti-di-collaudo-07\" alt=\"strumenti-di-collaudo-07\" style=\"width: 312px; height: 417px;\" \/> <\/a> <\/div> <\/div> <!-- close group --> <div class=\"gallery-group images-1\" style=\"width: 627px; height: 421px;\" data-original-width=\"627\" data-original-height=\"421\" > <div class=\"tiled-gallery-item tiled-gallery-item-large\" itemprop=\"associatedMedia\" itemscope itemtype=\"http:\/\/schema.org\/ImageObject\"> <a href=\"https:\/\/rimecgroup.it\/fr\/qualita-e-certificazioni\/strumenti-di-collaudo-08\/\" border=\"0\" itemprop=\"url\"> <meta itemprop=\"width\" content=\"623\"> <meta itemprop=\"height\" content=\"417\"> <img decoding=\"async\" class=\"\" data-attachment-id=\"990801\" data-orig-file=\"https:\/\/rimecgroup.it\/wp-content\/uploads\/2024\/02\/strumenti-di-collaudo-08.jpg\" data-orig-size=\"1024,685\" data-comments-opened=\"\" data-image-meta=\"{&quot;aperture&quot;:&quot;0&quot;,&quot;credit&quot;:&quot;&quot;,&quot;camera&quot;:&quot;&quot;,&quot;caption&quot;:&quot;&quot;,&quot;created_timestamp&quot;:&quot;0&quot;,&quot;copyright&quot;:&quot;&quot;,&quot;focal_length&quot;:&quot;0&quot;,&quot;iso&quot;:&quot;0&quot;,&quot;shutter_speed&quot;:&quot;0&quot;,&quot;title&quot;:&quot;&quot;,&quot;orientation&quot;:&quot;0&quot;}\" data-image-title=\"strumenti-di-collaudo-08\" data-image-description=\"\" data-medium-file=\"https:\/\/rimecgroup.it\/wp-content\/uploads\/2024\/02\/strumenti-di-collaudo-08-300x201.jpg\" data-large-file=\"https:\/\/rimecgroup.it\/wp-content\/uploads\/2024\/02\/strumenti-di-collaudo-08.jpg\" src=\"https:\/\/i0.wp.com\/rimecgroup.it\/wp-content\/uploads\/2024\/02\/strumenti-di-collaudo-08.jpg?w=623&#038;h=417&#038;ssl=1\" srcset=\"https:\/\/rimecgroup.it\/wp-content\/uploads\/2024\/02\/strumenti-di-collaudo-08.jpg 1024w, https:\/\/rimecgroup.it\/wp-content\/uploads\/2024\/02\/strumenti-di-collaudo-08-300x201.jpg 300w, https:\/\/rimecgroup.it\/wp-content\/uploads\/2024\/02\/strumenti-di-collaudo-08-768x514.jpg 768w, https:\/\/rimecgroup.it\/wp-content\/uploads\/2024\/02\/strumenti-di-collaudo-08-630x421.jpg 630w, https:\/\/rimecgroup.it\/wp-content\/uploads\/2024\/02\/strumenti-di-collaudo-08-420x281.jpg 420w, https:\/\/rimecgroup.it\/wp-content\/uploads\/2024\/02\/strumenti-di-collaudo-08-840x562.jpg 840w, https:\/\/rimecgroup.it\/wp-content\/uploads\/2024\/02\/strumenti-di-collaudo-08-315x211.jpg 315w\" width=\"623\" height=\"417\" loading=\"lazy\" data-original-width=\"623\" data-original-height=\"417\" itemprop=\"http:\/\/schema.org\/image\" title=\"strumenti-di-collaudo-08\" alt=\"strumenti-di-collaudo-08\" style=\"width: 623px; height: 417px;\" \/> <\/a> <\/div> <\/div> <!-- close group --> <\/div> <!-- close row --> <div class=\"gallery-row\" style=\"width: 1260px; height: 582px;\" data-original-width=\"1260\" data-original-height=\"582\" > <div class=\"gallery-group images-1\" style=\"width: 871px; height: 582px;\" data-original-width=\"871\" data-original-height=\"582\" > <div class=\"tiled-gallery-item tiled-gallery-item-large\" itemprop=\"associatedMedia\" itemscope itemtype=\"http:\/\/schema.org\/ImageObject\"> <a href=\"https:\/\/rimecgroup.it\/fr\/qualita-e-certificazioni\/strumenti-di-collaudo-01\/\" border=\"0\" itemprop=\"url\"> <meta itemprop=\"width\" content=\"867\"> <meta itemprop=\"height\" content=\"578\"> <img decoding=\"async\" class=\"\" data-attachment-id=\"990802\" data-orig-file=\"https:\/\/rimecgroup.it\/wp-content\/uploads\/2024\/02\/strumenti-di-collaudo-01.jpg\" data-orig-size=\"1024,683\" data-comments-opened=\"\" data-image-meta=\"{&quot;aperture&quot;:&quot;0&quot;,&quot;credit&quot;:&quot;&quot;,&quot;camera&quot;:&quot;&quot;,&quot;caption&quot;:&quot;&quot;,&quot;created_timestamp&quot;:&quot;0&quot;,&quot;copyright&quot;:&quot;&quot;,&quot;focal_length&quot;:&quot;0&quot;,&quot;iso&quot;:&quot;0&quot;,&quot;shutter_speed&quot;:&quot;0&quot;,&quot;title&quot;:&quot;&quot;,&quot;orientation&quot;:&quot;0&quot;}\" data-image-title=\"strumenti-di-collaudo-01\" data-image-description=\"\" data-medium-file=\"https:\/\/rimecgroup.it\/wp-content\/uploads\/2024\/02\/strumenti-di-collaudo-01-300x200.jpg\" data-large-file=\"https:\/\/rimecgroup.it\/wp-content\/uploads\/2024\/02\/strumenti-di-collaudo-01.jpg\" src=\"https:\/\/i0.wp.com\/rimecgroup.it\/wp-content\/uploads\/2024\/02\/strumenti-di-collaudo-01.jpg?w=867&#038;h=578&#038;ssl=1\" srcset=\"https:\/\/rimecgroup.it\/wp-content\/uploads\/2024\/02\/strumenti-di-collaudo-01.jpg 1024w, https:\/\/rimecgroup.it\/wp-content\/uploads\/2024\/02\/strumenti-di-collaudo-01-300x200.jpg 300w, https:\/\/rimecgroup.it\/wp-content\/uploads\/2024\/02\/strumenti-di-collaudo-01-768x512.jpg 768w, https:\/\/rimecgroup.it\/wp-content\/uploads\/2024\/02\/strumenti-di-collaudo-01-630x420.jpg 630w, https:\/\/rimecgroup.it\/wp-content\/uploads\/2024\/02\/strumenti-di-collaudo-01-420x280.jpg 420w, https:\/\/rimecgroup.it\/wp-content\/uploads\/2024\/02\/strumenti-di-collaudo-01-840x560.jpg 840w, https:\/\/rimecgroup.it\/wp-content\/uploads\/2024\/02\/strumenti-di-collaudo-01-315x210.jpg 315w\" width=\"867\" height=\"578\" loading=\"lazy\" data-original-width=\"867\" data-original-height=\"578\" itemprop=\"http:\/\/schema.org\/image\" title=\"strumenti-di-collaudo-01\" alt=\"strumenti-di-collaudo-01\" style=\"width: 867px; height: 578px;\" \/> <\/a> <\/div> <\/div> <!-- close group --> <div class=\"gallery-group images-1\" style=\"width: 389px; height: 582px;\" data-original-width=\"389\" data-original-height=\"582\" > <div class=\"tiled-gallery-item tiled-gallery-item-large\" itemprop=\"associatedMedia\" itemscope itemtype=\"http:\/\/schema.org\/ImageObject\"> <a href=\"https:\/\/rimecgroup.it\/fr\/qualita-e-certificazioni\/strumenti-di-collaudo-02\/\" border=\"0\" itemprop=\"url\"> <meta itemprop=\"width\" content=\"385\"> <meta itemprop=\"height\" content=\"578\"> <img decoding=\"async\" class=\"\" data-attachment-id=\"990803\" data-orig-file=\"https:\/\/rimecgroup.it\/wp-content\/uploads\/2024\/02\/strumenti-di-collaudo-02.jpg\" data-orig-size=\"683,1024\" data-comments-opened=\"\" data-image-meta=\"{&quot;aperture&quot;:&quot;0&quot;,&quot;credit&quot;:&quot;&quot;,&quot;camera&quot;:&quot;&quot;,&quot;caption&quot;:&quot;&quot;,&quot;created_timestamp&quot;:&quot;0&quot;,&quot;copyright&quot;:&quot;&quot;,&quot;focal_length&quot;:&quot;0&quot;,&quot;iso&quot;:&quot;0&quot;,&quot;shutter_speed&quot;:&quot;0&quot;,&quot;title&quot;:&quot;&quot;,&quot;orientation&quot;:&quot;0&quot;}\" data-image-title=\"strumenti-di-collaudo-02\" data-image-description=\"\" data-medium-file=\"https:\/\/rimecgroup.it\/wp-content\/uploads\/2024\/02\/strumenti-di-collaudo-02-200x300.jpg\" data-large-file=\"https:\/\/rimecgroup.it\/wp-content\/uploads\/2024\/02\/strumenti-di-collaudo-02.jpg\" src=\"https:\/\/i0.wp.com\/rimecgroup.it\/wp-content\/uploads\/2024\/02\/strumenti-di-collaudo-02.jpg?w=385&#038;h=578&#038;ssl=1\" srcset=\"https:\/\/rimecgroup.it\/wp-content\/uploads\/2024\/02\/strumenti-di-collaudo-02.jpg 683w, https:\/\/rimecgroup.it\/wp-content\/uploads\/2024\/02\/strumenti-di-collaudo-02-200x300.jpg 200w, https:\/\/rimecgroup.it\/wp-content\/uploads\/2024\/02\/strumenti-di-collaudo-02-630x945.jpg 630w, https:\/\/rimecgroup.it\/wp-content\/uploads\/2024\/02\/strumenti-di-collaudo-02-420x630.jpg 420w, https:\/\/rimecgroup.it\/wp-content\/uploads\/2024\/02\/strumenti-di-collaudo-02-315x472.jpg 315w\" width=\"385\" height=\"578\" loading=\"lazy\" data-original-width=\"385\" data-original-height=\"578\" itemprop=\"http:\/\/schema.org\/image\" title=\"strumenti-di-collaudo-02\" alt=\"strumenti-di-collaudo-02\" style=\"width: 385px; height: 578px;\" \/> <\/a> <\/div> <\/div> <!-- close group --> <\/div> <!-- close row --> <div class=\"gallery-row\" style=\"width: 1260px; height: 918px;\" data-original-width=\"1260\" data-original-height=\"918\" > <div class=\"gallery-group images-1\" style=\"width: 614px; height: 918px;\" data-original-width=\"614\" data-original-height=\"918\" > <div class=\"tiled-gallery-item tiled-gallery-item-large\" itemprop=\"associatedMedia\" itemscope itemtype=\"http:\/\/schema.org\/ImageObject\"> <a href=\"https:\/\/rimecgroup.it\/fr\/qualita-e-certificazioni\/strumenti-di-collaudo-03\/\" border=\"0\" itemprop=\"url\"> <meta itemprop=\"width\" content=\"610\"> <meta itemprop=\"height\" content=\"914\"> <img decoding=\"async\" class=\"\" data-attachment-id=\"990804\" data-orig-file=\"https:\/\/rimecgroup.it\/wp-content\/uploads\/2024\/02\/strumenti-di-collaudo-03.jpg\" data-orig-size=\"683,1024\" data-comments-opened=\"\" data-image-meta=\"{&quot;aperture&quot;:&quot;0&quot;,&quot;credit&quot;:&quot;&quot;,&quot;camera&quot;:&quot;&quot;,&quot;caption&quot;:&quot;&quot;,&quot;created_timestamp&quot;:&quot;0&quot;,&quot;copyright&quot;:&quot;&quot;,&quot;focal_length&quot;:&quot;0&quot;,&quot;iso&quot;:&quot;0&quot;,&quot;shutter_speed&quot;:&quot;0&quot;,&quot;title&quot;:&quot;&quot;,&quot;orientation&quot;:&quot;0&quot;}\" data-image-title=\"strumenti-di-collaudo-03\" data-image-description=\"\" data-medium-file=\"https:\/\/rimecgroup.it\/wp-content\/uploads\/2024\/02\/strumenti-di-collaudo-03-200x300.jpg\" data-large-file=\"https:\/\/rimecgroup.it\/wp-content\/uploads\/2024\/02\/strumenti-di-collaudo-03.jpg\" src=\"https:\/\/i0.wp.com\/rimecgroup.it\/wp-content\/uploads\/2024\/02\/strumenti-di-collaudo-03.jpg?w=610&#038;h=914&#038;ssl=1\" srcset=\"https:\/\/rimecgroup.it\/wp-content\/uploads\/2024\/02\/strumenti-di-collaudo-03.jpg 683w, https:\/\/rimecgroup.it\/wp-content\/uploads\/2024\/02\/strumenti-di-collaudo-03-200x300.jpg 200w, https:\/\/rimecgroup.it\/wp-content\/uploads\/2024\/02\/strumenti-di-collaudo-03-630x945.jpg 630w, https:\/\/rimecgroup.it\/wp-content\/uploads\/2024\/02\/strumenti-di-collaudo-03-420x630.jpg 420w, https:\/\/rimecgroup.it\/wp-content\/uploads\/2024\/02\/strumenti-di-collaudo-03-315x472.jpg 315w\" width=\"610\" height=\"914\" loading=\"lazy\" data-original-width=\"610\" data-original-height=\"914\" itemprop=\"http:\/\/schema.org\/image\" title=\"strumenti-di-collaudo-03\" alt=\"strumenti-di-collaudo-03\" style=\"width: 610px; height: 914px;\" \/> <\/a> <\/div> <\/div> <!-- close group --> <div class=\"gallery-group images-2\" style=\"width: 646px; height: 918px;\" data-original-width=\"646\" data-original-height=\"918\" > <div class=\"tiled-gallery-item tiled-gallery-item-large\" itemprop=\"associatedMedia\" itemscope itemtype=\"http:\/\/schema.org\/ImageObject\"> <a href=\"https:\/\/rimecgroup.it\/fr\/qualita-e-certificazioni\/strumenti-di-collaudo-04\/\" border=\"0\" itemprop=\"url\"> <meta itemprop=\"width\" content=\"642\"> <meta itemprop=\"height\" content=\"428\"> <img decoding=\"async\" class=\"\" data-attachment-id=\"990805\" data-orig-file=\"https:\/\/rimecgroup.it\/wp-content\/uploads\/2024\/02\/strumenti-di-collaudo-04.jpg\" data-orig-size=\"1024,683\" data-comments-opened=\"\" data-image-meta=\"{&quot;aperture&quot;:&quot;0&quot;,&quot;credit&quot;:&quot;&quot;,&quot;camera&quot;:&quot;&quot;,&quot;caption&quot;:&quot;&quot;,&quot;created_timestamp&quot;:&quot;0&quot;,&quot;copyright&quot;:&quot;&quot;,&quot;focal_length&quot;:&quot;0&quot;,&quot;iso&quot;:&quot;0&quot;,&quot;shutter_speed&quot;:&quot;0&quot;,&quot;title&quot;:&quot;&quot;,&quot;orientation&quot;:&quot;0&quot;}\" data-image-title=\"strumenti-di-collaudo-04\" data-image-description=\"\" data-medium-file=\"https:\/\/rimecgroup.it\/wp-content\/uploads\/2024\/02\/strumenti-di-collaudo-04-300x200.jpg\" data-large-file=\"https:\/\/rimecgroup.it\/wp-content\/uploads\/2024\/02\/strumenti-di-collaudo-04.jpg\" src=\"https:\/\/i0.wp.com\/rimecgroup.it\/wp-content\/uploads\/2024\/02\/strumenti-di-collaudo-04.jpg?w=642&#038;h=428&#038;ssl=1\" srcset=\"https:\/\/rimecgroup.it\/wp-content\/uploads\/2024\/02\/strumenti-di-collaudo-04.jpg 1024w, https:\/\/rimecgroup.it\/wp-content\/uploads\/2024\/02\/strumenti-di-collaudo-04-300x200.jpg 300w, https:\/\/rimecgroup.it\/wp-content\/uploads\/2024\/02\/strumenti-di-collaudo-04-768x512.jpg 768w, https:\/\/rimecgroup.it\/wp-content\/uploads\/2024\/02\/strumenti-di-collaudo-04-630x420.jpg 630w, https:\/\/rimecgroup.it\/wp-content\/uploads\/2024\/02\/strumenti-di-collaudo-04-420x280.jpg 420w, https:\/\/rimecgroup.it\/wp-content\/uploads\/2024\/02\/strumenti-di-collaudo-04-840x560.jpg 840w, https:\/\/rimecgroup.it\/wp-content\/uploads\/2024\/02\/strumenti-di-collaudo-04-315x210.jpg 315w\" width=\"642\" height=\"428\" loading=\"lazy\" data-original-width=\"642\" data-original-height=\"428\" itemprop=\"http:\/\/schema.org\/image\" title=\"strumenti-di-collaudo-04\" alt=\"strumenti-di-collaudo-04\" style=\"width: 642px; height: 428px;\" \/> <\/a> <\/div> <div class=\"tiled-gallery-item tiled-gallery-item-large\" itemprop=\"associatedMedia\" itemscope itemtype=\"http:\/\/schema.org\/ImageObject\"> <a href=\"https:\/\/rimecgroup.it\/fr\/qualita-e-certificazioni\/strumenti-di-collaudo-05\/\" border=\"0\" itemprop=\"url\"> <meta itemprop=\"width\" content=\"642\"> <meta itemprop=\"height\" content=\"482\"> <img decoding=\"async\" class=\"\" data-attachment-id=\"990806\" data-orig-file=\"https:\/\/rimecgroup.it\/wp-content\/uploads\/2024\/02\/strumenti-di-collaudo-05.jpg\" data-orig-size=\"1024,768\" data-comments-opened=\"\" data-image-meta=\"{&quot;aperture&quot;:&quot;0&quot;,&quot;credit&quot;:&quot;&quot;,&quot;camera&quot;:&quot;&quot;,&quot;caption&quot;:&quot;&quot;,&quot;created_timestamp&quot;:&quot;0&quot;,&quot;copyright&quot;:&quot;&quot;,&quot;focal_length&quot;:&quot;0&quot;,&quot;iso&quot;:&quot;0&quot;,&quot;shutter_speed&quot;:&quot;0&quot;,&quot;title&quot;:&quot;&quot;,&quot;orientation&quot;:&quot;0&quot;}\" data-image-title=\"strumenti-di-collaudo-05\" data-image-description=\"\" data-medium-file=\"https:\/\/rimecgroup.it\/wp-content\/uploads\/2024\/02\/strumenti-di-collaudo-05-300x225.jpg\" data-large-file=\"https:\/\/rimecgroup.it\/wp-content\/uploads\/2024\/02\/strumenti-di-collaudo-05.jpg\" src=\"https:\/\/i0.wp.com\/rimecgroup.it\/wp-content\/uploads\/2024\/02\/strumenti-di-collaudo-05.jpg?w=642&#038;h=482&#038;ssl=1\" srcset=\"https:\/\/rimecgroup.it\/wp-content\/uploads\/2024\/02\/strumenti-di-collaudo-05.jpg 1024w, https:\/\/rimecgroup.it\/wp-content\/uploads\/2024\/02\/strumenti-di-collaudo-05-300x225.jpg 300w, https:\/\/rimecgroup.it\/wp-content\/uploads\/2024\/02\/strumenti-di-collaudo-05-768x576.jpg 768w, https:\/\/rimecgroup.it\/wp-content\/uploads\/2024\/02\/strumenti-di-collaudo-05-630x473.jpg 630w, https:\/\/rimecgroup.it\/wp-content\/uploads\/2024\/02\/strumenti-di-collaudo-05-420x315.jpg 420w, https:\/\/rimecgroup.it\/wp-content\/uploads\/2024\/02\/strumenti-di-collaudo-05-840x630.jpg 840w, https:\/\/rimecgroup.it\/wp-content\/uploads\/2024\/02\/strumenti-di-collaudo-05-315x236.jpg 315w\" width=\"642\" height=\"482\" loading=\"lazy\" data-original-width=\"642\" data-original-height=\"482\" itemprop=\"http:\/\/schema.org\/image\" title=\"strumenti-di-collaudo-05\" alt=\"strumenti-di-collaudo-05\" style=\"width: 642px; height: 482px;\" \/> <\/a> <\/div> <\/div> <!-- close group --> <\/div> <!-- close row --> <\/div>\n\n<\/div><!-- .vgblk-rw-wrapper -->","protected":false},"excerpt":{"rendered":"<p>Pour une satisfaction totale du client, l&rsquo;ensemble du processus de production est garanti par : Le contr\u00f4le et l&rsquo;acceptation des mati\u00e8res premi\u00e8res et des produits semi-finis Si n\u00e9cessaire, le marquage pour la tra\u00e7abilit\u00e9 des produits Le contr\u00f4le final des sorties Rimec Group : qualit\u00e9 certifi\u00e9e, respectueux de l&rsquo;environnement Certification UNI EN ISO 9001:2015 et UNI&#8230;<\/p>\n","protected":false},"author":1,"featured_media":0,"parent":0,"menu_order":0,"comment_status":"closed","ping_status":"closed","template":"","meta":{"inline_featured_image":false,"footnotes":""},"class_list":["post-990794","page","type-page","status-publish","hentry"],"jetpack_sharing_enabled":true,"_links":{"self":[{"href":"https:\/\/rimecgroup.it\/fr\/wp-json\/wp\/v2\/pages\/990794","targetHints":{"allow":["GET"]}}],"collection":[{"href":"https:\/\/rimecgroup.it\/fr\/wp-json\/wp\/v2\/pages"}],"about":[{"href":"https:\/\/rimecgroup.it\/fr\/wp-json\/wp\/v2\/types\/page"}],"author":[{"embeddable":true,"href":"https:\/\/rimecgroup.it\/fr\/wp-json\/wp\/v2\/users\/1"}],"replies":[{"embeddable":true,"href":"https:\/\/rimecgroup.it\/fr\/wp-json\/wp\/v2\/comments?post=990794"}],"version-history":[{"count":2,"href":"https:\/\/rimecgroup.it\/fr\/wp-json\/wp\/v2\/pages\/990794\/revisions"}],"predecessor-version":[{"id":990811,"href":"https:\/\/rimecgroup.it\/fr\/wp-json\/wp\/v2\/pages\/990794\/revisions\/990811"}],"wp:attachment":[{"href":"https:\/\/rimecgroup.it\/fr\/wp-json\/wp\/v2\/media?parent=990794"}],"curies":[{"name":"wp","href":"https:\/\/api.w.org\/{rel}","templated":true}]}}