{"id":990774,"date":"2024-02-16T09:12:08","date_gmt":"2024-02-16T09:12:08","guid":{"rendered":"https:\/\/rimecgroup.it\/la-vision-e-mission\/"},"modified":"2025-03-28T09:48:05","modified_gmt":"2025-03-28T09:48:05","slug":"la-vision-e-mission","status":"publish","type":"page","link":"https:\/\/rimecgroup.it\/fr\/la-vision-e-mission\/","title":{"rendered":"Vision et Mission"},"content":{"rendered":"<div class=\"vgblk-rw-wrapper limit-wrapper\">\n<h2>\n\tNotre<br \/><b>vision<\/b>\n\t<\/h2>\n\t<p><strong>Rimec Group<\/strong> est aujourd&rsquo;hui un point de r\u00e9f\u00e9rence incontest\u00e9 pour son march\u00e9, qui recherche de plus en plus une garantie de qualit\u00e9 et des technologies toujours de pointe.\u2028Dans un march\u00e9 en constante \u00e9volution et des exigences toujours croissantes, Rimec applique ses propres strat\u00e9gies pour consolider son leadership \u00e0 travers l&rsquo;am\u00e9lioration continue de ses processus de production et organisationnels, ainsi qu&rsquo;un plan d&rsquo;investissement constant dans une perspective \u00ab\u00a0Industrie 4.0\u00a0\u00bb.<\/p>\n<p>Cela consiste \u00e0 int\u00e9grer de nouvelles technologies de production pour am\u00e9liorer les conditions de travail, cr\u00e9er de nouveaux mod\u00e8les d&rsquo;affaires et augmenter la productivit\u00e9 et la qualit\u00e9 des usines.<\/p>\n<h2>\n\tNotre<br \/><strong>mission<\/strong>\n\t<\/h2>\n\t<p>L&rsquo;engagement quotidien de <strong>Rimec Group<\/strong> est de trouver les meilleures techniques et technologies pour r\u00e9pondre \u00e0 des exigences de plus en plus complexes qui proviennent du march\u00e9. Notre philosophie est de viser l&rsquo;excellence, gr\u00e2ce \u00e0 des normes de qualit\u00e9 impeccables et une disponibilit\u00e9 maximale et flexibilit\u00e9 envers nos clients.<\/p>\n<p>Rimec est un v\u00e9ritable partenaire pour les petits et grands projets, offrant son savoir-faire et ses nombreuses ann\u00e9es d&rsquo;exp\u00e9rience pour garantir le succ\u00e8s des projets industriels pour son march\u00e9 et pour ceux qui font confiance \u00e0 l&rsquo;\u00e9quipe Rimec.<\/p>\n<p>Un plan d&rsquo;investissement constant dans des machines de plus en plus sophistiqu\u00e9es et efficaces, ainsi que dans la technologie et l&rsquo;informatisation de ses processus, une analyse interne minutieuse visant \u00e0 l&rsquo;am\u00e9lioration continue de ses processus et une v\u00e9ritable politique de bien-\u00eatre pour ses ressources, font de Rimec un partenaire fiable et attentif.<\/p>\n<h2>\n\t<strong>Nos valeurs<\/strong>\n\t<\/h2>\n\t\t\tQualit\u00e9\n\t\t<p><a href=\"\/fr\/qualita-e-certificazioni\/\">certifi\u00e9e et durable<\/a><\/p>\n\t\t\tEfficacit\u00e9\n\t\t<p>La structure organisationnelle du Groupe Rimec est capable de g\u00e9rer toutes les \u00e9tapes de la commande, de l&rsquo;achat de la mati\u00e8re premi\u00e8re \u00e0 l&rsquo;exp\u00e9dition du produit fini, qui peut \u00eatre assembl\u00e9 dans notre d\u00e9partement d\u00e9di\u00e9 selon les sp\u00e9cifications du client. Toutes les \u00e9tapes du processus, de l&rsquo;\u00e9mission de la commande \u00e0 l&rsquo;exp\u00e9dition du produit fini, sont g\u00e9r\u00e9es par un syst\u00e8me informatique de lecture de codes-barres.<\/p>\n\t\t\tFiabilit\u00e9\n\t\t<p>Lorsque la productivit\u00e9 est davantage ax\u00e9e sur l&rsquo;augmentation de la quantit\u00e9 produite, l&rsquo;efficacit\u00e9 fait r\u00e9f\u00e9rence \u00e0 la qualit\u00e9 et \u00e0 l&rsquo;efficacit\u00e9 du travail r\u00e9alis\u00e9. L&rsquo;efficacit\u00e9 est d\u00e9finie comme \u00ab\u00a0la capacit\u00e9 de faire quelque chose ou de produire quelque chose sans gaspiller de mat\u00e9riaux, de temps ou d&rsquo;\u00e9nergie\u00a0\u00bb. Chez Rimec, nous suivons les deux : la productivit\u00e9 et la fiabilit\u00e9 dans nos processus et nous sommes d\u00e9termin\u00e9s \u00e0 nous am\u00e9liorer chaque jour. En m\u00eame temps, nous surveillons et mesurons le nombre d&rsquo;heures gagn\u00e9es dans un travail de production de bonne qualit\u00e9, divis\u00e9 par le nombre d&rsquo;heures disponibles dans une journ\u00e9e, mesurant ainsi notre retour sur les gains.<\/p>\n\t\t\tOutwork\n\t\t<p>En plus du traitement interne, Rimec peut utiliser son savoir-faire et un r\u00e9seau dense d&rsquo;entreprises partenaires \u00e0 l&rsquo;int\u00e9rieur et \u00e0 l&rsquo;ext\u00e9rieur du groupe pour fournir des traitements thermiques sp\u00e9ciaux et des traitements de surface, tels que &#8211; mais pas exclusivement &#8211; : durcissement de surface, durcissement inductif, nitruration ferritique, galvanisation, nickelage chimique, chromage, phosphatation.L&rsquo;\u00e9valuation des fournisseurs est un \u00e9l\u00e9ment strat\u00e9gique \u00e0 travers lequel les entreprises v\u00e9rifient la performance re\u00e7ue de leurs partenaires et employ\u00e9s, selon les normes convenues de produits et de services. Le groupe RIMEC met en place une proc\u00e9dure de validation minutieuse de ses fournisseurs et est lui-m\u00eame soumis \u00e0 une validation constante et continue par ses clients, avec des rapports et des analyses de performance, obtenant des r\u00e9sultats plus que satisfaisants.<\/p>\n\n<\/div><!-- .vgblk-rw-wrapper -->","protected":false},"excerpt":{"rendered":"<p>Notrevision Rimec Group est aujourd&rsquo;hui un point de r\u00e9f\u00e9rence incontest\u00e9 pour son march\u00e9, qui recherche de plus en plus une garantie de qualit\u00e9 et des technologies toujours de pointe.\u2028Dans un march\u00e9 en constante \u00e9volution et des exigences toujours croissantes, Rimec applique ses propres strat\u00e9gies pour consolider son leadership \u00e0 travers l&rsquo;am\u00e9lioration continue de ses processus&#8230;<\/p>\n","protected":false},"author":1,"featured_media":0,"parent":0,"menu_order":0,"comment_status":"closed","ping_status":"closed","template":"","meta":{"inline_featured_image":false,"footnotes":""},"class_list":["post-990774","page","type-page","status-publish","hentry"],"jetpack_sharing_enabled":true,"_links":{"self":[{"href":"https:\/\/rimecgroup.it\/fr\/wp-json\/wp\/v2\/pages\/990774","targetHints":{"allow":["GET"]}}],"collection":[{"href":"https:\/\/rimecgroup.it\/fr\/wp-json\/wp\/v2\/pages"}],"about":[{"href":"https:\/\/rimecgroup.it\/fr\/wp-json\/wp\/v2\/types\/page"}],"author":[{"embeddable":true,"href":"https:\/\/rimecgroup.it\/fr\/wp-json\/wp\/v2\/users\/1"}],"replies":[{"embeddable":true,"href":"https:\/\/rimecgroup.it\/fr\/wp-json\/wp\/v2\/comments?post=990774"}],"version-history":[{"count":2,"href":"https:\/\/rimecgroup.it\/fr\/wp-json\/wp\/v2\/pages\/990774\/revisions"}],"predecessor-version":[{"id":990778,"href":"https:\/\/rimecgroup.it\/fr\/wp-json\/wp\/v2\/pages\/990774\/revisions\/990778"}],"wp:attachment":[{"href":"https:\/\/rimecgroup.it\/fr\/wp-json\/wp\/v2\/media?parent=990774"}],"curies":[{"name":"wp","href":"https:\/\/api.w.org\/{rel}","templated":true}]}}