{"id":990766,"date":"2024-02-16T08:59:43","date_gmt":"2024-02-16T08:59:43","guid":{"rendered":"https:\/\/rimecgroup.it\/la-nostra-storia\/"},"modified":"2025-03-28T09:42:51","modified_gmt":"2025-03-28T09:42:51","slug":"la-nostra-storia","status":"publish","type":"page","link":"https:\/\/rimecgroup.it\/fr\/la-nostra-storia\/","title":{"rendered":"Notre histoire"},"content":{"rendered":"<div class=\"vgblk-rw-wrapper limit-wrapper\">\n<h4>\n\t<strong>2003<\/strong>\n\t<\/h4>\n\t<p>La soci\u00e9t\u00e9 Rimec Group srl a \u00e9t\u00e9 fond\u00e9e par <strong>Nerio Righi<\/strong> et quelques coll\u00e8gues qui croyaient en un projet commun de d\u00e9veloppement d&rsquo;une entreprise m\u00e9canique.<\/p>\n<h4>\n\t<strong>2005<\/strong>\n\t<\/h4>\n\t<p>Rimec Group acquiert l&rsquo;entrep\u00f4t qui est aujourd&rsquo;hui le si\u00e8ge social de l&rsquo;entreprise, ainsi que les premi\u00e8res machines. Le leadership de Nerio Righi commence alors son parcours pour donner \u00e0 l&rsquo;entreprise une identit\u00e9 reconnaissable sur le march\u00e9 des composants m\u00e9caniques de pr\u00e9cision.<\/p>\n<h4>\n\t<b>2006-2008<\/b>\n\t<\/h4>\n\t<p>Rimec Group acquiert ses premiers tours et rectifieuses, gr\u00e2ce auxquels elle commence \u00e0 produire des usinages m\u00e9caniques pour les fourches de motos. Plusieurs commandes importantes arrivent, permettant \u00e0 Rimec Group d&rsquo;investir dans des machines et des ressources techniques, tout en entamant une strat\u00e9gie commerciale visant \u00e0 couvrir un maximum de secteurs industriels et \u00e0 acqu\u00e9rir des parts de march\u00e9 importantes.<\/p>\n<h4>\n\t<b>2010<\/b>\n\t<\/h4>\n\t<p>L&rsquo;ann\u00e9e 2010 repr\u00e9sente une \u00e9tape importante dans l&rsquo;histoire de l&rsquo;entreprise : Rimec Group lance sur le march\u00e9 la fourniture compl\u00e8te de pi\u00e8ces et de groupes, fournissant ainsi au client le produit complet &#8211; usinage et traitements complets (c\u00e9mentation, trempe,&#8230;) ainsi que tout type de rev\u00eatement (nickel, chrome, peinture,&#8230;), gr\u00e2ce \u00e0 un parc de machines coh\u00e9rent (machines \u00e0 barres, rectifieuses avec et sans centres, avec ou sans personnel). Le march\u00e9 r\u00e9agit positivement et Rimec acquiert une part importante du march\u00e9 et des commandes prestigieuses.<\/p>\n<h4>\n\t<strong>2011<\/strong>\n\t<\/h4>\n\t<p>Rimec Group obtient la certification qualit\u00e9 selon la norme <strong>UNI EN ISO 9001<\/strong>, ce qui en fait un fournisseur qualifi\u00e9 et autoris\u00e9 pour les plus grands groupes industriels nationaux et internationaux. Un processus vers la qualit\u00e9 totale et l&rsquo;am\u00e9lioration continue qui se poursuit jusqu&rsquo;\u00e0 aujourd&rsquo;hui.<\/p>\n<h4>\n\t<strong>2016<\/strong>\n\t<\/h4>\n\t<p>Rimec Group obtient la certification qualit\u00e9 pour la gestion environnementale selon la norme <strong>UNI EN ISO 14001<\/strong> afin de mesurer et am\u00e9liorer son impact environnemental ; la protection et la pr\u00e9servation de l&rsquo;environnement sont consid\u00e9r\u00e9es comme un objectif essentiel \u00e0 atteindre et \u00e0 am\u00e9liorer constamment par l&rsquo;entreprise.<\/p>\n<h4>\n\t<strong>2010-2020<\/strong>\n\t<\/h4>\n\t<p>Au cours de cette d\u00e9cennie, Rimec Group poursuit son ascension sur le march\u00e9 et, gr\u00e2ce \u00e0 l&rsquo;atteinte d&rsquo;objectifs importants en termes de chiffre d&rsquo;affaires, investit d&rsquo;importantes sommes d&rsquo;argent dans un parc de machines plus sophistiqu\u00e9 et efficace (dont deux centres d&rsquo;usinage horizontaux <strong>Makino<\/strong>) et dans la formation des ressources humaines, cr\u00e9ant ainsi un processus de production tr\u00e8s efficace, ce qui lui permet de gagner la confiance de clients internationaux importants. L&rsquo;achat de la rectifieuse ext\u00e9rieure Tacchella avec chargement robotis\u00e9 automatique, mais surtout une r\u00e9organisation efficace de l&rsquo;usine de production, divis\u00e9e en d\u00e9partements de traitement, ainsi que l&rsquo;expansion de l&rsquo;usine et de l&rsquo;entrep\u00f4t et l&rsquo;ajout d&rsquo;un d\u00e9partement d&rsquo;assemblage.<\/p>\n<h4>\n\t<strong>2020<\/strong>\n\t<\/h4>\n\t<p>Malgr\u00e9 l&rsquo;urgence sanitaire caus\u00e9e par la pand\u00e9mie, Rimec Group r\u00e9alise d&rsquo;importants investissements sur son site de production pour effectuer des travaux sur barres ; le d\u00e9partement de tournage de barres a permis \u00e0 Rimec d&rsquo;obtenir une grande efficacit\u00e9 de production et de pouvoir fournir des milliers de pi\u00e8ces de tendeurs de cha\u00eenes avec un niveau de qualit\u00e9 impeccable aux plus grands acteurs internationaux.<\/p>\n<h4>\n\t<strong>2022<\/strong>\n\t<\/h4>\n\t<p>En termes de changement g\u00e9n\u00e9rationnel, une r\u00e9organisation interne importante de l&rsquo;entreprise est en cours, tant au niveau de la production que de la gestion.<\/p>\n<p><strong>Ottavio Palmerini<\/strong> prend la pr\u00e9sidence du conseil d&rsquo;administration de Rimec Group. Gr\u00e2ce \u00e0 des strat\u00e9gies prospectives, l&rsquo;entreprise continue d&rsquo;augmenter son chiffre d&rsquo;affaires, ses ressources et le nombre de pi\u00e8ces produites avec un niveau de qualit\u00e9 appr\u00e9ci\u00e9 par le march\u00e9 international.<\/p>\n<h4>\n\t<strong>2024<\/strong>\n\t<\/h4>\n\t<p>Rimec Group acquiert un nouveau centre d&rsquo;usinage horizontal <strong>MAKINO<\/strong> avec une capacit\u00e9 de chargement de jusqu&rsquo;\u00e0 20 palettes, qui sera connect\u00e9 \u00e0 un Makino A61 existant, et qui augmentera consid\u00e9rablement la capacit\u00e9 de production de l&rsquo;entreprise, garantissant ainsi la consolidation et l&rsquo;augmentation de sa pr\u00e9sence en tant que fournisseur qualifi\u00e9 pour les clients les plus importants.<\/p>\n<p>Rimec Group acquiert toutes les actions de PTA Assemblaggi &#8211; une soci\u00e9t\u00e9 active dans le secteur des \u00e9quipements de garage -, qui change ainsi de nom pour devenir PTA Assemblaggi srl avec un actionnaire unique.<\/p>\n\n<\/div><!-- .vgblk-rw-wrapper -->","protected":false},"excerpt":{"rendered":"<p>2003 La soci\u00e9t\u00e9 Rimec Group srl a \u00e9t\u00e9 fond\u00e9e par Nerio Righi et quelques coll\u00e8gues qui croyaient en un projet commun de d\u00e9veloppement d&rsquo;une entreprise m\u00e9canique. 2005 Rimec Group acquiert l&rsquo;entrep\u00f4t qui est aujourd&rsquo;hui le si\u00e8ge social de l&rsquo;entreprise, ainsi que les premi\u00e8res machines. Le leadership de Nerio Righi commence alors son parcours pour donner&#8230;<\/p>\n","protected":false},"author":1,"featured_media":0,"parent":0,"menu_order":0,"comment_status":"closed","ping_status":"closed","template":"","meta":{"inline_featured_image":false,"footnotes":""},"class_list":["post-990766","page","type-page","status-publish","hentry"],"jetpack_sharing_enabled":true,"_links":{"self":[{"href":"https:\/\/rimecgroup.it\/fr\/wp-json\/wp\/v2\/pages\/990766","targetHints":{"allow":["GET"]}}],"collection":[{"href":"https:\/\/rimecgroup.it\/fr\/wp-json\/wp\/v2\/pages"}],"about":[{"href":"https:\/\/rimecgroup.it\/fr\/wp-json\/wp\/v2\/types\/page"}],"author":[{"embeddable":true,"href":"https:\/\/rimecgroup.it\/fr\/wp-json\/wp\/v2\/users\/1"}],"replies":[{"embeddable":true,"href":"https:\/\/rimecgroup.it\/fr\/wp-json\/wp\/v2\/comments?post=990766"}],"version-history":[{"count":2,"href":"https:\/\/rimecgroup.it\/fr\/wp-json\/wp\/v2\/pages\/990766\/revisions"}],"predecessor-version":[{"id":990773,"href":"https:\/\/rimecgroup.it\/fr\/wp-json\/wp\/v2\/pages\/990766\/revisions\/990773"}],"wp:attachment":[{"href":"https:\/\/rimecgroup.it\/fr\/wp-json\/wp\/v2\/media?parent=990766"}],"curies":[{"name":"wp","href":"https:\/\/api.w.org\/{rel}","templated":true}]}}