{"id":990756,"date":"2024-02-16T08:17:10","date_gmt":"2024-02-16T08:17:10","guid":{"rendered":"https:\/\/rimecgroup.it\/chi-siamo\/"},"modified":"2025-03-28T09:25:44","modified_gmt":"2025-03-28T09:25:44","slug":"chi-siamo","status":"publish","type":"page","link":"https:\/\/rimecgroup.it\/fr\/chi-siamo\/","title":{"rendered":"Qui nous sommes"},"content":{"rendered":"<div class=\"vgblk-rw-wrapper limit-wrapper\">\n<h4>\n\t<strong>Rimec <\/strong>Group\n\t<\/h4>\n\t<p><strong>Pr\u00e9cision made in Italy<\/strong><\/p>\n<p>La qualit\u00e9 des produits fabriqu\u00e9s par Rimec Group est reconnue sur le march\u00e9, \u00e0 tel point que l&rsquo;entreprise est un fournisseur certifi\u00e9 de grandes entreprises nationales et internationales. Sa fiabilit\u00e9 s&rsquo;allie \u00e0 une vision strat\u00e9gique.<\/p>\n<p>La m\u00e9canique de pr\u00e9cision est un fleuron de l&rsquo;industrie Made in Italy et l&rsquo;un des piliers du tissu \u00e9conomique de notre pays, compos\u00e9 de nombreuses petites et moyennes entreprises, \u00e9troitement li\u00e9es aux grandes industries de tous secteurs, de l&rsquo;ing\u00e9nierie m\u00e9tallique \u00e0 l&rsquo;industrie automobile.<\/p>\n<p>Rimec Group srl, une petite entreprise situ\u00e9e dans la r\u00e9gion de Bologne, fond\u00e9e en 2003, est une entreprise d&rsquo;excellence sur le march\u00e9 de la m\u00e9canique de pr\u00e9cision, gr\u00e2ce \u00e0 sa capacit\u00e9 entrepreneuriale et de production, avec un accent constant sur l&rsquo;am\u00e9lioration de la qualit\u00e9 de ses produits.<\/p>\n<p>L&rsquo;entreprise est sp\u00e9cialis\u00e9e dans la production de composants m\u00e9caniques de pr\u00e9cision, notamment &#8211; \u00e0 titre d&rsquo;exemple &#8211; des broches et des fiches de charni\u00e8res, des ancres et des tendeurs, des dispositifs de verrouillage, des arbres et des vis sans fin, pour divers secteurs d&rsquo;application. Elle est \u00e9galement certifi\u00e9e <strong>ISO 9001-2015 et ISO 14001:2015.<\/strong><\/p>\n\t<a href=\"\/fr\/lavora-con-noi\/\" target=\"_self\" role=\"button\">\n\t\t\t\t\tTravaille avec nous\n\t<\/a>\n<h4>\n\tNos<br \/><b>services<\/b>\n\t<\/h4>\n\t<p>La structure de l&rsquo;entreprise nous permet de g\u00e9rer int\u00e9gralement le contrat : de l&rsquo;achat de la mati\u00e8re premi\u00e8re \u00e0 la livraison du produit fini et, si n\u00e9cessaire, assembl\u00e9 dans notre division d&rsquo;assemblage pour des tiers, selon les sp\u00e9cifications du client.<\/p>\n<p>Toutes les \u00e9tapes de traitement, de l&rsquo;\u00e9mission de la commande \u00e0 l&rsquo;exp\u00e9dition du produit fini, sont g\u00e9r\u00e9es par un syst\u00e8me informatique bas\u00e9 sur des codes-barres.<\/p>\n<h4>\n\tExternalisation<br \/><b>et qualit\u00e9<\/b>\n\t<\/h4>\n\t<p>Nous pouvons \u00e9galement prendre en charge tous les traitements thermiques et\/ou de surface requis par le client.\u2028Pour une satisfaction totale du client, l&rsquo;ensemble du processus de production est garanti par :<\/p>\n<p>Per una totale soddisfazione del cliente, l&rsquo;intero processo produttivo \u00e8 garantito mediante:<\/p>\n<ul>\n<li>\tContr\u00f4le et acceptation de la mati\u00e8re premi\u00e8re et de tout produit semi-fini<\/li>\n<li>\tContr\u00f4le et tests en cours de production<\/li>\n<li>\tMarquage de la tra\u00e7abilit\u00e9 du produit (si requis)<\/li>\n<li>\tContr\u00f4le final \u00e0 la sortie<\/li>\n<\/ul>\n<h4>\n\tOttavio Palmerini <br \/><strong>Pr\u00e9sident du Conseil et Repr\u00e9sentant L\u00e9gal <\/strong>\n\t<\/h4>\n\t<blockquote><p><em>\u00abDepuis plusieurs ann\u00e9es, nous investissons dans des processus de recherche technologique pour d\u00e9velopper des solutions avanc\u00e9es afin de produire les pi\u00e8ces trait\u00e9es dans nos ateliers. Notre atout est d&rsquo;avoir des processus de production automatis\u00e9s et interconnect\u00e9s dans la perspective de l&rsquo;Industrie 4.0 ; nous avons toujours mis l&rsquo;accent non seulement sur des machines de derni\u00e8re g\u00e9n\u00e9ration, mais aussi et surtout sur la formation de notre personnel technique, garantissant ainsi un haut degr\u00e9 de pr\u00e9cision dans la fabrication de nos produits. Gr\u00e2ce \u00e0 un r\u00e9seau de partenaires bien \u00e9tabli et qualifi\u00e9, Rimec peut satisfaire toutes les demandes du march\u00e9, m\u00eame les plus complexes : gr\u00e2ce \u00e0 une analyse minutieuse des besoins applicatifs du client, la solution produit la plus adapt\u00e9e est propos\u00e9e et r\u00e9alis\u00e9e selon le dessin du client. Cela est rendu possible gr\u00e2ce \u00e0 un parc machines technologiquement sophistiqu\u00e9 et moderne ; en effet, nous investissons des ressources \u00e9conomiques consid\u00e9rables dans la technologie et la formation du personnel, afin de garantir la qualit\u00e9, la s\u00e9curit\u00e9, la flexibilit\u00e9, la fiabilit\u00e9 et le service client. \u00bb.<\/em><\/p><\/blockquote>\n\t<blockquote><p><em>\u00abMalgr\u00e9 la p\u00e9riode d&rsquo;instabilit\u00e9 \u00e9conomique et les incertitudes li\u00e9es aux tensions internationales, Rimec continue d&rsquo;investir dans une flotte de machines de pointe, des technologies et \u00e9quipements sophistiqu\u00e9s, ainsi que dans l&rsquo;organisation et les ressources humaines, qui repr\u00e9sentent le v\u00e9ritable capital de l&rsquo;entreprise, enregistrant ainsi une croissance constante en termes de chiffre d&rsquo;affaires et surtout de cr\u00e9dibilit\u00e9 vis-\u00e0-vis de son march\u00e9.<\/em><\/p>\n<p><em>Notre entreprise a d\u00e9montr\u00e9 au fil des ann\u00e9es sa capacit\u00e9 \u00e0 saisir les opportunit\u00e9s du march\u00e9, dans un processus d&rsquo;\u00e9volution continue et d&rsquo;attention aux besoins et \u00e0 la satisfaction du client, au point d&rsquo;\u00eatre aujourd&rsquo;hui fournisseur certifi\u00e9 pour des r\u00e9alit\u00e9s nationales et internationales de grande envergure.<\/em><\/p>\n<em>Des r\u00e9sultats importants obtenus gr\u00e2ce \u00e0 une structure organisationnelle appropri\u00e9e et des processus internes cartographi\u00e9s par des logiciels sophistiqu\u00e9s permettant le suivi constant de la production (\u00e9tat de charge de chaque machine et des processus en cours).<br \/>\nDans ses strat\u00e9gies futures, Rimec Group vise une pr\u00e9sence de plus en plus autoritaire sur le march\u00e9 international, la consolidation de sa pr\u00e9sence sur le march\u00e9 national et un processus constant de rationalisation des processus internes pour augmenter ses parts de march\u00e9 en Italie et \u00e0 l&rsquo;\u00e9tranger. \u00ab L&rsquo;attention et l&rsquo;engagement de la Direction pour l&rsquo;avenir de Rimec Group consistent \u00e0 mettre en \u0153uvre les meilleures d\u00e9cisions commerciales pour notre client, tant externe qu&rsquo;interne : La qualit\u00e9 du produit est un indicateur de la qualit\u00e9 du processus et de la satisfaction du march\u00e9 et de nos ressources\u00bb.<\/em><\/blockquote>\n\t<meta itemprop=\"url\" content=\"https:\/\/rimecgroup.it\/wp-content\/uploads\/2024\/09\/presentazione.mp4\" \/><div style=\"width: 640px;\" class=\"wp-video\"><video class=\"wp-video-shortcode\" id=\"video-990756-1\" width=\"640\" height=\"360\" poster=\"https:\/\/rimecgroup.it\/wp-content\/uploads\/2024\/09\/cover-video-presentazione.jpg\" preload=\"none\" controls=\"controls\"><source type=\"video\/mp4\" src=\"https:\/\/rimecgroup.it\/wp-content\/uploads\/2024\/09\/presentazione.mp4?_=1\" \/><source type=\"video\/mp4\" src=\"https:\/\/rimecgroup.it\/wp-content\/uploads\/2024\/09\/presentazione.mp4?_=1\" \/><source type=\"video\/webm\" src=\"https:\/\/rimecgroup.it\/wp-content\/uploads\/2024\/09\/presentazione.webm?_=1\" \/><a href=\"https:\/\/rimecgroup.it\/wp-content\/uploads\/2024\/09\/presentazione.mp4\">https:\/\/rimecgroup.it\/wp-content\/uploads\/2024\/09\/presentazione.mp4<\/a><\/video><\/div>\n\n<\/div><!-- .vgblk-rw-wrapper -->","protected":false},"excerpt":{"rendered":"<p>Rimec Group Pr\u00e9cision made in Italy La qualit\u00e9 des produits fabriqu\u00e9s par Rimec Group est reconnue sur le march\u00e9, \u00e0 tel point que l&rsquo;entreprise est un fournisseur certifi\u00e9 de grandes entreprises nationales et internationales. Sa fiabilit\u00e9 s&rsquo;allie \u00e0 une vision strat\u00e9gique. La m\u00e9canique de pr\u00e9cision est un fleuron de l&rsquo;industrie Made in Italy et l&rsquo;un&#8230;<\/p>\n","protected":false},"author":1,"featured_media":0,"parent":0,"menu_order":0,"comment_status":"closed","ping_status":"closed","template":"","meta":{"inline_featured_image":false,"footnotes":""},"class_list":["post-990756","page","type-page","status-publish","hentry"],"jetpack_sharing_enabled":true,"_links":{"self":[{"href":"https:\/\/rimecgroup.it\/fr\/wp-json\/wp\/v2\/pages\/990756","targetHints":{"allow":["GET"]}}],"collection":[{"href":"https:\/\/rimecgroup.it\/fr\/wp-json\/wp\/v2\/pages"}],"about":[{"href":"https:\/\/rimecgroup.it\/fr\/wp-json\/wp\/v2\/types\/page"}],"author":[{"embeddable":true,"href":"https:\/\/rimecgroup.it\/fr\/wp-json\/wp\/v2\/users\/1"}],"replies":[{"embeddable":true,"href":"https:\/\/rimecgroup.it\/fr\/wp-json\/wp\/v2\/comments?post=990756"}],"version-history":[{"count":3,"href":"https:\/\/rimecgroup.it\/fr\/wp-json\/wp\/v2\/pages\/990756\/revisions"}],"predecessor-version":[{"id":990765,"href":"https:\/\/rimecgroup.it\/fr\/wp-json\/wp\/v2\/pages\/990756\/revisions\/990765"}],"wp:attachment":[{"href":"https:\/\/rimecgroup.it\/fr\/wp-json\/wp\/v2\/media?parent=990756"}],"curies":[{"name":"wp","href":"https:\/\/api.w.org\/{rel}","templated":true}]}}