{"id":990738,"date":"2025-01-08T08:58:13","date_gmt":"2025-01-08T08:58:13","guid":{"rendered":"https:\/\/rimecgroup.it\/prodotti\/viti-senza-fine-alberi-di-trasmissione-e-componenti-speciali\/"},"modified":"2025-03-28T09:06:36","modified_gmt":"2025-03-28T09:06:36","slug":"viti-senza-fine-alberi-di-trasmissione-e-componenti-speciali","status":"publish","type":"page","link":"https:\/\/rimecgroup.it\/fr\/prodotti\/viti-senza-fine-alberi-di-trasmissione-e-componenti-speciali\/","title":{"rendered":"Vis sans fin, arbres de transmission et composants sp\u00e9ciaux"},"content":{"rendered":"<div class=\"vgblk-rw-wrapper limit-wrapper\">\n<h2>\n\tVis sans fin, arbres de transmission et composants sp\u00e9ciaux\n\t<\/h2>\n\t<p>Depuis plusieurs ann\u00e9es, Rimec Group est un fournisseur privil\u00e9gi\u00e9 des secteurs industriels o\u00f9 sont utilis\u00e9s des vis sans fin et des arbres de transmission, ainsi que des composants sp\u00e9ciaux en g\u00e9n\u00e9ral, notamment pour les secteurs des bo\u00eetes de vitesses, moteurs \u00e0 vis, variateurs et moteurs \u00e9lectriques synchrones et asynchrones, machines de terrassement, grues et plateformes \u00e9l\u00e9vatrices.<\/p>\n<p>Rimec Group garantit la fiabilit\u00e9 et la flexibilit\u00e9 de la production \u00e9galement pour ce type de composants.<\/p>\n\t<div class=\"tiled-gallery type-rectangular tiled-gallery-unresized\" data-original-width=\"1260\" data-carousel-extra='{&quot;blog_id&quot;:1,&quot;permalink&quot;:&quot;https:\\\/\\\/rimecgroup.it\\\/fr\\\/prodotti\\\/viti-senza-fine-alberi-di-trasmissione-e-componenti-speciali\\\/&quot;,&quot;likes_blog_id&quot;:228116180}' itemscope itemtype=\"http:\/\/schema.org\/ImageGallery\" > <div class=\"gallery-row\" style=\"width: 1260px; height: 840px;\" data-original-width=\"1260\" data-original-height=\"840\" > <div class=\"gallery-group images-1\" style=\"width: 840px; height: 840px;\" data-original-width=\"840\" data-original-height=\"840\" > <div class=\"tiled-gallery-item tiled-gallery-item-large\" itemprop=\"associatedMedia\" itemscope itemtype=\"http:\/\/schema.org\/ImageObject\"> <a href=\"https:\/\/rimecgroup.it\/fr\/prodotti\/viti-senza-fine-alberi-di-trasmissione-e-componenti-speciali\/viti-senza-fine-alberi-di-trasmissione-e-ingranaggi-speciali-01\/\" border=\"0\" itemprop=\"url\"> <meta itemprop=\"width\" content=\"836\"> <meta itemprop=\"height\" content=\"836\"> <img decoding=\"async\" class=\"\" data-attachment-id=\"990743\" data-orig-file=\"https:\/\/rimecgroup.it\/wp-content\/uploads\/2025\/01\/viti-senza-fine-alberi-di-trasmissione-e-ingranaggi-speciali-01.jpg\" data-orig-size=\"1024,1024\" data-comments-opened=\"\" data-image-meta=\"{&quot;aperture&quot;:&quot;0&quot;,&quot;credit&quot;:&quot;&quot;,&quot;camera&quot;:&quot;&quot;,&quot;caption&quot;:&quot;&quot;,&quot;created_timestamp&quot;:&quot;0&quot;,&quot;copyright&quot;:&quot;&quot;,&quot;focal_length&quot;:&quot;0&quot;,&quot;iso&quot;:&quot;0&quot;,&quot;shutter_speed&quot;:&quot;0&quot;,&quot;title&quot;:&quot;&quot;,&quot;orientation&quot;:&quot;0&quot;}\" data-image-title=\"Viti senza fine, alberi di trasmissione e ingranaggi speciali\" data-image-description=\"\" data-medium-file=\"https:\/\/rimecgroup.it\/wp-content\/uploads\/2025\/01\/viti-senza-fine-alberi-di-trasmissione-e-ingranaggi-speciali-01-300x300.jpg\" data-large-file=\"https:\/\/rimecgroup.it\/wp-content\/uploads\/2025\/01\/viti-senza-fine-alberi-di-trasmissione-e-ingranaggi-speciali-01.jpg\" src=\"https:\/\/i0.wp.com\/rimecgroup.it\/wp-content\/uploads\/2025\/01\/viti-senza-fine-alberi-di-trasmissione-e-ingranaggi-speciali-01.jpg?w=836&#038;h=836&#038;crop=1&#038;ssl=1\" srcset=\"https:\/\/rimecgroup.it\/wp-content\/uploads\/2025\/01\/viti-senza-fine-alberi-di-trasmissione-e-ingranaggi-speciali-01.jpg 1024w, https:\/\/rimecgroup.it\/wp-content\/uploads\/2025\/01\/viti-senza-fine-alberi-di-trasmissione-e-ingranaggi-speciali-01-300x300.jpg 300w, https:\/\/rimecgroup.it\/wp-content\/uploads\/2025\/01\/viti-senza-fine-alberi-di-trasmissione-e-ingranaggi-speciali-01-150x150.jpg 150w, https:\/\/rimecgroup.it\/wp-content\/uploads\/2025\/01\/viti-senza-fine-alberi-di-trasmissione-e-ingranaggi-speciali-01-768x768.jpg 768w, https:\/\/rimecgroup.it\/wp-content\/uploads\/2025\/01\/viti-senza-fine-alberi-di-trasmissione-e-ingranaggi-speciali-01-630x630.jpg 630w, https:\/\/rimecgroup.it\/wp-content\/uploads\/2025\/01\/viti-senza-fine-alberi-di-trasmissione-e-ingranaggi-speciali-01-420x420.jpg 420w, https:\/\/rimecgroup.it\/wp-content\/uploads\/2025\/01\/viti-senza-fine-alberi-di-trasmissione-e-ingranaggi-speciali-01-840x840.jpg 840w, https:\/\/rimecgroup.it\/wp-content\/uploads\/2025\/01\/viti-senza-fine-alberi-di-trasmissione-e-ingranaggi-speciali-01-315x315.jpg 315w, https:\/\/rimecgroup.it\/wp-content\/uploads\/2025\/01\/viti-senza-fine-alberi-di-trasmissione-e-ingranaggi-speciali-01-100x100.jpg 100w\" width=\"836\" height=\"836\" loading=\"lazy\" data-original-width=\"836\" data-original-height=\"836\" itemprop=\"http:\/\/schema.org\/image\" title=\"Viti senza fine, alberi di trasmissione e ingranaggi speciali\" alt=\"Viti senza fine, alberi di trasmissione e ingranaggi speciali\" style=\"width: 836px; height: 836px;\" \/> <\/a> <\/div> <\/div> <!-- close group --> <div class=\"gallery-group images-2\" style=\"width: 420px; height: 840px;\" data-original-width=\"420\" data-original-height=\"840\" > <div class=\"tiled-gallery-item tiled-gallery-item-large\" itemprop=\"associatedMedia\" itemscope itemtype=\"http:\/\/schema.org\/ImageObject\"> <a href=\"https:\/\/rimecgroup.it\/fr\/prodotti\/viti-senza-fine-alberi-di-trasmissione-e-componenti-speciali\/viti-senza-fine-alberi-di-trasmissione-e-ingranaggi-speciali-02\/\" border=\"0\" itemprop=\"url\"> <meta itemprop=\"width\" content=\"416\"> <meta itemprop=\"height\" content=\"416\"> <img decoding=\"async\" class=\"\" data-attachment-id=\"990742\" data-orig-file=\"https:\/\/rimecgroup.it\/wp-content\/uploads\/2025\/01\/viti-senza-fine-alberi-di-trasmissione-e-ingranaggi-speciali-02.jpg\" data-orig-size=\"1024,1024\" data-comments-opened=\"\" data-image-meta=\"{&quot;aperture&quot;:&quot;0&quot;,&quot;credit&quot;:&quot;&quot;,&quot;camera&quot;:&quot;&quot;,&quot;caption&quot;:&quot;&quot;,&quot;created_timestamp&quot;:&quot;0&quot;,&quot;copyright&quot;:&quot;&quot;,&quot;focal_length&quot;:&quot;0&quot;,&quot;iso&quot;:&quot;0&quot;,&quot;shutter_speed&quot;:&quot;0&quot;,&quot;title&quot;:&quot;&quot;,&quot;orientation&quot;:&quot;0&quot;}\" data-image-title=\"Viti senza fine, alberi di trasmissione e ingranaggi speciali\" data-image-description=\"\" data-medium-file=\"https:\/\/rimecgroup.it\/wp-content\/uploads\/2025\/01\/viti-senza-fine-alberi-di-trasmissione-e-ingranaggi-speciali-02-300x300.jpg\" data-large-file=\"https:\/\/rimecgroup.it\/wp-content\/uploads\/2025\/01\/viti-senza-fine-alberi-di-trasmissione-e-ingranaggi-speciali-02.jpg\" src=\"https:\/\/i0.wp.com\/rimecgroup.it\/wp-content\/uploads\/2025\/01\/viti-senza-fine-alberi-di-trasmissione-e-ingranaggi-speciali-02.jpg?w=416&#038;h=416&#038;crop=1&#038;ssl=1\" srcset=\"https:\/\/rimecgroup.it\/wp-content\/uploads\/2025\/01\/viti-senza-fine-alberi-di-trasmissione-e-ingranaggi-speciali-02.jpg 1024w, https:\/\/rimecgroup.it\/wp-content\/uploads\/2025\/01\/viti-senza-fine-alberi-di-trasmissione-e-ingranaggi-speciali-02-300x300.jpg 300w, https:\/\/rimecgroup.it\/wp-content\/uploads\/2025\/01\/viti-senza-fine-alberi-di-trasmissione-e-ingranaggi-speciali-02-150x150.jpg 150w, https:\/\/rimecgroup.it\/wp-content\/uploads\/2025\/01\/viti-senza-fine-alberi-di-trasmissione-e-ingranaggi-speciali-02-768x768.jpg 768w, https:\/\/rimecgroup.it\/wp-content\/uploads\/2025\/01\/viti-senza-fine-alberi-di-trasmissione-e-ingranaggi-speciali-02-630x630.jpg 630w, https:\/\/rimecgroup.it\/wp-content\/uploads\/2025\/01\/viti-senza-fine-alberi-di-trasmissione-e-ingranaggi-speciali-02-420x420.jpg 420w, https:\/\/rimecgroup.it\/wp-content\/uploads\/2025\/01\/viti-senza-fine-alberi-di-trasmissione-e-ingranaggi-speciali-02-840x840.jpg 840w, https:\/\/rimecgroup.it\/wp-content\/uploads\/2025\/01\/viti-senza-fine-alberi-di-trasmissione-e-ingranaggi-speciali-02-315x315.jpg 315w, https:\/\/rimecgroup.it\/wp-content\/uploads\/2025\/01\/viti-senza-fine-alberi-di-trasmissione-e-ingranaggi-speciali-02-100x100.jpg 100w\" width=\"416\" height=\"416\" loading=\"lazy\" data-original-width=\"416\" data-original-height=\"416\" itemprop=\"http:\/\/schema.org\/image\" title=\"Viti senza fine, alberi di trasmissione e ingranaggi speciali\" alt=\"Viti senza fine, alberi di trasmissione e ingranaggi speciali\" style=\"width: 416px; height: 416px;\" \/> <\/a> <\/div> <div class=\"tiled-gallery-item tiled-gallery-item-large\" itemprop=\"associatedMedia\" itemscope itemtype=\"http:\/\/schema.org\/ImageObject\"> <a href=\"https:\/\/rimecgroup.it\/fr\/prodotti\/viti-senza-fine-alberi-di-trasmissione-e-componenti-speciali\/viti-senza-fine-alberi-di-trasmissione-e-ingranaggi-speciali-03\/\" border=\"0\" itemprop=\"url\"> <meta itemprop=\"width\" content=\"416\"> <meta itemprop=\"height\" content=\"416\"> <img decoding=\"async\" class=\"\" data-attachment-id=\"990741\" data-orig-file=\"https:\/\/rimecgroup.it\/wp-content\/uploads\/2025\/01\/viti-senza-fine-alberi-di-trasmissione-e-ingranaggi-speciali-03.jpg\" data-orig-size=\"1024,1024\" data-comments-opened=\"\" data-image-meta=\"{&quot;aperture&quot;:&quot;0&quot;,&quot;credit&quot;:&quot;&quot;,&quot;camera&quot;:&quot;&quot;,&quot;caption&quot;:&quot;&quot;,&quot;created_timestamp&quot;:&quot;0&quot;,&quot;copyright&quot;:&quot;&quot;,&quot;focal_length&quot;:&quot;0&quot;,&quot;iso&quot;:&quot;0&quot;,&quot;shutter_speed&quot;:&quot;0&quot;,&quot;title&quot;:&quot;&quot;,&quot;orientation&quot;:&quot;0&quot;}\" data-image-title=\"Viti senza fine, alberi di trasmissione e ingranaggi speciali\" data-image-description=\"\" data-medium-file=\"https:\/\/rimecgroup.it\/wp-content\/uploads\/2025\/01\/viti-senza-fine-alberi-di-trasmissione-e-ingranaggi-speciali-03-300x300.jpg\" data-large-file=\"https:\/\/rimecgroup.it\/wp-content\/uploads\/2025\/01\/viti-senza-fine-alberi-di-trasmissione-e-ingranaggi-speciali-03.jpg\" src=\"https:\/\/i0.wp.com\/rimecgroup.it\/wp-content\/uploads\/2025\/01\/viti-senza-fine-alberi-di-trasmissione-e-ingranaggi-speciali-03.jpg?w=416&#038;h=416&#038;crop=1&#038;ssl=1\" srcset=\"https:\/\/rimecgroup.it\/wp-content\/uploads\/2025\/01\/viti-senza-fine-alberi-di-trasmissione-e-ingranaggi-speciali-03.jpg 1024w, https:\/\/rimecgroup.it\/wp-content\/uploads\/2025\/01\/viti-senza-fine-alberi-di-trasmissione-e-ingranaggi-speciali-03-300x300.jpg 300w, https:\/\/rimecgroup.it\/wp-content\/uploads\/2025\/01\/viti-senza-fine-alberi-di-trasmissione-e-ingranaggi-speciali-03-150x150.jpg 150w, https:\/\/rimecgroup.it\/wp-content\/uploads\/2025\/01\/viti-senza-fine-alberi-di-trasmissione-e-ingranaggi-speciali-03-768x768.jpg 768w, https:\/\/rimecgroup.it\/wp-content\/uploads\/2025\/01\/viti-senza-fine-alberi-di-trasmissione-e-ingranaggi-speciali-03-630x630.jpg 630w, https:\/\/rimecgroup.it\/wp-content\/uploads\/2025\/01\/viti-senza-fine-alberi-di-trasmissione-e-ingranaggi-speciali-03-420x420.jpg 420w, https:\/\/rimecgroup.it\/wp-content\/uploads\/2025\/01\/viti-senza-fine-alberi-di-trasmissione-e-ingranaggi-speciali-03-840x840.jpg 840w, https:\/\/rimecgroup.it\/wp-content\/uploads\/2025\/01\/viti-senza-fine-alberi-di-trasmissione-e-ingranaggi-speciali-03-315x315.jpg 315w, https:\/\/rimecgroup.it\/wp-content\/uploads\/2025\/01\/viti-senza-fine-alberi-di-trasmissione-e-ingranaggi-speciali-03-100x100.jpg 100w\" width=\"416\" height=\"416\" loading=\"lazy\" data-original-width=\"416\" data-original-height=\"416\" itemprop=\"http:\/\/schema.org\/image\" title=\"Viti senza fine, alberi di trasmissione e ingranaggi speciali\" alt=\"Viti senza fine, alberi di trasmissione e ingranaggi speciali\" style=\"width: 416px; height: 416px;\" \/> <\/a> <\/div> <\/div> <!-- close group --> <\/div> <!-- close row --> <div class=\"gallery-row\" style=\"width: 1260px; height: 630px;\" data-original-width=\"1260\" data-original-height=\"630\" > <div class=\"gallery-group images-1\" style=\"width: 630px; height: 630px;\" data-original-width=\"630\" data-original-height=\"630\" > <div class=\"tiled-gallery-item tiled-gallery-item-large\" itemprop=\"associatedMedia\" itemscope itemtype=\"http:\/\/schema.org\/ImageObject\"> <a href=\"https:\/\/rimecgroup.it\/fr\/prodotti\/viti-senza-fine-alberi-di-trasmissione-e-componenti-speciali\/viti-senza-fine-alberi-di-trasmissione-e-ingranaggi-speciali-04\/\" border=\"0\" itemprop=\"url\"> <meta itemprop=\"width\" content=\"626\"> <meta itemprop=\"height\" content=\"626\"> <img decoding=\"async\" class=\"\" data-attachment-id=\"990740\" data-orig-file=\"https:\/\/rimecgroup.it\/wp-content\/uploads\/2025\/01\/viti-senza-fine-alberi-di-trasmissione-e-ingranaggi-speciali-04.jpg\" data-orig-size=\"1024,1024\" data-comments-opened=\"\" data-image-meta=\"{&quot;aperture&quot;:&quot;0&quot;,&quot;credit&quot;:&quot;&quot;,&quot;camera&quot;:&quot;&quot;,&quot;caption&quot;:&quot;&quot;,&quot;created_timestamp&quot;:&quot;0&quot;,&quot;copyright&quot;:&quot;&quot;,&quot;focal_length&quot;:&quot;0&quot;,&quot;iso&quot;:&quot;0&quot;,&quot;shutter_speed&quot;:&quot;0&quot;,&quot;title&quot;:&quot;&quot;,&quot;orientation&quot;:&quot;0&quot;}\" data-image-title=\"Viti senza fine, alberi di trasmissione e ingranaggi speciali\" data-image-description=\"\" data-medium-file=\"https:\/\/rimecgroup.it\/wp-content\/uploads\/2025\/01\/viti-senza-fine-alberi-di-trasmissione-e-ingranaggi-speciali-04-300x300.jpg\" data-large-file=\"https:\/\/rimecgroup.it\/wp-content\/uploads\/2025\/01\/viti-senza-fine-alberi-di-trasmissione-e-ingranaggi-speciali-04.jpg\" src=\"https:\/\/i0.wp.com\/rimecgroup.it\/wp-content\/uploads\/2025\/01\/viti-senza-fine-alberi-di-trasmissione-e-ingranaggi-speciali-04.jpg?w=626&#038;h=626&#038;crop=1&#038;ssl=1\" srcset=\"https:\/\/rimecgroup.it\/wp-content\/uploads\/2025\/01\/viti-senza-fine-alberi-di-trasmissione-e-ingranaggi-speciali-04.jpg 1024w, https:\/\/rimecgroup.it\/wp-content\/uploads\/2025\/01\/viti-senza-fine-alberi-di-trasmissione-e-ingranaggi-speciali-04-300x300.jpg 300w, https:\/\/rimecgroup.it\/wp-content\/uploads\/2025\/01\/viti-senza-fine-alberi-di-trasmissione-e-ingranaggi-speciali-04-150x150.jpg 150w, https:\/\/rimecgroup.it\/wp-content\/uploads\/2025\/01\/viti-senza-fine-alberi-di-trasmissione-e-ingranaggi-speciali-04-768x768.jpg 768w, https:\/\/rimecgroup.it\/wp-content\/uploads\/2025\/01\/viti-senza-fine-alberi-di-trasmissione-e-ingranaggi-speciali-04-630x630.jpg 630w, https:\/\/rimecgroup.it\/wp-content\/uploads\/2025\/01\/viti-senza-fine-alberi-di-trasmissione-e-ingranaggi-speciali-04-420x420.jpg 420w, https:\/\/rimecgroup.it\/wp-content\/uploads\/2025\/01\/viti-senza-fine-alberi-di-trasmissione-e-ingranaggi-speciali-04-840x840.jpg 840w, https:\/\/rimecgroup.it\/wp-content\/uploads\/2025\/01\/viti-senza-fine-alberi-di-trasmissione-e-ingranaggi-speciali-04-315x315.jpg 315w, https:\/\/rimecgroup.it\/wp-content\/uploads\/2025\/01\/viti-senza-fine-alberi-di-trasmissione-e-ingranaggi-speciali-04-100x100.jpg 100w\" width=\"626\" height=\"626\" loading=\"lazy\" data-original-width=\"626\" data-original-height=\"626\" itemprop=\"http:\/\/schema.org\/image\" title=\"Viti senza fine, alberi di trasmissione e ingranaggi speciali\" alt=\"Viti senza fine, alberi di trasmissione e ingranaggi speciali\" style=\"width: 626px; height: 626px;\" \/> <\/a> <\/div> <\/div> <!-- close group --> <div class=\"gallery-group images-1\" style=\"width: 630px; height: 630px;\" data-original-width=\"630\" data-original-height=\"630\" > <div class=\"tiled-gallery-item tiled-gallery-item-large\" itemprop=\"associatedMedia\" itemscope itemtype=\"http:\/\/schema.org\/ImageObject\"> <a href=\"https:\/\/rimecgroup.it\/fr\/prodotti\/viti-senza-fine-alberi-di-trasmissione-e-ingranaggi-speciali-05-2\/\" border=\"0\" itemprop=\"url\"> <meta itemprop=\"width\" content=\"626\"> <meta itemprop=\"height\" content=\"626\"> <img decoding=\"async\" class=\"\" data-attachment-id=\"990739\" data-orig-file=\"https:\/\/rimecgroup.it\/wp-content\/uploads\/2025\/01\/viti-senza-fine-alberi-di-trasmissione-e-ingranaggi-speciali-05.jpg\" data-orig-size=\"1024,1024\" data-comments-opened=\"\" data-image-meta=\"{&quot;aperture&quot;:&quot;0&quot;,&quot;credit&quot;:&quot;&quot;,&quot;camera&quot;:&quot;&quot;,&quot;caption&quot;:&quot;&quot;,&quot;created_timestamp&quot;:&quot;0&quot;,&quot;copyright&quot;:&quot;&quot;,&quot;focal_length&quot;:&quot;0&quot;,&quot;iso&quot;:&quot;0&quot;,&quot;shutter_speed&quot;:&quot;0&quot;,&quot;title&quot;:&quot;&quot;,&quot;orientation&quot;:&quot;0&quot;}\" data-image-title=\"Viti senza fine, alberi di trasmissione e ingranaggi speciali\" data-image-description=\"\" data-medium-file=\"https:\/\/rimecgroup.it\/wp-content\/uploads\/2025\/01\/viti-senza-fine-alberi-di-trasmissione-e-ingranaggi-speciali-05-300x300.jpg\" data-large-file=\"https:\/\/rimecgroup.it\/wp-content\/uploads\/2025\/01\/viti-senza-fine-alberi-di-trasmissione-e-ingranaggi-speciali-05.jpg\" src=\"https:\/\/i0.wp.com\/rimecgroup.it\/wp-content\/uploads\/2025\/01\/viti-senza-fine-alberi-di-trasmissione-e-ingranaggi-speciali-05.jpg?w=626&#038;h=626&#038;crop=1&#038;ssl=1\" srcset=\"https:\/\/rimecgroup.it\/wp-content\/uploads\/2025\/01\/viti-senza-fine-alberi-di-trasmissione-e-ingranaggi-speciali-05.jpg 1024w, https:\/\/rimecgroup.it\/wp-content\/uploads\/2025\/01\/viti-senza-fine-alberi-di-trasmissione-e-ingranaggi-speciali-05-300x300.jpg 300w, https:\/\/rimecgroup.it\/wp-content\/uploads\/2025\/01\/viti-senza-fine-alberi-di-trasmissione-e-ingranaggi-speciali-05-150x150.jpg 150w, https:\/\/rimecgroup.it\/wp-content\/uploads\/2025\/01\/viti-senza-fine-alberi-di-trasmissione-e-ingranaggi-speciali-05-768x768.jpg 768w, https:\/\/rimecgroup.it\/wp-content\/uploads\/2025\/01\/viti-senza-fine-alberi-di-trasmissione-e-ingranaggi-speciali-05-630x630.jpg 630w, https:\/\/rimecgroup.it\/wp-content\/uploads\/2025\/01\/viti-senza-fine-alberi-di-trasmissione-e-ingranaggi-speciali-05-420x420.jpg 420w, https:\/\/rimecgroup.it\/wp-content\/uploads\/2025\/01\/viti-senza-fine-alberi-di-trasmissione-e-ingranaggi-speciali-05-840x840.jpg 840w, https:\/\/rimecgroup.it\/wp-content\/uploads\/2025\/01\/viti-senza-fine-alberi-di-trasmissione-e-ingranaggi-speciali-05-315x315.jpg 315w, https:\/\/rimecgroup.it\/wp-content\/uploads\/2025\/01\/viti-senza-fine-alberi-di-trasmissione-e-ingranaggi-speciali-05-100x100.jpg 100w\" width=\"626\" height=\"626\" loading=\"lazy\" data-original-width=\"626\" data-original-height=\"626\" itemprop=\"http:\/\/schema.org\/image\" title=\"Viti senza fine, alberi di trasmissione e ingranaggi speciali\" alt=\"Viti senza fine, alberi di trasmissione e ingranaggi speciali\" style=\"width: 626px; height: 626px;\" \/> <\/a> <\/div> <\/div> <!-- close group --> <\/div> <!-- close row --> <\/div>\n\n<\/div><!-- .vgblk-rw-wrapper -->","protected":false},"excerpt":{"rendered":"<p>Vis sans fin, arbres de transmission et composants sp\u00e9ciaux Depuis plusieurs ann\u00e9es, Rimec Group est un fournisseur privil\u00e9gi\u00e9 des secteurs industriels o\u00f9 sont utilis\u00e9s des vis sans fin et des arbres de transmission, ainsi que des composants sp\u00e9ciaux en g\u00e9n\u00e9ral, notamment pour les secteurs des bo\u00eetes de vitesses, moteurs \u00e0 vis, variateurs et moteurs \u00e9lectriques&#8230;<\/p>\n","protected":false},"author":1,"featured_media":0,"parent":990624,"menu_order":0,"comment_status":"closed","ping_status":"closed","template":"","meta":{"inline_featured_image":false,"footnotes":""},"class_list":["post-990738","page","type-page","status-publish","hentry"],"jetpack_sharing_enabled":true,"_links":{"self":[{"href":"https:\/\/rimecgroup.it\/fr\/wp-json\/wp\/v2\/pages\/990738","targetHints":{"allow":["GET"]}}],"collection":[{"href":"https:\/\/rimecgroup.it\/fr\/wp-json\/wp\/v2\/pages"}],"about":[{"href":"https:\/\/rimecgroup.it\/fr\/wp-json\/wp\/v2\/types\/page"}],"author":[{"embeddable":true,"href":"https:\/\/rimecgroup.it\/fr\/wp-json\/wp\/v2\/users\/1"}],"replies":[{"embeddable":true,"href":"https:\/\/rimecgroup.it\/fr\/wp-json\/wp\/v2\/comments?post=990738"}],"version-history":[{"count":2,"href":"https:\/\/rimecgroup.it\/fr\/wp-json\/wp\/v2\/pages\/990738\/revisions"}],"predecessor-version":[{"id":990746,"href":"https:\/\/rimecgroup.it\/fr\/wp-json\/wp\/v2\/pages\/990738\/revisions\/990746"}],"up":[{"embeddable":true,"href":"https:\/\/rimecgroup.it\/fr\/wp-json\/wp\/v2\/pages\/990624"}],"wp:attachment":[{"href":"https:\/\/rimecgroup.it\/fr\/wp-json\/wp\/v2\/media?parent=990738"}],"curies":[{"name":"wp","href":"https:\/\/api.w.org\/{rel}","templated":true}]}}