{"id":990725,"date":"2025-01-08T08:29:00","date_gmt":"2025-01-08T08:29:00","guid":{"rendered":"https:\/\/rimecgroup.it\/prodotti\/componenti-in-acciaio-inox\/"},"modified":"2025-03-28T09:04:31","modified_gmt":"2025-03-28T09:04:31","slug":"componenti-in-acciaio-inox","status":"publish","type":"page","link":"https:\/\/rimecgroup.it\/fr\/prodotti\/componenti-in-acciaio-inox\/","title":{"rendered":"Composants en acier inoxydable"},"content":{"rendered":"<div class=\"vgblk-rw-wrapper limit-wrapper\">\n<h2>\n\tComposants en acier inoxydable\n\t<\/h2>\n\t<p>Depuis de nombreuses ann\u00e9es, Rimec Group produit des composants en acier inoxydable. Comme nous le savons, l&rsquo;acier inoxydable est l&rsquo;un des mat\u00e9riaux les plus polyvalents utilis\u00e9s dans l&rsquo;industrie en raison de ses propri\u00e9t\u00e9s m\u00e9caniques, chimiques et esth\u00e9tiques, qui garantissent une haute r\u00e9sistance, une fiabilit\u00e9 et une durabilit\u00e9 exceptionnelles.<\/p>\n<p>Ces caract\u00e9ristiques sont particuli\u00e8rement requises par certains clients, notamment dans le secteur automobile, et en particulier pour les ponts-\u00e9l\u00e9vateurs de v\u00e9hicules, les syst\u00e8mes d&rsquo;assistance au volant, les outils de diagnostic, les \u00e9quipements de r\u00e9paration de collision, ainsi que pour l&rsquo;industrie alimentaire.<\/p>\n\t<div class=\"tiled-gallery type-rectangular tiled-gallery-unresized\" data-original-width=\"1260\" data-carousel-extra='{&quot;blog_id&quot;:1,&quot;permalink&quot;:&quot;https:\\\/\\\/rimecgroup.it\\\/fr\\\/prodotti\\\/componenti-in-acciaio-inox\\\/&quot;,&quot;likes_blog_id&quot;:228116180}' itemscope itemtype=\"http:\/\/schema.org\/ImageGallery\" > <div class=\"gallery-row\" style=\"width: 1260px; height: 711px;\" data-original-width=\"1260\" data-original-height=\"711\" > <div class=\"gallery-group images-1\" style=\"width: 1260px; height: 711px;\" data-original-width=\"1260\" data-original-height=\"711\" > <div class=\"tiled-gallery-item tiled-gallery-item-large\" itemprop=\"associatedMedia\" itemscope itemtype=\"http:\/\/schema.org\/ImageObject\"> <a href=\"https:\/\/rimecgroup.it\/fr\/prodotti\/componenti-in-acciaio-inox-01-2\/\" border=\"0\" itemprop=\"url\"> <meta itemprop=\"width\" content=\"1256\"> <meta itemprop=\"height\" content=\"707\"> <img decoding=\"async\" class=\"\" data-attachment-id=\"990726\" data-orig-file=\"https:\/\/rimecgroup.it\/wp-content\/uploads\/2025\/01\/componenti-in-acciaio-inox-01.jpg\" data-orig-size=\"1024,576\" data-comments-opened=\"\" data-image-meta=\"{&quot;aperture&quot;:&quot;0&quot;,&quot;credit&quot;:&quot;&quot;,&quot;camera&quot;:&quot;&quot;,&quot;caption&quot;:&quot;&quot;,&quot;created_timestamp&quot;:&quot;0&quot;,&quot;copyright&quot;:&quot;&quot;,&quot;focal_length&quot;:&quot;0&quot;,&quot;iso&quot;:&quot;0&quot;,&quot;shutter_speed&quot;:&quot;0&quot;,&quot;title&quot;:&quot;&quot;,&quot;orientation&quot;:&quot;0&quot;}\" data-image-title=\"Componenti in acciaio inox\" data-image-description=\"\" data-medium-file=\"https:\/\/rimecgroup.it\/wp-content\/uploads\/2025\/01\/componenti-in-acciaio-inox-01-300x169.jpg\" data-large-file=\"https:\/\/rimecgroup.it\/wp-content\/uploads\/2025\/01\/componenti-in-acciaio-inox-01.jpg\" src=\"https:\/\/i0.wp.com\/rimecgroup.it\/wp-content\/uploads\/2025\/01\/componenti-in-acciaio-inox-01.jpg?w=1256&#038;h=707&#038;ssl=1\" srcset=\"https:\/\/rimecgroup.it\/wp-content\/uploads\/2025\/01\/componenti-in-acciaio-inox-01.jpg 1024w, https:\/\/rimecgroup.it\/wp-content\/uploads\/2025\/01\/componenti-in-acciaio-inox-01-300x169.jpg 300w, https:\/\/rimecgroup.it\/wp-content\/uploads\/2025\/01\/componenti-in-acciaio-inox-01-768x432.jpg 768w, https:\/\/rimecgroup.it\/wp-content\/uploads\/2025\/01\/componenti-in-acciaio-inox-01-630x354.jpg 630w, https:\/\/rimecgroup.it\/wp-content\/uploads\/2025\/01\/componenti-in-acciaio-inox-01-420x236.jpg 420w, https:\/\/rimecgroup.it\/wp-content\/uploads\/2025\/01\/componenti-in-acciaio-inox-01-840x473.jpg 840w, https:\/\/rimecgroup.it\/wp-content\/uploads\/2025\/01\/componenti-in-acciaio-inox-01-315x177.jpg 315w\" width=\"1256\" height=\"707\" loading=\"lazy\" data-original-width=\"1256\" data-original-height=\"707\" itemprop=\"http:\/\/schema.org\/image\" title=\"Componenti in acciaio inox\" alt=\"Componenti in acciaio inox\" style=\"width: 1256px; height: 707px;\" \/> <\/a> <\/div> <\/div> <!-- close group --> <\/div> <!-- close row --> <\/div>\n\n<\/div><!-- .vgblk-rw-wrapper -->","protected":false},"excerpt":{"rendered":"<p>Composants en acier inoxydable Depuis de nombreuses ann\u00e9es, Rimec Group produit des composants en acier inoxydable. Comme nous le savons, l&rsquo;acier inoxydable est l&rsquo;un des mat\u00e9riaux les plus polyvalents utilis\u00e9s dans l&rsquo;industrie en raison de ses propri\u00e9t\u00e9s m\u00e9caniques, chimiques et esth\u00e9tiques, qui garantissent une haute r\u00e9sistance, une fiabilit\u00e9 et une durabilit\u00e9 exceptionnelles. Ces caract\u00e9ristiques sont&#8230;<\/p>\n","protected":false},"author":1,"featured_media":0,"parent":990624,"menu_order":0,"comment_status":"closed","ping_status":"closed","template":"","meta":{"inline_featured_image":false,"footnotes":""},"class_list":["post-990725","page","type-page","status-publish","hentry"],"jetpack_sharing_enabled":true,"_links":{"self":[{"href":"https:\/\/rimecgroup.it\/fr\/wp-json\/wp\/v2\/pages\/990725","targetHints":{"allow":["GET"]}}],"collection":[{"href":"https:\/\/rimecgroup.it\/fr\/wp-json\/wp\/v2\/pages"}],"about":[{"href":"https:\/\/rimecgroup.it\/fr\/wp-json\/wp\/v2\/types\/page"}],"author":[{"embeddable":true,"href":"https:\/\/rimecgroup.it\/fr\/wp-json\/wp\/v2\/users\/1"}],"replies":[{"embeddable":true,"href":"https:\/\/rimecgroup.it\/fr\/wp-json\/wp\/v2\/comments?post=990725"}],"version-history":[{"count":2,"href":"https:\/\/rimecgroup.it\/fr\/wp-json\/wp\/v2\/pages\/990725\/revisions"}],"predecessor-version":[{"id":990729,"href":"https:\/\/rimecgroup.it\/fr\/wp-json\/wp\/v2\/pages\/990725\/revisions\/990729"}],"up":[{"embeddable":true,"href":"https:\/\/rimecgroup.it\/fr\/wp-json\/wp\/v2\/pages\/990624"}],"wp:attachment":[{"href":"https:\/\/rimecgroup.it\/fr\/wp-json\/wp\/v2\/media?parent=990725"}],"curies":[{"name":"wp","href":"https:\/\/api.w.org\/{rel}","templated":true}]}}