{"id":990714,"date":"2025-01-08T08:33:30","date_gmt":"2025-01-08T08:33:30","guid":{"rendered":"https:\/\/rimecgroup.it\/prodotti\/componenti-oleodinamici-e-pneumatici\/"},"modified":"2025-03-28T09:03:29","modified_gmt":"2025-03-28T09:03:29","slug":"componenti-oleodinamici-e-pneumatici","status":"publish","type":"page","link":"https:\/\/rimecgroup.it\/fr\/prodotti\/componenti-oleodinamici-e-pneumatici\/","title":{"rendered":"Composants hydrauliques et pneumatiques"},"content":{"rendered":"<div class=\"vgblk-rw-wrapper limit-wrapper\">\n<h2>\n\tComposants hydrauliques et pneumatiques\n\t<\/h2>\n\t<p>Rimec Group propose une large gamme de composants hydrauliques et pneumatiques pour divers secteurs industriels, en particulier pour l&rsquo;agriculture (r\u00e9colte et taille) et l&rsquo;automatisation (bornes, ouvertures et fermetures automatiques, etc.).<\/p>\n<p>Nos composants sont fabriqu\u00e9s selon les exigences sp\u00e9cifiques des clients, complets avec tous les traitements thermiques et de surface n\u00e9cessaires ; si requis, les composants peuvent \u00eatre assembl\u00e9s en kits et\/ou produits finis \u00e0 la demande du client. Tous les composants hydrauliques et pneumatiques sont fabriqu\u00e9s en aluminium, acier et\/ou acier inoxydable et subissent des tests de qualit\u00e9 stricts conform\u00e9ment aux normes de l&rsquo;entreprise.<\/p>\n\t<div class=\"tiled-gallery type-rectangular tiled-gallery-unresized\" data-original-width=\"1260\" data-carousel-extra='{&quot;blog_id&quot;:1,&quot;permalink&quot;:&quot;https:\\\/\\\/rimecgroup.it\\\/fr\\\/prodotti\\\/componenti-oleodinamici-e-pneumatici\\\/&quot;,&quot;likes_blog_id&quot;:228116180}' itemscope itemtype=\"http:\/\/schema.org\/ImageGallery\" > <div class=\"gallery-row\" style=\"width: 1260px; height: 840px;\" data-original-width=\"1260\" data-original-height=\"840\" > <div class=\"gallery-group images-1\" style=\"width: 840px; height: 840px;\" data-original-width=\"840\" data-original-height=\"840\" > <div class=\"tiled-gallery-item tiled-gallery-item-large\" itemprop=\"associatedMedia\" itemscope itemtype=\"http:\/\/schema.org\/ImageObject\"> <a href=\"https:\/\/rimecgroup.it\/fr\/prodotti\/componenti-oleodinamici-e-pneumatici\/componenti-oleodinamici-e-pneumatici-01\/\" border=\"0\" itemprop=\"url\"> <meta itemprop=\"width\" content=\"836\"> <meta itemprop=\"height\" content=\"836\"> <img decoding=\"async\" class=\"\" data-attachment-id=\"990721\" data-orig-file=\"https:\/\/rimecgroup.it\/wp-content\/uploads\/2025\/01\/componenti-oleodinamici-e-pneumatici-01.jpg\" data-orig-size=\"1024,1024\" data-comments-opened=\"\" data-image-meta=\"{&quot;aperture&quot;:&quot;0&quot;,&quot;credit&quot;:&quot;&quot;,&quot;camera&quot;:&quot;&quot;,&quot;caption&quot;:&quot;&quot;,&quot;created_timestamp&quot;:&quot;0&quot;,&quot;copyright&quot;:&quot;&quot;,&quot;focal_length&quot;:&quot;0&quot;,&quot;iso&quot;:&quot;0&quot;,&quot;shutter_speed&quot;:&quot;0&quot;,&quot;title&quot;:&quot;&quot;,&quot;orientation&quot;:&quot;0&quot;}\" data-image-title=\"Componenti oleodinamici e pneumatici\" data-image-description=\"\" data-medium-file=\"https:\/\/rimecgroup.it\/wp-content\/uploads\/2025\/01\/componenti-oleodinamici-e-pneumatici-01-300x300.jpg\" data-large-file=\"https:\/\/rimecgroup.it\/wp-content\/uploads\/2025\/01\/componenti-oleodinamici-e-pneumatici-01.jpg\" src=\"https:\/\/i0.wp.com\/rimecgroup.it\/wp-content\/uploads\/2025\/01\/componenti-oleodinamici-e-pneumatici-01.jpg?w=836&#038;h=836&#038;crop=1&#038;ssl=1\" srcset=\"https:\/\/rimecgroup.it\/wp-content\/uploads\/2025\/01\/componenti-oleodinamici-e-pneumatici-01.jpg 1024w, https:\/\/rimecgroup.it\/wp-content\/uploads\/2025\/01\/componenti-oleodinamici-e-pneumatici-01-300x300.jpg 300w, https:\/\/rimecgroup.it\/wp-content\/uploads\/2025\/01\/componenti-oleodinamici-e-pneumatici-01-150x150.jpg 150w, https:\/\/rimecgroup.it\/wp-content\/uploads\/2025\/01\/componenti-oleodinamici-e-pneumatici-01-768x768.jpg 768w, https:\/\/rimecgroup.it\/wp-content\/uploads\/2025\/01\/componenti-oleodinamici-e-pneumatici-01-630x630.jpg 630w, https:\/\/rimecgroup.it\/wp-content\/uploads\/2025\/01\/componenti-oleodinamici-e-pneumatici-01-420x420.jpg 420w, https:\/\/rimecgroup.it\/wp-content\/uploads\/2025\/01\/componenti-oleodinamici-e-pneumatici-01-840x840.jpg 840w, https:\/\/rimecgroup.it\/wp-content\/uploads\/2025\/01\/componenti-oleodinamici-e-pneumatici-01-315x315.jpg 315w, https:\/\/rimecgroup.it\/wp-content\/uploads\/2025\/01\/componenti-oleodinamici-e-pneumatici-01-100x100.jpg 100w\" width=\"836\" height=\"836\" loading=\"lazy\" data-original-width=\"836\" data-original-height=\"836\" itemprop=\"http:\/\/schema.org\/image\" title=\"Componenti oleodinamici e pneumatici\" alt=\"Componenti oleodinamici e pneumatici\" style=\"width: 836px; height: 836px;\" \/> <\/a> <\/div> <\/div> <!-- close group --> <div class=\"gallery-group images-2\" style=\"width: 420px; height: 840px;\" data-original-width=\"420\" data-original-height=\"840\" > <div class=\"tiled-gallery-item tiled-gallery-item-large\" itemprop=\"associatedMedia\" itemscope itemtype=\"http:\/\/schema.org\/ImageObject\"> <a href=\"https:\/\/rimecgroup.it\/fr\/prodotti\/componenti-oleodinamici-e-pneumatici\/componenti-oleodinamici-e-pneumatici-02\/\" border=\"0\" itemprop=\"url\"> <meta itemprop=\"width\" content=\"416\"> <meta itemprop=\"height\" content=\"416\"> <img decoding=\"async\" class=\"\" data-attachment-id=\"990720\" data-orig-file=\"https:\/\/rimecgroup.it\/wp-content\/uploads\/2025\/01\/componenti-oleodinamici-e-pneumatici-02.jpg\" data-orig-size=\"1024,1024\" data-comments-opened=\"\" data-image-meta=\"{&quot;aperture&quot;:&quot;0&quot;,&quot;credit&quot;:&quot;&quot;,&quot;camera&quot;:&quot;&quot;,&quot;caption&quot;:&quot;&quot;,&quot;created_timestamp&quot;:&quot;0&quot;,&quot;copyright&quot;:&quot;&quot;,&quot;focal_length&quot;:&quot;0&quot;,&quot;iso&quot;:&quot;0&quot;,&quot;shutter_speed&quot;:&quot;0&quot;,&quot;title&quot;:&quot;&quot;,&quot;orientation&quot;:&quot;0&quot;}\" data-image-title=\"Componenti oleodinamici e pneumatici\" data-image-description=\"\" data-medium-file=\"https:\/\/rimecgroup.it\/wp-content\/uploads\/2025\/01\/componenti-oleodinamici-e-pneumatici-02-300x300.jpg\" data-large-file=\"https:\/\/rimecgroup.it\/wp-content\/uploads\/2025\/01\/componenti-oleodinamici-e-pneumatici-02.jpg\" src=\"https:\/\/i0.wp.com\/rimecgroup.it\/wp-content\/uploads\/2025\/01\/componenti-oleodinamici-e-pneumatici-02.jpg?w=416&#038;h=416&#038;crop=1&#038;ssl=1\" srcset=\"https:\/\/rimecgroup.it\/wp-content\/uploads\/2025\/01\/componenti-oleodinamici-e-pneumatici-02.jpg 1024w, https:\/\/rimecgroup.it\/wp-content\/uploads\/2025\/01\/componenti-oleodinamici-e-pneumatici-02-300x300.jpg 300w, https:\/\/rimecgroup.it\/wp-content\/uploads\/2025\/01\/componenti-oleodinamici-e-pneumatici-02-150x150.jpg 150w, https:\/\/rimecgroup.it\/wp-content\/uploads\/2025\/01\/componenti-oleodinamici-e-pneumatici-02-768x768.jpg 768w, https:\/\/rimecgroup.it\/wp-content\/uploads\/2025\/01\/componenti-oleodinamici-e-pneumatici-02-630x630.jpg 630w, https:\/\/rimecgroup.it\/wp-content\/uploads\/2025\/01\/componenti-oleodinamici-e-pneumatici-02-420x420.jpg 420w, https:\/\/rimecgroup.it\/wp-content\/uploads\/2025\/01\/componenti-oleodinamici-e-pneumatici-02-840x840.jpg 840w, https:\/\/rimecgroup.it\/wp-content\/uploads\/2025\/01\/componenti-oleodinamici-e-pneumatici-02-315x315.jpg 315w, https:\/\/rimecgroup.it\/wp-content\/uploads\/2025\/01\/componenti-oleodinamici-e-pneumatici-02-100x100.jpg 100w\" width=\"416\" height=\"416\" loading=\"lazy\" data-original-width=\"416\" data-original-height=\"416\" itemprop=\"http:\/\/schema.org\/image\" title=\"Componenti oleodinamici e pneumatici\" alt=\"Componenti oleodinamici e pneumatici\" style=\"width: 416px; height: 416px;\" \/> <\/a> <\/div> <div class=\"tiled-gallery-item tiled-gallery-item-large\" itemprop=\"associatedMedia\" itemscope itemtype=\"http:\/\/schema.org\/ImageObject\"> <a href=\"https:\/\/rimecgroup.it\/fr\/prodotti\/componenti-oleodinamici-e-pneumatici\/componenti-oleodinamici-e-pneumatici-03\/\" border=\"0\" itemprop=\"url\"> <meta itemprop=\"width\" content=\"416\"> <meta itemprop=\"height\" content=\"416\"> <img decoding=\"async\" class=\"\" data-attachment-id=\"990719\" data-orig-file=\"https:\/\/rimecgroup.it\/wp-content\/uploads\/2025\/01\/componenti-oleodinamici-e-pneumatici-03.jpg\" data-orig-size=\"1024,1024\" data-comments-opened=\"\" data-image-meta=\"{&quot;aperture&quot;:&quot;0&quot;,&quot;credit&quot;:&quot;&quot;,&quot;camera&quot;:&quot;&quot;,&quot;caption&quot;:&quot;&quot;,&quot;created_timestamp&quot;:&quot;0&quot;,&quot;copyright&quot;:&quot;&quot;,&quot;focal_length&quot;:&quot;0&quot;,&quot;iso&quot;:&quot;0&quot;,&quot;shutter_speed&quot;:&quot;0&quot;,&quot;title&quot;:&quot;&quot;,&quot;orientation&quot;:&quot;0&quot;}\" data-image-title=\"Componenti oleodinamici e pneumatici\" data-image-description=\"\" data-medium-file=\"https:\/\/rimecgroup.it\/wp-content\/uploads\/2025\/01\/componenti-oleodinamici-e-pneumatici-03-300x300.jpg\" data-large-file=\"https:\/\/rimecgroup.it\/wp-content\/uploads\/2025\/01\/componenti-oleodinamici-e-pneumatici-03.jpg\" src=\"https:\/\/i0.wp.com\/rimecgroup.it\/wp-content\/uploads\/2025\/01\/componenti-oleodinamici-e-pneumatici-03.jpg?w=416&#038;h=416&#038;crop=1&#038;ssl=1\" srcset=\"https:\/\/rimecgroup.it\/wp-content\/uploads\/2025\/01\/componenti-oleodinamici-e-pneumatici-03.jpg 1024w, https:\/\/rimecgroup.it\/wp-content\/uploads\/2025\/01\/componenti-oleodinamici-e-pneumatici-03-300x300.jpg 300w, https:\/\/rimecgroup.it\/wp-content\/uploads\/2025\/01\/componenti-oleodinamici-e-pneumatici-03-150x150.jpg 150w, https:\/\/rimecgroup.it\/wp-content\/uploads\/2025\/01\/componenti-oleodinamici-e-pneumatici-03-768x768.jpg 768w, https:\/\/rimecgroup.it\/wp-content\/uploads\/2025\/01\/componenti-oleodinamici-e-pneumatici-03-630x630.jpg 630w, https:\/\/rimecgroup.it\/wp-content\/uploads\/2025\/01\/componenti-oleodinamici-e-pneumatici-03-420x420.jpg 420w, https:\/\/rimecgroup.it\/wp-content\/uploads\/2025\/01\/componenti-oleodinamici-e-pneumatici-03-840x840.jpg 840w, https:\/\/rimecgroup.it\/wp-content\/uploads\/2025\/01\/componenti-oleodinamici-e-pneumatici-03-315x315.jpg 315w, https:\/\/rimecgroup.it\/wp-content\/uploads\/2025\/01\/componenti-oleodinamici-e-pneumatici-03-100x100.jpg 100w\" width=\"416\" height=\"416\" loading=\"lazy\" data-original-width=\"416\" data-original-height=\"416\" itemprop=\"http:\/\/schema.org\/image\" title=\"Componenti oleodinamici e pneumatici\" alt=\"Componenti oleodinamici e pneumatici\" style=\"width: 416px; height: 416px;\" \/> <\/a> <\/div> <\/div> <!-- close group --> <\/div> <!-- close row --> <div class=\"gallery-row\" style=\"width: 1260px; height: 264px;\" data-original-width=\"1260\" data-original-height=\"264\" > <div class=\"gallery-group images-1\" style=\"width: 265px; height: 264px;\" data-original-width=\"265\" data-original-height=\"264\" > <div class=\"tiled-gallery-item tiled-gallery-item-large\" itemprop=\"associatedMedia\" itemscope itemtype=\"http:\/\/schema.org\/ImageObject\"> <a href=\"https:\/\/rimecgroup.it\/fr\/prodotti\/componenti-oleodinamici-e-pneumatici\/componenti-oleodinamici-e-pneumatici-04\/\" border=\"0\" itemprop=\"url\"> <meta itemprop=\"width\" content=\"261\"> <meta itemprop=\"height\" content=\"260\"> <img decoding=\"async\" class=\"\" data-attachment-id=\"990718\" data-orig-file=\"https:\/\/rimecgroup.it\/wp-content\/uploads\/2025\/01\/componenti-oleodinamici-e-pneumatici-04.jpg\" data-orig-size=\"1024,1024\" data-comments-opened=\"\" data-image-meta=\"{&quot;aperture&quot;:&quot;0&quot;,&quot;credit&quot;:&quot;&quot;,&quot;camera&quot;:&quot;&quot;,&quot;caption&quot;:&quot;&quot;,&quot;created_timestamp&quot;:&quot;0&quot;,&quot;copyright&quot;:&quot;&quot;,&quot;focal_length&quot;:&quot;0&quot;,&quot;iso&quot;:&quot;0&quot;,&quot;shutter_speed&quot;:&quot;0&quot;,&quot;title&quot;:&quot;&quot;,&quot;orientation&quot;:&quot;0&quot;}\" data-image-title=\"Componenti oleodinamici e pneumatici\" data-image-description=\"\" data-medium-file=\"https:\/\/rimecgroup.it\/wp-content\/uploads\/2025\/01\/componenti-oleodinamici-e-pneumatici-04-300x300.jpg\" data-large-file=\"https:\/\/rimecgroup.it\/wp-content\/uploads\/2025\/01\/componenti-oleodinamici-e-pneumatici-04.jpg\" src=\"https:\/\/i0.wp.com\/rimecgroup.it\/wp-content\/uploads\/2025\/01\/componenti-oleodinamici-e-pneumatici-04.jpg?w=261&#038;h=260&#038;ssl=1\" srcset=\"https:\/\/rimecgroup.it\/wp-content\/uploads\/2025\/01\/componenti-oleodinamici-e-pneumatici-04.jpg 1024w, https:\/\/rimecgroup.it\/wp-content\/uploads\/2025\/01\/componenti-oleodinamici-e-pneumatici-04-300x300.jpg 300w, https:\/\/rimecgroup.it\/wp-content\/uploads\/2025\/01\/componenti-oleodinamici-e-pneumatici-04-150x150.jpg 150w, https:\/\/rimecgroup.it\/wp-content\/uploads\/2025\/01\/componenti-oleodinamici-e-pneumatici-04-768x768.jpg 768w, https:\/\/rimecgroup.it\/wp-content\/uploads\/2025\/01\/componenti-oleodinamici-e-pneumatici-04-630x630.jpg 630w, https:\/\/rimecgroup.it\/wp-content\/uploads\/2025\/01\/componenti-oleodinamici-e-pneumatici-04-420x420.jpg 420w, https:\/\/rimecgroup.it\/wp-content\/uploads\/2025\/01\/componenti-oleodinamici-e-pneumatici-04-840x840.jpg 840w, https:\/\/rimecgroup.it\/wp-content\/uploads\/2025\/01\/componenti-oleodinamici-e-pneumatici-04-315x315.jpg 315w, https:\/\/rimecgroup.it\/wp-content\/uploads\/2025\/01\/componenti-oleodinamici-e-pneumatici-04-100x100.jpg 100w\" width=\"261\" height=\"260\" loading=\"lazy\" data-original-width=\"261\" data-original-height=\"260\" itemprop=\"http:\/\/schema.org\/image\" title=\"Componenti oleodinamici e pneumatici\" alt=\"Componenti oleodinamici e pneumatici\" style=\"width: 261px; height: 260px;\" \/> <\/a> <\/div> <\/div> <!-- close group --> <div class=\"gallery-group images-1\" style=\"width: 264px; height: 264px;\" data-original-width=\"264\" data-original-height=\"264\" > <div class=\"tiled-gallery-item tiled-gallery-item-large\" itemprop=\"associatedMedia\" itemscope itemtype=\"http:\/\/schema.org\/ImageObject\"> <a href=\"https:\/\/rimecgroup.it\/fr\/prodotti\/componenti-oleodinamici-e-pneumatici\/componenti-oleodinamici-e-pneumatici-05\/\" border=\"0\" itemprop=\"url\"> <meta itemprop=\"width\" content=\"260\"> <meta itemprop=\"height\" content=\"260\"> <img decoding=\"async\" class=\"\" data-attachment-id=\"990717\" data-orig-file=\"https:\/\/rimecgroup.it\/wp-content\/uploads\/2025\/01\/componenti-oleodinamici-e-pneumatici-05.jpg\" data-orig-size=\"1024,1024\" data-comments-opened=\"\" data-image-meta=\"{&quot;aperture&quot;:&quot;0&quot;,&quot;credit&quot;:&quot;&quot;,&quot;camera&quot;:&quot;&quot;,&quot;caption&quot;:&quot;&quot;,&quot;created_timestamp&quot;:&quot;0&quot;,&quot;copyright&quot;:&quot;&quot;,&quot;focal_length&quot;:&quot;0&quot;,&quot;iso&quot;:&quot;0&quot;,&quot;shutter_speed&quot;:&quot;0&quot;,&quot;title&quot;:&quot;&quot;,&quot;orientation&quot;:&quot;0&quot;}\" data-image-title=\"Componenti oleodinamici e pneumatici\" data-image-description=\"\" data-medium-file=\"https:\/\/rimecgroup.it\/wp-content\/uploads\/2025\/01\/componenti-oleodinamici-e-pneumatici-05-300x300.jpg\" data-large-file=\"https:\/\/rimecgroup.it\/wp-content\/uploads\/2025\/01\/componenti-oleodinamici-e-pneumatici-05.jpg\" src=\"https:\/\/i0.wp.com\/rimecgroup.it\/wp-content\/uploads\/2025\/01\/componenti-oleodinamici-e-pneumatici-05.jpg?w=260&#038;h=260&#038;crop=1&#038;ssl=1\" srcset=\"https:\/\/rimecgroup.it\/wp-content\/uploads\/2025\/01\/componenti-oleodinamici-e-pneumatici-05.jpg 1024w, https:\/\/rimecgroup.it\/wp-content\/uploads\/2025\/01\/componenti-oleodinamici-e-pneumatici-05-300x300.jpg 300w, https:\/\/rimecgroup.it\/wp-content\/uploads\/2025\/01\/componenti-oleodinamici-e-pneumatici-05-150x150.jpg 150w, https:\/\/rimecgroup.it\/wp-content\/uploads\/2025\/01\/componenti-oleodinamici-e-pneumatici-05-768x768.jpg 768w, https:\/\/rimecgroup.it\/wp-content\/uploads\/2025\/01\/componenti-oleodinamici-e-pneumatici-05-630x630.jpg 630w, https:\/\/rimecgroup.it\/wp-content\/uploads\/2025\/01\/componenti-oleodinamici-e-pneumatici-05-420x420.jpg 420w, https:\/\/rimecgroup.it\/wp-content\/uploads\/2025\/01\/componenti-oleodinamici-e-pneumatici-05-840x840.jpg 840w, https:\/\/rimecgroup.it\/wp-content\/uploads\/2025\/01\/componenti-oleodinamici-e-pneumatici-05-315x315.jpg 315w, https:\/\/rimecgroup.it\/wp-content\/uploads\/2025\/01\/componenti-oleodinamici-e-pneumatici-05-100x100.jpg 100w\" width=\"260\" height=\"260\" loading=\"lazy\" data-original-width=\"260\" data-original-height=\"260\" itemprop=\"http:\/\/schema.org\/image\" title=\"Componenti oleodinamici e pneumatici\" alt=\"Componenti oleodinamici e pneumatici\" style=\"width: 260px; height: 260px;\" \/> <\/a> <\/div> <\/div> <!-- close group --> <div class=\"gallery-group images-1\" style=\"width: 264px; height: 264px;\" data-original-width=\"264\" data-original-height=\"264\" > <div class=\"tiled-gallery-item tiled-gallery-item-large\" itemprop=\"associatedMedia\" itemscope itemtype=\"http:\/\/schema.org\/ImageObject\"> <a href=\"https:\/\/rimecgroup.it\/fr\/prodotti\/componenti-oleodinamici-e-pneumatici\/componenti-oleodinamici-e-pneumatici-06\/\" border=\"0\" itemprop=\"url\"> <meta itemprop=\"width\" content=\"260\"> <meta itemprop=\"height\" content=\"260\"> <img decoding=\"async\" class=\"\" data-attachment-id=\"990716\" data-orig-file=\"https:\/\/rimecgroup.it\/wp-content\/uploads\/2025\/01\/componenti-oleodinamici-e-pneumatici-06.jpg\" data-orig-size=\"1024,1024\" data-comments-opened=\"\" data-image-meta=\"{&quot;aperture&quot;:&quot;0&quot;,&quot;credit&quot;:&quot;&quot;,&quot;camera&quot;:&quot;&quot;,&quot;caption&quot;:&quot;&quot;,&quot;created_timestamp&quot;:&quot;0&quot;,&quot;copyright&quot;:&quot;&quot;,&quot;focal_length&quot;:&quot;0&quot;,&quot;iso&quot;:&quot;0&quot;,&quot;shutter_speed&quot;:&quot;0&quot;,&quot;title&quot;:&quot;&quot;,&quot;orientation&quot;:&quot;0&quot;}\" data-image-title=\"Componenti oleodinamici e pneumatici\" data-image-description=\"\" data-medium-file=\"https:\/\/rimecgroup.it\/wp-content\/uploads\/2025\/01\/componenti-oleodinamici-e-pneumatici-06-300x300.jpg\" data-large-file=\"https:\/\/rimecgroup.it\/wp-content\/uploads\/2025\/01\/componenti-oleodinamici-e-pneumatici-06.jpg\" src=\"https:\/\/i0.wp.com\/rimecgroup.it\/wp-content\/uploads\/2025\/01\/componenti-oleodinamici-e-pneumatici-06.jpg?w=260&#038;h=260&#038;crop=1&#038;ssl=1\" srcset=\"https:\/\/rimecgroup.it\/wp-content\/uploads\/2025\/01\/componenti-oleodinamici-e-pneumatici-06.jpg 1024w, https:\/\/rimecgroup.it\/wp-content\/uploads\/2025\/01\/componenti-oleodinamici-e-pneumatici-06-300x300.jpg 300w, https:\/\/rimecgroup.it\/wp-content\/uploads\/2025\/01\/componenti-oleodinamici-e-pneumatici-06-150x150.jpg 150w, https:\/\/rimecgroup.it\/wp-content\/uploads\/2025\/01\/componenti-oleodinamici-e-pneumatici-06-768x768.jpg 768w, https:\/\/rimecgroup.it\/wp-content\/uploads\/2025\/01\/componenti-oleodinamici-e-pneumatici-06-630x630.jpg 630w, https:\/\/rimecgroup.it\/wp-content\/uploads\/2025\/01\/componenti-oleodinamici-e-pneumatici-06-420x420.jpg 420w, https:\/\/rimecgroup.it\/wp-content\/uploads\/2025\/01\/componenti-oleodinamici-e-pneumatici-06-840x840.jpg 840w, https:\/\/rimecgroup.it\/wp-content\/uploads\/2025\/01\/componenti-oleodinamici-e-pneumatici-06-315x315.jpg 315w, https:\/\/rimecgroup.it\/wp-content\/uploads\/2025\/01\/componenti-oleodinamici-e-pneumatici-06-100x100.jpg 100w\" width=\"260\" height=\"260\" loading=\"lazy\" data-original-width=\"260\" data-original-height=\"260\" itemprop=\"http:\/\/schema.org\/image\" title=\"Componenti oleodinamici e pneumatici\" alt=\"Componenti oleodinamici e pneumatici\" style=\"width: 260px; height: 260px;\" \/> <\/a> <\/div> <\/div> <!-- close group --> <div class=\"gallery-group images-1\" style=\"width: 467px; height: 264px;\" data-original-width=\"467\" data-original-height=\"264\" > <div class=\"tiled-gallery-item tiled-gallery-item-large\" itemprop=\"associatedMedia\" itemscope itemtype=\"http:\/\/schema.org\/ImageObject\"> <a href=\"https:\/\/rimecgroup.it\/fr\/prodotti\/componenti-oleodinamici-e-pneumatici-07-2\/\" border=\"0\" itemprop=\"url\"> <meta itemprop=\"width\" content=\"463\"> <meta itemprop=\"height\" content=\"260\"> <img decoding=\"async\" class=\"\" data-attachment-id=\"990715\" data-orig-file=\"https:\/\/rimecgroup.it\/wp-content\/uploads\/2025\/01\/componenti-oleodinamici-e-pneumatici-07.jpg\" data-orig-size=\"1024,576\" data-comments-opened=\"\" data-image-meta=\"{&quot;aperture&quot;:&quot;0&quot;,&quot;credit&quot;:&quot;&quot;,&quot;camera&quot;:&quot;&quot;,&quot;caption&quot;:&quot;&quot;,&quot;created_timestamp&quot;:&quot;0&quot;,&quot;copyright&quot;:&quot;&quot;,&quot;focal_length&quot;:&quot;0&quot;,&quot;iso&quot;:&quot;0&quot;,&quot;shutter_speed&quot;:&quot;0&quot;,&quot;title&quot;:&quot;&quot;,&quot;orientation&quot;:&quot;0&quot;}\" data-image-title=\"Componenti oleodinamici e pneumatici\" data-image-description=\"\" data-medium-file=\"https:\/\/rimecgroup.it\/wp-content\/uploads\/2025\/01\/componenti-oleodinamici-e-pneumatici-07-300x169.jpg\" data-large-file=\"https:\/\/rimecgroup.it\/wp-content\/uploads\/2025\/01\/componenti-oleodinamici-e-pneumatici-07.jpg\" src=\"https:\/\/i0.wp.com\/rimecgroup.it\/wp-content\/uploads\/2025\/01\/componenti-oleodinamici-e-pneumatici-07.jpg?w=463&#038;h=260&#038;ssl=1\" srcset=\"https:\/\/rimecgroup.it\/wp-content\/uploads\/2025\/01\/componenti-oleodinamici-e-pneumatici-07.jpg 1024w, https:\/\/rimecgroup.it\/wp-content\/uploads\/2025\/01\/componenti-oleodinamici-e-pneumatici-07-300x169.jpg 300w, https:\/\/rimecgroup.it\/wp-content\/uploads\/2025\/01\/componenti-oleodinamici-e-pneumatici-07-768x432.jpg 768w, https:\/\/rimecgroup.it\/wp-content\/uploads\/2025\/01\/componenti-oleodinamici-e-pneumatici-07-630x354.jpg 630w, https:\/\/rimecgroup.it\/wp-content\/uploads\/2025\/01\/componenti-oleodinamici-e-pneumatici-07-420x236.jpg 420w, https:\/\/rimecgroup.it\/wp-content\/uploads\/2025\/01\/componenti-oleodinamici-e-pneumatici-07-840x473.jpg 840w, https:\/\/rimecgroup.it\/wp-content\/uploads\/2025\/01\/componenti-oleodinamici-e-pneumatici-07-315x177.jpg 315w\" width=\"463\" height=\"260\" loading=\"lazy\" data-original-width=\"463\" data-original-height=\"260\" itemprop=\"http:\/\/schema.org\/image\" title=\"Componenti oleodinamici e pneumatici\" alt=\"Componenti oleodinamici e pneumatici\" style=\"width: 463px; height: 260px;\" \/> <\/a> <\/div> <\/div> <!-- close group --> <\/div> <!-- close row --> <\/div>\n\n<\/div><!-- .vgblk-rw-wrapper -->","protected":false},"excerpt":{"rendered":"<p>Composants hydrauliques et pneumatiques Rimec Group propose une large gamme de composants hydrauliques et pneumatiques pour divers secteurs industriels, en particulier pour l&rsquo;agriculture (r\u00e9colte et taille) et l&rsquo;automatisation (bornes, ouvertures et fermetures automatiques, etc.). Nos composants sont fabriqu\u00e9s selon les exigences sp\u00e9cifiques des clients, complets avec tous les traitements thermiques et de surface n\u00e9cessaires ;&#8230;<\/p>\n","protected":false},"author":1,"featured_media":0,"parent":990624,"menu_order":0,"comment_status":"closed","ping_status":"closed","template":"","meta":{"inline_featured_image":false,"footnotes":""},"class_list":["post-990714","page","type-page","status-publish","hentry"],"jetpack_sharing_enabled":true,"_links":{"self":[{"href":"https:\/\/rimecgroup.it\/fr\/wp-json\/wp\/v2\/pages\/990714","targetHints":{"allow":["GET"]}}],"collection":[{"href":"https:\/\/rimecgroup.it\/fr\/wp-json\/wp\/v2\/pages"}],"about":[{"href":"https:\/\/rimecgroup.it\/fr\/wp-json\/wp\/v2\/types\/page"}],"author":[{"embeddable":true,"href":"https:\/\/rimecgroup.it\/fr\/wp-json\/wp\/v2\/users\/1"}],"replies":[{"embeddable":true,"href":"https:\/\/rimecgroup.it\/fr\/wp-json\/wp\/v2\/comments?post=990714"}],"version-history":[{"count":2,"href":"https:\/\/rimecgroup.it\/fr\/wp-json\/wp\/v2\/pages\/990714\/revisions"}],"predecessor-version":[{"id":990724,"href":"https:\/\/rimecgroup.it\/fr\/wp-json\/wp\/v2\/pages\/990714\/revisions\/990724"}],"up":[{"embeddable":true,"href":"https:\/\/rimecgroup.it\/fr\/wp-json\/wp\/v2\/pages\/990624"}],"wp:attachment":[{"href":"https:\/\/rimecgroup.it\/fr\/wp-json\/wp\/v2\/media?parent=990714"}],"curies":[{"name":"wp","href":"https:\/\/api.w.org\/{rel}","templated":true}]}}