{"id":990706,"date":"2025-01-08T08:52:22","date_gmt":"2025-01-08T08:52:22","guid":{"rendered":"https:\/\/rimecgroup.it\/prodotti\/twist-lock\/"},"modified":"2025-03-28T09:02:23","modified_gmt":"2025-03-28T09:02:23","slug":"twist-lock","status":"publish","type":"page","link":"https:\/\/rimecgroup.it\/fr\/prodotti\/twist-lock\/","title":{"rendered":"Dispositifs Twist-lock"},"content":{"rendered":"<div class=\"vgblk-rw-wrapper limit-wrapper\">\n<h2>\n\tDispositifs Twist-lock\n\t<\/h2>\n\t<p>La gamme de dispositifs de s\u00e9curit\u00e9 Twist Lock de Rimec Group a \u00e9t\u00e9 d\u00e9velopp\u00e9e dans nos laboratoires m\u00e9tallurgiques apr\u00e8s des ann\u00e9es d&rsquo;\u00e9tudes et de tests sp\u00e9cifiques, afin de permettre au produit de r\u00e9pondre aux exigences les plus strictes en mati\u00e8re de r\u00e9sistance aux diverses contraintes m\u00e9caniques auxquelles ces composants sont soumis en service.<\/p>\n<p>Le choix d&rsquo;un type particulier d&rsquo;acier et de son processus de production, associ\u00e9 \u00e0 des traitements thermiques sp\u00e9cifiques, r\u00e9sulte de longues recherches et d&rsquo;ann\u00e9es de d\u00e9veloppement, ce qui conf\u00e8re au produit la garantie de qualit\u00e9 d\u00fbment prouv\u00e9e par les contr\u00f4les effectu\u00e9s sur chaque composant individuel.<\/p>\nChaque dispositif de s\u00e9curit\u00e9 de la gamme Twist Lock de Rimec Group est fourni avec un certificat de conformit\u00e9, attestant de la r\u00e9ussite de 3 contr\u00f4les\/tests de qualit\u00e9 des mat\u00e9riaux : contr\u00f4le ultrason, essai de charge de traction et examen magn\u00e9toscopique.<br \/>\nT\u00e9l\u00e9charger la brochure Twistlock Rimec Group\n\t<a href=\"\/wp-content\/uploads\/2025\/01\/Twistlock_IT_EN_RU_9_2017.pdf\" target=\"_blank\" role=\"button\">\n\t\t\t\t\tT\u00e9l\u00e9chargez le catalogue Twist-lock Rimec Group\n\t<\/a>\n\t<div class=\"tiled-gallery type-rectangular tiled-gallery-unresized\" data-original-width=\"1260\" data-carousel-extra='{&quot;blog_id&quot;:1,&quot;permalink&quot;:&quot;https:\\\/\\\/rimecgroup.it\\\/fr\\\/prodotti\\\/twist-lock\\\/&quot;,&quot;likes_blog_id&quot;:228116180}' itemscope itemtype=\"http:\/\/schema.org\/ImageGallery\" > <div class=\"gallery-row\" style=\"width: 1260px; height: 840px;\" data-original-width=\"1260\" data-original-height=\"840\" > <div class=\"gallery-group images-1\" style=\"width: 840px; height: 840px;\" data-original-width=\"840\" data-original-height=\"840\" > <div class=\"tiled-gallery-item tiled-gallery-item-large\" itemprop=\"associatedMedia\" itemscope itemtype=\"http:\/\/schema.org\/ImageObject\"> <a href=\"https:\/\/rimecgroup.it\/fr\/prodotti\/twist-lock\/twist-lock-01\/\" border=\"0\" itemprop=\"url\"> <meta itemprop=\"width\" content=\"836\"> <meta itemprop=\"height\" content=\"836\"> <img decoding=\"async\" class=\"\" data-attachment-id=\"990710\" data-orig-file=\"https:\/\/rimecgroup.it\/wp-content\/uploads\/2025\/01\/twist-lock-01.jpg\" data-orig-size=\"1024,1024\" data-comments-opened=\"\" data-image-meta=\"{&quot;aperture&quot;:&quot;0&quot;,&quot;credit&quot;:&quot;&quot;,&quot;camera&quot;:&quot;&quot;,&quot;caption&quot;:&quot;&quot;,&quot;created_timestamp&quot;:&quot;0&quot;,&quot;copyright&quot;:&quot;&quot;,&quot;focal_length&quot;:&quot;0&quot;,&quot;iso&quot;:&quot;0&quot;,&quot;shutter_speed&quot;:&quot;0&quot;,&quot;title&quot;:&quot;&quot;,&quot;orientation&quot;:&quot;0&quot;}\" data-image-title=\"Twist-lock\" data-image-description=\"\" data-medium-file=\"https:\/\/rimecgroup.it\/wp-content\/uploads\/2025\/01\/twist-lock-01-300x300.jpg\" data-large-file=\"https:\/\/rimecgroup.it\/wp-content\/uploads\/2025\/01\/twist-lock-01.jpg\" src=\"https:\/\/i0.wp.com\/rimecgroup.it\/wp-content\/uploads\/2025\/01\/twist-lock-01.jpg?w=836&#038;h=836&#038;crop=1&#038;ssl=1\" srcset=\"https:\/\/rimecgroup.it\/wp-content\/uploads\/2025\/01\/twist-lock-01.jpg 1024w, https:\/\/rimecgroup.it\/wp-content\/uploads\/2025\/01\/twist-lock-01-300x300.jpg 300w, https:\/\/rimecgroup.it\/wp-content\/uploads\/2025\/01\/twist-lock-01-150x150.jpg 150w, https:\/\/rimecgroup.it\/wp-content\/uploads\/2025\/01\/twist-lock-01-768x768.jpg 768w, https:\/\/rimecgroup.it\/wp-content\/uploads\/2025\/01\/twist-lock-01-630x630.jpg 630w, https:\/\/rimecgroup.it\/wp-content\/uploads\/2025\/01\/twist-lock-01-420x420.jpg 420w, https:\/\/rimecgroup.it\/wp-content\/uploads\/2025\/01\/twist-lock-01-840x840.jpg 840w, https:\/\/rimecgroup.it\/wp-content\/uploads\/2025\/01\/twist-lock-01-315x315.jpg 315w, https:\/\/rimecgroup.it\/wp-content\/uploads\/2025\/01\/twist-lock-01-100x100.jpg 100w\" width=\"836\" height=\"836\" loading=\"lazy\" data-original-width=\"836\" data-original-height=\"836\" itemprop=\"http:\/\/schema.org\/image\" title=\"Twist-lock\" alt=\"Twist-lock\" style=\"width: 836px; height: 836px;\" \/> <\/a> <\/div> <\/div> <!-- close group --> <div class=\"gallery-group images-2\" style=\"width: 420px; height: 840px;\" data-original-width=\"420\" data-original-height=\"840\" > <div class=\"tiled-gallery-item tiled-gallery-item-large\" itemprop=\"associatedMedia\" itemscope itemtype=\"http:\/\/schema.org\/ImageObject\"> <a href=\"https:\/\/rimecgroup.it\/fr\/prodotti\/twist-lock\/twist-lock-02\/\" border=\"0\" itemprop=\"url\"> <meta itemprop=\"width\" content=\"416\"> <meta itemprop=\"height\" content=\"416\"> <img decoding=\"async\" class=\"\" data-attachment-id=\"990709\" data-orig-file=\"https:\/\/rimecgroup.it\/wp-content\/uploads\/2025\/01\/twist-lock-02.jpg\" data-orig-size=\"1024,1024\" data-comments-opened=\"\" data-image-meta=\"{&quot;aperture&quot;:&quot;0&quot;,&quot;credit&quot;:&quot;&quot;,&quot;camera&quot;:&quot;&quot;,&quot;caption&quot;:&quot;&quot;,&quot;created_timestamp&quot;:&quot;0&quot;,&quot;copyright&quot;:&quot;&quot;,&quot;focal_length&quot;:&quot;0&quot;,&quot;iso&quot;:&quot;0&quot;,&quot;shutter_speed&quot;:&quot;0&quot;,&quot;title&quot;:&quot;&quot;,&quot;orientation&quot;:&quot;0&quot;}\" data-image-title=\"Twist-lock\" data-image-description=\"\" data-medium-file=\"https:\/\/rimecgroup.it\/wp-content\/uploads\/2025\/01\/twist-lock-02-300x300.jpg\" data-large-file=\"https:\/\/rimecgroup.it\/wp-content\/uploads\/2025\/01\/twist-lock-02.jpg\" src=\"https:\/\/i0.wp.com\/rimecgroup.it\/wp-content\/uploads\/2025\/01\/twist-lock-02.jpg?w=416&#038;h=416&#038;crop=1&#038;ssl=1\" srcset=\"https:\/\/rimecgroup.it\/wp-content\/uploads\/2025\/01\/twist-lock-02.jpg 1024w, https:\/\/rimecgroup.it\/wp-content\/uploads\/2025\/01\/twist-lock-02-300x300.jpg 300w, https:\/\/rimecgroup.it\/wp-content\/uploads\/2025\/01\/twist-lock-02-150x150.jpg 150w, https:\/\/rimecgroup.it\/wp-content\/uploads\/2025\/01\/twist-lock-02-768x768.jpg 768w, https:\/\/rimecgroup.it\/wp-content\/uploads\/2025\/01\/twist-lock-02-630x630.jpg 630w, https:\/\/rimecgroup.it\/wp-content\/uploads\/2025\/01\/twist-lock-02-420x420.jpg 420w, https:\/\/rimecgroup.it\/wp-content\/uploads\/2025\/01\/twist-lock-02-840x840.jpg 840w, https:\/\/rimecgroup.it\/wp-content\/uploads\/2025\/01\/twist-lock-02-315x315.jpg 315w, https:\/\/rimecgroup.it\/wp-content\/uploads\/2025\/01\/twist-lock-02-100x100.jpg 100w\" width=\"416\" height=\"416\" loading=\"lazy\" data-original-width=\"416\" data-original-height=\"416\" itemprop=\"http:\/\/schema.org\/image\" title=\"Twist-lock\" alt=\"Twist-lock\" style=\"width: 416px; height: 416px;\" \/> <\/a> <\/div> <div class=\"tiled-gallery-item tiled-gallery-item-large\" itemprop=\"associatedMedia\" itemscope itemtype=\"http:\/\/schema.org\/ImageObject\"> <a href=\"https:\/\/rimecgroup.it\/fr\/prodotti\/twist-lock\/twist-lock-03\/\" border=\"0\" itemprop=\"url\"> <meta itemprop=\"width\" content=\"416\"> <meta itemprop=\"height\" content=\"416\"> <img decoding=\"async\" class=\"\" data-attachment-id=\"990708\" data-orig-file=\"https:\/\/rimecgroup.it\/wp-content\/uploads\/2025\/01\/twist-lock-03.jpg\" data-orig-size=\"1024,1024\" data-comments-opened=\"\" data-image-meta=\"{&quot;aperture&quot;:&quot;0&quot;,&quot;credit&quot;:&quot;&quot;,&quot;camera&quot;:&quot;&quot;,&quot;caption&quot;:&quot;&quot;,&quot;created_timestamp&quot;:&quot;0&quot;,&quot;copyright&quot;:&quot;&quot;,&quot;focal_length&quot;:&quot;0&quot;,&quot;iso&quot;:&quot;0&quot;,&quot;shutter_speed&quot;:&quot;0&quot;,&quot;title&quot;:&quot;&quot;,&quot;orientation&quot;:&quot;0&quot;}\" data-image-title=\"Twist-lock\" data-image-description=\"\" data-medium-file=\"https:\/\/rimecgroup.it\/wp-content\/uploads\/2025\/01\/twist-lock-03-300x300.jpg\" data-large-file=\"https:\/\/rimecgroup.it\/wp-content\/uploads\/2025\/01\/twist-lock-03.jpg\" src=\"https:\/\/i0.wp.com\/rimecgroup.it\/wp-content\/uploads\/2025\/01\/twist-lock-03.jpg?w=416&#038;h=416&#038;crop=1&#038;ssl=1\" srcset=\"https:\/\/rimecgroup.it\/wp-content\/uploads\/2025\/01\/twist-lock-03.jpg 1024w, https:\/\/rimecgroup.it\/wp-content\/uploads\/2025\/01\/twist-lock-03-300x300.jpg 300w, https:\/\/rimecgroup.it\/wp-content\/uploads\/2025\/01\/twist-lock-03-150x150.jpg 150w, https:\/\/rimecgroup.it\/wp-content\/uploads\/2025\/01\/twist-lock-03-768x768.jpg 768w, https:\/\/rimecgroup.it\/wp-content\/uploads\/2025\/01\/twist-lock-03-630x630.jpg 630w, https:\/\/rimecgroup.it\/wp-content\/uploads\/2025\/01\/twist-lock-03-420x420.jpg 420w, https:\/\/rimecgroup.it\/wp-content\/uploads\/2025\/01\/twist-lock-03-840x840.jpg 840w, https:\/\/rimecgroup.it\/wp-content\/uploads\/2025\/01\/twist-lock-03-315x315.jpg 315w, https:\/\/rimecgroup.it\/wp-content\/uploads\/2025\/01\/twist-lock-03-100x100.jpg 100w\" width=\"416\" height=\"416\" loading=\"lazy\" data-original-width=\"416\" data-original-height=\"416\" itemprop=\"http:\/\/schema.org\/image\" title=\"Twist-lock\" alt=\"Twist-lock\" style=\"width: 416px; height: 416px;\" \/> <\/a> <\/div> <\/div> <!-- close group --> <\/div> <!-- close row --> <div class=\"gallery-row\" style=\"width: 1260px; height: 1260px;\" data-original-width=\"1260\" data-original-height=\"1260\" > <div class=\"gallery-group images-1\" style=\"width: 1260px; height: 1260px;\" data-original-width=\"1260\" data-original-height=\"1260\" > <div class=\"tiled-gallery-item tiled-gallery-item-large\" itemprop=\"associatedMedia\" itemscope itemtype=\"http:\/\/schema.org\/ImageObject\"> <a href=\"https:\/\/rimecgroup.it\/fr\/prodotti\/twist-lock-04-2\/\" border=\"0\" itemprop=\"url\"> <meta itemprop=\"width\" content=\"1256\"> <meta itemprop=\"height\" content=\"1256\"> <img decoding=\"async\" class=\"\" data-attachment-id=\"990707\" data-orig-file=\"https:\/\/rimecgroup.it\/wp-content\/uploads\/2025\/01\/twist-lock-04.jpg\" data-orig-size=\"1024,1024\" data-comments-opened=\"\" data-image-meta=\"{&quot;aperture&quot;:&quot;0&quot;,&quot;credit&quot;:&quot;&quot;,&quot;camera&quot;:&quot;&quot;,&quot;caption&quot;:&quot;&quot;,&quot;created_timestamp&quot;:&quot;0&quot;,&quot;copyright&quot;:&quot;&quot;,&quot;focal_length&quot;:&quot;0&quot;,&quot;iso&quot;:&quot;0&quot;,&quot;shutter_speed&quot;:&quot;0&quot;,&quot;title&quot;:&quot;&quot;,&quot;orientation&quot;:&quot;0&quot;}\" data-image-title=\"Twist-lock\" data-image-description=\"\" data-medium-file=\"https:\/\/rimecgroup.it\/wp-content\/uploads\/2025\/01\/twist-lock-04-300x300.jpg\" data-large-file=\"https:\/\/rimecgroup.it\/wp-content\/uploads\/2025\/01\/twist-lock-04.jpg\" src=\"https:\/\/i0.wp.com\/rimecgroup.it\/wp-content\/uploads\/2025\/01\/twist-lock-04.jpg?w=1256&#038;h=1256&#038;crop=1&#038;ssl=1\" srcset=\"https:\/\/rimecgroup.it\/wp-content\/uploads\/2025\/01\/twist-lock-04.jpg 1024w, https:\/\/rimecgroup.it\/wp-content\/uploads\/2025\/01\/twist-lock-04-300x300.jpg 300w, https:\/\/rimecgroup.it\/wp-content\/uploads\/2025\/01\/twist-lock-04-150x150.jpg 150w, https:\/\/rimecgroup.it\/wp-content\/uploads\/2025\/01\/twist-lock-04-768x768.jpg 768w, https:\/\/rimecgroup.it\/wp-content\/uploads\/2025\/01\/twist-lock-04-630x630.jpg 630w, https:\/\/rimecgroup.it\/wp-content\/uploads\/2025\/01\/twist-lock-04-420x420.jpg 420w, https:\/\/rimecgroup.it\/wp-content\/uploads\/2025\/01\/twist-lock-04-840x840.jpg 840w, https:\/\/rimecgroup.it\/wp-content\/uploads\/2025\/01\/twist-lock-04-315x315.jpg 315w, https:\/\/rimecgroup.it\/wp-content\/uploads\/2025\/01\/twist-lock-04-100x100.jpg 100w\" width=\"1256\" height=\"1256\" loading=\"lazy\" data-original-width=\"1256\" data-original-height=\"1256\" itemprop=\"http:\/\/schema.org\/image\" title=\"Twist-lock\" alt=\"Twist-lock\" style=\"width: 1256px; height: 1256px;\" \/> <\/a> <\/div> <\/div> <!-- close group --> <\/div> <!-- close row --> <\/div>\n\n<\/div><!-- .vgblk-rw-wrapper -->","protected":false},"excerpt":{"rendered":"<p>Dispositifs Twist-lock La gamme de dispositifs de s\u00e9curit\u00e9 Twist Lock de Rimec Group a \u00e9t\u00e9 d\u00e9velopp\u00e9e dans nos laboratoires m\u00e9tallurgiques apr\u00e8s des ann\u00e9es d&rsquo;\u00e9tudes et de tests sp\u00e9cifiques, afin de permettre au produit de r\u00e9pondre aux exigences les plus strictes en mati\u00e8re de r\u00e9sistance aux diverses contraintes m\u00e9caniques auxquelles ces composants sont soumis en service&#8230;.<\/p>\n","protected":false},"author":1,"featured_media":0,"parent":990624,"menu_order":0,"comment_status":"closed","ping_status":"closed","template":"","meta":{"inline_featured_image":false,"footnotes":""},"class_list":["post-990706","page","type-page","status-publish","hentry"],"jetpack_sharing_enabled":true,"_links":{"self":[{"href":"https:\/\/rimecgroup.it\/fr\/wp-json\/wp\/v2\/pages\/990706","targetHints":{"allow":["GET"]}}],"collection":[{"href":"https:\/\/rimecgroup.it\/fr\/wp-json\/wp\/v2\/pages"}],"about":[{"href":"https:\/\/rimecgroup.it\/fr\/wp-json\/wp\/v2\/types\/page"}],"author":[{"embeddable":true,"href":"https:\/\/rimecgroup.it\/fr\/wp-json\/wp\/v2\/users\/1"}],"replies":[{"embeddable":true,"href":"https:\/\/rimecgroup.it\/fr\/wp-json\/wp\/v2\/comments?post=990706"}],"version-history":[{"count":2,"href":"https:\/\/rimecgroup.it\/fr\/wp-json\/wp\/v2\/pages\/990706\/revisions"}],"predecessor-version":[{"id":990713,"href":"https:\/\/rimecgroup.it\/fr\/wp-json\/wp\/v2\/pages\/990706\/revisions\/990713"}],"up":[{"embeddable":true,"href":"https:\/\/rimecgroup.it\/fr\/wp-json\/wp\/v2\/pages\/990624"}],"wp:attachment":[{"href":"https:\/\/rimecgroup.it\/fr\/wp-json\/wp\/v2\/media?parent=990706"}],"curies":[{"name":"wp","href":"https:\/\/api.w.org\/{rel}","templated":true}]}}