{"id":990687,"date":"2025-01-08T08:49:10","date_gmt":"2025-01-08T08:49:10","guid":{"rendered":"https:\/\/rimecgroup.it\/prodotti\/tiranti-tendicatena-registrabili-e-attacchi-fissi\/"},"modified":"2025-03-28T09:00:10","modified_gmt":"2025-03-28T09:00:10","slug":"tiranti-tendicatena-registrabili-e-attacchi-fissi","status":"publish","type":"page","link":"https:\/\/rimecgroup.it\/fr\/prodotti\/tiranti-tendicatena-registrabili-e-attacchi-fissi\/","title":{"rendered":"Tiges de tendeur r\u00e9glables et attaches fixes"},"content":{"rendered":"<div class=\"vgblk-rw-wrapper limit-wrapper\">\n<h2>\n\tTiges de tendeur r\u00e9glables et attaches fixes\n\t<\/h2>\n\t<p>Les tiges de tendeur r\u00e9glables sont des composants utilis\u00e9s pour maintenir la tension correcte dans les cha\u00eenes de volant. Ces tendeurs peuvent \u00eatre ajust\u00e9s pour s&rsquo;adapter \u00e0 diff\u00e9rentes longueurs et tensions de cha\u00eene, agissant sur toute la longueur du fil.<\/p>\nRimec Group peut satisfaire m\u00eame les demandes les plus complexes du march\u00e9, en fournissant \u00e9galement un support de conseil en termes de caract\u00e9ristiques techniques et dimensionnelles du composant final.<br \/>\nLes tendeurs de cha\u00eene peuvent \u00eatre fournis avec un traitement de surface complet, comprenant le nickelage, le galvanis\u00e9, le brunissage et le g\u00e9om\u00e8tre.\n<p>Les attaches fixes pour cha\u00eenes de volant sont des composants qui connectent solidement la cha\u00eene \u00e0 une structure ou \u00e0 d&rsquo;autres composants. Contrairement aux tiges de tension r\u00e9glables, elles n&rsquo;ont pas de filetage de r\u00e9glage et ne peuvent pas \u00eatre ajust\u00e9es une fois install\u00e9es, mais elles offrent une connexion robuste et fiable. Rimec Group est \u00e9galement capable de fournir des attaches fixes avec un traitement de surface et\/ou selon le dessin du client.<\/p>\n\t<div class=\"tiled-gallery type-rectangular tiled-gallery-unresized\" data-original-width=\"1260\" data-carousel-extra='{&quot;blog_id&quot;:1,&quot;permalink&quot;:&quot;https:\\\/\\\/rimecgroup.it\\\/fr\\\/prodotti\\\/tiranti-tendicatena-registrabili-e-attacchi-fissi\\\/&quot;,&quot;likes_blog_id&quot;:228116180}' itemscope itemtype=\"http:\/\/schema.org\/ImageGallery\" > <div class=\"gallery-row\" style=\"width: 1260px; height: 840px;\" data-original-width=\"1260\" data-original-height=\"840\" > <div class=\"gallery-group images-1\" style=\"width: 840px; height: 840px;\" data-original-width=\"840\" data-original-height=\"840\" > <div class=\"tiled-gallery-item tiled-gallery-item-large\" itemprop=\"associatedMedia\" itemscope itemtype=\"http:\/\/schema.org\/ImageObject\"> <a href=\"https:\/\/rimecgroup.it\/fr\/prodotti\/tiranti-tendicatena-registrabili-e-attacchi-fissi\/tiranti-tendicatena-registrabili-e-attacchi-fissi-01\/\" border=\"0\" itemprop=\"url\"> <meta itemprop=\"width\" content=\"836\"> <meta itemprop=\"height\" content=\"836\"> <img decoding=\"async\" class=\"\" data-attachment-id=\"990692\" data-orig-file=\"https:\/\/rimecgroup.it\/wp-content\/uploads\/2025\/01\/tiranti-tendicatena-registrabili-e-attacchi-fissi-01.jpg\" data-orig-size=\"1024,1024\" data-comments-opened=\"\" data-image-meta=\"{&quot;aperture&quot;:&quot;0&quot;,&quot;credit&quot;:&quot;&quot;,&quot;camera&quot;:&quot;&quot;,&quot;caption&quot;:&quot;&quot;,&quot;created_timestamp&quot;:&quot;0&quot;,&quot;copyright&quot;:&quot;&quot;,&quot;focal_length&quot;:&quot;0&quot;,&quot;iso&quot;:&quot;0&quot;,&quot;shutter_speed&quot;:&quot;0&quot;,&quot;title&quot;:&quot;&quot;,&quot;orientation&quot;:&quot;0&quot;}\" data-image-title=\"Tiranti tendicatena registrabili e attacchi fissi\" data-image-description=\"\" data-medium-file=\"https:\/\/rimecgroup.it\/wp-content\/uploads\/2025\/01\/tiranti-tendicatena-registrabili-e-attacchi-fissi-01-300x300.jpg\" data-large-file=\"https:\/\/rimecgroup.it\/wp-content\/uploads\/2025\/01\/tiranti-tendicatena-registrabili-e-attacchi-fissi-01.jpg\" src=\"https:\/\/i0.wp.com\/rimecgroup.it\/wp-content\/uploads\/2025\/01\/tiranti-tendicatena-registrabili-e-attacchi-fissi-01.jpg?w=836&#038;h=836&#038;crop=1&#038;ssl=1\" srcset=\"https:\/\/rimecgroup.it\/wp-content\/uploads\/2025\/01\/tiranti-tendicatena-registrabili-e-attacchi-fissi-01.jpg 1024w, https:\/\/rimecgroup.it\/wp-content\/uploads\/2025\/01\/tiranti-tendicatena-registrabili-e-attacchi-fissi-01-300x300.jpg 300w, https:\/\/rimecgroup.it\/wp-content\/uploads\/2025\/01\/tiranti-tendicatena-registrabili-e-attacchi-fissi-01-150x150.jpg 150w, https:\/\/rimecgroup.it\/wp-content\/uploads\/2025\/01\/tiranti-tendicatena-registrabili-e-attacchi-fissi-01-768x768.jpg 768w, https:\/\/rimecgroup.it\/wp-content\/uploads\/2025\/01\/tiranti-tendicatena-registrabili-e-attacchi-fissi-01-630x630.jpg 630w, https:\/\/rimecgroup.it\/wp-content\/uploads\/2025\/01\/tiranti-tendicatena-registrabili-e-attacchi-fissi-01-420x420.jpg 420w, https:\/\/rimecgroup.it\/wp-content\/uploads\/2025\/01\/tiranti-tendicatena-registrabili-e-attacchi-fissi-01-840x840.jpg 840w, https:\/\/rimecgroup.it\/wp-content\/uploads\/2025\/01\/tiranti-tendicatena-registrabili-e-attacchi-fissi-01-315x315.jpg 315w, https:\/\/rimecgroup.it\/wp-content\/uploads\/2025\/01\/tiranti-tendicatena-registrabili-e-attacchi-fissi-01-100x100.jpg 100w\" width=\"836\" height=\"836\" loading=\"lazy\" data-original-width=\"836\" data-original-height=\"836\" itemprop=\"http:\/\/schema.org\/image\" title=\"Tiranti tendicatena registrabili e attacchi fissi\" alt=\"Tiranti tendicatena registrabili e attacchi fissi\" style=\"width: 836px; height: 836px;\" \/> <\/a> <\/div> <\/div> <!-- close group --> <div class=\"gallery-group images-2\" style=\"width: 420px; height: 840px;\" data-original-width=\"420\" data-original-height=\"840\" > <div class=\"tiled-gallery-item tiled-gallery-item-large\" itemprop=\"associatedMedia\" itemscope itemtype=\"http:\/\/schema.org\/ImageObject\"> <a href=\"https:\/\/rimecgroup.it\/fr\/prodotti\/tiranti-tendicatena-registrabili-e-attacchi-fissi\/tiranti-tendicatena-registrabili-e-attacchi-fissi-02\/\" border=\"0\" itemprop=\"url\"> <meta itemprop=\"width\" content=\"416\"> <meta itemprop=\"height\" content=\"416\"> <img decoding=\"async\" class=\"\" data-attachment-id=\"990691\" data-orig-file=\"https:\/\/rimecgroup.it\/wp-content\/uploads\/2025\/01\/tiranti-tendicatena-registrabili-e-attacchi-fissi-02.jpg\" data-orig-size=\"1024,1024\" data-comments-opened=\"\" data-image-meta=\"{&quot;aperture&quot;:&quot;0&quot;,&quot;credit&quot;:&quot;&quot;,&quot;camera&quot;:&quot;&quot;,&quot;caption&quot;:&quot;&quot;,&quot;created_timestamp&quot;:&quot;0&quot;,&quot;copyright&quot;:&quot;&quot;,&quot;focal_length&quot;:&quot;0&quot;,&quot;iso&quot;:&quot;0&quot;,&quot;shutter_speed&quot;:&quot;0&quot;,&quot;title&quot;:&quot;&quot;,&quot;orientation&quot;:&quot;0&quot;}\" data-image-title=\"Tiranti tendicatena registrabili e attacchi fissi\" data-image-description=\"\" data-medium-file=\"https:\/\/rimecgroup.it\/wp-content\/uploads\/2025\/01\/tiranti-tendicatena-registrabili-e-attacchi-fissi-02-300x300.jpg\" data-large-file=\"https:\/\/rimecgroup.it\/wp-content\/uploads\/2025\/01\/tiranti-tendicatena-registrabili-e-attacchi-fissi-02.jpg\" src=\"https:\/\/i0.wp.com\/rimecgroup.it\/wp-content\/uploads\/2025\/01\/tiranti-tendicatena-registrabili-e-attacchi-fissi-02.jpg?w=416&#038;h=416&#038;crop=1&#038;ssl=1\" srcset=\"https:\/\/rimecgroup.it\/wp-content\/uploads\/2025\/01\/tiranti-tendicatena-registrabili-e-attacchi-fissi-02.jpg 1024w, https:\/\/rimecgroup.it\/wp-content\/uploads\/2025\/01\/tiranti-tendicatena-registrabili-e-attacchi-fissi-02-300x300.jpg 300w, https:\/\/rimecgroup.it\/wp-content\/uploads\/2025\/01\/tiranti-tendicatena-registrabili-e-attacchi-fissi-02-150x150.jpg 150w, https:\/\/rimecgroup.it\/wp-content\/uploads\/2025\/01\/tiranti-tendicatena-registrabili-e-attacchi-fissi-02-768x768.jpg 768w, https:\/\/rimecgroup.it\/wp-content\/uploads\/2025\/01\/tiranti-tendicatena-registrabili-e-attacchi-fissi-02-630x630.jpg 630w, https:\/\/rimecgroup.it\/wp-content\/uploads\/2025\/01\/tiranti-tendicatena-registrabili-e-attacchi-fissi-02-420x420.jpg 420w, https:\/\/rimecgroup.it\/wp-content\/uploads\/2025\/01\/tiranti-tendicatena-registrabili-e-attacchi-fissi-02-840x840.jpg 840w, https:\/\/rimecgroup.it\/wp-content\/uploads\/2025\/01\/tiranti-tendicatena-registrabili-e-attacchi-fissi-02-315x315.jpg 315w, https:\/\/rimecgroup.it\/wp-content\/uploads\/2025\/01\/tiranti-tendicatena-registrabili-e-attacchi-fissi-02-100x100.jpg 100w\" width=\"416\" height=\"416\" loading=\"lazy\" data-original-width=\"416\" data-original-height=\"416\" itemprop=\"http:\/\/schema.org\/image\" title=\"Tiranti tendicatena registrabili e attacchi fissi\" alt=\"Tiranti tendicatena registrabili e attacchi fissi\" style=\"width: 416px; height: 416px;\" \/> <\/a> <\/div> <div class=\"tiled-gallery-item tiled-gallery-item-large\" itemprop=\"associatedMedia\" itemscope itemtype=\"http:\/\/schema.org\/ImageObject\"> <a href=\"https:\/\/rimecgroup.it\/fr\/prodotti\/tiranti-tendicatena-registrabili-e-attacchi-fissi\/tiranti-tendicatena-registrabili-e-attacchi-fissi-03\/\" border=\"0\" itemprop=\"url\"> <meta itemprop=\"width\" content=\"416\"> <meta itemprop=\"height\" content=\"416\"> <img decoding=\"async\" class=\"\" data-attachment-id=\"990690\" data-orig-file=\"https:\/\/rimecgroup.it\/wp-content\/uploads\/2025\/01\/tiranti-tendicatena-registrabili-e-attacchi-fissi-03.jpg\" data-orig-size=\"1024,1024\" data-comments-opened=\"\" data-image-meta=\"{&quot;aperture&quot;:&quot;0&quot;,&quot;credit&quot;:&quot;&quot;,&quot;camera&quot;:&quot;&quot;,&quot;caption&quot;:&quot;&quot;,&quot;created_timestamp&quot;:&quot;0&quot;,&quot;copyright&quot;:&quot;&quot;,&quot;focal_length&quot;:&quot;0&quot;,&quot;iso&quot;:&quot;0&quot;,&quot;shutter_speed&quot;:&quot;0&quot;,&quot;title&quot;:&quot;&quot;,&quot;orientation&quot;:&quot;0&quot;}\" data-image-title=\"Tiranti tendicatena registrabili e attacchi fissi\" data-image-description=\"\" data-medium-file=\"https:\/\/rimecgroup.it\/wp-content\/uploads\/2025\/01\/tiranti-tendicatena-registrabili-e-attacchi-fissi-03-300x300.jpg\" data-large-file=\"https:\/\/rimecgroup.it\/wp-content\/uploads\/2025\/01\/tiranti-tendicatena-registrabili-e-attacchi-fissi-03.jpg\" src=\"https:\/\/i0.wp.com\/rimecgroup.it\/wp-content\/uploads\/2025\/01\/tiranti-tendicatena-registrabili-e-attacchi-fissi-03.jpg?w=416&#038;h=416&#038;crop=1&#038;ssl=1\" srcset=\"https:\/\/rimecgroup.it\/wp-content\/uploads\/2025\/01\/tiranti-tendicatena-registrabili-e-attacchi-fissi-03.jpg 1024w, https:\/\/rimecgroup.it\/wp-content\/uploads\/2025\/01\/tiranti-tendicatena-registrabili-e-attacchi-fissi-03-300x300.jpg 300w, https:\/\/rimecgroup.it\/wp-content\/uploads\/2025\/01\/tiranti-tendicatena-registrabili-e-attacchi-fissi-03-150x150.jpg 150w, https:\/\/rimecgroup.it\/wp-content\/uploads\/2025\/01\/tiranti-tendicatena-registrabili-e-attacchi-fissi-03-768x768.jpg 768w, https:\/\/rimecgroup.it\/wp-content\/uploads\/2025\/01\/tiranti-tendicatena-registrabili-e-attacchi-fissi-03-630x630.jpg 630w, https:\/\/rimecgroup.it\/wp-content\/uploads\/2025\/01\/tiranti-tendicatena-registrabili-e-attacchi-fissi-03-420x420.jpg 420w, https:\/\/rimecgroup.it\/wp-content\/uploads\/2025\/01\/tiranti-tendicatena-registrabili-e-attacchi-fissi-03-840x840.jpg 840w, https:\/\/rimecgroup.it\/wp-content\/uploads\/2025\/01\/tiranti-tendicatena-registrabili-e-attacchi-fissi-03-315x315.jpg 315w, https:\/\/rimecgroup.it\/wp-content\/uploads\/2025\/01\/tiranti-tendicatena-registrabili-e-attacchi-fissi-03-100x100.jpg 100w\" width=\"416\" height=\"416\" loading=\"lazy\" data-original-width=\"416\" data-original-height=\"416\" itemprop=\"http:\/\/schema.org\/image\" title=\"Tiranti tendicatena registrabili e attacchi fissi\" alt=\"Tiranti tendicatena registrabili e attacchi fissi\" style=\"width: 416px; height: 416px;\" \/> <\/a> <\/div> <\/div> <!-- close group --> <\/div> <!-- close row --> <div class=\"gallery-row\" style=\"width: 1260px; height: 630px;\" data-original-width=\"1260\" data-original-height=\"630\" > <div class=\"gallery-group images-1\" style=\"width: 630px; height: 630px;\" data-original-width=\"630\" data-original-height=\"630\" > <div class=\"tiled-gallery-item tiled-gallery-item-large\" itemprop=\"associatedMedia\" itemscope itemtype=\"http:\/\/schema.org\/ImageObject\"> <a href=\"https:\/\/rimecgroup.it\/fr\/prodotti\/tiranti-tendicatena-registrabili-e-attacchi-fissi\/tiranti-tendicatena-registrabili-e-attacchi-fissi-04\/\" border=\"0\" itemprop=\"url\"> <meta itemprop=\"width\" content=\"626\"> <meta itemprop=\"height\" content=\"626\"> <img decoding=\"async\" class=\"\" data-attachment-id=\"990689\" data-orig-file=\"https:\/\/rimecgroup.it\/wp-content\/uploads\/2025\/01\/tiranti-tendicatena-registrabili-e-attacchi-fissi-04.jpg\" data-orig-size=\"1024,1024\" data-comments-opened=\"\" data-image-meta=\"{&quot;aperture&quot;:&quot;0&quot;,&quot;credit&quot;:&quot;&quot;,&quot;camera&quot;:&quot;&quot;,&quot;caption&quot;:&quot;&quot;,&quot;created_timestamp&quot;:&quot;0&quot;,&quot;copyright&quot;:&quot;&quot;,&quot;focal_length&quot;:&quot;0&quot;,&quot;iso&quot;:&quot;0&quot;,&quot;shutter_speed&quot;:&quot;0&quot;,&quot;title&quot;:&quot;&quot;,&quot;orientation&quot;:&quot;0&quot;}\" data-image-title=\"Tiranti tendicatena registrabili e attacchi fissi\" data-image-description=\"\" data-medium-file=\"https:\/\/rimecgroup.it\/wp-content\/uploads\/2025\/01\/tiranti-tendicatena-registrabili-e-attacchi-fissi-04-300x300.jpg\" data-large-file=\"https:\/\/rimecgroup.it\/wp-content\/uploads\/2025\/01\/tiranti-tendicatena-registrabili-e-attacchi-fissi-04.jpg\" src=\"https:\/\/i0.wp.com\/rimecgroup.it\/wp-content\/uploads\/2025\/01\/tiranti-tendicatena-registrabili-e-attacchi-fissi-04.jpg?w=626&#038;h=626&#038;crop=1&#038;ssl=1\" srcset=\"https:\/\/rimecgroup.it\/wp-content\/uploads\/2025\/01\/tiranti-tendicatena-registrabili-e-attacchi-fissi-04.jpg 1024w, https:\/\/rimecgroup.it\/wp-content\/uploads\/2025\/01\/tiranti-tendicatena-registrabili-e-attacchi-fissi-04-300x300.jpg 300w, https:\/\/rimecgroup.it\/wp-content\/uploads\/2025\/01\/tiranti-tendicatena-registrabili-e-attacchi-fissi-04-150x150.jpg 150w, https:\/\/rimecgroup.it\/wp-content\/uploads\/2025\/01\/tiranti-tendicatena-registrabili-e-attacchi-fissi-04-768x768.jpg 768w, https:\/\/rimecgroup.it\/wp-content\/uploads\/2025\/01\/tiranti-tendicatena-registrabili-e-attacchi-fissi-04-630x630.jpg 630w, https:\/\/rimecgroup.it\/wp-content\/uploads\/2025\/01\/tiranti-tendicatena-registrabili-e-attacchi-fissi-04-420x420.jpg 420w, https:\/\/rimecgroup.it\/wp-content\/uploads\/2025\/01\/tiranti-tendicatena-registrabili-e-attacchi-fissi-04-840x840.jpg 840w, https:\/\/rimecgroup.it\/wp-content\/uploads\/2025\/01\/tiranti-tendicatena-registrabili-e-attacchi-fissi-04-315x315.jpg 315w, https:\/\/rimecgroup.it\/wp-content\/uploads\/2025\/01\/tiranti-tendicatena-registrabili-e-attacchi-fissi-04-100x100.jpg 100w\" width=\"626\" height=\"626\" loading=\"lazy\" data-original-width=\"626\" data-original-height=\"626\" itemprop=\"http:\/\/schema.org\/image\" title=\"Tiranti tendicatena registrabili e attacchi fissi\" alt=\"Tiranti tendicatena registrabili e attacchi fissi\" style=\"width: 626px; height: 626px;\" \/> <\/a> <\/div> <\/div> <!-- close group --> <div class=\"gallery-group images-1\" style=\"width: 630px; height: 630px;\" data-original-width=\"630\" data-original-height=\"630\" > <div class=\"tiled-gallery-item tiled-gallery-item-large\" itemprop=\"associatedMedia\" itemscope itemtype=\"http:\/\/schema.org\/ImageObject\"> <a href=\"https:\/\/rimecgroup.it\/fr\/prodotti\/tiranti-tendicatena-registrabili-e-attacchi-fissi-05-2\/\" border=\"0\" itemprop=\"url\"> <meta itemprop=\"width\" content=\"626\"> <meta itemprop=\"height\" content=\"626\"> <img decoding=\"async\" class=\"\" data-attachment-id=\"990688\" data-orig-file=\"https:\/\/rimecgroup.it\/wp-content\/uploads\/2025\/01\/tiranti-tendicatena-registrabili-e-attacchi-fissi-05.jpg\" data-orig-size=\"1024,1024\" data-comments-opened=\"\" data-image-meta=\"{&quot;aperture&quot;:&quot;0&quot;,&quot;credit&quot;:&quot;&quot;,&quot;camera&quot;:&quot;&quot;,&quot;caption&quot;:&quot;&quot;,&quot;created_timestamp&quot;:&quot;0&quot;,&quot;copyright&quot;:&quot;&quot;,&quot;focal_length&quot;:&quot;0&quot;,&quot;iso&quot;:&quot;0&quot;,&quot;shutter_speed&quot;:&quot;0&quot;,&quot;title&quot;:&quot;&quot;,&quot;orientation&quot;:&quot;0&quot;}\" data-image-title=\"Tiranti tendicatena registrabili e attacchi fissi\" data-image-description=\"\" data-medium-file=\"https:\/\/rimecgroup.it\/wp-content\/uploads\/2025\/01\/tiranti-tendicatena-registrabili-e-attacchi-fissi-05-300x300.jpg\" data-large-file=\"https:\/\/rimecgroup.it\/wp-content\/uploads\/2025\/01\/tiranti-tendicatena-registrabili-e-attacchi-fissi-05.jpg\" src=\"https:\/\/i0.wp.com\/rimecgroup.it\/wp-content\/uploads\/2025\/01\/tiranti-tendicatena-registrabili-e-attacchi-fissi-05.jpg?w=626&#038;h=626&#038;crop=1&#038;ssl=1\" srcset=\"https:\/\/rimecgroup.it\/wp-content\/uploads\/2025\/01\/tiranti-tendicatena-registrabili-e-attacchi-fissi-05.jpg 1024w, https:\/\/rimecgroup.it\/wp-content\/uploads\/2025\/01\/tiranti-tendicatena-registrabili-e-attacchi-fissi-05-300x300.jpg 300w, https:\/\/rimecgroup.it\/wp-content\/uploads\/2025\/01\/tiranti-tendicatena-registrabili-e-attacchi-fissi-05-150x150.jpg 150w, https:\/\/rimecgroup.it\/wp-content\/uploads\/2025\/01\/tiranti-tendicatena-registrabili-e-attacchi-fissi-05-768x768.jpg 768w, https:\/\/rimecgroup.it\/wp-content\/uploads\/2025\/01\/tiranti-tendicatena-registrabili-e-attacchi-fissi-05-630x630.jpg 630w, https:\/\/rimecgroup.it\/wp-content\/uploads\/2025\/01\/tiranti-tendicatena-registrabili-e-attacchi-fissi-05-420x420.jpg 420w, https:\/\/rimecgroup.it\/wp-content\/uploads\/2025\/01\/tiranti-tendicatena-registrabili-e-attacchi-fissi-05-840x840.jpg 840w, https:\/\/rimecgroup.it\/wp-content\/uploads\/2025\/01\/tiranti-tendicatena-registrabili-e-attacchi-fissi-05-315x315.jpg 315w, https:\/\/rimecgroup.it\/wp-content\/uploads\/2025\/01\/tiranti-tendicatena-registrabili-e-attacchi-fissi-05-100x100.jpg 100w\" width=\"626\" height=\"626\" loading=\"lazy\" data-original-width=\"626\" data-original-height=\"626\" itemprop=\"http:\/\/schema.org\/image\" title=\"Tiranti tendicatena registrabili e attacchi fissi\" alt=\"Tiranti tendicatena registrabili e attacchi fissi\" style=\"width: 626px; height: 626px;\" \/> <\/a> <\/div> <\/div> <!-- close group --> <\/div> <!-- close row --> <\/div>\n\n<\/div><!-- .vgblk-rw-wrapper -->","protected":false},"excerpt":{"rendered":"<p>Tiges de tendeur r\u00e9glables et attaches fixes Les tiges de tendeur r\u00e9glables sont des composants utilis\u00e9s pour maintenir la tension correcte dans les cha\u00eenes de volant. Ces tendeurs peuvent \u00eatre ajust\u00e9s pour s&rsquo;adapter \u00e0 diff\u00e9rentes longueurs et tensions de cha\u00eene, agissant sur toute la longueur du fil. Rimec Group peut satisfaire m\u00eame les demandes les&#8230;<\/p>\n","protected":false},"author":1,"featured_media":0,"parent":990624,"menu_order":0,"comment_status":"closed","ping_status":"closed","template":"","meta":{"inline_featured_image":false,"footnotes":""},"class_list":["post-990687","page","type-page","status-publish","hentry"],"jetpack_sharing_enabled":true,"_links":{"self":[{"href":"https:\/\/rimecgroup.it\/fr\/wp-json\/wp\/v2\/pages\/990687","targetHints":{"allow":["GET"]}}],"collection":[{"href":"https:\/\/rimecgroup.it\/fr\/wp-json\/wp\/v2\/pages"}],"about":[{"href":"https:\/\/rimecgroup.it\/fr\/wp-json\/wp\/v2\/types\/page"}],"author":[{"embeddable":true,"href":"https:\/\/rimecgroup.it\/fr\/wp-json\/wp\/v2\/users\/1"}],"replies":[{"embeddable":true,"href":"https:\/\/rimecgroup.it\/fr\/wp-json\/wp\/v2\/comments?post=990687"}],"version-history":[{"count":2,"href":"https:\/\/rimecgroup.it\/fr\/wp-json\/wp\/v2\/pages\/990687\/revisions"}],"predecessor-version":[{"id":990695,"href":"https:\/\/rimecgroup.it\/fr\/wp-json\/wp\/v2\/pages\/990687\/revisions\/990695"}],"up":[{"embeddable":true,"href":"https:\/\/rimecgroup.it\/fr\/wp-json\/wp\/v2\/pages\/990624"}],"wp:attachment":[{"href":"https:\/\/rimecgroup.it\/fr\/wp-json\/wp\/v2\/media?parent=990687"}],"curies":[{"name":"wp","href":"https:\/\/api.w.org\/{rel}","templated":true}]}}