{"id":990665,"date":"2024-12-09T16:24:49","date_gmt":"2024-12-09T16:24:49","guid":{"rendered":"https:\/\/rimecgroup.it\/prodotti\/perni-di-incernieramento\/"},"modified":"2025-03-28T08:53:36","modified_gmt":"2025-03-28T08:53:36","slug":"perni-di-incernieramento","status":"publish","type":"page","link":"https:\/\/rimecgroup.it\/fr\/prodotti\/perni-di-incernieramento\/","title":{"rendered":"Goupilles de pivot"},"content":{"rendered":"<div class=\"vgblk-rw-wrapper limit-wrapper\">\r\n<h2>Goupilles de pivot<\/h2>\r\n<p>Rimec Group poss\u00e8de une longue exp\u00e9rience sur le march\u00e9 des goupilles de pivot, au point d&rsquo;\u00eatre un fournisseur qualifi\u00e9 pour les plus grands groupes internationaux. Rimec Group peut produire tout type de goupille, selon le dessin du client et en tr\u00e8s grandes quantit\u00e9s, gr\u00e2ce \u00e0 des machines de derni\u00e8re g\u00e9n\u00e9ration et \u00e0 une capacit\u00e9 de production \u00e9lev\u00e9e.<\/p>\r\n<p>Nous pouvons produire des petites goupilles jusqu&rsquo;\u00e0 de tr\u00e8s grandes dimensions (diam\u00e8tre max. 130). Les goupilles peuvent \u00eatre soud\u00e9es ou sans soudure (brevet propre de Rimec), offrant ainsi une plus grande fiabilit\u00e9 et s\u00e9curit\u00e9 pour les applications les plus exigeantes. La diff\u00e9rence entre une goupille soud\u00e9e et une goupille sans soudure r\u00e9side principalement dans le fait d&rsquo;avoir un produit plus s\u00fbr, avec de meilleures caract\u00e9ristiques physico-m\u00e9caniques g\u00e9n\u00e9rales, moins de risques d&rsquo;oxydation au cours du cycle de vie du produit, une meilleure apparence, plus de praticit\u00e9 et des co\u00fbts r\u00e9duits.<\/p>\r\n<p>Les goupilles de Rimec Group sont particuli\u00e8rement populaires sur les march\u00e9s des engins de terrassement, des grues et des plates-formes a\u00e9riennes.<\/p>\r\n<p><a role=\"button\" href=\"\/wp-content\/uploads\/2024\/12\/BROCHURE_PERNI_italiano.pdf\" target=\"_blank\" rel=\"noopener\"> T\u00e9l\u00e9charger la brochure des goupilles de Rimec Group <\/a><\/p>\r\n<div class=\"tiled-gallery type-rectangular tiled-gallery-unresized\" data-original-width=\"1260\" data-carousel-extra='{&quot;blog_id&quot;:1,&quot;permalink&quot;:&quot;https:\\\/\\\/rimecgroup.it\\\/fr\\\/prodotti\\\/perni-di-incernieramento\\\/&quot;,&quot;likes_blog_id&quot;:228116180}' itemscope itemtype=\"http:\/\/schema.org\/ImageGallery\" > <div class=\"gallery-row\" style=\"width: 1260px; height: 840px;\" data-original-width=\"1260\" data-original-height=\"840\" > <div class=\"gallery-group images-1\" style=\"width: 840px; height: 840px;\" data-original-width=\"840\" data-original-height=\"840\" > <div class=\"tiled-gallery-item tiled-gallery-item-large\" itemprop=\"associatedMedia\" itemscope itemtype=\"http:\/\/schema.org\/ImageObject\"> <a href=\"https:\/\/rimecgroup.it\/fr\/prodotti\/perni-di-incernieramento-01-2\/\" border=\"0\" itemprop=\"url\"> <meta itemprop=\"width\" content=\"836\"> <meta itemprop=\"height\" content=\"836\"> <img decoding=\"async\" class=\"\" data-attachment-id=\"990666\" data-orig-file=\"https:\/\/rimecgroup.it\/wp-content\/uploads\/2024\/12\/perni-di-incernieramento-01.png\" data-orig-size=\"1800,1800\" data-comments-opened=\"\" data-image-meta=\"{&quot;aperture&quot;:&quot;0&quot;,&quot;credit&quot;:&quot;&quot;,&quot;camera&quot;:&quot;&quot;,&quot;caption&quot;:&quot;&quot;,&quot;created_timestamp&quot;:&quot;0&quot;,&quot;copyright&quot;:&quot;&quot;,&quot;focal_length&quot;:&quot;0&quot;,&quot;iso&quot;:&quot;0&quot;,&quot;shutter_speed&quot;:&quot;0&quot;,&quot;title&quot;:&quot;&quot;,&quot;orientation&quot;:&quot;0&quot;}\" data-image-title=\"Perni di incernieramento\" data-image-description=\"\" data-medium-file=\"https:\/\/rimecgroup.it\/wp-content\/uploads\/2024\/12\/perni-di-incernieramento-01-300x300.png\" data-large-file=\"https:\/\/rimecgroup.it\/wp-content\/uploads\/2024\/12\/perni-di-incernieramento-01-1024x1024.png\" src=\"https:\/\/i0.wp.com\/rimecgroup.it\/wp-content\/uploads\/2024\/12\/perni-di-incernieramento-01.png?w=836&#038;h=836&#038;crop=1&#038;ssl=1\" srcset=\"https:\/\/rimecgroup.it\/wp-content\/uploads\/2024\/12\/perni-di-incernieramento-01.png 1800w, https:\/\/rimecgroup.it\/wp-content\/uploads\/2024\/12\/perni-di-incernieramento-01-300x300.png 300w, https:\/\/rimecgroup.it\/wp-content\/uploads\/2024\/12\/perni-di-incernieramento-01-1024x1024.png 1024w, https:\/\/rimecgroup.it\/wp-content\/uploads\/2024\/12\/perni-di-incernieramento-01-150x150.png 150w, https:\/\/rimecgroup.it\/wp-content\/uploads\/2024\/12\/perni-di-incernieramento-01-768x768.png 768w, https:\/\/rimecgroup.it\/wp-content\/uploads\/2024\/12\/perni-di-incernieramento-01-1536x1536.png 1536w, https:\/\/rimecgroup.it\/wp-content\/uploads\/2024\/12\/perni-di-incernieramento-01-1260x1260.png 1260w, https:\/\/rimecgroup.it\/wp-content\/uploads\/2024\/12\/perni-di-incernieramento-01-630x630.png 630w, https:\/\/rimecgroup.it\/wp-content\/uploads\/2024\/12\/perni-di-incernieramento-01-420x420.png 420w, https:\/\/rimecgroup.it\/wp-content\/uploads\/2024\/12\/perni-di-incernieramento-01-840x840.png 840w, https:\/\/rimecgroup.it\/wp-content\/uploads\/2024\/12\/perni-di-incernieramento-01-315x315.png 315w, https:\/\/rimecgroup.it\/wp-content\/uploads\/2024\/12\/perni-di-incernieramento-01-100x100.png 100w\" width=\"836\" height=\"836\" loading=\"lazy\" data-original-width=\"836\" data-original-height=\"836\" itemprop=\"http:\/\/schema.org\/image\" title=\"Perni di incernieramento\" alt=\"Perni di incernieramento\" style=\"width: 836px; height: 836px;\" \/> <\/a> <\/div> <\/div> <!-- close group --> <div class=\"gallery-group images-2\" style=\"width: 420px; height: 840px;\" data-original-width=\"420\" data-original-height=\"840\" > <div class=\"tiled-gallery-item tiled-gallery-item-large\" itemprop=\"associatedMedia\" itemscope itemtype=\"http:\/\/schema.org\/ImageObject\"> <a href=\"https:\/\/rimecgroup.it\/fr\/prodotti\/perni-di-incernieramento\/perni-di-incernieramento-02\/\" border=\"0\" itemprop=\"url\"> <meta itemprop=\"width\" content=\"416\"> <meta itemprop=\"height\" content=\"416\"> <img decoding=\"async\" class=\"\" data-attachment-id=\"990667\" data-orig-file=\"https:\/\/rimecgroup.it\/wp-content\/uploads\/2024\/12\/perni-di-incernieramento-02.png\" data-orig-size=\"1800,1800\" data-comments-opened=\"\" data-image-meta=\"{&quot;aperture&quot;:&quot;0&quot;,&quot;credit&quot;:&quot;&quot;,&quot;camera&quot;:&quot;&quot;,&quot;caption&quot;:&quot;&quot;,&quot;created_timestamp&quot;:&quot;0&quot;,&quot;copyright&quot;:&quot;&quot;,&quot;focal_length&quot;:&quot;0&quot;,&quot;iso&quot;:&quot;0&quot;,&quot;shutter_speed&quot;:&quot;0&quot;,&quot;title&quot;:&quot;&quot;,&quot;orientation&quot;:&quot;0&quot;}\" data-image-title=\"Perni di incernieramento\" data-image-description=\"\" data-medium-file=\"https:\/\/rimecgroup.it\/wp-content\/uploads\/2024\/12\/perni-di-incernieramento-02-300x300.png\" data-large-file=\"https:\/\/rimecgroup.it\/wp-content\/uploads\/2024\/12\/perni-di-incernieramento-02-1024x1024.png\" src=\"https:\/\/i0.wp.com\/rimecgroup.it\/wp-content\/uploads\/2024\/12\/perni-di-incernieramento-02.png?w=416&#038;h=416&#038;crop=1&#038;ssl=1\" srcset=\"https:\/\/rimecgroup.it\/wp-content\/uploads\/2024\/12\/perni-di-incernieramento-02.png 1800w, https:\/\/rimecgroup.it\/wp-content\/uploads\/2024\/12\/perni-di-incernieramento-02-300x300.png 300w, https:\/\/rimecgroup.it\/wp-content\/uploads\/2024\/12\/perni-di-incernieramento-02-1024x1024.png 1024w, https:\/\/rimecgroup.it\/wp-content\/uploads\/2024\/12\/perni-di-incernieramento-02-150x150.png 150w, https:\/\/rimecgroup.it\/wp-content\/uploads\/2024\/12\/perni-di-incernieramento-02-768x768.png 768w, https:\/\/rimecgroup.it\/wp-content\/uploads\/2024\/12\/perni-di-incernieramento-02-1536x1536.png 1536w, https:\/\/rimecgroup.it\/wp-content\/uploads\/2024\/12\/perni-di-incernieramento-02-1260x1260.png 1260w, https:\/\/rimecgroup.it\/wp-content\/uploads\/2024\/12\/perni-di-incernieramento-02-630x630.png 630w, https:\/\/rimecgroup.it\/wp-content\/uploads\/2024\/12\/perni-di-incernieramento-02-420x420.png 420w, https:\/\/rimecgroup.it\/wp-content\/uploads\/2024\/12\/perni-di-incernieramento-02-840x840.png 840w, https:\/\/rimecgroup.it\/wp-content\/uploads\/2024\/12\/perni-di-incernieramento-02-315x315.png 315w, https:\/\/rimecgroup.it\/wp-content\/uploads\/2024\/12\/perni-di-incernieramento-02-100x100.png 100w\" width=\"416\" height=\"416\" loading=\"lazy\" data-original-width=\"416\" data-original-height=\"416\" itemprop=\"http:\/\/schema.org\/image\" title=\"Perni di incernieramento\" alt=\"Perni di incernieramento\" style=\"width: 416px; height: 416px;\" \/> <\/a> <\/div> <div class=\"tiled-gallery-item tiled-gallery-item-large\" itemprop=\"associatedMedia\" itemscope itemtype=\"http:\/\/schema.org\/ImageObject\"> <a href=\"https:\/\/rimecgroup.it\/fr\/prodotti\/perni-di-incernieramento\/perni-di-incernieramento-03\/\" border=\"0\" itemprop=\"url\"> <meta itemprop=\"width\" content=\"416\"> <meta itemprop=\"height\" content=\"416\"> <img decoding=\"async\" class=\"\" data-attachment-id=\"990668\" data-orig-file=\"https:\/\/rimecgroup.it\/wp-content\/uploads\/2024\/12\/perni-di-incernieramento-03.png\" data-orig-size=\"1800,1800\" data-comments-opened=\"\" data-image-meta=\"{&quot;aperture&quot;:&quot;0&quot;,&quot;credit&quot;:&quot;&quot;,&quot;camera&quot;:&quot;&quot;,&quot;caption&quot;:&quot;&quot;,&quot;created_timestamp&quot;:&quot;0&quot;,&quot;copyright&quot;:&quot;&quot;,&quot;focal_length&quot;:&quot;0&quot;,&quot;iso&quot;:&quot;0&quot;,&quot;shutter_speed&quot;:&quot;0&quot;,&quot;title&quot;:&quot;&quot;,&quot;orientation&quot;:&quot;0&quot;}\" data-image-title=\"Perni di incernieramento\" data-image-description=\"\" data-medium-file=\"https:\/\/rimecgroup.it\/wp-content\/uploads\/2024\/12\/perni-di-incernieramento-03-300x300.png\" data-large-file=\"https:\/\/rimecgroup.it\/wp-content\/uploads\/2024\/12\/perni-di-incernieramento-03-1024x1024.png\" src=\"https:\/\/i0.wp.com\/rimecgroup.it\/wp-content\/uploads\/2024\/12\/perni-di-incernieramento-03.png?w=416&#038;h=416&#038;crop=1&#038;ssl=1\" srcset=\"https:\/\/rimecgroup.it\/wp-content\/uploads\/2024\/12\/perni-di-incernieramento-03.png 1800w, https:\/\/rimecgroup.it\/wp-content\/uploads\/2024\/12\/perni-di-incernieramento-03-300x300.png 300w, https:\/\/rimecgroup.it\/wp-content\/uploads\/2024\/12\/perni-di-incernieramento-03-1024x1024.png 1024w, https:\/\/rimecgroup.it\/wp-content\/uploads\/2024\/12\/perni-di-incernieramento-03-150x150.png 150w, https:\/\/rimecgroup.it\/wp-content\/uploads\/2024\/12\/perni-di-incernieramento-03-768x768.png 768w, https:\/\/rimecgroup.it\/wp-content\/uploads\/2024\/12\/perni-di-incernieramento-03-1536x1536.png 1536w, https:\/\/rimecgroup.it\/wp-content\/uploads\/2024\/12\/perni-di-incernieramento-03-1260x1260.png 1260w, https:\/\/rimecgroup.it\/wp-content\/uploads\/2024\/12\/perni-di-incernieramento-03-630x630.png 630w, https:\/\/rimecgroup.it\/wp-content\/uploads\/2024\/12\/perni-di-incernieramento-03-420x420.png 420w, https:\/\/rimecgroup.it\/wp-content\/uploads\/2024\/12\/perni-di-incernieramento-03-840x840.png 840w, https:\/\/rimecgroup.it\/wp-content\/uploads\/2024\/12\/perni-di-incernieramento-03-315x315.png 315w, https:\/\/rimecgroup.it\/wp-content\/uploads\/2024\/12\/perni-di-incernieramento-03-100x100.png 100w\" width=\"416\" height=\"416\" loading=\"lazy\" data-original-width=\"416\" data-original-height=\"416\" itemprop=\"http:\/\/schema.org\/image\" title=\"Perni di incernieramento\" alt=\"Perni di incernieramento\" style=\"width: 416px; height: 416px;\" \/> <\/a> <\/div> <\/div> <!-- close group --> <\/div> <!-- close row --> <div class=\"gallery-row\" style=\"width: 1260px; height: 711px;\" data-original-width=\"1260\" data-original-height=\"711\" > <div class=\"gallery-group images-1\" style=\"width: 1260px; height: 711px;\" data-original-width=\"1260\" data-original-height=\"711\" > <div class=\"tiled-gallery-item tiled-gallery-item-large\" itemprop=\"associatedMedia\" itemscope itemtype=\"http:\/\/schema.org\/ImageObject\"> <a href=\"https:\/\/rimecgroup.it\/fr\/prodotti\/perni-di-incernieramento\/perni-di-incernieramento-04\/\" border=\"0\" itemprop=\"url\"> <meta itemprop=\"width\" content=\"1256\"> <meta itemprop=\"height\" content=\"707\"> <img decoding=\"async\" class=\"\" data-attachment-id=\"990669\" data-orig-file=\"https:\/\/rimecgroup.it\/wp-content\/uploads\/2024\/12\/perni-di-incernieramento-04.jpg\" data-orig-size=\"1024,576\" data-comments-opened=\"\" data-image-meta=\"{&quot;aperture&quot;:&quot;0&quot;,&quot;credit&quot;:&quot;&quot;,&quot;camera&quot;:&quot;&quot;,&quot;caption&quot;:&quot;&quot;,&quot;created_timestamp&quot;:&quot;0&quot;,&quot;copyright&quot;:&quot;&quot;,&quot;focal_length&quot;:&quot;0&quot;,&quot;iso&quot;:&quot;0&quot;,&quot;shutter_speed&quot;:&quot;0&quot;,&quot;title&quot;:&quot;&quot;,&quot;orientation&quot;:&quot;0&quot;}\" data-image-title=\"Perni di incernieramento\" data-image-description=\"\" data-medium-file=\"https:\/\/rimecgroup.it\/wp-content\/uploads\/2024\/12\/perni-di-incernieramento-04-300x169.jpg\" data-large-file=\"https:\/\/rimecgroup.it\/wp-content\/uploads\/2024\/12\/perni-di-incernieramento-04.jpg\" src=\"https:\/\/i0.wp.com\/rimecgroup.it\/wp-content\/uploads\/2024\/12\/perni-di-incernieramento-04.jpg?w=1256&#038;h=707&#038;ssl=1\" srcset=\"https:\/\/rimecgroup.it\/wp-content\/uploads\/2024\/12\/perni-di-incernieramento-04.jpg 1024w, https:\/\/rimecgroup.it\/wp-content\/uploads\/2024\/12\/perni-di-incernieramento-04-300x169.jpg 300w, https:\/\/rimecgroup.it\/wp-content\/uploads\/2024\/12\/perni-di-incernieramento-04-768x432.jpg 768w, https:\/\/rimecgroup.it\/wp-content\/uploads\/2024\/12\/perni-di-incernieramento-04-630x354.jpg 630w, https:\/\/rimecgroup.it\/wp-content\/uploads\/2024\/12\/perni-di-incernieramento-04-420x236.jpg 420w, https:\/\/rimecgroup.it\/wp-content\/uploads\/2024\/12\/perni-di-incernieramento-04-840x473.jpg 840w, https:\/\/rimecgroup.it\/wp-content\/uploads\/2024\/12\/perni-di-incernieramento-04-315x177.jpg 315w\" width=\"1256\" height=\"707\" loading=\"lazy\" data-original-width=\"1256\" data-original-height=\"707\" itemprop=\"http:\/\/schema.org\/image\" title=\"Perni di incernieramento\" alt=\"Perni di incernieramento\" style=\"width: 1256px; height: 707px;\" \/> <\/a> <\/div> <\/div> <!-- close group --> <\/div> <!-- close row --> <\/div>\r\n<\/div><!-- .vgblk-rw-wrapper -->","protected":false},"excerpt":{"rendered":"<p>Goupilles de pivot Rimec Group poss\u00e8de une longue exp\u00e9rience sur le march\u00e9 des goupilles de pivot, au point d&rsquo;\u00eatre un fournisseur qualifi\u00e9 pour les plus grands groupes internationaux. Rimec Group peut produire tout type de goupille, selon le dessin du client et en tr\u00e8s grandes quantit\u00e9s, gr\u00e2ce \u00e0 des machines de derni\u00e8re g\u00e9n\u00e9ration et \u00e0&#8230;<\/p>\n","protected":false},"author":1,"featured_media":0,"parent":990624,"menu_order":0,"comment_status":"closed","ping_status":"closed","template":"","meta":{"inline_featured_image":false,"footnotes":""},"class_list":["post-990665","page","type-page","status-publish","hentry"],"jetpack_sharing_enabled":true,"_links":{"self":[{"href":"https:\/\/rimecgroup.it\/fr\/wp-json\/wp\/v2\/pages\/990665","targetHints":{"allow":["GET"]}}],"collection":[{"href":"https:\/\/rimecgroup.it\/fr\/wp-json\/wp\/v2\/pages"}],"about":[{"href":"https:\/\/rimecgroup.it\/fr\/wp-json\/wp\/v2\/types\/page"}],"author":[{"embeddable":true,"href":"https:\/\/rimecgroup.it\/fr\/wp-json\/wp\/v2\/users\/1"}],"replies":[{"embeddable":true,"href":"https:\/\/rimecgroup.it\/fr\/wp-json\/wp\/v2\/comments?post=990665"}],"version-history":[{"count":3,"href":"https:\/\/rimecgroup.it\/fr\/wp-json\/wp\/v2\/pages\/990665\/revisions"}],"predecessor-version":[{"id":990673,"href":"https:\/\/rimecgroup.it\/fr\/wp-json\/wp\/v2\/pages\/990665\/revisions\/990673"}],"up":[{"embeddable":true,"href":"https:\/\/rimecgroup.it\/fr\/wp-json\/wp\/v2\/pages\/990624"}],"wp:attachment":[{"href":"https:\/\/rimecgroup.it\/fr\/wp-json\/wp\/v2\/media?parent=990665"}],"curies":[{"name":"wp","href":"https:\/\/api.w.org\/{rel}","templated":true}]}}