{"id":990624,"date":"2024-05-30T12:39:04","date_gmt":"2024-05-30T12:39:04","guid":{"rendered":"https:\/\/rimecgroup.it\/prodotti\/"},"modified":"2025-03-28T08:40:32","modified_gmt":"2025-03-28T08:40:32","slug":"prodotti","status":"publish","type":"page","link":"https:\/\/rimecgroup.it\/fr\/prodotti\/","title":{"rendered":"Produits"},"content":{"rendered":"<div class=\"vgblk-rw-wrapper limit-wrapper\">\n<h2>\n\tGoupilles de pivot\n\t<\/h2>\n\t<a href=\"\/fr\/prodotti\/perni-di-incernieramento\/\" target=\"_self\" role=\"button\">\n\t\t\t\t\tPlus d&rsquo;informations\n\t<\/a>\n<h2>\n\t\tRimec Group poss\u00e8de une longue exp\u00e9rience sur le march\u00e9 des goupilles de pivot, au point d&rsquo;\u00eatre un fournisseur qualifi\u00e9 pour les plus grands groupes internationaux. Rimec Group peut produire tout type de goupille, selon le dessin du client et en tr\u00e8s grandes quantit\u00e9s, gr\u00e2ce \u00e0 des machines de derni\u00e8re g\u00e9n\u00e9ration et \u00e0 une capacit\u00e9 de production \u00e9lev\u00e9e.\n\t<\/h2>\n<h2>\n\tRouleaux et tiges de tendeur\n\t<\/h2>\n<h2>\n\t\tLes rouleaux et les tiges de tendeur sont principalement utilis\u00e9s dans les machines de terrassement, et plus sp\u00e9cifiquement dans les ch\u00e2ssis. Les rouleaux peuvent \u00eatre \u00e0 cr\u00eate simple, double ou triple et aident \u00e0 maintenir la courroie et\/ou la sangle en ligne, \u00e9vitant ainsi les glissements lat\u00e9raux\n\t<\/h2>\n\t<a href=\"\/fr\/prodotti\/rulli-e-supporti-tendi-cingolo\/\" target=\"_self\" role=\"button\">\n\t\t\t\t\tPlus d&rsquo;informations\n\t<\/a>\n<h2>\n\tTiges de tendeur r\u00e9glables et attaches fixes\n\t<\/h2>\n<h2>\n\t\tLes tiges de tendeur r\u00e9glables sont des composants utilis\u00e9s pour maintenir une tension correcte dans les cha\u00eenes de volant. Ces tendeurs peuvent \u00eatre ajust\u00e9s pour s&rsquo;adapter \u00e0 diff\u00e9rentes longueurs et tensions de cha\u00eene, agissant sur toute la longueur du fil.\n\t<\/h2>\n\t<a href=\"\/fr\/prodotti\/tiranti-tendicatena-registrabili-e-attacchi-fissi\/\" target=\"_self\" role=\"button\">\n\t\t\t\t\tPlus d&rsquo;informations\n\t<\/a>\n<h2>\n\tArbres \u00e0 vis sans fin et composants pour bo\u00eetes de vitesses\n\t<\/h2>\n<h2>\n\t\tLes satellites, qui sont actuellement fabriqu\u00e9s par Rimec Group \u00e0 l&rsquo;aide d&rsquo;une machine robotique Tacchella, sont g\u00e9n\u00e9ralement utilis\u00e9s dans le domaine des bo\u00eetes de vitesses, moteurs \u00e0 vis, variateurs de vitesse et variateurs de moteur.\n\t<\/h2>\n\t<a href=\"\/fr\/prodotti\/alberi-lenti-e-componenti-per-riduttori\/\" target=\"_self\" role=\"button\">\n\t\t\t\t\tPlus d&rsquo;informations\n\t<\/a>\n<h2>\n\tDispositifs Twist-lock\n\t<\/h2>\n<h2>\n\t\tLa gamme de dispositifs de s\u00e9curit\u00e9 Twist Lock de Rimec Group a \u00e9t\u00e9 d\u00e9velopp\u00e9e dans nos laboratoires m\u00e9tallurgiques apr\u00e8s des ann\u00e9es d&rsquo;\u00e9tudes et de tests sp\u00e9cifiques, afin de permettre au produit de r\u00e9pondre aux exigences les plus strictes en mati\u00e8re de r\u00e9sistance aux diverses contraintes m\u00e9caniques auxquelles ces composants sont soumis en service.\n\t<\/h2>\n\t<a href=\"\/fr\/prodotti\/twist-lock\/\" target=\"_self\" role=\"button\">\n\t\t\t\t\tPlus d&rsquo;informations\n\t<\/a>\n<h2>\n\tComposants hydrauliques et pneumatiques\n\t<\/h2>\n<h2>\n\t\tRimec Group propose une large gamme de composants hydrauliques et pneumatiques pour divers secteurs industriels, en particulier pour l&rsquo;agriculture (r\u00e9colte et taille) et l&rsquo;automatisation (bornes, ouvertures et fermetures automatiques, etc.).\n\t<\/h2>\n\t<a href=\"\/fr\/prodotti\/componenti-oleodinamici-e-pneumatici\/\" target=\"_self\" role=\"button\">\n\t\t\t\t\tPlus d&rsquo;informations\n\t<\/a>\n<h2>\n\tComposants en acier inoxydable\n\t<\/h2>\n<h2>\n\t\tDepuis de nombreuses ann\u00e9es, Rimec Group produit des composants en acier inoxydable. Comme nous le savons, l&rsquo;acier inoxydable est l&rsquo;un des mat\u00e9riaux les plus polyvalents utilis\u00e9s dans l&rsquo;industrie en raison de ses propri\u00e9t\u00e9s m\u00e9caniques, chimiques et esth\u00e9tiques, qui garantissent une haute r\u00e9sistance, une fiabilit\u00e9 et une durabilit\u00e9 exceptionnelles.\n\t<\/h2>\n\t<a href=\"\/fr\/prodotti\/componenti-in-acciaio-inox\/\" target=\"_self\" role=\"button\">\n\t\t\t\t\tPlus d&rsquo;informations\n\t<\/a>\n<h2>\n\tPoulies\n\t<\/h2>\n<h2>\n\t\tLes poulies sont des pi\u00e8ces m\u00e9caniques dont la fonction principale est de transmettre ou de guider un mouvement vers d&rsquo;autres organes m\u00e9caniques ; elles se composent d&rsquo;un trou o\u00f9 un axe est log\u00e9 pour maintenir la pi\u00e8ce, d&rsquo;un corps central, et de la partie ext\u00e9rieure qui, au lieu des dents, abrite une cavit\u00e9 (ou plusieurs) sur laquelle une courroie ou un c\u00e2ble est mont\u00e9, g\u00e9n\u00e9rant par friction un mouvement et la transmission d&rsquo;une force.\n\t<\/h2>\n\t<a href=\"\/fr\/prodotti\/pulegge\/\" target=\"_self\" role=\"button\">\n\t\t\t\t\tPlus d&rsquo;informations\n\t<\/a>\n<h2>\n\tVis sans fin, arbres de transmission et composants sp\u00e9ciaux\n\t<\/h2>\n<h2>\n\t\tDepuis plusieurs ann\u00e9es, Rimec Group est un fournisseur privil\u00e9gi\u00e9 des secteurs industriels o\u00f9 sont utilis\u00e9s des vis sans fin et des arbres de transmission, ainsi que des composants sp\u00e9ciaux en g\u00e9n\u00e9ral.\n\t<\/h2>\n\t<a href=\"\/fr\/prodotti\/viti-senza-fine-alberi-di-trasmissione-e-componenti-speciali\/\" target=\"_self\" role=\"button\">\n\t\t\t\t\tPlus d&rsquo;informations\n\t<\/a>\n\n<\/div><!-- .vgblk-rw-wrapper -->","protected":false},"excerpt":{"rendered":"<p>Goupilles de pivot Plus d&rsquo;informations Rimec Group poss\u00e8de une longue exp\u00e9rience sur le march\u00e9 des goupilles de pivot, au point d&rsquo;\u00eatre un fournisseur qualifi\u00e9 pour les plus grands groupes internationaux. Rimec Group peut produire tout type de goupille, selon le dessin du client et en tr\u00e8s grandes quantit\u00e9s, gr\u00e2ce \u00e0 des machines de derni\u00e8re g\u00e9n\u00e9ration&#8230;<\/p>\n","protected":false},"author":1,"featured_media":0,"parent":0,"menu_order":0,"comment_status":"closed","ping_status":"closed","template":"","meta":{"inline_featured_image":false,"footnotes":""},"class_list":["post-990624","page","type-page","status-publish","hentry"],"jetpack_sharing_enabled":true,"_links":{"self":[{"href":"https:\/\/rimecgroup.it\/fr\/wp-json\/wp\/v2\/pages\/990624","targetHints":{"allow":["GET"]}}],"collection":[{"href":"https:\/\/rimecgroup.it\/fr\/wp-json\/wp\/v2\/pages"}],"about":[{"href":"https:\/\/rimecgroup.it\/fr\/wp-json\/wp\/v2\/types\/page"}],"author":[{"embeddable":true,"href":"https:\/\/rimecgroup.it\/fr\/wp-json\/wp\/v2\/users\/1"}],"replies":[{"embeddable":true,"href":"https:\/\/rimecgroup.it\/fr\/wp-json\/wp\/v2\/comments?post=990624"}],"version-history":[{"count":2,"href":"https:\/\/rimecgroup.it\/fr\/wp-json\/wp\/v2\/pages\/990624\/revisions"}],"predecessor-version":[{"id":990664,"href":"https:\/\/rimecgroup.it\/fr\/wp-json\/wp\/v2\/pages\/990624\/revisions\/990664"}],"wp:attachment":[{"href":"https:\/\/rimecgroup.it\/fr\/wp-json\/wp\/v2\/media?parent=990624"}],"curies":[{"name":"wp","href":"https:\/\/api.w.org\/{rel}","templated":true}]}}