{"id":990478,"date":"2016-12-05T16:29:56","date_gmt":"2016-12-05T16:29:56","guid":{"rendered":"https:\/\/rimecgroup.it\/home\/"},"modified":"2025-03-28T13:01:31","modified_gmt":"2025-03-28T13:01:31","slug":"home","status":"publish","type":"page","link":"https:\/\/rimecgroup.it\/fr\/","title":{"rendered":"Home"},"content":{"rendered":"<div class=\"vgblk-rw-wrapper limit-wrapper\">\n<h2>\n\tTournage\n\t<\/h2>\n\t<p>Gr\u00e2ce \u00e0 notre exp\u00e9rience de plusieurs ann\u00e9es et \u00e0 des tours de derni\u00e8re g\u00e9n\u00e9ration, nous sommes capables de produire des composants de diff\u00e9rentes tailles, trous, cannelures, divers diam\u00e8tres, c\u00f4nes, surfaces profil\u00e9es et bien plus encore&#8230;<\/p>\n\t<a href=\"\/fr\/tornitura\/\" target=\"_self\" role=\"button\">\n\t\t\t\t\tEn savoir plus\n\t<\/a>\n<h2>\n\tRectification\n\t<\/h2>\n\t<p>Nos machines de rectification et notre personnel hautement qualifi\u00e9 garantissent la production de pi\u00e8ces n\u00e9cessitant une finition de surface \u00e9lev\u00e9e. Nous garantissons diff\u00e9rents types de rectification : ronde\/cylindrique, \u00e0 immersion, plane, sans centre et verticale.<\/p>\n\t<a href=\"\/fr\/rettifica\/\" target=\"_self\" role=\"button\">\n\t\t\t\t\tEn savoir plus\n\t<\/a>\n<h2>\n\tCentres d&rsquo;usinage\n\t<\/h2>\n\t<p>Nos centres d&rsquo;usinage sont les plus sophistiqu\u00e9s et technologiquement avanc\u00e9s disponibles sur le march\u00e9. Nous disposons de centres d&rsquo;usinage horizontaux et verticaux \u00e0 4 et 5 axes, combinant la technologie de pr\u00e9cision avec des logiciels sophistiqu\u00e9s, de l&rsquo;ing\u00e9nierie et de l&rsquo;automatisation.<\/p>\n\t<a href=\"\/fr\/centri-di-lavoro\/\" target=\"_self\" role=\"button\">\n\t\t\t\t\tEn savoir plus\n\t<\/a>\n<h2>\n\tD\u00e9coupe\n\t<\/h2>\n\t<p>La d\u00e9coupe sur mesure des barres et des tubes est un proc\u00e9d\u00e9 historique pour Rimec Group. Un entrep\u00f4t entier est d\u00e9di\u00e9 au stockage de barres et de tubes en diff\u00e9rents mat\u00e9riaux et longueurs, pr\u00eats \u00e0 \u00eatre d\u00e9coup\u00e9s avec des machines-outils sophistiqu\u00e9es et un personnel hautement qualifi\u00e9.<\/p>\n\t<a href=\"\/fr\/taglio\/\" target=\"_self\" role=\"button\">\n\t\t\t\t\tEn savoir plus\n\t<\/a>\n<h2>\n\tQualit\u00e9\n\t<\/h2>\n\t<p>Le d\u00e9partement de Contr\u00f4le Qualit\u00e9 est le c\u0153ur battant de notre mission d&rsquo;excellence. Gr\u00e2ce \u00e0 une \u00e9quipe d&rsquo;experts et \u00e0 l&rsquo;utilisation d&rsquo;outils de pointe, nous garantissons que chaque composant produit respecte les normes les plus \u00e9lev\u00e9es de qualit\u00e9 et de pr\u00e9cision.<\/p>\n\t<a href=\"\/fr\/qualita\/\" target=\"_self\" role=\"button\">\n\t\t\t\t\tEn savoir plus\n\t<\/a>\n<h2>\n\tRimec Group:<br \/><strong>Technologie et innovation<\/strong>\n\t<\/h2>\n\t<p>Rimec Group est une entreprise qui fabrique des composants m\u00e9caniques pour divers secteurs industriels.<\/p>\n<p>Depuis plusieurs ann\u00e9es, nous investissons dans des processus de recherche technologique pour le d\u00e9veloppement de solutions avanc\u00e9es pour la production des pi\u00e8ces qui sont travaill\u00e9es dans nos ateliers.<\/p>\n\t<a href=\"\/fr\/chi-siamo\/\" target=\"_self\" role=\"button\">\n\t\t\t\t\tEn savoir plus\n\t<\/a>\n<h2>\n\tQualit\u00e9<br \/><strong>et satisfaction<\/strong>\n\t<\/h2>\n\t<p>Pour une satisfaction totale du client, l&rsquo;ensemble du processus de production est garanti par :<\/p>\n\t\u25ce \u00a0 \u00a0Contr\u00f4le et essai des mati\u00e8res premi\u00e8res et des semi-finis \u00e0 l&rsquo;entr\u00e9e<br \/>\n\u25ce \u00a0 \u00a0Contr\u00f4le et essai en cours de <em>processus<\/em><br \/>\n\u25ce \u00a0 \u00a0Marquage pour la tra\u00e7abilit\u00e9 du produit<br \/>\n\u25ce \u00a0 Contr\u00f4le final \u00e0 la sortie\n\t<a href=\"\/fr\/qualita-e-certificazioni\/\" target=\"_self\" role=\"button\">\n\t\t\t\t\tEn savoir plus\n\t<\/a>\n<h2>\n\tNos produits\n\t<\/h2>\n<h3>\n\tGoupilles de pivot\n\t<\/h3>\n\t<p>Rimec Group poss\u00e8de une longue exp\u00e9rience sur le march\u00e9 des goupilles de pivot, au point d&rsquo;\u00eatre un fournisseur qualifi\u00e9 pour les plus grands groupes internationaux. Rimec Group peut produire tout type de goupille, selon le dessin du client et en tr\u00e8s grandes quantit\u00e9s, gr\u00e2ce \u00e0 des machines de derni\u00e8re g\u00e9n\u00e9ration et \u00e0 une capacit\u00e9 de production \u00e9lev\u00e9e.<\/p>\n\t<a href=\"\/fr\/prodotti\/perni-di-incernieramento\/\" target=\"_self\" role=\"button\">\n\t\t\t\t\tPlus d&rsquo;informations\n\t<\/a>\n<h3>\n\tRouleaux et tiges de tendeur\n\t<\/h3>\n\t<p>Les rouleaux et les tiges de tendeur sont principalement utilis\u00e9s dans les machines de terrassement, et plus sp\u00e9cifiquement dans les ch\u00e2ssis. Les rouleaux peuvent \u00eatre \u00e0 cr\u00eate simple, double ou triple et aident \u00e0 maintenir la courroie et\/ou la sangle en ligne, \u00e9vitant ainsi les glissements lat\u00e9raux.<\/p>\n\t<a href=\"\/fr\/prodotti\/rulli-e-supporti-tendi-cingolo\/\" target=\"_self\" role=\"button\">\n\t\t\t\t\tPlus d&rsquo;informations\n\t<\/a>\n<h3>\n\tTiges de tendeur r\u00e9glables et attaches fixes\n\t<\/h3>\n\t<p>Les tiges de tendeur r\u00e9glables sont des composants utilis\u00e9s pour maintenir une tension correcte dans les cha\u00eenes de volant. Ces tendeurs peuvent \u00eatre ajust\u00e9s pour s&rsquo;adapter \u00e0 diff\u00e9rentes longueurs et tensions de cha\u00eene, agissant sur toute la longueur du fil.<\/p>\n\t<a href=\"\/fr\/prodotti\/tiranti-tendicatena-registrabili-e-attacchi-fissi\/\" target=\"_self\" role=\"button\">\n\t\t\t\t\tPlus d&rsquo;informations\n\t<\/a>\n<h3>\n\tArbres \u00e0 vis sans fin et composants pour bo\u00eetes de vitesses\n\t<\/h3>\n\t<p>Les satellites, qui sont actuellement fabriqu\u00e9s par Rimec Group \u00e0 l&rsquo;aide d&rsquo;une machine robotique Tacchella, sont g\u00e9n\u00e9ralement utilis\u00e9s dans le domaine des bo\u00eetes de vitesses, moteurs \u00e0 vis, variateurs de vitesse et variateurs de moteur.<\/p>\n\t<a href=\"\/fr\/prodotti\/alberi-lenti-e-componenti-per-riduttori\/\" target=\"_self\" role=\"button\">\n\t\t\t\t\tPlus d&rsquo;informations\n\t<\/a>\n<h3>\n\tDispositifs Twist-lock\n\t<\/h3>\n\t<p>La gamme de dispositifs de s\u00e9curit\u00e9 Twist Lock de Rimec Group a \u00e9t\u00e9 d\u00e9velopp\u00e9e dans nos laboratoires m\u00e9tallurgiques apr\u00e8s des ann\u00e9es d&rsquo;\u00e9tudes et de tests sp\u00e9cifiques, afin de permettre au produit de r\u00e9pondre aux exigences les plus strictes en mati\u00e8re de r\u00e9sistance aux diverses contraintes m\u00e9caniques auxquelles ces composants sont soumis en service.<\/p>\n\t<a href=\"\/fr\/prodotti\/twist-lock\/\" target=\"_self\" role=\"button\">\n\t\t\t\t\tPlus d&rsquo;informations\n\t<\/a>\n<h3>\n\tComposants hydrauliques et pneumatiques\n\t<\/h3>\n\t<p>Rimec Group propose une large gamme de composants hydrauliques et pneumatiques pour divers secteurs industriels, en particulier pour l&rsquo;agriculture (r\u00e9colte et taille) et l&rsquo;automatisation (bornes, ouvertures et fermetures automatiques, etc.).<\/p>\n\t<a href=\"\/fr\/prodotti\/componenti-oleodinamici-e-pneumatici\/\" target=\"_self\" role=\"button\">\n\t\t\t\t\tPlus d&rsquo;informations\n\t<\/a>\n<h3>\n\tComposants en acier inoxydable\n\t<\/h3>\n\t<p>Depuis de nombreuses ann\u00e9es, Rimec Group produit des composants en acier inoxydable. Comme nous le savons, l&rsquo;acier inoxydable est l&rsquo;un des mat\u00e9riaux les plus polyvalents utilis\u00e9s dans l&rsquo;industrie en raison de ses propri\u00e9t\u00e9s m\u00e9caniques, chimiques et esth\u00e9tiques, qui garantissent une haute r\u00e9sistance, une fiabilit\u00e9 et une durabilit\u00e9 exceptionnelles.<\/p>\n\t<a href=\"\/fr\/prodotti\/componenti-in-acciaio-inox\/\" target=\"_self\" role=\"button\">\n\t\t\t\t\tPlus d&rsquo;informations\n\t<\/a>\n<h3>\n\tPoulies\n\t<\/h3>\n\t<p>Les poulies sont des pi\u00e8ces m\u00e9caniques dont la fonction principale est de transmettre ou de guider un mouvement vers d&rsquo;autres organes m\u00e9caniques ; elles se composent d&rsquo;un trou o\u00f9 un axe est log\u00e9 pour maintenir la pi\u00e8ce, d&rsquo;un corps central, et de la partie ext\u00e9rieure qui, au lieu des dents, abrite une cavit\u00e9 (ou plusieurs) sur laquelle une courroie ou un c\u00e2ble est mont\u00e9, g\u00e9n\u00e9rant par friction un mouvement et la transmission d&rsquo;une force.<\/p>\n\t<a href=\"\/fr\/prodotti\/pulegge\/\" target=\"_self\" role=\"button\">\n\t\t\t\t\tPlus d&rsquo;informations\n\t<\/a>\n<h3>\n\tVis sans fin, arbres de transmission et composants sp\u00e9ciaux\n\t<\/h3>\n\t<p>Depuis plusieurs ann\u00e9es, Rimec Group est un fournisseur privil\u00e9gi\u00e9 des secteurs industriels o\u00f9 sont utilis\u00e9s des vis sans fin et des arbres de transmission, ainsi que des composants sp\u00e9ciaux en g\u00e9n\u00e9ral.<\/p>\n\t<a href=\"\/fr\/prodotti\/viti-senza-fine-alberi-di-trasmissione-e-componenti-speciali\/\" target=\"_self\" role=\"button\">\n\t\t\t\t\tPlus d&rsquo;informations\n\t<\/a>\n\t<h2>FOCUS ON<br \/>\n<strong>Nouvelle ligne Makino &#8211; excellence productive<\/strong><\/h2>\n\t<p>Un nouveau centre de travail horizontal MAKINO avec un chargement allant jusqu&rsquo;\u00e0 20 palettes a \u00e9t\u00e9 mis en ligne avec un autre Makino A61 d\u00e9j\u00e0 pr\u00e9sent, afin d&rsquo;am\u00e9liorer encore l&rsquo;efficacit\u00e9 productive.<\/p>\n\t<meta itemprop=\"url\" content=\"https:\/\/rimecgroup.it\/wp-content\/uploads\/2024\/09\/makino.mp4\" \/><div style=\"width: 640px;\" class=\"wp-video\"><video class=\"wp-video-shortcode\" id=\"video-990478-1\" width=\"640\" height=\"360\" preload=\"metadata\" controls=\"controls\"><source type=\"video\/mp4\" src=\"https:\/\/rimecgroup.it\/wp-content\/uploads\/2024\/09\/makino.mp4?_=1\" \/><source type=\"video\/mp4\" src=\"https:\/\/rimecgroup.it\/wp-content\/uploads\/2024\/09\/makino.mp4?_=1\" \/><source type=\"video\/webm\" src=\"https:\/\/rimecgroup.it\/wp-content\/uploads\/2024\/09\/makino.webm?_=1\" \/><a href=\"https:\/\/rimecgroup.it\/wp-content\/uploads\/2024\/09\/makino.mp4\">https:\/\/rimecgroup.it\/wp-content\/uploads\/2024\/09\/makino.mp4<\/a><\/video><\/div>\n\t<h4><strong>Solutions<\/strong><br \/>\npersonnalis\u00e9es<\/h4>\n\t<p>Rimec Group est en mesure de r\u00e9pondre \u00e0 toute exigence d&rsquo;application et de fabriquer des composants selon les dessins du client.<\/p>\n\t<h4><strong>Qualit\u00e9<\/strong><br \/>\ntotale<\/h4>\n\t<p>Pour Rimec, la qualit\u00e9 a toujours \u00e9t\u00e9 un imp\u00e9ratif, et chaque \u00e9tape du cycle de production est soumise \u00e0 un processus de test rigoureux.<\/p>\n\t<h4><strong>Centre de travail<\/strong><br \/>\nMakino<\/h4>\n\t<p>Les centres de travail MAKINO, qu&rsquo;ils soient horizontaux ou verticaux, sont des machines tr\u00e8s sophistiqu\u00e9es et efficaces.<\/p>\n<h2>\n\tACTUALIT\u00c9S\n\t<\/h2>\n\t<a href=\"https:\/\/rimecgroup.it\/en\/news-media\/\" target=\"_self\" role=\"button\">\n\t\t\t\t\tVOIR TOUTES LES NOUVELLES\n\t<\/a>\n\n<\/div><!-- .vgblk-rw-wrapper -->","protected":false},"excerpt":{"rendered":"<p>Tournage Gr\u00e2ce \u00e0 notre exp\u00e9rience de plusieurs ann\u00e9es et \u00e0 des tours de derni\u00e8re g\u00e9n\u00e9ration, nous sommes capables de produire des composants de diff\u00e9rentes tailles, trous, cannelures, divers diam\u00e8tres, c\u00f4nes, surfaces profil\u00e9es et bien plus encore&#8230; En savoir plus Rectification Nos machines de rectification et notre personnel hautement qualifi\u00e9 garantissent la production de pi\u00e8ces n\u00e9cessitant&#8230;<\/p>\n","protected":false},"author":1,"featured_media":0,"parent":0,"menu_order":0,"comment_status":"closed","ping_status":"closed","template":"","meta":{"inline_featured_image":false,"footnotes":""},"class_list":["post-990478","page","type-page","status-publish","hentry"],"jetpack_sharing_enabled":true,"_links":{"self":[{"href":"https:\/\/rimecgroup.it\/fr\/wp-json\/wp\/v2\/pages\/990478","targetHints":{"allow":["GET"]}}],"collection":[{"href":"https:\/\/rimecgroup.it\/fr\/wp-json\/wp\/v2\/pages"}],"about":[{"href":"https:\/\/rimecgroup.it\/fr\/wp-json\/wp\/v2\/types\/page"}],"author":[{"embeddable":true,"href":"https:\/\/rimecgroup.it\/fr\/wp-json\/wp\/v2\/users\/1"}],"replies":[{"embeddable":true,"href":"https:\/\/rimecgroup.it\/fr\/wp-json\/wp\/v2\/comments?post=990478"}],"version-history":[{"count":4,"href":"https:\/\/rimecgroup.it\/fr\/wp-json\/wp\/v2\/pages\/990478\/revisions"}],"predecessor-version":[{"id":991169,"href":"https:\/\/rimecgroup.it\/fr\/wp-json\/wp\/v2\/pages\/990478\/revisions\/991169"}],"wp:attachment":[{"href":"https:\/\/rimecgroup.it\/fr\/wp-json\/wp\/v2\/media?parent=990478"}],"curies":[{"name":"wp","href":"https:\/\/api.w.org\/{rel}","templated":true}]}}