{"id":989641,"date":"2024-02-19T09:39:40","date_gmt":"2024-02-19T09:39:40","guid":{"rendered":"https:\/\/www.epic-austin.5-250-191-66.plesk.page\/taglio\/"},"modified":"2025-02-15T18:09:41","modified_gmt":"2025-02-15T18:09:41","slug":"taglio","status":"publish","type":"page","link":"https:\/\/rimecgroup.it\/en\/taglio\/","title":{"rendered":"Cutting"},"content":{"rendered":"<div class=\"vgblk-rw-wrapper limit-wrapper\">\n\n\t<p>The cutting of bars and tubes is a historical process for Rimec Group. An entire warehouse is dedicated to the storage of bars and tubes in various materials and lengths, ready to be cut with sophisticated machine tools and highly qualified personnel. Rimec can offer its market bars cut in series, in individual pieces and supplied at commercial lengths. Our automatic saws allow the control of tolerances and parallelism of cut faces. Packing in pallets or metal boxes that can be stacked on top of each other.<\/p>\n<h2>\n\t<b>Warehouse and Bar Cutting Department\n\t<\/b><\/h2>\n\t\t\tSega Automatica Bianco 370A\n\t\t<div class=\"tiled-gallery type-rectangular tiled-gallery-unresized\" data-original-width=\"1260\" data-carousel-extra='{&quot;blog_id&quot;:1,&quot;permalink&quot;:&quot;https:\\\/\\\/rimecgroup.it\\\/en\\\/taglio\\\/&quot;,&quot;likes_blog_id&quot;:228116180}' itemscope itemtype=\"http:\/\/schema.org\/ImageGallery\" > <div class=\"gallery-row\" style=\"width: 1260px; height: 421px;\" data-original-width=\"1260\" data-original-height=\"421\" > <div class=\"gallery-group images-1\" style=\"width: 630px; height: 421px;\" data-original-width=\"630\" data-original-height=\"421\" > <div class=\"tiled-gallery-item tiled-gallery-item-large\" itemprop=\"associatedMedia\" itemscope itemtype=\"http:\/\/schema.org\/ImageObject\"> <a href=\"https:\/\/rimecgroup.it\/en\/taglio\/sega-automatica-bianco-370a-01-2\/\" border=\"0\" itemprop=\"url\"> <meta itemprop=\"width\" content=\"626\"> <meta itemprop=\"height\" content=\"417\"> <img decoding=\"async\" class=\"\" data-attachment-id=\"989880\" data-orig-file=\"https:\/\/rimecgroup.it\/wp-content\/uploads\/2024\/12\/Sega-Automatica-Bianco-370A-01.jpg\" data-orig-size=\"1600,1065\" data-comments-opened=\"\" data-image-meta=\"{&quot;aperture&quot;:&quot;0&quot;,&quot;credit&quot;:&quot;&quot;,&quot;camera&quot;:&quot;&quot;,&quot;caption&quot;:&quot;&quot;,&quot;created_timestamp&quot;:&quot;0&quot;,&quot;copyright&quot;:&quot;&quot;,&quot;focal_length&quot;:&quot;0&quot;,&quot;iso&quot;:&quot;0&quot;,&quot;shutter_speed&quot;:&quot;0&quot;,&quot;title&quot;:&quot;&quot;,&quot;orientation&quot;:&quot;0&quot;}\" data-image-title=\"Sega-Automatica-Bianco-370A-01\" data-image-description=\"\" data-medium-file=\"https:\/\/rimecgroup.it\/wp-content\/uploads\/2024\/12\/Sega-Automatica-Bianco-370A-01-300x200.jpg\" data-large-file=\"https:\/\/rimecgroup.it\/wp-content\/uploads\/2024\/12\/Sega-Automatica-Bianco-370A-01-1024x682.jpg\" src=\"https:\/\/i0.wp.com\/rimecgroup.it\/wp-content\/uploads\/2024\/12\/Sega-Automatica-Bianco-370A-01.jpg?w=626&#038;h=417&#038;ssl=1\" srcset=\"https:\/\/rimecgroup.it\/wp-content\/uploads\/2024\/12\/Sega-Automatica-Bianco-370A-01.jpg 1600w, https:\/\/rimecgroup.it\/wp-content\/uploads\/2024\/12\/Sega-Automatica-Bianco-370A-01-300x200.jpg 300w, https:\/\/rimecgroup.it\/wp-content\/uploads\/2024\/12\/Sega-Automatica-Bianco-370A-01-1024x682.jpg 1024w, https:\/\/rimecgroup.it\/wp-content\/uploads\/2024\/12\/Sega-Automatica-Bianco-370A-01-768x511.jpg 768w, https:\/\/rimecgroup.it\/wp-content\/uploads\/2024\/12\/Sega-Automatica-Bianco-370A-01-1536x1022.jpg 1536w, https:\/\/rimecgroup.it\/wp-content\/uploads\/2024\/12\/Sega-Automatica-Bianco-370A-01-1260x839.jpg 1260w, https:\/\/rimecgroup.it\/wp-content\/uploads\/2024\/12\/Sega-Automatica-Bianco-370A-01-630x419.jpg 630w, https:\/\/rimecgroup.it\/wp-content\/uploads\/2024\/12\/Sega-Automatica-Bianco-370A-01-420x280.jpg 420w, https:\/\/rimecgroup.it\/wp-content\/uploads\/2024\/12\/Sega-Automatica-Bianco-370A-01-840x559.jpg 840w, https:\/\/rimecgroup.it\/wp-content\/uploads\/2024\/12\/Sega-Automatica-Bianco-370A-01-315x210.jpg 315w\" width=\"626\" height=\"417\" loading=\"lazy\" data-original-width=\"626\" data-original-height=\"417\" itemprop=\"http:\/\/schema.org\/image\" title=\"Sega-Automatica-Bianco-370A-01\" alt=\"Sega-Automatica-Bianco-370A-01\" style=\"width: 626px; height: 417px;\" \/> <\/a> <\/div> <\/div> <!-- close group --> <div class=\"gallery-group images-1\" style=\"width: 630px; height: 421px;\" data-original-width=\"630\" data-original-height=\"421\" > <div class=\"tiled-gallery-item tiled-gallery-item-large\" itemprop=\"associatedMedia\" itemscope itemtype=\"http:\/\/schema.org\/ImageObject\"> <a href=\"https:\/\/rimecgroup.it\/en\/taglio\/sega-automatica-bianco-370a-02-2\/\" border=\"0\" itemprop=\"url\"> <meta itemprop=\"width\" content=\"626\"> <meta itemprop=\"height\" content=\"417\"> <img decoding=\"async\" class=\"\" data-attachment-id=\"989882\" data-orig-file=\"https:\/\/rimecgroup.it\/wp-content\/uploads\/2024\/12\/Sega-Automatica-Bianco-370A-02.jpg\" data-orig-size=\"1600,1065\" data-comments-opened=\"\" data-image-meta=\"{&quot;aperture&quot;:&quot;0&quot;,&quot;credit&quot;:&quot;&quot;,&quot;camera&quot;:&quot;&quot;,&quot;caption&quot;:&quot;&quot;,&quot;created_timestamp&quot;:&quot;0&quot;,&quot;copyright&quot;:&quot;&quot;,&quot;focal_length&quot;:&quot;0&quot;,&quot;iso&quot;:&quot;0&quot;,&quot;shutter_speed&quot;:&quot;0&quot;,&quot;title&quot;:&quot;&quot;,&quot;orientation&quot;:&quot;0&quot;}\" data-image-title=\"Sega-Automatica-Bianco-370A-02\" data-image-description=\"\" data-medium-file=\"https:\/\/rimecgroup.it\/wp-content\/uploads\/2024\/12\/Sega-Automatica-Bianco-370A-02-300x200.jpg\" data-large-file=\"https:\/\/rimecgroup.it\/wp-content\/uploads\/2024\/12\/Sega-Automatica-Bianco-370A-02-1024x682.jpg\" src=\"https:\/\/i0.wp.com\/rimecgroup.it\/wp-content\/uploads\/2024\/12\/Sega-Automatica-Bianco-370A-02.jpg?w=626&#038;h=417&#038;ssl=1\" srcset=\"https:\/\/rimecgroup.it\/wp-content\/uploads\/2024\/12\/Sega-Automatica-Bianco-370A-02.jpg 1600w, https:\/\/rimecgroup.it\/wp-content\/uploads\/2024\/12\/Sega-Automatica-Bianco-370A-02-300x200.jpg 300w, https:\/\/rimecgroup.it\/wp-content\/uploads\/2024\/12\/Sega-Automatica-Bianco-370A-02-1024x682.jpg 1024w, https:\/\/rimecgroup.it\/wp-content\/uploads\/2024\/12\/Sega-Automatica-Bianco-370A-02-768x511.jpg 768w, https:\/\/rimecgroup.it\/wp-content\/uploads\/2024\/12\/Sega-Automatica-Bianco-370A-02-1536x1022.jpg 1536w, https:\/\/rimecgroup.it\/wp-content\/uploads\/2024\/12\/Sega-Automatica-Bianco-370A-02-1260x839.jpg 1260w, https:\/\/rimecgroup.it\/wp-content\/uploads\/2024\/12\/Sega-Automatica-Bianco-370A-02-630x419.jpg 630w, https:\/\/rimecgroup.it\/wp-content\/uploads\/2024\/12\/Sega-Automatica-Bianco-370A-02-420x280.jpg 420w, https:\/\/rimecgroup.it\/wp-content\/uploads\/2024\/12\/Sega-Automatica-Bianco-370A-02-840x559.jpg 840w, https:\/\/rimecgroup.it\/wp-content\/uploads\/2024\/12\/Sega-Automatica-Bianco-370A-02-315x210.jpg 315w\" width=\"626\" height=\"417\" loading=\"lazy\" data-original-width=\"626\" data-original-height=\"417\" itemprop=\"http:\/\/schema.org\/image\" title=\"Sega-Automatica-Bianco-370A-02\" alt=\"Sega-Automatica-Bianco-370A-02\" style=\"width: 626px; height: 417px;\" \/> <\/a> <\/div> <\/div> <!-- close group --> <\/div> <!-- close row --> <\/div>\n<p><strong>SEGA A NASTRO AUTOMATICA BIANCO 370A<\/strong><\/p>\n<p>Sega a nastro per taglio di profili tondi, quadri e rettangolari. Discesa e risalita lama controllate da tastatore, avanzamento di taglio con regolazioni infinitesimali, impostazione manuale della lunghezza di taglio tramite volantino, quantit\u00e0 di pezzi da tagliare e funzioni macchina gestite da PLC. Corsa carro 800 mm.<\/p>\n\t\t\tSega Automatica FMB Zeus-CN\n\t\t<div class=\"tiled-gallery type-rectangular tiled-gallery-unresized\" data-original-width=\"1260\" data-carousel-extra='{&quot;blog_id&quot;:1,&quot;permalink&quot;:&quot;https:\\\/\\\/rimecgroup.it\\\/en\\\/taglio\\\/&quot;,&quot;likes_blog_id&quot;:228116180}' itemscope itemtype=\"http:\/\/schema.org\/ImageGallery\" > <div class=\"gallery-row\" style=\"width: 1260px; height: 421px;\" data-original-width=\"1260\" data-original-height=\"421\" > <div class=\"gallery-group images-1\" style=\"width: 630px; height: 421px;\" data-original-width=\"630\" data-original-height=\"421\" > <div class=\"tiled-gallery-item tiled-gallery-item-large\" itemprop=\"associatedMedia\" itemscope itemtype=\"http:\/\/schema.org\/ImageObject\"> <a href=\"https:\/\/rimecgroup.it\/en\/taglio\/sega-automatica-fmb-zeus-cn-01-2\/\" border=\"0\" itemprop=\"url\"> <meta itemprop=\"width\" content=\"626\"> <meta itemprop=\"height\" content=\"417\"> <img decoding=\"async\" class=\"\" data-attachment-id=\"989884\" data-orig-file=\"https:\/\/rimecgroup.it\/wp-content\/uploads\/2024\/12\/Sega-Automatica-FMB-Zeus-CN-01.jpg\" data-orig-size=\"1600,1065\" data-comments-opened=\"\" data-image-meta=\"{&quot;aperture&quot;:&quot;0&quot;,&quot;credit&quot;:&quot;&quot;,&quot;camera&quot;:&quot;&quot;,&quot;caption&quot;:&quot;&quot;,&quot;created_timestamp&quot;:&quot;0&quot;,&quot;copyright&quot;:&quot;&quot;,&quot;focal_length&quot;:&quot;0&quot;,&quot;iso&quot;:&quot;0&quot;,&quot;shutter_speed&quot;:&quot;0&quot;,&quot;title&quot;:&quot;&quot;,&quot;orientation&quot;:&quot;0&quot;}\" data-image-title=\"Sega-Automatica-FMB-Zeus-CN-01\" data-image-description=\"\" data-medium-file=\"https:\/\/rimecgroup.it\/wp-content\/uploads\/2024\/12\/Sega-Automatica-FMB-Zeus-CN-01-300x200.jpg\" data-large-file=\"https:\/\/rimecgroup.it\/wp-content\/uploads\/2024\/12\/Sega-Automatica-FMB-Zeus-CN-01-1024x682.jpg\" src=\"https:\/\/i0.wp.com\/rimecgroup.it\/wp-content\/uploads\/2024\/12\/Sega-Automatica-FMB-Zeus-CN-01.jpg?w=626&#038;h=417&#038;ssl=1\" srcset=\"https:\/\/rimecgroup.it\/wp-content\/uploads\/2024\/12\/Sega-Automatica-FMB-Zeus-CN-01.jpg 1600w, https:\/\/rimecgroup.it\/wp-content\/uploads\/2024\/12\/Sega-Automatica-FMB-Zeus-CN-01-300x200.jpg 300w, https:\/\/rimecgroup.it\/wp-content\/uploads\/2024\/12\/Sega-Automatica-FMB-Zeus-CN-01-1024x682.jpg 1024w, https:\/\/rimecgroup.it\/wp-content\/uploads\/2024\/12\/Sega-Automatica-FMB-Zeus-CN-01-768x511.jpg 768w, https:\/\/rimecgroup.it\/wp-content\/uploads\/2024\/12\/Sega-Automatica-FMB-Zeus-CN-01-1536x1022.jpg 1536w, https:\/\/rimecgroup.it\/wp-content\/uploads\/2024\/12\/Sega-Automatica-FMB-Zeus-CN-01-1260x839.jpg 1260w, https:\/\/rimecgroup.it\/wp-content\/uploads\/2024\/12\/Sega-Automatica-FMB-Zeus-CN-01-630x419.jpg 630w, https:\/\/rimecgroup.it\/wp-content\/uploads\/2024\/12\/Sega-Automatica-FMB-Zeus-CN-01-420x280.jpg 420w, https:\/\/rimecgroup.it\/wp-content\/uploads\/2024\/12\/Sega-Automatica-FMB-Zeus-CN-01-840x559.jpg 840w, https:\/\/rimecgroup.it\/wp-content\/uploads\/2024\/12\/Sega-Automatica-FMB-Zeus-CN-01-315x210.jpg 315w\" width=\"626\" height=\"417\" loading=\"lazy\" data-original-width=\"626\" data-original-height=\"417\" itemprop=\"http:\/\/schema.org\/image\" title=\"Sega-Automatica-FMB-Zeus-CN-01\" alt=\"Sega-Automatica-FMB-Zeus-CN-01\" style=\"width: 626px; height: 417px;\" \/> <\/a> <\/div> <\/div> <!-- close group --> <div class=\"gallery-group images-1\" style=\"width: 630px; height: 421px;\" data-original-width=\"630\" data-original-height=\"421\" > <div class=\"tiled-gallery-item tiled-gallery-item-large\" itemprop=\"associatedMedia\" itemscope itemtype=\"http:\/\/schema.org\/ImageObject\"> <a href=\"https:\/\/rimecgroup.it\/en\/taglio\/sega-automatica-fmb-zeus-cn-02-2\/\" border=\"0\" itemprop=\"url\"> <meta itemprop=\"width\" content=\"626\"> <meta itemprop=\"height\" content=\"417\"> <img decoding=\"async\" class=\"\" data-attachment-id=\"989886\" data-orig-file=\"https:\/\/rimecgroup.it\/wp-content\/uploads\/2024\/12\/Sega-Automatica-FMB-Zeus-CN-02.jpg\" data-orig-size=\"1600,1065\" data-comments-opened=\"\" data-image-meta=\"{&quot;aperture&quot;:&quot;0&quot;,&quot;credit&quot;:&quot;&quot;,&quot;camera&quot;:&quot;&quot;,&quot;caption&quot;:&quot;&quot;,&quot;created_timestamp&quot;:&quot;0&quot;,&quot;copyright&quot;:&quot;&quot;,&quot;focal_length&quot;:&quot;0&quot;,&quot;iso&quot;:&quot;0&quot;,&quot;shutter_speed&quot;:&quot;0&quot;,&quot;title&quot;:&quot;&quot;,&quot;orientation&quot;:&quot;0&quot;}\" data-image-title=\"Sega-Automatica-FMB-Zeus-CN-02\" data-image-description=\"\" data-medium-file=\"https:\/\/rimecgroup.it\/wp-content\/uploads\/2024\/12\/Sega-Automatica-FMB-Zeus-CN-02-300x200.jpg\" data-large-file=\"https:\/\/rimecgroup.it\/wp-content\/uploads\/2024\/12\/Sega-Automatica-FMB-Zeus-CN-02-1024x682.jpg\" src=\"https:\/\/i0.wp.com\/rimecgroup.it\/wp-content\/uploads\/2024\/12\/Sega-Automatica-FMB-Zeus-CN-02.jpg?w=626&#038;h=417&#038;ssl=1\" srcset=\"https:\/\/rimecgroup.it\/wp-content\/uploads\/2024\/12\/Sega-Automatica-FMB-Zeus-CN-02.jpg 1600w, https:\/\/rimecgroup.it\/wp-content\/uploads\/2024\/12\/Sega-Automatica-FMB-Zeus-CN-02-300x200.jpg 300w, https:\/\/rimecgroup.it\/wp-content\/uploads\/2024\/12\/Sega-Automatica-FMB-Zeus-CN-02-1024x682.jpg 1024w, https:\/\/rimecgroup.it\/wp-content\/uploads\/2024\/12\/Sega-Automatica-FMB-Zeus-CN-02-768x511.jpg 768w, https:\/\/rimecgroup.it\/wp-content\/uploads\/2024\/12\/Sega-Automatica-FMB-Zeus-CN-02-1536x1022.jpg 1536w, https:\/\/rimecgroup.it\/wp-content\/uploads\/2024\/12\/Sega-Automatica-FMB-Zeus-CN-02-1260x839.jpg 1260w, https:\/\/rimecgroup.it\/wp-content\/uploads\/2024\/12\/Sega-Automatica-FMB-Zeus-CN-02-630x419.jpg 630w, https:\/\/rimecgroup.it\/wp-content\/uploads\/2024\/12\/Sega-Automatica-FMB-Zeus-CN-02-420x280.jpg 420w, https:\/\/rimecgroup.it\/wp-content\/uploads\/2024\/12\/Sega-Automatica-FMB-Zeus-CN-02-840x559.jpg 840w, https:\/\/rimecgroup.it\/wp-content\/uploads\/2024\/12\/Sega-Automatica-FMB-Zeus-CN-02-315x210.jpg 315w\" width=\"626\" height=\"417\" loading=\"lazy\" data-original-width=\"626\" data-original-height=\"417\" itemprop=\"http:\/\/schema.org\/image\" title=\"Sega-Automatica-FMB-Zeus-CN-02\" alt=\"Sega-Automatica-FMB-Zeus-CN-02\" style=\"width: 626px; height: 417px;\" \/> <\/a> <\/div> <\/div> <!-- close group --> <\/div> <!-- close row --> <\/div><strong>SEGA A NASTRO AUTOMATICA FMB ZEUS+CN<\/strong>Sega a nastro per taglio di profili tondi, quadri e rettangolari. Sensore per riconoscimento della posizione di partenza, rulliera di lunghezza 700 mm per l&#8217;appoggio del materiale in lato carico. Variatore di velocit\u00e0 elettronico per una ampia scelta di velocit\u00e0 lama. Capacit\u00e0 di taglio circolare 260 mm.<\/p>\n\n<\/div><!-- .vgblk-rw-wrapper -->","protected":false},"excerpt":{"rendered":"<p>The cutting of bars and tubes is a historical process for Rimec Group. An entire warehouse is dedicated to the storage of bars and tubes in various materials and lengths, ready to be cut with sophisticated machine tools and highly qualified personnel. Rimec can offer its market bars cut in series, in individual pieces and&#8230;<\/p>\n","protected":false},"author":1,"featured_media":0,"parent":0,"menu_order":0,"comment_status":"closed","ping_status":"closed","template":"","meta":{"inline_featured_image":false,"footnotes":""},"class_list":["post-989641","page","type-page","status-publish","hentry"],"jetpack_sharing_enabled":true,"_links":{"self":[{"href":"https:\/\/rimecgroup.it\/en\/wp-json\/wp\/v2\/pages\/989641","targetHints":{"allow":["GET"]}}],"collection":[{"href":"https:\/\/rimecgroup.it\/en\/wp-json\/wp\/v2\/pages"}],"about":[{"href":"https:\/\/rimecgroup.it\/en\/wp-json\/wp\/v2\/types\/page"}],"author":[{"embeddable":true,"href":"https:\/\/rimecgroup.it\/en\/wp-json\/wp\/v2\/users\/1"}],"replies":[{"embeddable":true,"href":"https:\/\/rimecgroup.it\/en\/wp-json\/wp\/v2\/comments?post=989641"}],"version-history":[{"count":5,"href":"https:\/\/rimecgroup.it\/en\/wp-json\/wp\/v2\/pages\/989641\/revisions"}],"predecessor-version":[{"id":990397,"href":"https:\/\/rimecgroup.it\/en\/wp-json\/wp\/v2\/pages\/989641\/revisions\/990397"}],"wp:attachment":[{"href":"https:\/\/rimecgroup.it\/en\/wp-json\/wp\/v2\/media?parent=989641"}],"curies":[{"name":"wp","href":"https:\/\/api.w.org\/{rel}","templated":true}]}}