{"id":991796,"date":"2024-05-30T12:39:04","date_gmt":"2024-05-30T12:39:04","guid":{"rendered":"https:\/\/rimecgroup.it\/prodotti\/"},"modified":"2025-03-31T13:54:58","modified_gmt":"2025-03-31T13:54:58","slug":"prodotti","status":"publish","type":"page","link":"https:\/\/rimecgroup.it\/de\/prodotti\/","title":{"rendered":"Produkte"},"content":{"rendered":"<div class=\"vgblk-rw-wrapper limit-wrapper\">\n<h2>\n\tDrehbolzen\n\t<\/h2>\n<h2>\n\t\tDie Rimec Group verf\u00fcgt \u00fcber eine langj\u00e4hrige Erfahrung im Markt der Drehbolzen und ist so weit fortgeschritten, dass sie als qualifizierter Lieferant f\u00fcr die gr\u00f6\u00dften internationalen Konzerne t\u00e4tig ist. Die Rimec Group kann jeden Typ von Bolzen nach Kundenspezifikation und in sehr hohen St\u00fcckzahlen produzieren, dank modernster Maschinen und hoher Produktionskapazit\u00e4t.\n\t<\/h2>\n\t<a href=\"\/de\/prodotti\/perni-di-incernieramento\/\" target=\"_self\" role=\"button\">\n\t\t\t\t\tWeitere Informationen\n\t<\/a>\n<h2>\n\tRollen und Spannstangen\n\t<\/h2>\n<h2>\n\t\tDie Rollen und Spannstangen werden haupts\u00e4chlich in Erdbewegungsmaschinen verwendet, insbesondere in den Unterwagen. Die Rollen k\u00f6nnen ein-, zwei- oder dreikammrig sein und helfen, den Riemen und\/oder die Kette in Ausrichtung zu halten, wodurch seitliches Abrutschen verhindert wird.\n\t<\/h2>\n\t<a href=\"\/de\/prodotti\/rulli-e-supporti-tendi-cingolo\/\" target=\"_self\" role=\"button\">\n\t\t\t\t\tWeitere Informationen\n\t<\/a>\n<h2>\n\tVerstellbare Spannstangen und feste Befestigungen\n\t<\/h2>\n<h2>\n\t\tVerstellbare Spannstangen sind Bauteile, die verwendet werden, um die richtige Spannung in Ketten von F\u00f6rderern aufrechtzuerhalten. Diese Spannstangen k\u00f6nnen an unterschiedliche Kettenl\u00e4ngen und -spannungen angepasst werden und wirken \u00fcber die gesamte L\u00e4nge des Gewindes.\n\t<\/h2>\n\t<a href=\"\/de\/prodotti\/tiranti-tendicatena-registrabili-e-attacchi-fissi\/\" target=\"_self\" role=\"button\">\n\t\t\t\t\tWeitere Informationen\n\t<\/a>\n<h2>\n\tWellen mit Schneckenprofil und Komponenten f\u00fcr Getriebe\n\t<\/h2>\n<h2>\n\t\tDie Satelliten, die derzeit von der Rimec Group mit einer Tacchella-Roboter-Maschine gefertigt werden, werden normalerweise im Bereich von Getrieben, Getriebemotoren, stufenlosen Antrieben und Motorvariatoren eingesetzt.\n\t<\/h2>\n\t<a href=\"\/de\/prodotti\/alberi-lenti-e-componenti-per-riduttori\/\" target=\"_self\" role=\"button\">\n\t\t\t\t\tWeitere Informationen\n\t<\/a>\n<h2>\n\tTwist-lock\n\t<\/h2>\n<h2>\n\t\tDie Reihe der Twist Lock Sicherheitsvorrichtungen der Rimec Group wurde in unseren metallurgischen Laboratorien mit jahrelangen Studien und spezifischen Tests entwickelt, um sicherzustellen, dass das Produkt die h\u00f6chsten Anforderungen an die Widerstandsf\u00e4higkeit gegen\u00fcber den verschiedenen mechanischen Belastungen erf\u00fcllt, denen diese Bauteile im Einsatz ausgesetzt sind.\n\t<\/h2>\n\t<a href=\"\/de\/prodotti\/twist-lock\/\" target=\"_self\" role=\"button\">\n\t\t\t\t\tWeitere Informationen\n\t<\/a>\n<h2>\n\tHydraulische und pneumatische Komponenten\n\t<\/h2>\n<h2>\n\t\tDie Rimec Group bietet eine breite Palette an hydraulischen und pneumatischen Komponenten f\u00fcr verschiedene industrielle Sektoren, insbesondere f\u00fcr die Landwirtschaft (Ernte und Schnitt) und die Automatisierung (Poller, automatische \u00d6ffnungen und Schlie\u00dfungen usw.).\n\t<\/h2>\n\t<a href=\"\/de\/prodotti\/componenti-oleodinamici-e-pneumatici\/\" target=\"_self\" role=\"button\">\n\t\t\t\t\tWeitere Informationen\n\t<\/a>\n<h2>\n\tEdelstahlkomponenten\n\t<\/h2>\n<h2>\n\t\tSeit vielen Jahren stellt die Rimec Group Edelstahlkomponenten her. Wie bekannt ist, ist Edelstahl eines der vielseitigsten Materialien, das in der Industrie aufgrund seiner mechanischen, chemischen und \u00e4sthetischen Eigenschaften verwendet wird, die hohe Widerstandsf\u00e4higkeit, Zuverl\u00e4ssigkeit und Langlebigkeit garantieren.\n\t<\/h2>\n\t<a href=\"\/de\/prodotti\/componenti-in-acciaio-inox\/\" target=\"_self\" role=\"button\">\n\t\t\t\t\tWeitere Informationen\n\t<\/a>\n<h2>\n\tRiemenscheiben\n\t<\/h2>\n<h2>\n\t\tDie Riemenscheiben sind mechanische Teile, deren Hauptfunktion es ist, eine Bewegung auf andere mechanische Elemente zu \u00fcbertragen oder zu f\u00fchren. Sie bestehen aus einem Loch, in dem ein Bolzen untergebracht ist, um das Teil zu halten, einem Zentralk\u00f6rper und dem \u00e4u\u00dferen Teil, der anstelle von Z\u00e4hnen eine oder mehrere Vertiefungen aufweist, auf denen ein Riemen oder Kabel montiert wird, das durch Reibung eine Bewegung erzeugt und die \u00dcbertragung einer Kraft erm\u00f6glicht.\n\t<\/h2>\n\t<a href=\"\/de\/prodotti\/pulegge\/\" target=\"_self\" role=\"button\">\n\t\t\t\t\tWeitere Informationen\n\t<\/a>\n<h2>\n\tSchnecken, Antriebswellen und Sonderkomponenten\n\t<\/h2>\n<h2>\n\t\tSeit mehreren Jahren ist die Rimec Group ein bevorzugter Lieferant f\u00fcr industrielle Sektoren, in denen Schnecken und Antriebswellen sowie Sonderkomponenten im Allgemeinen verwendet werden.\n\t<\/h2>\n\t<a href=\"\/de\/prodotti\/viti-senza-fine-alberi-di-trasmissione-e-componenti-speciali\/\" target=\"_self\" role=\"button\">\n\t\t\t\t\tWeitere Informationen\n\t<\/a>\n\n<\/div><!-- .vgblk-rw-wrapper -->","protected":false},"excerpt":{"rendered":"<p>Drehbolzen Die Rimec Group verf\u00fcgt \u00fcber eine langj\u00e4hrige Erfahrung im Markt der Drehbolzen und ist so weit fortgeschritten, dass sie als qualifizierter Lieferant f\u00fcr die gr\u00f6\u00dften internationalen Konzerne t\u00e4tig ist. Die Rimec Group kann jeden Typ von Bolzen nach Kundenspezifikation und in sehr hohen St\u00fcckzahlen produzieren, dank modernster Maschinen und hoher Produktionskapazit\u00e4t. Weitere Informationen Rollen&#8230;<\/p>\n","protected":false},"author":1,"featured_media":0,"parent":0,"menu_order":0,"comment_status":"closed","ping_status":"closed","template":"","meta":{"inline_featured_image":false,"footnotes":""},"class_list":["post-991796","page","type-page","status-publish","hentry"],"jetpack_sharing_enabled":true,"_links":{"self":[{"href":"https:\/\/rimecgroup.it\/de\/wp-json\/wp\/v2\/pages\/991796","targetHints":{"allow":["GET"]}}],"collection":[{"href":"https:\/\/rimecgroup.it\/de\/wp-json\/wp\/v2\/pages"}],"about":[{"href":"https:\/\/rimecgroup.it\/de\/wp-json\/wp\/v2\/types\/page"}],"author":[{"embeddable":true,"href":"https:\/\/rimecgroup.it\/de\/wp-json\/wp\/v2\/users\/1"}],"replies":[{"embeddable":true,"href":"https:\/\/rimecgroup.it\/de\/wp-json\/wp\/v2\/comments?post=991796"}],"version-history":[{"count":2,"href":"https:\/\/rimecgroup.it\/de\/wp-json\/wp\/v2\/pages\/991796\/revisions"}],"predecessor-version":[{"id":991836,"href":"https:\/\/rimecgroup.it\/de\/wp-json\/wp\/v2\/pages\/991796\/revisions\/991836"}],"wp:attachment":[{"href":"https:\/\/rimecgroup.it\/de\/wp-json\/wp\/v2\/media?parent=991796"}],"curies":[{"name":"wp","href":"https:\/\/api.w.org\/{rel}","templated":true}]}}