{"id":991583,"date":"2024-02-19T09:39:40","date_gmt":"2024-02-19T09:39:40","guid":{"rendered":"https:\/\/rimecgroup.it\/taglio\/"},"modified":"2025-03-31T13:33:29","modified_gmt":"2025-03-31T13:33:29","slug":"taglio","status":"publish","type":"page","link":"https:\/\/rimecgroup.it\/de\/taglio\/","title":{"rendered":"Schnitt"},"content":{"rendered":"<div class=\"vgblk-rw-wrapper limit-wrapper\">\n\n\t<p>Der Schnitt von Stangen und Rohren ist ein historischer Prozess f\u00fcr die Rimec Group. Ein ganzes Lager ist der Aufbewahrung von Stangen und Rohren aus verschiedenen Materialien und L\u00e4ngen gewidmet, die bereit sind, mit hochentwickelten Maschinen und hochqualifiziertem Personal geschnitten zu werden. Rimec kann dem Markt Stangen in Serienproduktion, als Einzelst\u00fccke und in handels\u00fcblichen L\u00e4ngen anbieten. Unsere automatischen S\u00e4gen erm\u00f6glichen die Kontrolle der Toleranzen und des Parallelismus der Schnittfl\u00e4chen. Die Verpackung erfolgt in Paletten oder Metallkisten, die \u00fcbereinandergestapelt werden k\u00f6nnen.<\/p>\n<h2>\n\tLager- und Stangenschneidabteilung \n\t<\/h2>\n\t\t\tSega Automatica Bianco 370A\n\t\t<div class=\"tiled-gallery type-rectangular tiled-gallery-unresized\" data-original-width=\"1260\" data-carousel-extra='{&quot;blog_id&quot;:1,&quot;permalink&quot;:&quot;https:\\\/\\\/rimecgroup.it\\\/de\\\/taglio\\\/&quot;,&quot;likes_blog_id&quot;:228116180}' itemscope itemtype=\"http:\/\/schema.org\/ImageGallery\" > <div class=\"gallery-row\" style=\"width: 1260px; height: 421px;\" data-original-width=\"1260\" data-original-height=\"421\" > <div class=\"gallery-group images-1\" style=\"width: 630px; height: 421px;\" data-original-width=\"630\" data-original-height=\"421\" > <div class=\"tiled-gallery-item tiled-gallery-item-large\" itemprop=\"associatedMedia\" itemscope itemtype=\"http:\/\/schema.org\/ImageObject\"> <a href=\"https:\/\/rimecgroup.it\/de\/taglio\/sega-automatica-bianco-370a-01\/\" border=\"0\" itemprop=\"url\"> <meta itemprop=\"width\" content=\"626\"> <meta itemprop=\"height\" content=\"417\"> <img decoding=\"async\" class=\"\" data-attachment-id=\"991597\" data-orig-file=\"https:\/\/rimecgroup.it\/wp-content\/uploads\/2024\/12\/Sega-Automatica-Bianco-370A-01.jpg\" data-orig-size=\"1600,1065\" data-comments-opened=\"\" data-image-meta=\"{&quot;aperture&quot;:&quot;0&quot;,&quot;credit&quot;:&quot;&quot;,&quot;camera&quot;:&quot;&quot;,&quot;caption&quot;:&quot;&quot;,&quot;created_timestamp&quot;:&quot;0&quot;,&quot;copyright&quot;:&quot;&quot;,&quot;focal_length&quot;:&quot;0&quot;,&quot;iso&quot;:&quot;0&quot;,&quot;shutter_speed&quot;:&quot;0&quot;,&quot;title&quot;:&quot;&quot;,&quot;orientation&quot;:&quot;0&quot;}\" data-image-title=\"Sega Automatica Bianco 370A\" data-image-description=\"\" data-medium-file=\"https:\/\/rimecgroup.it\/wp-content\/uploads\/2024\/12\/Sega-Automatica-Bianco-370A-01-300x200.jpg\" data-large-file=\"https:\/\/rimecgroup.it\/wp-content\/uploads\/2024\/12\/Sega-Automatica-Bianco-370A-01-1024x682.jpg\" src=\"https:\/\/i0.wp.com\/rimecgroup.it\/wp-content\/uploads\/2024\/12\/Sega-Automatica-Bianco-370A-01.jpg?w=626&#038;h=417&#038;ssl=1\" srcset=\"https:\/\/rimecgroup.it\/wp-content\/uploads\/2024\/12\/Sega-Automatica-Bianco-370A-01.jpg 1600w, https:\/\/rimecgroup.it\/wp-content\/uploads\/2024\/12\/Sega-Automatica-Bianco-370A-01-300x200.jpg 300w, https:\/\/rimecgroup.it\/wp-content\/uploads\/2024\/12\/Sega-Automatica-Bianco-370A-01-1024x682.jpg 1024w, https:\/\/rimecgroup.it\/wp-content\/uploads\/2024\/12\/Sega-Automatica-Bianco-370A-01-768x511.jpg 768w, https:\/\/rimecgroup.it\/wp-content\/uploads\/2024\/12\/Sega-Automatica-Bianco-370A-01-1536x1022.jpg 1536w, https:\/\/rimecgroup.it\/wp-content\/uploads\/2024\/12\/Sega-Automatica-Bianco-370A-01-1260x839.jpg 1260w, https:\/\/rimecgroup.it\/wp-content\/uploads\/2024\/12\/Sega-Automatica-Bianco-370A-01-630x419.jpg 630w, https:\/\/rimecgroup.it\/wp-content\/uploads\/2024\/12\/Sega-Automatica-Bianco-370A-01-420x280.jpg 420w, https:\/\/rimecgroup.it\/wp-content\/uploads\/2024\/12\/Sega-Automatica-Bianco-370A-01-840x559.jpg 840w, https:\/\/rimecgroup.it\/wp-content\/uploads\/2024\/12\/Sega-Automatica-Bianco-370A-01-315x210.jpg 315w\" width=\"626\" height=\"417\" loading=\"lazy\" data-original-width=\"626\" data-original-height=\"417\" itemprop=\"http:\/\/schema.org\/image\" title=\"Sega Automatica Bianco 370A\" alt=\"Sega Automatica Bianco 370A\" style=\"width: 626px; height: 417px;\" \/> <\/a> <\/div> <\/div> <!-- close group --> <div class=\"gallery-group images-1\" style=\"width: 630px; height: 421px;\" data-original-width=\"630\" data-original-height=\"421\" > <div class=\"tiled-gallery-item tiled-gallery-item-large\" itemprop=\"associatedMedia\" itemscope itemtype=\"http:\/\/schema.org\/ImageObject\"> <a href=\"https:\/\/rimecgroup.it\/de\/taglio\/sega-automatica-bianco-370a-02\/\" border=\"0\" itemprop=\"url\"> <meta itemprop=\"width\" content=\"626\"> <meta itemprop=\"height\" content=\"417\"> <img decoding=\"async\" class=\"\" data-attachment-id=\"991598\" data-orig-file=\"https:\/\/rimecgroup.it\/wp-content\/uploads\/2024\/12\/Sega-Automatica-Bianco-370A-02.jpg\" data-orig-size=\"1600,1065\" data-comments-opened=\"\" data-image-meta=\"{&quot;aperture&quot;:&quot;0&quot;,&quot;credit&quot;:&quot;&quot;,&quot;camera&quot;:&quot;&quot;,&quot;caption&quot;:&quot;&quot;,&quot;created_timestamp&quot;:&quot;0&quot;,&quot;copyright&quot;:&quot;&quot;,&quot;focal_length&quot;:&quot;0&quot;,&quot;iso&quot;:&quot;0&quot;,&quot;shutter_speed&quot;:&quot;0&quot;,&quot;title&quot;:&quot;&quot;,&quot;orientation&quot;:&quot;0&quot;}\" data-image-title=\"Sega Automatica Bianco 370A\" data-image-description=\"\" data-medium-file=\"https:\/\/rimecgroup.it\/wp-content\/uploads\/2024\/12\/Sega-Automatica-Bianco-370A-02-300x200.jpg\" data-large-file=\"https:\/\/rimecgroup.it\/wp-content\/uploads\/2024\/12\/Sega-Automatica-Bianco-370A-02-1024x682.jpg\" src=\"https:\/\/i0.wp.com\/rimecgroup.it\/wp-content\/uploads\/2024\/12\/Sega-Automatica-Bianco-370A-02.jpg?w=626&#038;h=417&#038;ssl=1\" srcset=\"https:\/\/rimecgroup.it\/wp-content\/uploads\/2024\/12\/Sega-Automatica-Bianco-370A-02.jpg 1600w, https:\/\/rimecgroup.it\/wp-content\/uploads\/2024\/12\/Sega-Automatica-Bianco-370A-02-300x200.jpg 300w, https:\/\/rimecgroup.it\/wp-content\/uploads\/2024\/12\/Sega-Automatica-Bianco-370A-02-1024x682.jpg 1024w, https:\/\/rimecgroup.it\/wp-content\/uploads\/2024\/12\/Sega-Automatica-Bianco-370A-02-768x511.jpg 768w, https:\/\/rimecgroup.it\/wp-content\/uploads\/2024\/12\/Sega-Automatica-Bianco-370A-02-1536x1022.jpg 1536w, https:\/\/rimecgroup.it\/wp-content\/uploads\/2024\/12\/Sega-Automatica-Bianco-370A-02-1260x839.jpg 1260w, https:\/\/rimecgroup.it\/wp-content\/uploads\/2024\/12\/Sega-Automatica-Bianco-370A-02-630x419.jpg 630w, https:\/\/rimecgroup.it\/wp-content\/uploads\/2024\/12\/Sega-Automatica-Bianco-370A-02-420x280.jpg 420w, https:\/\/rimecgroup.it\/wp-content\/uploads\/2024\/12\/Sega-Automatica-Bianco-370A-02-840x559.jpg 840w, https:\/\/rimecgroup.it\/wp-content\/uploads\/2024\/12\/Sega-Automatica-Bianco-370A-02-315x210.jpg 315w\" width=\"626\" height=\"417\" loading=\"lazy\" data-original-width=\"626\" data-original-height=\"417\" itemprop=\"http:\/\/schema.org\/image\" title=\"Sega Automatica Bianco 370A\" alt=\"Sega Automatica Bianco 370A\" style=\"width: 626px; height: 417px;\" \/> <\/a> <\/div> <\/div> <!-- close group --> <\/div> <!-- close row --> <\/div>\n<p><strong>SEGA A NASTRO AUTOMATICA BIANCO 370A<\/strong><\/p>\n<p>Sega a nastro per taglio di profili tondi, quadri e rettangolari. Discesa e risalita lama controllate da tastatore, avanzamento di taglio con regolazioni infinitesimali, impostazione manuale della lunghezza di taglio tramite volantino, quantit\u00e0 di pezzi da tagliare e funzioni macchina gestite da PLC. Corsa carro 800 mm.<\/p>\n\t\t\tSega Automatica FMB Zeus-CN\n\t\t<div class=\"tiled-gallery type-rectangular tiled-gallery-unresized\" data-original-width=\"1260\" data-carousel-extra='{&quot;blog_id&quot;:1,&quot;permalink&quot;:&quot;https:\\\/\\\/rimecgroup.it\\\/de\\\/taglio\\\/&quot;,&quot;likes_blog_id&quot;:228116180}' itemscope itemtype=\"http:\/\/schema.org\/ImageGallery\" > <div class=\"gallery-row\" style=\"width: 1260px; height: 421px;\" data-original-width=\"1260\" data-original-height=\"421\" > <div class=\"gallery-group images-1\" style=\"width: 630px; height: 421px;\" data-original-width=\"630\" data-original-height=\"421\" > <div class=\"tiled-gallery-item tiled-gallery-item-large\" itemprop=\"associatedMedia\" itemscope itemtype=\"http:\/\/schema.org\/ImageObject\"> <a href=\"https:\/\/rimecgroup.it\/de\/taglio\/sega-automatica-fmb-zeus-cn-01\/\" border=\"0\" itemprop=\"url\"> <meta itemprop=\"width\" content=\"626\"> <meta itemprop=\"height\" content=\"417\"> <img decoding=\"async\" class=\"\" data-attachment-id=\"991599\" data-orig-file=\"https:\/\/rimecgroup.it\/wp-content\/uploads\/2024\/12\/Sega-Automatica-FMB-Zeus-CN-01.jpg\" data-orig-size=\"1600,1065\" data-comments-opened=\"\" data-image-meta=\"{&quot;aperture&quot;:&quot;0&quot;,&quot;credit&quot;:&quot;&quot;,&quot;camera&quot;:&quot;&quot;,&quot;caption&quot;:&quot;&quot;,&quot;created_timestamp&quot;:&quot;0&quot;,&quot;copyright&quot;:&quot;&quot;,&quot;focal_length&quot;:&quot;0&quot;,&quot;iso&quot;:&quot;0&quot;,&quot;shutter_speed&quot;:&quot;0&quot;,&quot;title&quot;:&quot;&quot;,&quot;orientation&quot;:&quot;0&quot;}\" data-image-title=\"Sega Automatica FMB Zeus-CN\" data-image-description=\"\" data-medium-file=\"https:\/\/rimecgroup.it\/wp-content\/uploads\/2024\/12\/Sega-Automatica-FMB-Zeus-CN-01-300x200.jpg\" data-large-file=\"https:\/\/rimecgroup.it\/wp-content\/uploads\/2024\/12\/Sega-Automatica-FMB-Zeus-CN-01-1024x682.jpg\" src=\"https:\/\/i0.wp.com\/rimecgroup.it\/wp-content\/uploads\/2024\/12\/Sega-Automatica-FMB-Zeus-CN-01.jpg?w=626&#038;h=417&#038;ssl=1\" srcset=\"https:\/\/rimecgroup.it\/wp-content\/uploads\/2024\/12\/Sega-Automatica-FMB-Zeus-CN-01.jpg 1600w, https:\/\/rimecgroup.it\/wp-content\/uploads\/2024\/12\/Sega-Automatica-FMB-Zeus-CN-01-300x200.jpg 300w, https:\/\/rimecgroup.it\/wp-content\/uploads\/2024\/12\/Sega-Automatica-FMB-Zeus-CN-01-1024x682.jpg 1024w, https:\/\/rimecgroup.it\/wp-content\/uploads\/2024\/12\/Sega-Automatica-FMB-Zeus-CN-01-768x511.jpg 768w, https:\/\/rimecgroup.it\/wp-content\/uploads\/2024\/12\/Sega-Automatica-FMB-Zeus-CN-01-1536x1022.jpg 1536w, https:\/\/rimecgroup.it\/wp-content\/uploads\/2024\/12\/Sega-Automatica-FMB-Zeus-CN-01-1260x839.jpg 1260w, https:\/\/rimecgroup.it\/wp-content\/uploads\/2024\/12\/Sega-Automatica-FMB-Zeus-CN-01-630x419.jpg 630w, https:\/\/rimecgroup.it\/wp-content\/uploads\/2024\/12\/Sega-Automatica-FMB-Zeus-CN-01-420x280.jpg 420w, https:\/\/rimecgroup.it\/wp-content\/uploads\/2024\/12\/Sega-Automatica-FMB-Zeus-CN-01-840x559.jpg 840w, https:\/\/rimecgroup.it\/wp-content\/uploads\/2024\/12\/Sega-Automatica-FMB-Zeus-CN-01-315x210.jpg 315w\" width=\"626\" height=\"417\" loading=\"lazy\" data-original-width=\"626\" data-original-height=\"417\" itemprop=\"http:\/\/schema.org\/image\" title=\"Sega Automatica FMB Zeus-CN\" alt=\"Sega Automatica FMB Zeus-CN\" style=\"width: 626px; height: 417px;\" \/> <\/a> <\/div> <\/div> <!-- close group --> <div class=\"gallery-group images-1\" style=\"width: 630px; height: 421px;\" data-original-width=\"630\" data-original-height=\"421\" > <div class=\"tiled-gallery-item tiled-gallery-item-large\" itemprop=\"associatedMedia\" itemscope itemtype=\"http:\/\/schema.org\/ImageObject\"> <a href=\"https:\/\/rimecgroup.it\/de\/taglio\/sega-automatica-fmb-zeus-cn-02\/\" border=\"0\" itemprop=\"url\"> <meta itemprop=\"width\" content=\"626\"> <meta itemprop=\"height\" content=\"417\"> <img decoding=\"async\" class=\"\" data-attachment-id=\"991600\" data-orig-file=\"https:\/\/rimecgroup.it\/wp-content\/uploads\/2024\/12\/Sega-Automatica-FMB-Zeus-CN-02.jpg\" data-orig-size=\"1600,1065\" data-comments-opened=\"\" data-image-meta=\"{&quot;aperture&quot;:&quot;0&quot;,&quot;credit&quot;:&quot;&quot;,&quot;camera&quot;:&quot;&quot;,&quot;caption&quot;:&quot;&quot;,&quot;created_timestamp&quot;:&quot;0&quot;,&quot;copyright&quot;:&quot;&quot;,&quot;focal_length&quot;:&quot;0&quot;,&quot;iso&quot;:&quot;0&quot;,&quot;shutter_speed&quot;:&quot;0&quot;,&quot;title&quot;:&quot;&quot;,&quot;orientation&quot;:&quot;0&quot;}\" data-image-title=\"Sega Automatica FMB Zeus-CN\" data-image-description=\"\" data-medium-file=\"https:\/\/rimecgroup.it\/wp-content\/uploads\/2024\/12\/Sega-Automatica-FMB-Zeus-CN-02-300x200.jpg\" data-large-file=\"https:\/\/rimecgroup.it\/wp-content\/uploads\/2024\/12\/Sega-Automatica-FMB-Zeus-CN-02-1024x682.jpg\" src=\"https:\/\/i0.wp.com\/rimecgroup.it\/wp-content\/uploads\/2024\/12\/Sega-Automatica-FMB-Zeus-CN-02.jpg?w=626&#038;h=417&#038;ssl=1\" srcset=\"https:\/\/rimecgroup.it\/wp-content\/uploads\/2024\/12\/Sega-Automatica-FMB-Zeus-CN-02.jpg 1600w, https:\/\/rimecgroup.it\/wp-content\/uploads\/2024\/12\/Sega-Automatica-FMB-Zeus-CN-02-300x200.jpg 300w, https:\/\/rimecgroup.it\/wp-content\/uploads\/2024\/12\/Sega-Automatica-FMB-Zeus-CN-02-1024x682.jpg 1024w, https:\/\/rimecgroup.it\/wp-content\/uploads\/2024\/12\/Sega-Automatica-FMB-Zeus-CN-02-768x511.jpg 768w, https:\/\/rimecgroup.it\/wp-content\/uploads\/2024\/12\/Sega-Automatica-FMB-Zeus-CN-02-1536x1022.jpg 1536w, https:\/\/rimecgroup.it\/wp-content\/uploads\/2024\/12\/Sega-Automatica-FMB-Zeus-CN-02-1260x839.jpg 1260w, https:\/\/rimecgroup.it\/wp-content\/uploads\/2024\/12\/Sega-Automatica-FMB-Zeus-CN-02-630x419.jpg 630w, https:\/\/rimecgroup.it\/wp-content\/uploads\/2024\/12\/Sega-Automatica-FMB-Zeus-CN-02-420x280.jpg 420w, https:\/\/rimecgroup.it\/wp-content\/uploads\/2024\/12\/Sega-Automatica-FMB-Zeus-CN-02-840x559.jpg 840w, https:\/\/rimecgroup.it\/wp-content\/uploads\/2024\/12\/Sega-Automatica-FMB-Zeus-CN-02-315x210.jpg 315w\" width=\"626\" height=\"417\" loading=\"lazy\" data-original-width=\"626\" data-original-height=\"417\" itemprop=\"http:\/\/schema.org\/image\" title=\"Sega Automatica FMB Zeus-CN\" alt=\"Sega Automatica FMB Zeus-CN\" style=\"width: 626px; height: 417px;\" \/> <\/a> <\/div> <\/div> <!-- close group --> <\/div> <!-- close row --> <\/div><strong>SEGA A NASTRO AUTOMATICA FMB ZEUS+CN<\/strong>Sega a nastro per taglio di profili tondi, quadri e rettangolari. Sensore per riconoscimento della posizione di partenza, rulliera di lunghezza 700 mm per l&#8217;appoggio del materiale in lato carico. Variatore di velocit\u00e0 elettronico per una ampia scelta di velocit\u00e0 lama. Capacit\u00e0 di taglio circolare 260 mm.<\/p>\n\n<\/div><!-- .vgblk-rw-wrapper -->","protected":false},"excerpt":{"rendered":"<p>Der Schnitt von Stangen und Rohren ist ein historischer Prozess f\u00fcr die Rimec Group. Ein ganzes Lager ist der Aufbewahrung von Stangen und Rohren aus verschiedenen Materialien und L\u00e4ngen gewidmet, die bereit sind, mit hochentwickelten Maschinen und hochqualifiziertem Personal geschnitten zu werden. Rimec kann dem Markt Stangen in Serienproduktion, als Einzelst\u00fccke und in handels\u00fcblichen L\u00e4ngen&#8230;<\/p>\n","protected":false},"author":1,"featured_media":0,"parent":0,"menu_order":0,"comment_status":"closed","ping_status":"closed","template":"","meta":{"inline_featured_image":false,"footnotes":""},"class_list":["post-991583","page","type-page","status-publish","hentry"],"jetpack_sharing_enabled":true,"_links":{"self":[{"href":"https:\/\/rimecgroup.it\/de\/wp-json\/wp\/v2\/pages\/991583","targetHints":{"allow":["GET"]}}],"collection":[{"href":"https:\/\/rimecgroup.it\/de\/wp-json\/wp\/v2\/pages"}],"about":[{"href":"https:\/\/rimecgroup.it\/de\/wp-json\/wp\/v2\/types\/page"}],"author":[{"embeddable":true,"href":"https:\/\/rimecgroup.it\/de\/wp-json\/wp\/v2\/users\/1"}],"replies":[{"embeddable":true,"href":"https:\/\/rimecgroup.it\/de\/wp-json\/wp\/v2\/comments?post=991583"}],"version-history":[{"count":2,"href":"https:\/\/rimecgroup.it\/de\/wp-json\/wp\/v2\/pages\/991583\/revisions"}],"predecessor-version":[{"id":991603,"href":"https:\/\/rimecgroup.it\/de\/wp-json\/wp\/v2\/pages\/991583\/revisions\/991603"}],"wp:attachment":[{"href":"https:\/\/rimecgroup.it\/de\/wp-json\/wp\/v2\/media?parent=991583"}],"curies":[{"name":"wp","href":"https:\/\/api.w.org\/{rel}","templated":true}]}}