{"id":991371,"date":"2017-07-31T12:54:58","date_gmt":"2017-07-31T12:54:58","guid":{"rendered":"https:\/\/rimecgroup.it\/parco-macchine\/"},"modified":"2025-03-31T13:23:30","modified_gmt":"2025-03-31T13:23:30","slug":"parco-macchine","status":"publish","type":"page","link":"https:\/\/rimecgroup.it\/de\/parco-macchine\/","title":{"rendered":"Maschinenpark"},"content":{"rendered":"<div class=\"vgblk-rw-wrapper limit-wrapper\">\n<h3>\n\tDrehen\n\t<\/h3>\n\t<p>Dank unserer jahrelangen Erfahrung und der neuesten Generation von Drehmaschinen sind wir in der Lage, Komponenten in verschiedenen Gr\u00f6\u00dfen, mit L\u00f6chern, Rillen, unterschiedlichen Durchmessern, Kegeln, Formfl\u00e4chen und vielem mehr zu produzieren. Unsere Bearbeitungsarten: vertikales Drehen, CNC-Drehen, Mehrspindel- und Einspindel-Drehen, statisches Drehen, Pr\u00e4zisions-Stangen-Drehen.<\/p>\n\t<a href=\"\/de\/tornitura\/\" target=\"_self\" role=\"button\">\n\t\t\t\t\tMehr erfahren\n\t<\/a>\n<h3>\n\tBearbeitungszentren\n\t<\/h3>\n\t<p>Unsere Bearbeitungszentren geh\u00f6ren zu den fortschrittlichsten und technologisch ausgereiftesten auf dem Markt. Wir verf\u00fcgen \u00fcber horizontale und vertikale Bearbeitungszentren mit 4 und 5 Achsen, die Pr\u00e4zisionstechnologie mit Softwareentwicklungen, Ingenieurwesen und Automatisierung kombinieren, um die beste Leistung in Bezug auf Pr\u00e4zision, Qualit\u00e4t und Zuverl\u00e4ssigkeit zu erzielen und gleichzeitig unsere Produktivit\u00e4t zu steigern.<\/p>\n\t<a href=\"\/de\/centri-di-lavoro\/\" target=\"_self\" role=\"button\">\n\t\t\t\t\tMehr erfahren\n\t<\/a>\n<h3>\n\tSchleifen\n\t<\/h3>\n\t<p>Unsere Schleifmaschinen und hochqualifiziertes Personal garantieren die Produktion von Bauteilen, die eine hohe Oberfl\u00e4chenqualit\u00e4t erfordern. Wir garantieren verschiedene Arten des Schleifens: Rund-\/Zylinderschleifen, Tauchen, Flachschleifen, Centerless-Schleifen und Vertikalschleifen.<\/p>\n\t<a href=\"\/de\/rettifica\/\" target=\"_self\" role=\"button\">\n\t\t\t\t\tMehr erfahren\n\t<\/a>\n<h3>\n\tSchnitt\n\t<\/h3>\n\t<p>Der Schnitt von Stangen und Rohren ist ein historischer Prozess f\u00fcr die Rimec Group. Ein ganzes Lager ist der Aufbewahrung von Stangen und Rohren aus verschiedenen Materialien und L\u00e4ngen gewidmet, die bereit sind, mit hochentwickelten Maschinen und hochqualifiziertem Personal geschnitten zu werden.<\/p>\n\t<a href=\"\/de\/taglio\/\" target=\"_self\" role=\"button\">\n\t\t\t\t\tMehr erfahren\n\t<\/a>\n<h3>\n\tQualit\u00e4t\n\t<\/h3>\n\t<p>Die Abteilung Qualit\u00e4tssicherung ist das Herzst\u00fcck unserer Mission der Exzellenz. Dank eines Expertenteams und dem Einsatz modernster Werkzeuge stellen wir sicher, dass jedes produzierte Bauteil die h\u00f6chsten Standards in Bezug auf Qualit\u00e4t und Pr\u00e4zision erf\u00fcllt.<\/p>\n\t<a href=\"\/de\/qualita\/\" target=\"_self\" role=\"button\">\n\t\t\t\t\tMehr erfahren\n\t<\/a>\n\n<\/div><!-- .vgblk-rw-wrapper -->","protected":false},"excerpt":{"rendered":"<p>Drehen Dank unserer jahrelangen Erfahrung und der neuesten Generation von Drehmaschinen sind wir in der Lage, Komponenten in verschiedenen Gr\u00f6\u00dfen, mit L\u00f6chern, Rillen, unterschiedlichen Durchmessern, Kegeln, Formfl\u00e4chen und vielem mehr zu produzieren. Unsere Bearbeitungsarten: vertikales Drehen, CNC-Drehen, Mehrspindel- und Einspindel-Drehen, statisches Drehen, Pr\u00e4zisions-Stangen-Drehen. Mehr erfahren Bearbeitungszentren Unsere Bearbeitungszentren geh\u00f6ren zu den fortschrittlichsten und technologisch ausgereiftesten&#8230;<\/p>\n","protected":false},"author":1,"featured_media":0,"parent":0,"menu_order":0,"comment_status":"closed","ping_status":"closed","template":"","meta":{"inline_featured_image":false,"footnotes":""},"class_list":["post-991371","page","type-page","status-publish","hentry"],"jetpack_sharing_enabled":true,"_links":{"self":[{"href":"https:\/\/rimecgroup.it\/de\/wp-json\/wp\/v2\/pages\/991371","targetHints":{"allow":["GET"]}}],"collection":[{"href":"https:\/\/rimecgroup.it\/de\/wp-json\/wp\/v2\/pages"}],"about":[{"href":"https:\/\/rimecgroup.it\/de\/wp-json\/wp\/v2\/types\/page"}],"author":[{"embeddable":true,"href":"https:\/\/rimecgroup.it\/de\/wp-json\/wp\/v2\/users\/1"}],"replies":[{"embeddable":true,"href":"https:\/\/rimecgroup.it\/de\/wp-json\/wp\/v2\/comments?post=991371"}],"version-history":[{"count":2,"href":"https:\/\/rimecgroup.it\/de\/wp-json\/wp\/v2\/pages\/991371\/revisions"}],"predecessor-version":[{"id":991381,"href":"https:\/\/rimecgroup.it\/de\/wp-json\/wp\/v2\/pages\/991371\/revisions\/991381"}],"wp:attachment":[{"href":"https:\/\/rimecgroup.it\/de\/wp-json\/wp\/v2\/media?parent=991371"}],"curies":[{"name":"wp","href":"https:\/\/api.w.org\/{rel}","templated":true}]}}