{"id":991366,"date":"2024-05-29T12:29:04","date_gmt":"2024-05-29T12:29:04","guid":{"rendered":"https:\/\/rimecgroup.it\/tecnologia\/"},"modified":"2025-03-31T13:18:15","modified_gmt":"2025-03-31T13:18:15","slug":"tecnologia","status":"publish","type":"page","link":"https:\/\/rimecgroup.it\/de\/tecnologia\/","title":{"rendered":"Technologie"},"content":{"rendered":"<div class=\"vgblk-rw-wrapper limit-wrapper\">\n<h2>\n\tBearbeitung\n\t<\/h2>\n\t<p>Flexibilit\u00e4t, Pr\u00e4zision und Innovation sind unser t\u00e4gliches Engagement. In unseren Werken realisieren wir dank einer modernen Maschinenflotte jede Art von Pr\u00e4zisionsbearbeitung mit einem effizienten und strukturierten Produktionsprozess, um hohe Qualit\u00e4tsstandards f\u00fcr den Markt zu garantieren.<\/p>\n<p>Unsere Inhouse-Bearbeitung:<\/p>\n\t<p>Wir produzieren Fertigprodukte und Halbfertigerzeugnisse in kleiner und mittlerer Gr\u00f6\u00dfe, sind jedoch in der Lage, alle Kundenanforderungen zu erf\u00fcllen.<\/p>\n<h2>\n\tProdukte\n\t<\/h2>\n\t<p>Rimec Group kann eine breite Palette von Produkten herstellen, sowohl Standardprodukte als auch Sonderanfertigungen. Es sollte jedoch betont werden, dass der Entwurf die Grundlage jedes einzelnen Auftrags bildet und alle Phasen des Produktionsprozesses bis zur Lieferung des Produkts begleitet.<\/p>\n\t<a href=\"\/de\/prodotti\/\" target=\"_self\" role=\"button\">\n\t\t\t\t\tUnsere Produkte ansehen\n\t<\/a>\n<h2>\n\tMaterialien\n\t<\/h2>\n\t<p>Qualit\u00e4tsmaterialien f\u00fcr eine vollst\u00e4ndige Produktqualit\u00e4t.<\/p>\n<p>Rimec Group verwendet f\u00fcr seine Prozesse hochwertige Materialien:<\/p>\n\t<p>Besondere Aufmerksamkeit wird der Edelstahlbearbeitung gewidmet, einer Legierung, die die mechanischen Eigenschaften typischer St\u00e4hle mit spezifischen Merkmalen wie hervorragender Korrosionsbest\u00e4ndigkeit, Abriebfestigkeit und Belastungsf\u00e4higkeit kombiniert, was sie besonders geeignet f\u00fcr Anwendungen im Bereich der Lebensmittel- und Elektromedizin macht.<\/p>\n\n<\/div><!-- .vgblk-rw-wrapper -->","protected":false},"excerpt":{"rendered":"<p>Bearbeitung Flexibilit\u00e4t, Pr\u00e4zision und Innovation sind unser t\u00e4gliches Engagement. In unseren Werken realisieren wir dank einer modernen Maschinenflotte jede Art von Pr\u00e4zisionsbearbeitung mit einem effizienten und strukturierten Produktionsprozess, um hohe Qualit\u00e4tsstandards f\u00fcr den Markt zu garantieren. Unsere Inhouse-Bearbeitung: Wir produzieren Fertigprodukte und Halbfertigerzeugnisse in kleiner und mittlerer Gr\u00f6\u00dfe, sind jedoch in der Lage, alle Kundenanforderungen&#8230;<\/p>\n","protected":false},"author":1,"featured_media":0,"parent":0,"menu_order":0,"comment_status":"closed","ping_status":"closed","template":"","meta":{"inline_featured_image":false,"footnotes":""},"class_list":["post-991366","page","type-page","status-publish","hentry"],"jetpack_sharing_enabled":true,"_links":{"self":[{"href":"https:\/\/rimecgroup.it\/de\/wp-json\/wp\/v2\/pages\/991366","targetHints":{"allow":["GET"]}}],"collection":[{"href":"https:\/\/rimecgroup.it\/de\/wp-json\/wp\/v2\/pages"}],"about":[{"href":"https:\/\/rimecgroup.it\/de\/wp-json\/wp\/v2\/types\/page"}],"author":[{"embeddable":true,"href":"https:\/\/rimecgroup.it\/de\/wp-json\/wp\/v2\/users\/1"}],"replies":[{"embeddable":true,"href":"https:\/\/rimecgroup.it\/de\/wp-json\/wp\/v2\/comments?post=991366"}],"version-history":[{"count":2,"href":"https:\/\/rimecgroup.it\/de\/wp-json\/wp\/v2\/pages\/991366\/revisions"}],"predecessor-version":[{"id":991369,"href":"https:\/\/rimecgroup.it\/de\/wp-json\/wp\/v2\/pages\/991366\/revisions\/991369"}],"wp:attachment":[{"href":"https:\/\/rimecgroup.it\/de\/wp-json\/wp\/v2\/media?parent=991366"}],"curies":[{"name":"wp","href":"https:\/\/api.w.org\/{rel}","templated":true}]}}