{"id":991327,"date":"2024-02-16T09:12:08","date_gmt":"2024-02-16T09:12:08","guid":{"rendered":"https:\/\/rimecgroup.it\/la-vision-e-mission\/"},"modified":"2025-03-31T13:02:44","modified_gmt":"2025-03-31T13:02:44","slug":"la-vision-e-mission","status":"publish","type":"page","link":"https:\/\/rimecgroup.it\/de\/la-vision-e-mission\/","title":{"rendered":"Vision und mission"},"content":{"rendered":"<div class=\"vgblk-rw-wrapper limit-wrapper\">\n<h2>\n\tUnsere<br \/><b>Vision<\/b>\n\t<\/h2>\n\t<p><strong>Rimec Group<\/strong> ist heute ein unbestreitbarer Bezugspunkt f\u00fcr seinen Markt, der zunehmend nach Qualit\u00e4tssicherung und immer neuesten Technologien sucht. In einem sich st\u00e4ndig ver\u00e4ndernden Markt mit immer steigenden Anforderungen setzt Rimec eigene Strategien zur Konsolidierung seiner Marktf\u00fchrerschaft um, durch die kontinuierliche Verbesserung seiner Produktions- und Organisationsprozesse und einen st\u00e4ndigen Investitionsplan mit Blick auf &#8222;Industrie 4.0&#8220;.<\/p>\n<p>Dabei werden neue Produktionstechnologien integriert, um die Arbeitsbedingungen zu verbessern, neue Gesch\u00e4ftsmodelle zu schaffen und die Produktivit\u00e4t und Qualit\u00e4t der Anlagen zu steigern.<\/p>\n<h2>\n\tUnsere<br \/><strong>Mission<\/strong>\n\t<\/h2>\n\t<p>Das t\u00e4gliche Engagement der <strong>Rimec Group<\/strong> zielt darauf ab, die besten Techniken und Technologien zu finden, um immer komplexere Anforderungen des Marktes zu erf\u00fcllen. Unsere Philosophie besteht darin, nach Exzellenz zu streben, durch makellose Qualit\u00e4tsstandards und maximale Verf\u00fcgbarkeit sowie Flexibilit\u00e4t gegen\u00fcber unseren Kunden.<\/p>\n<p>Rimec ist ein wahrer Partner f\u00fcr kleine und gro\u00dfe Projekte und stellt sein Know-how sowie viele Jahre Erfahrung zur Verf\u00fcgung, um den Erfolg von Industrieprojekten f\u00fcr den Markt und f\u00fcr diejenigen, die dem Rimec-Team vertrauen, zu garantieren.<\/p>\n<p>Ein kontinuierlicher Investitionsplan in immer ausgekl\u00fcgeltere und effizientere Maschinen, in Technologie und Computerisierung der Prozesse, eine sorgf\u00e4ltige interne Analyse zur kontinuierlichen Verbesserung der Prozesse und eine echte Wohlf\u00fchlpolitik gegen\u00fcber den eigenen Ressourcen machen Rimec zu einem zuverl\u00e4ssigen und aufmerksamen Partner.<\/p>\n<h2>\n\t<strong>Unsere Werte<\/strong>\n\t<\/h2>\n\t\t\tUnsere Werte\n\t\t<p><a href=\"\/qualita-e-certificazioni\/\">certificata e sostenibile<\/a><\/p>\n\t\t\tEffizienz\n\t\t<p>Die Unternehmensstruktur der Rimec Group ist in der Lage, alle Phasen des Auftrags zu verwalten, vom Einkauf des Rohmaterials bis zur Auslieferung des fertigen Produkts, das auf Wunsch des Kunden in unserer speziellen Abteilung montiert wird. Alle Phasen des Prozesses, von der Auftragserteilung bis zum Versand des fertigen Produkts, werden von einem computerisierten System zur Barcode-Scannung gesteuert.<\/p>\n\t\t\tZuverl\u00e4ssigkeit\n\t\t<p>W\u00e4hrend sich die Produktivit\u00e4t mehr auf die Steigerung der produzierten Menge konzentriert, bezieht sich Effizienz auf die Qualit\u00e4t und Effektivit\u00e4t der geleisteten Arbeit. Effizienz wird definiert als &#8222;die F\u00e4higkeit, etwas zu tun oder etwas zu produzieren, ohne Materialien, Zeit oder Energie zu verschwenden.&#8220; Bei Rimec verfolgen wir beides: Produktivit\u00e4t und Zuverl\u00e4ssigkeit in unseren Prozessen und sind bestrebt, uns t\u00e4glich zu verbessern. Gleichzeitig \u00fcberwachen und messen wir die Anzahl der gewonnenen Stunden in einer qualitativ hochwertigen Produktionsarbeit, geteilt durch die verf\u00fcgbaren Stunden an einem Tag, und messen so unsere Rentabilit\u00e4t.<\/p>\n\t\t\tOutwork\n\t\t<p>Neben der internen Bearbeitung kann Rimec sein Know-how und ein dichtes Netzwerk von Partnerunternehmen innerhalb und au\u00dferhalb der Gruppe nutzen, um spezielle W\u00e4rmebehandlungen und Oberfl\u00e4chenbehandlungen anzubieten, wie zum Beispiel &#8211; aber nicht ausschlie\u00dflich: Oberfl\u00e4chenh\u00e4rten, Induktionsh\u00e4rten, ferritische Nitrierkarburierung, Verzinken, chemische Vernickelung, Verchromung, Phosphatierung.Die Lieferantenbewertung ist ein strategisches Element, durch das Unternehmen die Leistung ihrer Partner und Mitarbeiter gem\u00e4\u00df den vereinbarten Produkt- und Servicestandards \u00fcberpr\u00fcfen. Die RIMEC Group aktiviert ein sorgf\u00e4ltiges Validierungsverfahren f\u00fcr ihre Lieferanten und unterzieht sich wiederum einer kontinuierlichen und st\u00e4ndigen Validierung durch ihre Kunden, mit Berichterstattung und Leistungsanalysen, die mehr als zufriedenstellende Ergebnisse liefern.<\/p>\n\n<\/div><!-- .vgblk-rw-wrapper -->","protected":false},"excerpt":{"rendered":"<p>UnsereVision Rimec Group ist heute ein unbestreitbarer Bezugspunkt f\u00fcr seinen Markt, der zunehmend nach Qualit\u00e4tssicherung und immer neuesten Technologien sucht. In einem sich st\u00e4ndig ver\u00e4ndernden Markt mit immer steigenden Anforderungen setzt Rimec eigene Strategien zur Konsolidierung seiner Marktf\u00fchrerschaft um, durch die kontinuierliche Verbesserung seiner Produktions- und Organisationsprozesse und einen st\u00e4ndigen Investitionsplan mit Blick auf &#8222;Industrie&#8230;<\/p>\n","protected":false},"author":1,"featured_media":0,"parent":0,"menu_order":0,"comment_status":"closed","ping_status":"closed","template":"","meta":{"inline_featured_image":false,"footnotes":""},"class_list":["post-991327","page","type-page","status-publish","hentry"],"jetpack_sharing_enabled":true,"_links":{"self":[{"href":"https:\/\/rimecgroup.it\/de\/wp-json\/wp\/v2\/pages\/991327","targetHints":{"allow":["GET"]}}],"collection":[{"href":"https:\/\/rimecgroup.it\/de\/wp-json\/wp\/v2\/pages"}],"about":[{"href":"https:\/\/rimecgroup.it\/de\/wp-json\/wp\/v2\/types\/page"}],"author":[{"embeddable":true,"href":"https:\/\/rimecgroup.it\/de\/wp-json\/wp\/v2\/users\/1"}],"replies":[{"embeddable":true,"href":"https:\/\/rimecgroup.it\/de\/wp-json\/wp\/v2\/comments?post=991327"}],"version-history":[{"count":3,"href":"https:\/\/rimecgroup.it\/de\/wp-json\/wp\/v2\/pages\/991327\/revisions"}],"predecessor-version":[{"id":991332,"href":"https:\/\/rimecgroup.it\/de\/wp-json\/wp\/v2\/pages\/991327\/revisions\/991332"}],"wp:attachment":[{"href":"https:\/\/rimecgroup.it\/de\/wp-json\/wp\/v2\/media?parent=991327"}],"curies":[{"name":"wp","href":"https:\/\/api.w.org\/{rel}","templated":true}]}}