{"id":991317,"date":"2024-02-16T08:59:43","date_gmt":"2024-02-16T08:59:43","guid":{"rendered":"https:\/\/rimecgroup.it\/la-nostra-storia\/"},"modified":"2025-03-31T14:09:54","modified_gmt":"2025-03-31T14:09:54","slug":"la-nostra-storia","status":"publish","type":"page","link":"https:\/\/rimecgroup.it\/de\/la-nostra-storia\/","title":{"rendered":"Unsere Geschichte"},"content":{"rendered":"<div class=\"vgblk-rw-wrapper limit-wrapper\">\r\n<h4>\r\n\t<strong>2003<\/strong>\r\n\t<\/h4>\r\n\t<p>Das Unternehmen Rimec Group srl wurde von <strong>Nerio Righi<\/strong> und einigen Kollegen gegr\u00fcndet, die an ein gemeinsames Entwicklungsprojekt f\u00fcr ein Maschinenbauunternehmen glaubten.<\/p>\r\n<h4>\r\n\t<strong>2005<\/strong>\r\n\t<\/h4>\r\n\t<p>Rimec Group erwirbt das Lager, das heute der Sitz des Unternehmens ist, zusammen mit den ersten Maschinen. Die F\u00fchrung von Nerio Righi beginnt ihren Weg, eine erkennbare Identit\u00e4t auf dem Markt f\u00fcr Pr\u00e4zisionsmechanik-Komponenten zu schaffen.<\/p>\r\n<h4>\r\n\t<b>2006-2008<\/b>\r\n\t<\/h4>\r\n\t<p>Rimec Group erwirbt die ersten Drehmaschinen und Schleifmaschinen, mit denen sie beginnt, mechanische Bearbeitungen f\u00fcr Motorradgabeln zu produzieren. Es kommen einige wichtige Auftr\u00e4ge, durch die Rimec Group in Maschinen und technische Ressourcen investieren kann und gleichzeitig eine gezielte kommerzielle Strategie startet, um m\u00f6glichst viele Industriebereiche abzudecken und wichtige Marktanteile zu gewinnen.<\/p>\r\n<h4>\r\n\t<b>2010<\/b>\r\n\t<\/h4>\r\n\t<p>2010 stellt einen wichtigen Wendepunkt in der Geschichte des Unternehmens dar: Rimec Group f\u00fchrt auf dem Markt die komplette Lieferung von Teilen und Baugruppen ein und bietet dem Kunden das vollst\u00e4ndige Produkt &#8211; vollst\u00e4ndige Bearbeitungen und Behandlungen (Zementierung, H\u00e4rten, &#8230;) sowie alle Arten von Beschichtungen (Nickel, Chrom, Lack, &#8230;), dank eines koh\u00e4renten Maschinenparks (Stangenmaschinen, Schleifmaschinen mit und ohne Zentrierung, besetzt oder nicht). Der Markt reagiert positiv, und Rimec gewinnt einen signifikanten Marktanteil und prestigetr\u00e4chtige Auftr\u00e4ge.<\/p>\r\n<h4>\r\n\t<strong>2011<\/strong>\r\n\t<\/h4>\r\n\t<p>Rimec Group erh\u00e4lt die Qualit\u00e4tszertifizierung nach <strong>UNI EN ISO 9001<\/strong>, wodurch es zu einem qualifizierten und autorisierten Lieferanten f\u00fcr die wichtigsten nationalen und internationalen Industriegiganten wird. Ein Prozess hin zu Total Quality und kontinuierlicher Verbesserung, der bis heute fortgef\u00fchrt wird.<\/p>\r\n<h4>\r\n\t<strong>2016<\/strong>\r\n\t<\/h4>\r\n\t<p>Rimec Group erh\u00e4lt die Qualit\u00e4tszertifizierung f\u00fcr Umweltmanagement nach der <strong>UNI EN ISO 14001 Norm<\/strong>, um seine Umweltauswirkungen zu messen und zu verbessern. Rimec betrachtet den Schutz und die Erhaltung der Umwelt als ein wesentliches Ziel, das erreicht und st\u00e4ndig verbessert werden muss.<\/p>\r\n<h4>\r\n\t<strong>2010-2020<\/strong>\r\n\t<\/h4>\r\n\t<p>In diesem Jahrzehnt setzt Rimec Group seinen Aufstieg auf dem Markt fort und investiert dank der Erreichung wichtiger Ziele in Bezug auf den Umsatz gro\u00dfe Summen in einen ausgefeilteren und effizienteren Maschinenpark (darunter zwei horizontale <strong>Makino<\/strong>-Bearbeitungszentren) sowie in gut ausgebildete Humanressourcen. Es entsteht ein hocheffizienter Produktionsprozess, der das Vertrauen wichtiger internationaler Kunden gewinnt. Der Kauf der Tacchella-Au\u00dfen-Schleifmaschine mit automatischer Roboterbeladung, aber vor allem eine effektive Umstrukturierung des Produktionsstandorts in bearbeitende Abteilungen, die Erweiterung des Werks und des Lagers sowie die Einrichtung einer Montageabteilung.<\/p>\r\n<h4>\r\n\t<strong>2020<\/strong>\r\n\t<\/h4>\r\n\t<p>Trotz der gesundheitlichen Notlage durch die Pandemie t\u00e4tigt Rimec Group erhebliche Investitionen am Produktionsstandort zur Durchf\u00fchrung von Stangenbearbeitungen; die Stangendrehabteilung hat es Rimec erm\u00f6glicht, eine hohe Produktionseffizienz zu erreichen und Tausende von Kettenspannerteilen in einwandfreier Qualit\u00e4t an die wichtigsten internationalen Akteure zu liefern.<\/p>\r\n<h4>\r\n\t<strong>2022<\/strong>\r\n\t<\/h4>\r\n\t<p>Im Hinblick auf den Generationenwechsel wird eine bedeutende interne Umstrukturierung des Unternehmens durchgef\u00fchrt, sowohl in der Produktion als auch im Management. Ottavio Palmerini \u00fcbernimmt den Vorsitz des Verwaltungsrats von Rimec Group. Dank zukunftsorientierter Strategien steigert das Unternehmen weiterhin seinen Umsatz, seine Ressourcen und die produzierte St\u00fcckzahl mit einem Qualit\u00e4tsniveau, das auf dem internationalen Markt gesch\u00e4tzt wird.<\/p>\r\n<h4>\r\n\t<strong>2024<\/strong>\r\n\t<\/h4>\r\n<p>Rimec Group erwirbt ein neues horizontales <strong>Makino<\/strong>-Bearbeitungszentrum mit einer Ladef\u00e4higkeit von bis zu 20 Paletten, das mit einem bestehenden Makino A61 verbunden wird und die Produktionskapazit\u00e4t des Unternehmens erheblich steigern wird. Dies gew\u00e4hrleistet die Konsolidierung und den Ausbau der Pr\u00e4senz als qualifizierter Lieferant f\u00fcr die wichtigsten Kunden.<\/p>\r\n<p>Rimec Group erwirbt alle Anteile an PTA Assemblaggi &#8211; einem Unternehmen, das im Bereich Werkstattausr\u00fcstung t\u00e4tig ist -, das nun in PTA Assemblaggi srl mit Alleinaktion\u00e4r umbenannt wurde.<\/p>\r\n\r\n<\/div><!-- .vgblk-rw-wrapper -->","protected":false},"excerpt":{"rendered":"<p>2003 Das Unternehmen Rimec Group srl wurde von Nerio Righi und einigen Kollegen gegr\u00fcndet, die an ein gemeinsames Entwicklungsprojekt f\u00fcr ein Maschinenbauunternehmen glaubten. 2005 Rimec Group erwirbt das Lager, das heute der Sitz des Unternehmens ist, zusammen mit den ersten Maschinen. Die F\u00fchrung von Nerio Righi beginnt ihren Weg, eine erkennbare Identit\u00e4t auf dem Markt&#8230;<\/p>\n","protected":false},"author":1,"featured_media":0,"parent":0,"menu_order":0,"comment_status":"closed","ping_status":"closed","template":"","meta":{"inline_featured_image":false,"footnotes":""},"class_list":["post-991317","page","type-page","status-publish","hentry"],"jetpack_sharing_enabled":true,"_links":{"self":[{"href":"https:\/\/rimecgroup.it\/de\/wp-json\/wp\/v2\/pages\/991317","targetHints":{"allow":["GET"]}}],"collection":[{"href":"https:\/\/rimecgroup.it\/de\/wp-json\/wp\/v2\/pages"}],"about":[{"href":"https:\/\/rimecgroup.it\/de\/wp-json\/wp\/v2\/types\/page"}],"author":[{"embeddable":true,"href":"https:\/\/rimecgroup.it\/de\/wp-json\/wp\/v2\/users\/1"}],"replies":[{"embeddable":true,"href":"https:\/\/rimecgroup.it\/de\/wp-json\/wp\/v2\/comments?post=991317"}],"version-history":[{"count":3,"href":"https:\/\/rimecgroup.it\/de\/wp-json\/wp\/v2\/pages\/991317\/revisions"}],"predecessor-version":[{"id":991325,"href":"https:\/\/rimecgroup.it\/de\/wp-json\/wp\/v2\/pages\/991317\/revisions\/991325"}],"wp:attachment":[{"href":"https:\/\/rimecgroup.it\/de\/wp-json\/wp\/v2\/media?parent=991317"}],"curies":[{"name":"wp","href":"https:\/\/api.w.org\/{rel}","templated":true}]}}