{"id":991305,"date":"2024-02-16T08:17:10","date_gmt":"2024-02-16T08:17:10","guid":{"rendered":"https:\/\/rimecgroup.it\/chi-siamo\/"},"modified":"2025-03-31T12:53:20","modified_gmt":"2025-03-31T12:53:20","slug":"chi-siamo","status":"publish","type":"page","link":"https:\/\/rimecgroup.it\/de\/chi-siamo\/","title":{"rendered":"Wer wir sind"},"content":{"rendered":"<div class=\"vgblk-rw-wrapper limit-wrapper\">\n<h4>\n\t<strong>Rimec <\/strong>Group\n\t<\/h4>\n\t<p><strong>Pr\u00e4zision Made in Italy<\/strong><\/p>\n<p>Die Qualit\u00e4t der von Rimec Group produzierten Produkte ist auf dem Markt anerkannt, so sehr, dass das Unternehmen ein zertifizierter Lieferant f\u00fcr nationale und internationale Unternehmen von gro\u00dfer Bedeutung ist. Ihre Zuverl\u00e4ssigkeit geht Hand in Hand mit einer strategischen Vision.<\/p>\n<p>Pr\u00e4zisionsmechanik ist ein Aush\u00e4ngeschild der Made in Italy Industrie und eine der S\u00e4ulen des wirtschaftlichen Gef\u00fcges unseres Landes, das aus zahlreichen kleinen und mittelst\u00e4ndischen Unternehmen besteht und stark mit gro\u00dfen Industrien aus allen Sektoren, von der Metalltechnik bis zur Automobilindustrie, verbunden ist. Rimec Group srl, ein kleines Unternehmen aus der Region Bologna, das 2003 gegr\u00fcndet wurde, ist ein exzellentes Unternehmen auf dem Markt der Pr\u00e4zisionsmechanik, dank seiner unternehmerischen und Produktionskapazit\u00e4t mit einem Fokus auf die kontinuierliche Steigerung der Qualit\u00e4t seiner Produkte.<\/p>\n<p>Das Unternehmen ist auf die Produktion von Pr\u00e4zisionsmechanik-Komponenten spezialisiert, darunter &#8211; beispielhaft &#8211; Scharnierriegel und Stifte, Anker und Spannvorrichtungen, Twist-Lock, Wellen und Schnecken, f\u00fcr eine Vielzahl von Anwendungsbereichen. Es ist auch nach <strong>ISO 9001:2015 und ISO 14001:2015 zertifiziert<\/strong>.<\/p>\n<p>&nbsp;<\/p>\n\t<a href=\"\/de\/lavora-con-noi\/\" target=\"_self\" role=\"button\">\n\t\t\t\t\tArbeiten Sie mit uns\n\t<\/a>\n<h4>\n\tUnsere<br \/><b>Dienstleistungen<\/b>\n\t<\/h4>\n\t<p>Die Unternehmensstruktur erm\u00f6glicht es uns, den gesamten Auftrag zu verwalten: vom Einkauf des Rohmaterials bis zur Lieferung des fertigen Produkts und, falls gew\u00fcnscht, auch der Montage in unserer Montageabteilung f\u00fcr Dritte, gem\u00e4\u00df den Kundenspezifikationen.<\/p>\n<p>Alle Arbeitsschritte, von der Auftragserteilung bis zum Versand des fertigen Produkts, werden von einem Barcode-Computersystem verwaltet.<\/p>\n<h4>\n\tOutsourcing<br \/><b>und Qualit\u00e4t<\/b>\n\t<\/h4>\n\t<p>Wir k\u00f6nnen auch alle vom Kunden geforderten W\u00e4rme- und\/oder Oberfl\u00e4chenbehandlungen durchf\u00fchren.\u2028F\u00fcr die vollst\u00e4ndige Kundenzufriedenheit wird der gesamte Produktionsprozess garantiert durch:<\/p>\n<ul>\n<li>Kontrolle und Abnahme des Rohmaterials und etwaiger Halbfertigerzeugnisse<\/li>\n<li>Kontrolle und Pr\u00fcfung w\u00e4hrend des Prozesses<\/li>\n<li>Kennzeichnung der Produktverfolgbarkeit (falls erforderlich)<\/li>\n<li>Endkontrolle des fertigen Produkts<\/li>\n<\/ul>\n<h4>\n\tOttavio Palmerini <br \/><strong>Pr\u00e4sident des Vorstands und gesetzlicher Vertreter<\/strong>\n\t<\/h4>\n\t<blockquote><p><em>\u00ab\u201eSeit Jahren investieren wir in technologische Forschungsprozesse, um fortschrittliche L\u00f6sungen zu entwickeln, mit denen die Teile produziert werden, die in unseren Werkst\u00e4tten bearbeitet werden. Unser Plus ist es, automatisierte und vernetzte Produktionsprozesse im Hinblick auf Industrie 4.0 zu haben; wir haben nicht nur auf Maschinen der neuesten Generation gesetzt, sondern auch und vor allem auf die Schulung unseres technischen Personals, um so einen hohen Pr\u00e4zisionsgrad bei der Herstellung unserer Produkte zu gew\u00e4hrleisten. Dank eines gut etablierten und qualifizierten Partnernetzwerks kann Rimec jede Anforderung des Marktes erf\u00fcllen, selbst die komplexesten: Dank einer sorgf\u00e4ltigen Analyse der Anwendungsbed\u00fcrfnisse des Kunden wird die geeignetste Produktl\u00f6sung vorgeschlagen und gem\u00e4\u00df der Zeichnung des Kunden realisiert. Dies verdanken wir einem technologisch hochentwickelten und modernen Maschinenpark; in der Tat investieren wir enorme wirtschaftliche Mittel in Technologie und Schulung des Personals, um Qualit\u00e4t, Sicherheit, Flexibilit\u00e4t, Zuverl\u00e4ssigkeit und Kundendienst zu garantieren\u00bb.<\/em><\/p><\/blockquote>\n\t<blockquote><em>\u00abTrotz der wirtschaftlichen Instabilit\u00e4t und der Ungewissheiten, die aus internationalen Spannungen resultieren, investiert Rimec weiterhin in einen Maschinenpark auf dem neuesten Stand der Technik, hochentwickelte Technologien und Ausr\u00fcstungen, Organisation und Humankapital, die das wahre Kapital des Unternehmens darstellen, so dass ein stetiges Wachstum in Bezug auf den Umsatz und vor allem auf die Glaubw\u00fcrdigkeit gegen\u00fcber dem Markt zu verzeichnen ist. Unser Unternehmen hat im Laufe der Jahre gezeigt, dass es in der Lage ist, Marktchancen zu ergreifen, in einem kontinuierlichen Evolutionsprozess und mit Augenmerk auf die Bed\u00fcrfnisse und Zufriedenheit der Kunden, und ist heute zertifizierter Lieferant f\u00fcr nationale und internationale Unternehmen von gro\u00dfer Bedeutung.<br \/>\nWichtige Ergebnisse wurden dank einer angemessenen Organisationsstruktur und internen Prozessen erzielt, die durch anspruchsvolle Software f\u00fcr die kontinuierliche \u00dcberwachung der Produktion (Status der Maschinen und laufende Prozesse) abgebildet werden.<br \/>\nIn der zuk\u00fcnftigen Strategie strebt die Rimec Group eine immer autoritativere Pr\u00e4senz auf dem internationalen Markt an, die Konsolidierung der Pr\u00e4senz auf dem heimischen Markt und einen kontinuierlichen Rationalisierungsprozess der internen Prozesse, um Marktanteile sowohl in Italien als auch im Ausland zu erh\u00f6hen. \u201eDie Aufmerksamkeit und das Engagement des Managements f\u00fcr die Zukunft der Rimec Group besteht darin, die besten Gesch\u00e4ftsentscheidungen f\u00fcr unsere Kunden, sowohl externe als auch interne, zu treffen: Die Produktqualit\u00e4t ist ein Indikator f\u00fcr die Prozessqualit\u00e4t und die Zufriedenheit des Marktes und unserer Ressourcen\u00bb.<\/em><\/blockquote>\n\t<meta itemprop=\"url\" content=\"https:\/\/rimecgroup.it\/wp-content\/uploads\/2024\/09\/presentazione.mp4\" \/><div style=\"width: 640px;\" class=\"wp-video\"><video class=\"wp-video-shortcode\" id=\"video-991305-1\" width=\"640\" height=\"360\" poster=\"https:\/\/rimecgroup.it\/wp-content\/uploads\/2024\/09\/cover-video-presentazione.jpg\" preload=\"none\" controls=\"controls\"><source type=\"video\/mp4\" src=\"https:\/\/rimecgroup.it\/wp-content\/uploads\/2024\/09\/presentazione.mp4?_=1\" \/><source type=\"video\/mp4\" src=\"https:\/\/rimecgroup.it\/wp-content\/uploads\/2024\/09\/presentazione.mp4?_=1\" \/><source type=\"video\/webm\" src=\"https:\/\/rimecgroup.it\/wp-content\/uploads\/2024\/09\/presentazione.webm?_=1\" \/><a href=\"https:\/\/rimecgroup.it\/wp-content\/uploads\/2024\/09\/presentazione.mp4\">https:\/\/rimecgroup.it\/wp-content\/uploads\/2024\/09\/presentazione.mp4<\/a><\/video><\/div>\n\n<\/div><!-- .vgblk-rw-wrapper -->","protected":false},"excerpt":{"rendered":"<p>Rimec Group Pr\u00e4zision Made in Italy Die Qualit\u00e4t der von Rimec Group produzierten Produkte ist auf dem Markt anerkannt, so sehr, dass das Unternehmen ein zertifizierter Lieferant f\u00fcr nationale und internationale Unternehmen von gro\u00dfer Bedeutung ist. Ihre Zuverl\u00e4ssigkeit geht Hand in Hand mit einer strategischen Vision. Pr\u00e4zisionsmechanik ist ein Aush\u00e4ngeschild der Made in Italy Industrie&#8230;<\/p>\n","protected":false},"author":1,"featured_media":0,"parent":0,"menu_order":0,"comment_status":"closed","ping_status":"closed","template":"","meta":{"inline_featured_image":false,"footnotes":""},"class_list":["post-991305","page","type-page","status-publish","hentry"],"jetpack_sharing_enabled":true,"_links":{"self":[{"href":"https:\/\/rimecgroup.it\/de\/wp-json\/wp\/v2\/pages\/991305","targetHints":{"allow":["GET"]}}],"collection":[{"href":"https:\/\/rimecgroup.it\/de\/wp-json\/wp\/v2\/pages"}],"about":[{"href":"https:\/\/rimecgroup.it\/de\/wp-json\/wp\/v2\/types\/page"}],"author":[{"embeddable":true,"href":"https:\/\/rimecgroup.it\/de\/wp-json\/wp\/v2\/users\/1"}],"replies":[{"embeddable":true,"href":"https:\/\/rimecgroup.it\/de\/wp-json\/wp\/v2\/comments?post=991305"}],"version-history":[{"count":3,"href":"https:\/\/rimecgroup.it\/de\/wp-json\/wp\/v2\/pages\/991305\/revisions"}],"predecessor-version":[{"id":991314,"href":"https:\/\/rimecgroup.it\/de\/wp-json\/wp\/v2\/pages\/991305\/revisions\/991314"}],"wp:attachment":[{"href":"https:\/\/rimecgroup.it\/de\/wp-json\/wp\/v2\/media?parent=991305"}],"curies":[{"name":"wp","href":"https:\/\/api.w.org\/{rel}","templated":true}]}}