{"id":991281,"date":"2025-01-08T08:29:00","date_gmt":"2025-01-08T08:29:00","guid":{"rendered":"https:\/\/rimecgroup.it\/componenti-in-acciaio-inox\/"},"modified":"2025-03-31T12:35:51","modified_gmt":"2025-03-31T12:35:51","slug":"componenti-in-acciaio-inox","status":"publish","type":"page","link":"https:\/\/rimecgroup.it\/de\/prodotti\/componenti-in-acciaio-inox\/","title":{"rendered":"Edelstahlkomponenten"},"content":{"rendered":"<div class=\"vgblk-rw-wrapper limit-wrapper\">\n<h2>\n\tEdelstahlkomponenten\n\t<\/h2>\n\t<p>Seit vielen Jahren stellt die Rimec Group Edelstahlkomponenten her. Wie bekannt ist, ist Edelstahl eines der vielseitigsten Materialien, das in der Industrie aufgrund seiner mechanischen, chemischen und \u00e4sthetischen Eigenschaften verwendet wird, die hohe Widerstandsf\u00e4higkeit, Zuverl\u00e4ssigkeit und Langlebigkeit garantieren.<\/p>\n<p>Diese Eigenschaften werden von einigen Kunden insbesondere im Automobilsektor gefordert, vor allem f\u00fcr Fahrzeughebebr\u00fccken, Radunterst\u00fctzungssysteme, Diagnosetools, Unfallreparaturausr\u00fcstungen sowie in der Lebensmittelindustrie.<\/p>\n\t<div class=\"tiled-gallery type-rectangular tiled-gallery-unresized\" data-original-width=\"1260\" data-carousel-extra='{&quot;blog_id&quot;:1,&quot;permalink&quot;:&quot;https:\\\/\\\/rimecgroup.it\\\/de\\\/prodotti\\\/componenti-in-acciaio-inox\\\/&quot;,&quot;likes_blog_id&quot;:228116180}' itemscope itemtype=\"http:\/\/schema.org\/ImageGallery\" > <div class=\"gallery-row\" style=\"width: 1260px; height: 711px;\" data-original-width=\"1260\" data-original-height=\"711\" > <div class=\"gallery-group images-1\" style=\"width: 1260px; height: 711px;\" data-original-width=\"1260\" data-original-height=\"711\" > <div class=\"tiled-gallery-item tiled-gallery-item-large\" itemprop=\"associatedMedia\" itemscope itemtype=\"http:\/\/schema.org\/ImageObject\"> <a href=\"https:\/\/rimecgroup.it\/de\/prodotti\/componenti-in-acciaio-inox\/componenti-in-acciaio-inox-01-2\/\" border=\"0\" itemprop=\"url\"> <meta itemprop=\"width\" content=\"1256\"> <meta itemprop=\"height\" content=\"707\"> <img decoding=\"async\" class=\"\" data-attachment-id=\"991282\" data-orig-file=\"https:\/\/rimecgroup.it\/wp-content\/uploads\/2025\/01\/componenti-in-acciaio-inox-01.jpg\" data-orig-size=\"1024,576\" data-comments-opened=\"\" data-image-meta=\"{&quot;aperture&quot;:&quot;0&quot;,&quot;credit&quot;:&quot;&quot;,&quot;camera&quot;:&quot;&quot;,&quot;caption&quot;:&quot;&quot;,&quot;created_timestamp&quot;:&quot;0&quot;,&quot;copyright&quot;:&quot;&quot;,&quot;focal_length&quot;:&quot;0&quot;,&quot;iso&quot;:&quot;0&quot;,&quot;shutter_speed&quot;:&quot;0&quot;,&quot;title&quot;:&quot;&quot;,&quot;orientation&quot;:&quot;0&quot;}\" data-image-title=\"Componenti in acciaio inox\" data-image-description=\"\" data-medium-file=\"https:\/\/rimecgroup.it\/wp-content\/uploads\/2025\/01\/componenti-in-acciaio-inox-01-300x169.jpg\" data-large-file=\"https:\/\/rimecgroup.it\/wp-content\/uploads\/2025\/01\/componenti-in-acciaio-inox-01.jpg\" src=\"https:\/\/i0.wp.com\/rimecgroup.it\/wp-content\/uploads\/2025\/01\/componenti-in-acciaio-inox-01.jpg?w=1256&#038;h=707&#038;ssl=1\" srcset=\"https:\/\/rimecgroup.it\/wp-content\/uploads\/2025\/01\/componenti-in-acciaio-inox-01.jpg 1024w, https:\/\/rimecgroup.it\/wp-content\/uploads\/2025\/01\/componenti-in-acciaio-inox-01-300x169.jpg 300w, https:\/\/rimecgroup.it\/wp-content\/uploads\/2025\/01\/componenti-in-acciaio-inox-01-768x432.jpg 768w, https:\/\/rimecgroup.it\/wp-content\/uploads\/2025\/01\/componenti-in-acciaio-inox-01-630x354.jpg 630w, https:\/\/rimecgroup.it\/wp-content\/uploads\/2025\/01\/componenti-in-acciaio-inox-01-420x236.jpg 420w, https:\/\/rimecgroup.it\/wp-content\/uploads\/2025\/01\/componenti-in-acciaio-inox-01-840x473.jpg 840w, https:\/\/rimecgroup.it\/wp-content\/uploads\/2025\/01\/componenti-in-acciaio-inox-01-315x177.jpg 315w\" width=\"1256\" height=\"707\" loading=\"lazy\" data-original-width=\"1256\" data-original-height=\"707\" itemprop=\"http:\/\/schema.org\/image\" title=\"Componenti in acciaio inox\" alt=\"Componenti in acciaio inox\" style=\"width: 1256px; height: 707px;\" \/> <\/a> <\/div> <\/div> <!-- close group --> <\/div> <!-- close row --> <\/div>\n\n<\/div><!-- .vgblk-rw-wrapper -->","protected":false},"excerpt":{"rendered":"<p>Edelstahlkomponenten Seit vielen Jahren stellt die Rimec Group Edelstahlkomponenten her. Wie bekannt ist, ist Edelstahl eines der vielseitigsten Materialien, das in der Industrie aufgrund seiner mechanischen, chemischen und \u00e4sthetischen Eigenschaften verwendet wird, die hohe Widerstandsf\u00e4higkeit, Zuverl\u00e4ssigkeit und Langlebigkeit garantieren. Diese Eigenschaften werden von einigen Kunden insbesondere im Automobilsektor gefordert, vor allem f\u00fcr Fahrzeughebebr\u00fccken, Radunterst\u00fctzungssysteme, Diagnosetools,&#8230;<\/p>\n","protected":false},"author":1,"featured_media":0,"parent":991796,"menu_order":0,"comment_status":"closed","ping_status":"closed","template":"","meta":{"inline_featured_image":false,"footnotes":""},"class_list":["post-991281","page","type-page","status-publish","hentry"],"jetpack_sharing_enabled":true,"_links":{"self":[{"href":"https:\/\/rimecgroup.it\/de\/wp-json\/wp\/v2\/pages\/991281","targetHints":{"allow":["GET"]}}],"collection":[{"href":"https:\/\/rimecgroup.it\/de\/wp-json\/wp\/v2\/pages"}],"about":[{"href":"https:\/\/rimecgroup.it\/de\/wp-json\/wp\/v2\/types\/page"}],"author":[{"embeddable":true,"href":"https:\/\/rimecgroup.it\/de\/wp-json\/wp\/v2\/users\/1"}],"replies":[{"embeddable":true,"href":"https:\/\/rimecgroup.it\/de\/wp-json\/wp\/v2\/comments?post=991281"}],"version-history":[{"count":3,"href":"https:\/\/rimecgroup.it\/de\/wp-json\/wp\/v2\/pages\/991281\/revisions"}],"predecessor-version":[{"id":991286,"href":"https:\/\/rimecgroup.it\/de\/wp-json\/wp\/v2\/pages\/991281\/revisions\/991286"}],"up":[{"embeddable":true,"href":"https:\/\/rimecgroup.it\/de\/wp-json\/wp\/v2\/pages\/991796"}],"wp:attachment":[{"href":"https:\/\/rimecgroup.it\/de\/wp-json\/wp\/v2\/media?parent=991281"}],"curies":[{"name":"wp","href":"https:\/\/api.w.org\/{rel}","templated":true}]}}