{"id":991241,"date":"2025-01-08T08:49:10","date_gmt":"2025-01-08T08:49:10","guid":{"rendered":"https:\/\/rimecgroup.it\/tiranti-tendicatena-registrabili-e-attacchi-fissi\/"},"modified":"2025-03-31T12:25:23","modified_gmt":"2025-03-31T12:25:23","slug":"tiranti-tendicatena-registrabili-e-attacchi-fissi","status":"publish","type":"page","link":"https:\/\/rimecgroup.it\/de\/prodotti\/tiranti-tendicatena-registrabili-e-attacchi-fissi\/","title":{"rendered":"Verstellbare Spannstangen und feste Befestigungen"},"content":{"rendered":"<div class=\"vgblk-rw-wrapper limit-wrapper\">\n<h2>\n\tVerstellbare Spannstangen und feste Befestigungen\n\t<\/h2>\n\t<p>Verstellbare Spannstangen sind Bauteile, die verwendet werden, um die richtige Spannung in F\u00f6rdererketten aufrechtzuerhalten. Diese Spannstangen k\u00f6nnen an verschiedene Kettenl\u00e4ngen und -spannungen angepasst werden und wirken \u00fcber die gesamte L\u00e4nge des Gewindes.\u2028Die Rimec Group kann selbst die komplexesten Anforderungen des Marktes erf\u00fcllen und bietet auch beratende Unterst\u00fctzung in Bezug auf die technischen und dimensionalen Eigenschaften des Endprodukts.\u2028Die Kettenspanner k\u00f6nnen vollst\u00e4ndig mit Oberfl\u00e4chenbehandlung geliefert werden, einschlie\u00dflich Vernickelung, Verzinkung, Glanzverchromung und Geomet.<\/p>\n<p>Feste Befestigungen f\u00fcr F\u00f6rdererketten sind Bauteile, die die Kette sicher mit einer Struktur oder anderen Komponenten verbinden. Im Gegensatz zu verstellbaren Zugstangen verf\u00fcgen sie nicht \u00fcber ein Einstellgewinde und k\u00f6nnen nach der Installation nicht mehr angepasst werden, bieten jedoch eine robuste und zuverl\u00e4ssige Verbindung. Die Rimec Group ist auch in der Lage, feste Befestigungen mit Oberfl\u00e4chenbehandlung und\/oder nach Kundenspezifikation zu liefern.<\/p>\n\t<div class=\"tiled-gallery type-rectangular tiled-gallery-unresized\" data-original-width=\"1260\" data-carousel-extra='{&quot;blog_id&quot;:1,&quot;permalink&quot;:&quot;https:\\\/\\\/rimecgroup.it\\\/de\\\/prodotti\\\/tiranti-tendicatena-registrabili-e-attacchi-fissi\\\/&quot;,&quot;likes_blog_id&quot;:228116180}' itemscope itemtype=\"http:\/\/schema.org\/ImageGallery\" > <div class=\"gallery-row\" style=\"width: 1260px; height: 840px;\" data-original-width=\"1260\" data-original-height=\"840\" > <div class=\"gallery-group images-1\" style=\"width: 840px; height: 840px;\" data-original-width=\"840\" data-original-height=\"840\" > <div class=\"tiled-gallery-item tiled-gallery-item-large\" itemprop=\"associatedMedia\" itemscope itemtype=\"http:\/\/schema.org\/ImageObject\"> <a href=\"https:\/\/rimecgroup.it\/de\/prodotti\/tiranti-tendicatena-registrabili-e-attacchi-fissi\/tiranti-tendicatena-registrabili-e-attacchi-fissi-01\/\" border=\"0\" itemprop=\"url\"> <meta itemprop=\"width\" content=\"836\"> <meta itemprop=\"height\" content=\"836\"> <img decoding=\"async\" class=\"\" data-attachment-id=\"991246\" data-orig-file=\"https:\/\/rimecgroup.it\/wp-content\/uploads\/2025\/01\/tiranti-tendicatena-registrabili-e-attacchi-fissi-01.jpg\" data-orig-size=\"1024,1024\" data-comments-opened=\"\" data-image-meta=\"{&quot;aperture&quot;:&quot;0&quot;,&quot;credit&quot;:&quot;&quot;,&quot;camera&quot;:&quot;&quot;,&quot;caption&quot;:&quot;&quot;,&quot;created_timestamp&quot;:&quot;0&quot;,&quot;copyright&quot;:&quot;&quot;,&quot;focal_length&quot;:&quot;0&quot;,&quot;iso&quot;:&quot;0&quot;,&quot;shutter_speed&quot;:&quot;0&quot;,&quot;title&quot;:&quot;&quot;,&quot;orientation&quot;:&quot;0&quot;}\" data-image-title=\"Tiranti tendicatena registrabili e attacchi fissi\" data-image-description=\"\" data-medium-file=\"https:\/\/rimecgroup.it\/wp-content\/uploads\/2025\/01\/tiranti-tendicatena-registrabili-e-attacchi-fissi-01-300x300.jpg\" data-large-file=\"https:\/\/rimecgroup.it\/wp-content\/uploads\/2025\/01\/tiranti-tendicatena-registrabili-e-attacchi-fissi-01.jpg\" src=\"https:\/\/i0.wp.com\/rimecgroup.it\/wp-content\/uploads\/2025\/01\/tiranti-tendicatena-registrabili-e-attacchi-fissi-01.jpg?w=836&#038;h=836&#038;crop=1&#038;ssl=1\" srcset=\"https:\/\/rimecgroup.it\/wp-content\/uploads\/2025\/01\/tiranti-tendicatena-registrabili-e-attacchi-fissi-01.jpg 1024w, https:\/\/rimecgroup.it\/wp-content\/uploads\/2025\/01\/tiranti-tendicatena-registrabili-e-attacchi-fissi-01-300x300.jpg 300w, https:\/\/rimecgroup.it\/wp-content\/uploads\/2025\/01\/tiranti-tendicatena-registrabili-e-attacchi-fissi-01-150x150.jpg 150w, https:\/\/rimecgroup.it\/wp-content\/uploads\/2025\/01\/tiranti-tendicatena-registrabili-e-attacchi-fissi-01-768x768.jpg 768w, https:\/\/rimecgroup.it\/wp-content\/uploads\/2025\/01\/tiranti-tendicatena-registrabili-e-attacchi-fissi-01-630x630.jpg 630w, https:\/\/rimecgroup.it\/wp-content\/uploads\/2025\/01\/tiranti-tendicatena-registrabili-e-attacchi-fissi-01-420x420.jpg 420w, https:\/\/rimecgroup.it\/wp-content\/uploads\/2025\/01\/tiranti-tendicatena-registrabili-e-attacchi-fissi-01-840x840.jpg 840w, https:\/\/rimecgroup.it\/wp-content\/uploads\/2025\/01\/tiranti-tendicatena-registrabili-e-attacchi-fissi-01-315x315.jpg 315w, https:\/\/rimecgroup.it\/wp-content\/uploads\/2025\/01\/tiranti-tendicatena-registrabili-e-attacchi-fissi-01-100x100.jpg 100w\" width=\"836\" height=\"836\" loading=\"lazy\" data-original-width=\"836\" data-original-height=\"836\" itemprop=\"http:\/\/schema.org\/image\" title=\"Tiranti tendicatena registrabili e attacchi fissi\" alt=\"Tiranti tendicatena registrabili e attacchi fissi\" style=\"width: 836px; height: 836px;\" \/> <\/a> <\/div> <\/div> <!-- close group --> <div class=\"gallery-group images-2\" style=\"width: 420px; height: 840px;\" data-original-width=\"420\" data-original-height=\"840\" > <div class=\"tiled-gallery-item tiled-gallery-item-large\" itemprop=\"associatedMedia\" itemscope itemtype=\"http:\/\/schema.org\/ImageObject\"> <a href=\"https:\/\/rimecgroup.it\/de\/prodotti\/tiranti-tendicatena-registrabili-e-attacchi-fissi\/tiranti-tendicatena-registrabili-e-attacchi-fissi-02\/\" border=\"0\" itemprop=\"url\"> <meta itemprop=\"width\" content=\"416\"> <meta itemprop=\"height\" content=\"416\"> <img decoding=\"async\" class=\"\" data-attachment-id=\"991245\" data-orig-file=\"https:\/\/rimecgroup.it\/wp-content\/uploads\/2025\/01\/tiranti-tendicatena-registrabili-e-attacchi-fissi-02.jpg\" data-orig-size=\"1024,1024\" data-comments-opened=\"\" data-image-meta=\"{&quot;aperture&quot;:&quot;0&quot;,&quot;credit&quot;:&quot;&quot;,&quot;camera&quot;:&quot;&quot;,&quot;caption&quot;:&quot;&quot;,&quot;created_timestamp&quot;:&quot;0&quot;,&quot;copyright&quot;:&quot;&quot;,&quot;focal_length&quot;:&quot;0&quot;,&quot;iso&quot;:&quot;0&quot;,&quot;shutter_speed&quot;:&quot;0&quot;,&quot;title&quot;:&quot;&quot;,&quot;orientation&quot;:&quot;0&quot;}\" data-image-title=\"Tiranti tendicatena registrabili e attacchi fissi\" data-image-description=\"\" data-medium-file=\"https:\/\/rimecgroup.it\/wp-content\/uploads\/2025\/01\/tiranti-tendicatena-registrabili-e-attacchi-fissi-02-300x300.jpg\" data-large-file=\"https:\/\/rimecgroup.it\/wp-content\/uploads\/2025\/01\/tiranti-tendicatena-registrabili-e-attacchi-fissi-02.jpg\" src=\"https:\/\/i0.wp.com\/rimecgroup.it\/wp-content\/uploads\/2025\/01\/tiranti-tendicatena-registrabili-e-attacchi-fissi-02.jpg?w=416&#038;h=416&#038;crop=1&#038;ssl=1\" srcset=\"https:\/\/rimecgroup.it\/wp-content\/uploads\/2025\/01\/tiranti-tendicatena-registrabili-e-attacchi-fissi-02.jpg 1024w, https:\/\/rimecgroup.it\/wp-content\/uploads\/2025\/01\/tiranti-tendicatena-registrabili-e-attacchi-fissi-02-300x300.jpg 300w, https:\/\/rimecgroup.it\/wp-content\/uploads\/2025\/01\/tiranti-tendicatena-registrabili-e-attacchi-fissi-02-150x150.jpg 150w, https:\/\/rimecgroup.it\/wp-content\/uploads\/2025\/01\/tiranti-tendicatena-registrabili-e-attacchi-fissi-02-768x768.jpg 768w, https:\/\/rimecgroup.it\/wp-content\/uploads\/2025\/01\/tiranti-tendicatena-registrabili-e-attacchi-fissi-02-630x630.jpg 630w, https:\/\/rimecgroup.it\/wp-content\/uploads\/2025\/01\/tiranti-tendicatena-registrabili-e-attacchi-fissi-02-420x420.jpg 420w, https:\/\/rimecgroup.it\/wp-content\/uploads\/2025\/01\/tiranti-tendicatena-registrabili-e-attacchi-fissi-02-840x840.jpg 840w, https:\/\/rimecgroup.it\/wp-content\/uploads\/2025\/01\/tiranti-tendicatena-registrabili-e-attacchi-fissi-02-315x315.jpg 315w, https:\/\/rimecgroup.it\/wp-content\/uploads\/2025\/01\/tiranti-tendicatena-registrabili-e-attacchi-fissi-02-100x100.jpg 100w\" width=\"416\" height=\"416\" loading=\"lazy\" data-original-width=\"416\" data-original-height=\"416\" itemprop=\"http:\/\/schema.org\/image\" title=\"Tiranti tendicatena registrabili e attacchi fissi\" alt=\"Tiranti tendicatena registrabili e attacchi fissi\" style=\"width: 416px; height: 416px;\" \/> <\/a> <\/div> <div class=\"tiled-gallery-item tiled-gallery-item-large\" itemprop=\"associatedMedia\" itemscope itemtype=\"http:\/\/schema.org\/ImageObject\"> <a href=\"https:\/\/rimecgroup.it\/de\/prodotti\/tiranti-tendicatena-registrabili-e-attacchi-fissi\/tiranti-tendicatena-registrabili-e-attacchi-fissi-03\/\" border=\"0\" itemprop=\"url\"> <meta itemprop=\"width\" content=\"416\"> <meta itemprop=\"height\" content=\"416\"> <img decoding=\"async\" class=\"\" data-attachment-id=\"991244\" data-orig-file=\"https:\/\/rimecgroup.it\/wp-content\/uploads\/2025\/01\/tiranti-tendicatena-registrabili-e-attacchi-fissi-03.jpg\" data-orig-size=\"1024,1024\" data-comments-opened=\"\" data-image-meta=\"{&quot;aperture&quot;:&quot;0&quot;,&quot;credit&quot;:&quot;&quot;,&quot;camera&quot;:&quot;&quot;,&quot;caption&quot;:&quot;&quot;,&quot;created_timestamp&quot;:&quot;0&quot;,&quot;copyright&quot;:&quot;&quot;,&quot;focal_length&quot;:&quot;0&quot;,&quot;iso&quot;:&quot;0&quot;,&quot;shutter_speed&quot;:&quot;0&quot;,&quot;title&quot;:&quot;&quot;,&quot;orientation&quot;:&quot;0&quot;}\" data-image-title=\"Tiranti tendicatena registrabili e attacchi fissi\" data-image-description=\"\" data-medium-file=\"https:\/\/rimecgroup.it\/wp-content\/uploads\/2025\/01\/tiranti-tendicatena-registrabili-e-attacchi-fissi-03-300x300.jpg\" data-large-file=\"https:\/\/rimecgroup.it\/wp-content\/uploads\/2025\/01\/tiranti-tendicatena-registrabili-e-attacchi-fissi-03.jpg\" src=\"https:\/\/i0.wp.com\/rimecgroup.it\/wp-content\/uploads\/2025\/01\/tiranti-tendicatena-registrabili-e-attacchi-fissi-03.jpg?w=416&#038;h=416&#038;crop=1&#038;ssl=1\" srcset=\"https:\/\/rimecgroup.it\/wp-content\/uploads\/2025\/01\/tiranti-tendicatena-registrabili-e-attacchi-fissi-03.jpg 1024w, https:\/\/rimecgroup.it\/wp-content\/uploads\/2025\/01\/tiranti-tendicatena-registrabili-e-attacchi-fissi-03-300x300.jpg 300w, https:\/\/rimecgroup.it\/wp-content\/uploads\/2025\/01\/tiranti-tendicatena-registrabili-e-attacchi-fissi-03-150x150.jpg 150w, https:\/\/rimecgroup.it\/wp-content\/uploads\/2025\/01\/tiranti-tendicatena-registrabili-e-attacchi-fissi-03-768x768.jpg 768w, https:\/\/rimecgroup.it\/wp-content\/uploads\/2025\/01\/tiranti-tendicatena-registrabili-e-attacchi-fissi-03-630x630.jpg 630w, https:\/\/rimecgroup.it\/wp-content\/uploads\/2025\/01\/tiranti-tendicatena-registrabili-e-attacchi-fissi-03-420x420.jpg 420w, https:\/\/rimecgroup.it\/wp-content\/uploads\/2025\/01\/tiranti-tendicatena-registrabili-e-attacchi-fissi-03-840x840.jpg 840w, https:\/\/rimecgroup.it\/wp-content\/uploads\/2025\/01\/tiranti-tendicatena-registrabili-e-attacchi-fissi-03-315x315.jpg 315w, https:\/\/rimecgroup.it\/wp-content\/uploads\/2025\/01\/tiranti-tendicatena-registrabili-e-attacchi-fissi-03-100x100.jpg 100w\" width=\"416\" height=\"416\" loading=\"lazy\" data-original-width=\"416\" data-original-height=\"416\" itemprop=\"http:\/\/schema.org\/image\" title=\"Tiranti tendicatena registrabili e attacchi fissi\" alt=\"Tiranti tendicatena registrabili e attacchi fissi\" style=\"width: 416px; height: 416px;\" \/> <\/a> <\/div> <\/div> <!-- close group --> <\/div> <!-- close row --> <div class=\"gallery-row\" style=\"width: 1260px; height: 630px;\" data-original-width=\"1260\" data-original-height=\"630\" > <div class=\"gallery-group images-1\" style=\"width: 630px; height: 630px;\" data-original-width=\"630\" data-original-height=\"630\" > <div class=\"tiled-gallery-item tiled-gallery-item-large\" itemprop=\"associatedMedia\" itemscope itemtype=\"http:\/\/schema.org\/ImageObject\"> <a href=\"https:\/\/rimecgroup.it\/de\/prodotti\/tiranti-tendicatena-registrabili-e-attacchi-fissi\/tiranti-tendicatena-registrabili-e-attacchi-fissi-04\/\" border=\"0\" itemprop=\"url\"> <meta itemprop=\"width\" content=\"626\"> <meta itemprop=\"height\" content=\"626\"> <img decoding=\"async\" class=\"\" data-attachment-id=\"991243\" data-orig-file=\"https:\/\/rimecgroup.it\/wp-content\/uploads\/2025\/01\/tiranti-tendicatena-registrabili-e-attacchi-fissi-04.jpg\" data-orig-size=\"1024,1024\" data-comments-opened=\"\" data-image-meta=\"{&quot;aperture&quot;:&quot;0&quot;,&quot;credit&quot;:&quot;&quot;,&quot;camera&quot;:&quot;&quot;,&quot;caption&quot;:&quot;&quot;,&quot;created_timestamp&quot;:&quot;0&quot;,&quot;copyright&quot;:&quot;&quot;,&quot;focal_length&quot;:&quot;0&quot;,&quot;iso&quot;:&quot;0&quot;,&quot;shutter_speed&quot;:&quot;0&quot;,&quot;title&quot;:&quot;&quot;,&quot;orientation&quot;:&quot;0&quot;}\" data-image-title=\"Tiranti tendicatena registrabili e attacchi fissi\" data-image-description=\"\" data-medium-file=\"https:\/\/rimecgroup.it\/wp-content\/uploads\/2025\/01\/tiranti-tendicatena-registrabili-e-attacchi-fissi-04-300x300.jpg\" data-large-file=\"https:\/\/rimecgroup.it\/wp-content\/uploads\/2025\/01\/tiranti-tendicatena-registrabili-e-attacchi-fissi-04.jpg\" src=\"https:\/\/i0.wp.com\/rimecgroup.it\/wp-content\/uploads\/2025\/01\/tiranti-tendicatena-registrabili-e-attacchi-fissi-04.jpg?w=626&#038;h=626&#038;crop=1&#038;ssl=1\" srcset=\"https:\/\/rimecgroup.it\/wp-content\/uploads\/2025\/01\/tiranti-tendicatena-registrabili-e-attacchi-fissi-04.jpg 1024w, https:\/\/rimecgroup.it\/wp-content\/uploads\/2025\/01\/tiranti-tendicatena-registrabili-e-attacchi-fissi-04-300x300.jpg 300w, https:\/\/rimecgroup.it\/wp-content\/uploads\/2025\/01\/tiranti-tendicatena-registrabili-e-attacchi-fissi-04-150x150.jpg 150w, https:\/\/rimecgroup.it\/wp-content\/uploads\/2025\/01\/tiranti-tendicatena-registrabili-e-attacchi-fissi-04-768x768.jpg 768w, https:\/\/rimecgroup.it\/wp-content\/uploads\/2025\/01\/tiranti-tendicatena-registrabili-e-attacchi-fissi-04-630x630.jpg 630w, https:\/\/rimecgroup.it\/wp-content\/uploads\/2025\/01\/tiranti-tendicatena-registrabili-e-attacchi-fissi-04-420x420.jpg 420w, https:\/\/rimecgroup.it\/wp-content\/uploads\/2025\/01\/tiranti-tendicatena-registrabili-e-attacchi-fissi-04-840x840.jpg 840w, https:\/\/rimecgroup.it\/wp-content\/uploads\/2025\/01\/tiranti-tendicatena-registrabili-e-attacchi-fissi-04-315x315.jpg 315w, https:\/\/rimecgroup.it\/wp-content\/uploads\/2025\/01\/tiranti-tendicatena-registrabili-e-attacchi-fissi-04-100x100.jpg 100w\" width=\"626\" height=\"626\" loading=\"lazy\" data-original-width=\"626\" data-original-height=\"626\" itemprop=\"http:\/\/schema.org\/image\" title=\"Tiranti tendicatena registrabili e attacchi fissi\" alt=\"Tiranti tendicatena registrabili e attacchi fissi\" style=\"width: 626px; height: 626px;\" \/> <\/a> <\/div> <\/div> <!-- close group --> <div class=\"gallery-group images-1\" style=\"width: 630px; height: 630px;\" data-original-width=\"630\" data-original-height=\"630\" > <div class=\"tiled-gallery-item tiled-gallery-item-large\" itemprop=\"associatedMedia\" itemscope itemtype=\"http:\/\/schema.org\/ImageObject\"> <a href=\"https:\/\/rimecgroup.it\/de\/prodotti\/tiranti-tendicatena-registrabili-e-attacchi-fissi\/tiranti-tendicatena-registrabili-e-attacchi-fissi-05-2\/\" border=\"0\" itemprop=\"url\"> <meta itemprop=\"width\" content=\"626\"> <meta itemprop=\"height\" content=\"626\"> <img decoding=\"async\" class=\"\" data-attachment-id=\"991242\" data-orig-file=\"https:\/\/rimecgroup.it\/wp-content\/uploads\/2025\/01\/tiranti-tendicatena-registrabili-e-attacchi-fissi-05.jpg\" data-orig-size=\"1024,1024\" data-comments-opened=\"\" data-image-meta=\"{&quot;aperture&quot;:&quot;0&quot;,&quot;credit&quot;:&quot;&quot;,&quot;camera&quot;:&quot;&quot;,&quot;caption&quot;:&quot;&quot;,&quot;created_timestamp&quot;:&quot;0&quot;,&quot;copyright&quot;:&quot;&quot;,&quot;focal_length&quot;:&quot;0&quot;,&quot;iso&quot;:&quot;0&quot;,&quot;shutter_speed&quot;:&quot;0&quot;,&quot;title&quot;:&quot;&quot;,&quot;orientation&quot;:&quot;0&quot;}\" data-image-title=\"Tiranti tendicatena registrabili e attacchi fissi\" data-image-description=\"\" data-medium-file=\"https:\/\/rimecgroup.it\/wp-content\/uploads\/2025\/01\/tiranti-tendicatena-registrabili-e-attacchi-fissi-05-300x300.jpg\" data-large-file=\"https:\/\/rimecgroup.it\/wp-content\/uploads\/2025\/01\/tiranti-tendicatena-registrabili-e-attacchi-fissi-05.jpg\" src=\"https:\/\/i0.wp.com\/rimecgroup.it\/wp-content\/uploads\/2025\/01\/tiranti-tendicatena-registrabili-e-attacchi-fissi-05.jpg?w=626&#038;h=626&#038;crop=1&#038;ssl=1\" srcset=\"https:\/\/rimecgroup.it\/wp-content\/uploads\/2025\/01\/tiranti-tendicatena-registrabili-e-attacchi-fissi-05.jpg 1024w, https:\/\/rimecgroup.it\/wp-content\/uploads\/2025\/01\/tiranti-tendicatena-registrabili-e-attacchi-fissi-05-300x300.jpg 300w, https:\/\/rimecgroup.it\/wp-content\/uploads\/2025\/01\/tiranti-tendicatena-registrabili-e-attacchi-fissi-05-150x150.jpg 150w, https:\/\/rimecgroup.it\/wp-content\/uploads\/2025\/01\/tiranti-tendicatena-registrabili-e-attacchi-fissi-05-768x768.jpg 768w, https:\/\/rimecgroup.it\/wp-content\/uploads\/2025\/01\/tiranti-tendicatena-registrabili-e-attacchi-fissi-05-630x630.jpg 630w, https:\/\/rimecgroup.it\/wp-content\/uploads\/2025\/01\/tiranti-tendicatena-registrabili-e-attacchi-fissi-05-420x420.jpg 420w, https:\/\/rimecgroup.it\/wp-content\/uploads\/2025\/01\/tiranti-tendicatena-registrabili-e-attacchi-fissi-05-840x840.jpg 840w, https:\/\/rimecgroup.it\/wp-content\/uploads\/2025\/01\/tiranti-tendicatena-registrabili-e-attacchi-fissi-05-315x315.jpg 315w, https:\/\/rimecgroup.it\/wp-content\/uploads\/2025\/01\/tiranti-tendicatena-registrabili-e-attacchi-fissi-05-100x100.jpg 100w\" width=\"626\" height=\"626\" loading=\"lazy\" data-original-width=\"626\" data-original-height=\"626\" itemprop=\"http:\/\/schema.org\/image\" title=\"Tiranti tendicatena registrabili e attacchi fissi\" alt=\"Tiranti tendicatena registrabili e attacchi fissi\" style=\"width: 626px; height: 626px;\" \/> <\/a> <\/div> <\/div> <!-- close group --> <\/div> <!-- close row --> <\/div>\n\n<\/div><!-- .vgblk-rw-wrapper -->","protected":false},"excerpt":{"rendered":"<p>Verstellbare Spannstangen und feste Befestigungen Verstellbare Spannstangen sind Bauteile, die verwendet werden, um die richtige Spannung in F\u00f6rdererketten aufrechtzuerhalten. Diese Spannstangen k\u00f6nnen an verschiedene Kettenl\u00e4ngen und -spannungen angepasst werden und wirken \u00fcber die gesamte L\u00e4nge des Gewindes.\u2028Die Rimec Group kann selbst die komplexesten Anforderungen des Marktes erf\u00fcllen und bietet auch beratende Unterst\u00fctzung in Bezug auf&#8230;<\/p>\n","protected":false},"author":1,"featured_media":0,"parent":991796,"menu_order":0,"comment_status":"closed","ping_status":"closed","template":"","meta":{"inline_featured_image":false,"footnotes":""},"class_list":["post-991241","page","type-page","status-publish","hentry"],"jetpack_sharing_enabled":true,"_links":{"self":[{"href":"https:\/\/rimecgroup.it\/de\/wp-json\/wp\/v2\/pages\/991241","targetHints":{"allow":["GET"]}}],"collection":[{"href":"https:\/\/rimecgroup.it\/de\/wp-json\/wp\/v2\/pages"}],"about":[{"href":"https:\/\/rimecgroup.it\/de\/wp-json\/wp\/v2\/types\/page"}],"author":[{"embeddable":true,"href":"https:\/\/rimecgroup.it\/de\/wp-json\/wp\/v2\/users\/1"}],"replies":[{"embeddable":true,"href":"https:\/\/rimecgroup.it\/de\/wp-json\/wp\/v2\/comments?post=991241"}],"version-history":[{"count":2,"href":"https:\/\/rimecgroup.it\/de\/wp-json\/wp\/v2\/pages\/991241\/revisions"}],"predecessor-version":[{"id":991249,"href":"https:\/\/rimecgroup.it\/de\/wp-json\/wp\/v2\/pages\/991241\/revisions\/991249"}],"up":[{"embeddable":true,"href":"https:\/\/rimecgroup.it\/de\/wp-json\/wp\/v2\/pages\/991796"}],"wp:attachment":[{"href":"https:\/\/rimecgroup.it\/de\/wp-json\/wp\/v2\/media?parent=991241"}],"curies":[{"name":"wp","href":"https:\/\/api.w.org\/{rel}","templated":true}]}}