{"id":991219,"date":"2024-12-09T16:24:49","date_gmt":"2024-12-09T16:24:49","guid":{"rendered":"https:\/\/rimecgroup.it\/perni-di-incernieramento\/"},"modified":"2025-03-31T12:23:46","modified_gmt":"2025-03-31T12:23:46","slug":"perni-di-incernieramento","status":"publish","type":"page","link":"https:\/\/rimecgroup.it\/de\/prodotti\/perni-di-incernieramento\/","title":{"rendered":"Drehbolzen"},"content":{"rendered":"<div class=\"vgblk-rw-wrapper limit-wrapper\">\r\n<h2>\r\n\tDrehbolzen\r\n\t<\/h2>\r\n\t<p>Die Rimec Group verf\u00fcgt \u00fcber eine langj\u00e4hrige Erfahrung im Bereich der Drehbolzen und ist so weit fortgeschritten, dass sie als qualifizierter Lieferant f\u00fcr die gr\u00f6\u00dften internationalen Konzerne t\u00e4tig ist. Die Rimec Group kann jeden Typ von Bolzen nach Kundenspezifikation und in sehr hohen St\u00fcckzahlen produzieren, dank modernster Maschinen und hoher Produktionskapazit\u00e4t.<\/p>\r\n<p>Wir k\u00f6nnen kleine Bolzen bis hin zu sehr gro\u00dfen Dimensionen (max. Durchmesser 130) produzieren. Die Bolzen k\u00f6nnen geschwei\u00dft oder ohne Schwei\u00dfung (Patentschutz von Rimec) hergestellt werden, mit einer h\u00f6heren Garantie f\u00fcr Zuverl\u00e4ssigkeit und Sicherheit in den anspruchsvollsten Anwendungen. Der Unterschied zwischen einem geschwei\u00dften und einem schwei\u00dffreien Bolzen liegt haupts\u00e4chlich in der h\u00f6heren Sicherheit des Produkts, besseren allgemeinen physikalisch-mechanischen Eigenschaften, geringerer Oxidationsgefahr \u00fcber den Lebenszyklus des Produkts, besserem Aussehen, gr\u00f6\u00dferer Praktikabilit\u00e4t und geringeren Kosten.<\/p>\r\n<p>Die Bolzen der Rimec Group sind besonders beliebt auf den M\u00e4rkten f\u00fcr Erdbewegungsmaschinen, Krananlagen und Hubarbeitsb\u00fchnen.<\/p>\r\n\t<a href=\"\/wp-content\/uploads\/2024\/12\/BROCHURE_PERNI_italiano.pdf\" target=\"_blank\" role=\"button\">\r\n\t\t\t\t\tLaden Sie den Katalog der Drehbolzen der Rimec Group herunter\r\n\t<\/a>\r\n\t<div class=\"tiled-gallery type-rectangular tiled-gallery-unresized\" data-original-width=\"1260\" data-carousel-extra='{&quot;blog_id&quot;:1,&quot;permalink&quot;:&quot;https:\\\/\\\/rimecgroup.it\\\/de\\\/prodotti\\\/perni-di-incernieramento\\\/&quot;,&quot;likes_blog_id&quot;:228116180}' itemscope itemtype=\"http:\/\/schema.org\/ImageGallery\" > <div class=\"gallery-row\" style=\"width: 1260px; height: 840px;\" data-original-width=\"1260\" data-original-height=\"840\" > <div class=\"gallery-group images-1\" style=\"width: 840px; height: 840px;\" data-original-width=\"840\" data-original-height=\"840\" > <div class=\"tiled-gallery-item tiled-gallery-item-large\" itemprop=\"associatedMedia\" itemscope itemtype=\"http:\/\/schema.org\/ImageObject\"> <a href=\"https:\/\/rimecgroup.it\/de\/prodotti\/perni-di-incernieramento\/perni-di-incernieramento-01-2\/\" border=\"0\" itemprop=\"url\"> <meta itemprop=\"width\" content=\"836\"> <meta itemprop=\"height\" content=\"836\"> <img decoding=\"async\" class=\"\" data-attachment-id=\"991220\" data-orig-file=\"https:\/\/rimecgroup.it\/wp-content\/uploads\/2024\/12\/perni-di-incernieramento-01.png\" data-orig-size=\"1800,1800\" data-comments-opened=\"\" data-image-meta=\"{&quot;aperture&quot;:&quot;0&quot;,&quot;credit&quot;:&quot;&quot;,&quot;camera&quot;:&quot;&quot;,&quot;caption&quot;:&quot;&quot;,&quot;created_timestamp&quot;:&quot;0&quot;,&quot;copyright&quot;:&quot;&quot;,&quot;focal_length&quot;:&quot;0&quot;,&quot;iso&quot;:&quot;0&quot;,&quot;shutter_speed&quot;:&quot;0&quot;,&quot;title&quot;:&quot;&quot;,&quot;orientation&quot;:&quot;0&quot;}\" data-image-title=\"Perni di incernieramento\" data-image-description=\"\" data-medium-file=\"https:\/\/rimecgroup.it\/wp-content\/uploads\/2024\/12\/perni-di-incernieramento-01-300x300.png\" data-large-file=\"https:\/\/rimecgroup.it\/wp-content\/uploads\/2024\/12\/perni-di-incernieramento-01-1024x1024.png\" src=\"https:\/\/i0.wp.com\/rimecgroup.it\/wp-content\/uploads\/2024\/12\/perni-di-incernieramento-01.png?w=836&#038;h=836&#038;crop=1&#038;ssl=1\" srcset=\"https:\/\/rimecgroup.it\/wp-content\/uploads\/2024\/12\/perni-di-incernieramento-01.png 1800w, https:\/\/rimecgroup.it\/wp-content\/uploads\/2024\/12\/perni-di-incernieramento-01-300x300.png 300w, https:\/\/rimecgroup.it\/wp-content\/uploads\/2024\/12\/perni-di-incernieramento-01-1024x1024.png 1024w, https:\/\/rimecgroup.it\/wp-content\/uploads\/2024\/12\/perni-di-incernieramento-01-150x150.png 150w, https:\/\/rimecgroup.it\/wp-content\/uploads\/2024\/12\/perni-di-incernieramento-01-768x768.png 768w, https:\/\/rimecgroup.it\/wp-content\/uploads\/2024\/12\/perni-di-incernieramento-01-1536x1536.png 1536w, https:\/\/rimecgroup.it\/wp-content\/uploads\/2024\/12\/perni-di-incernieramento-01-1260x1260.png 1260w, https:\/\/rimecgroup.it\/wp-content\/uploads\/2024\/12\/perni-di-incernieramento-01-630x630.png 630w, https:\/\/rimecgroup.it\/wp-content\/uploads\/2024\/12\/perni-di-incernieramento-01-420x420.png 420w, https:\/\/rimecgroup.it\/wp-content\/uploads\/2024\/12\/perni-di-incernieramento-01-840x840.png 840w, https:\/\/rimecgroup.it\/wp-content\/uploads\/2024\/12\/perni-di-incernieramento-01-315x315.png 315w, https:\/\/rimecgroup.it\/wp-content\/uploads\/2024\/12\/perni-di-incernieramento-01-100x100.png 100w\" width=\"836\" height=\"836\" loading=\"lazy\" data-original-width=\"836\" data-original-height=\"836\" itemprop=\"http:\/\/schema.org\/image\" title=\"Perni di incernieramento\" alt=\"Perni di incernieramento\" style=\"width: 836px; height: 836px;\" \/> <\/a> <\/div> <\/div> <!-- close group --> <div class=\"gallery-group images-2\" style=\"width: 420px; height: 840px;\" data-original-width=\"420\" data-original-height=\"840\" > <div class=\"tiled-gallery-item tiled-gallery-item-large\" itemprop=\"associatedMedia\" itemscope itemtype=\"http:\/\/schema.org\/ImageObject\"> <a href=\"https:\/\/rimecgroup.it\/de\/prodotti\/perni-di-incernieramento\/perni-di-incernieramento-02\/\" border=\"0\" itemprop=\"url\"> <meta itemprop=\"width\" content=\"416\"> <meta itemprop=\"height\" content=\"416\"> <img decoding=\"async\" class=\"\" data-attachment-id=\"991221\" data-orig-file=\"https:\/\/rimecgroup.it\/wp-content\/uploads\/2024\/12\/perni-di-incernieramento-02.png\" data-orig-size=\"1800,1800\" data-comments-opened=\"\" data-image-meta=\"{&quot;aperture&quot;:&quot;0&quot;,&quot;credit&quot;:&quot;&quot;,&quot;camera&quot;:&quot;&quot;,&quot;caption&quot;:&quot;&quot;,&quot;created_timestamp&quot;:&quot;0&quot;,&quot;copyright&quot;:&quot;&quot;,&quot;focal_length&quot;:&quot;0&quot;,&quot;iso&quot;:&quot;0&quot;,&quot;shutter_speed&quot;:&quot;0&quot;,&quot;title&quot;:&quot;&quot;,&quot;orientation&quot;:&quot;0&quot;}\" data-image-title=\"Perni di incernieramento\" data-image-description=\"\" data-medium-file=\"https:\/\/rimecgroup.it\/wp-content\/uploads\/2024\/12\/perni-di-incernieramento-02-300x300.png\" data-large-file=\"https:\/\/rimecgroup.it\/wp-content\/uploads\/2024\/12\/perni-di-incernieramento-02-1024x1024.png\" src=\"https:\/\/i0.wp.com\/rimecgroup.it\/wp-content\/uploads\/2024\/12\/perni-di-incernieramento-02.png?w=416&#038;h=416&#038;crop=1&#038;ssl=1\" srcset=\"https:\/\/rimecgroup.it\/wp-content\/uploads\/2024\/12\/perni-di-incernieramento-02.png 1800w, https:\/\/rimecgroup.it\/wp-content\/uploads\/2024\/12\/perni-di-incernieramento-02-300x300.png 300w, https:\/\/rimecgroup.it\/wp-content\/uploads\/2024\/12\/perni-di-incernieramento-02-1024x1024.png 1024w, https:\/\/rimecgroup.it\/wp-content\/uploads\/2024\/12\/perni-di-incernieramento-02-150x150.png 150w, https:\/\/rimecgroup.it\/wp-content\/uploads\/2024\/12\/perni-di-incernieramento-02-768x768.png 768w, https:\/\/rimecgroup.it\/wp-content\/uploads\/2024\/12\/perni-di-incernieramento-02-1536x1536.png 1536w, https:\/\/rimecgroup.it\/wp-content\/uploads\/2024\/12\/perni-di-incernieramento-02-1260x1260.png 1260w, https:\/\/rimecgroup.it\/wp-content\/uploads\/2024\/12\/perni-di-incernieramento-02-630x630.png 630w, https:\/\/rimecgroup.it\/wp-content\/uploads\/2024\/12\/perni-di-incernieramento-02-420x420.png 420w, https:\/\/rimecgroup.it\/wp-content\/uploads\/2024\/12\/perni-di-incernieramento-02-840x840.png 840w, https:\/\/rimecgroup.it\/wp-content\/uploads\/2024\/12\/perni-di-incernieramento-02-315x315.png 315w, https:\/\/rimecgroup.it\/wp-content\/uploads\/2024\/12\/perni-di-incernieramento-02-100x100.png 100w\" width=\"416\" height=\"416\" loading=\"lazy\" data-original-width=\"416\" data-original-height=\"416\" itemprop=\"http:\/\/schema.org\/image\" title=\"Perni di incernieramento\" alt=\"Perni di incernieramento\" style=\"width: 416px; height: 416px;\" \/> <\/a> <\/div> <div class=\"tiled-gallery-item tiled-gallery-item-large\" itemprop=\"associatedMedia\" itemscope itemtype=\"http:\/\/schema.org\/ImageObject\"> <a href=\"https:\/\/rimecgroup.it\/de\/prodotti\/perni-di-incernieramento\/perni-di-incernieramento-03\/\" border=\"0\" itemprop=\"url\"> <meta itemprop=\"width\" content=\"416\"> <meta itemprop=\"height\" content=\"416\"> <img decoding=\"async\" class=\"\" data-attachment-id=\"991222\" data-orig-file=\"https:\/\/rimecgroup.it\/wp-content\/uploads\/2024\/12\/perni-di-incernieramento-03.png\" data-orig-size=\"1800,1800\" data-comments-opened=\"\" data-image-meta=\"{&quot;aperture&quot;:&quot;0&quot;,&quot;credit&quot;:&quot;&quot;,&quot;camera&quot;:&quot;&quot;,&quot;caption&quot;:&quot;&quot;,&quot;created_timestamp&quot;:&quot;0&quot;,&quot;copyright&quot;:&quot;&quot;,&quot;focal_length&quot;:&quot;0&quot;,&quot;iso&quot;:&quot;0&quot;,&quot;shutter_speed&quot;:&quot;0&quot;,&quot;title&quot;:&quot;&quot;,&quot;orientation&quot;:&quot;0&quot;}\" data-image-title=\"Perni di incernieramento\" data-image-description=\"\" data-medium-file=\"https:\/\/rimecgroup.it\/wp-content\/uploads\/2024\/12\/perni-di-incernieramento-03-300x300.png\" data-large-file=\"https:\/\/rimecgroup.it\/wp-content\/uploads\/2024\/12\/perni-di-incernieramento-03-1024x1024.png\" src=\"https:\/\/i0.wp.com\/rimecgroup.it\/wp-content\/uploads\/2024\/12\/perni-di-incernieramento-03.png?w=416&#038;h=416&#038;crop=1&#038;ssl=1\" srcset=\"https:\/\/rimecgroup.it\/wp-content\/uploads\/2024\/12\/perni-di-incernieramento-03.png 1800w, https:\/\/rimecgroup.it\/wp-content\/uploads\/2024\/12\/perni-di-incernieramento-03-300x300.png 300w, https:\/\/rimecgroup.it\/wp-content\/uploads\/2024\/12\/perni-di-incernieramento-03-1024x1024.png 1024w, https:\/\/rimecgroup.it\/wp-content\/uploads\/2024\/12\/perni-di-incernieramento-03-150x150.png 150w, https:\/\/rimecgroup.it\/wp-content\/uploads\/2024\/12\/perni-di-incernieramento-03-768x768.png 768w, https:\/\/rimecgroup.it\/wp-content\/uploads\/2024\/12\/perni-di-incernieramento-03-1536x1536.png 1536w, https:\/\/rimecgroup.it\/wp-content\/uploads\/2024\/12\/perni-di-incernieramento-03-1260x1260.png 1260w, https:\/\/rimecgroup.it\/wp-content\/uploads\/2024\/12\/perni-di-incernieramento-03-630x630.png 630w, https:\/\/rimecgroup.it\/wp-content\/uploads\/2024\/12\/perni-di-incernieramento-03-420x420.png 420w, https:\/\/rimecgroup.it\/wp-content\/uploads\/2024\/12\/perni-di-incernieramento-03-840x840.png 840w, https:\/\/rimecgroup.it\/wp-content\/uploads\/2024\/12\/perni-di-incernieramento-03-315x315.png 315w, https:\/\/rimecgroup.it\/wp-content\/uploads\/2024\/12\/perni-di-incernieramento-03-100x100.png 100w\" width=\"416\" height=\"416\" loading=\"lazy\" data-original-width=\"416\" data-original-height=\"416\" itemprop=\"http:\/\/schema.org\/image\" title=\"Perni di incernieramento\" alt=\"Perni di incernieramento\" style=\"width: 416px; height: 416px;\" \/> <\/a> <\/div> <\/div> <!-- close group --> <\/div> <!-- close row --> <div class=\"gallery-row\" style=\"width: 1260px; height: 711px;\" data-original-width=\"1260\" data-original-height=\"711\" > <div class=\"gallery-group images-1\" style=\"width: 1260px; height: 711px;\" data-original-width=\"1260\" data-original-height=\"711\" > <div class=\"tiled-gallery-item tiled-gallery-item-large\" itemprop=\"associatedMedia\" itemscope itemtype=\"http:\/\/schema.org\/ImageObject\"> <a href=\"https:\/\/rimecgroup.it\/de\/prodotti\/perni-di-incernieramento\/perni-di-incernieramento-04\/\" border=\"0\" itemprop=\"url\"> <meta itemprop=\"width\" content=\"1256\"> <meta itemprop=\"height\" content=\"707\"> <img decoding=\"async\" class=\"\" data-attachment-id=\"991223\" data-orig-file=\"https:\/\/rimecgroup.it\/wp-content\/uploads\/2024\/12\/perni-di-incernieramento-04.jpg\" data-orig-size=\"1024,576\" data-comments-opened=\"\" data-image-meta=\"{&quot;aperture&quot;:&quot;0&quot;,&quot;credit&quot;:&quot;&quot;,&quot;camera&quot;:&quot;&quot;,&quot;caption&quot;:&quot;&quot;,&quot;created_timestamp&quot;:&quot;0&quot;,&quot;copyright&quot;:&quot;&quot;,&quot;focal_length&quot;:&quot;0&quot;,&quot;iso&quot;:&quot;0&quot;,&quot;shutter_speed&quot;:&quot;0&quot;,&quot;title&quot;:&quot;&quot;,&quot;orientation&quot;:&quot;0&quot;}\" data-image-title=\"Perni di incernieramento\" data-image-description=\"\" data-medium-file=\"https:\/\/rimecgroup.it\/wp-content\/uploads\/2024\/12\/perni-di-incernieramento-04-300x169.jpg\" data-large-file=\"https:\/\/rimecgroup.it\/wp-content\/uploads\/2024\/12\/perni-di-incernieramento-04.jpg\" src=\"https:\/\/i0.wp.com\/rimecgroup.it\/wp-content\/uploads\/2024\/12\/perni-di-incernieramento-04.jpg?w=1256&#038;h=707&#038;ssl=1\" srcset=\"https:\/\/rimecgroup.it\/wp-content\/uploads\/2024\/12\/perni-di-incernieramento-04.jpg 1024w, https:\/\/rimecgroup.it\/wp-content\/uploads\/2024\/12\/perni-di-incernieramento-04-300x169.jpg 300w, https:\/\/rimecgroup.it\/wp-content\/uploads\/2024\/12\/perni-di-incernieramento-04-768x432.jpg 768w, https:\/\/rimecgroup.it\/wp-content\/uploads\/2024\/12\/perni-di-incernieramento-04-630x354.jpg 630w, https:\/\/rimecgroup.it\/wp-content\/uploads\/2024\/12\/perni-di-incernieramento-04-420x236.jpg 420w, https:\/\/rimecgroup.it\/wp-content\/uploads\/2024\/12\/perni-di-incernieramento-04-840x473.jpg 840w, https:\/\/rimecgroup.it\/wp-content\/uploads\/2024\/12\/perni-di-incernieramento-04-315x177.jpg 315w\" width=\"1256\" height=\"707\" loading=\"lazy\" data-original-width=\"1256\" data-original-height=\"707\" itemprop=\"http:\/\/schema.org\/image\" title=\"Perni di incernieramento\" alt=\"Perni di incernieramento\" style=\"width: 1256px; height: 707px;\" \/> <\/a> <\/div> <\/div> <!-- close group --> <\/div> <!-- close row --> <\/div>\r\n\r\n<\/div><!-- .vgblk-rw-wrapper -->","protected":false},"excerpt":{"rendered":"<p>Drehbolzen Die Rimec Group verf\u00fcgt \u00fcber eine langj\u00e4hrige Erfahrung im Bereich der Drehbolzen und ist so weit fortgeschritten, dass sie als qualifizierter Lieferant f\u00fcr die gr\u00f6\u00dften internationalen Konzerne t\u00e4tig ist. Die Rimec Group kann jeden Typ von Bolzen nach Kundenspezifikation und in sehr hohen St\u00fcckzahlen produzieren, dank modernster Maschinen und hoher Produktionskapazit\u00e4t. Wir k\u00f6nnen kleine&#8230;<\/p>\n","protected":false},"author":1,"featured_media":0,"parent":991796,"menu_order":0,"comment_status":"closed","ping_status":"closed","template":"","meta":{"inline_featured_image":false,"footnotes":""},"class_list":["post-991219","page","type-page","status-publish","hentry"],"jetpack_sharing_enabled":true,"_links":{"self":[{"href":"https:\/\/rimecgroup.it\/de\/wp-json\/wp\/v2\/pages\/991219","targetHints":{"allow":["GET"]}}],"collection":[{"href":"https:\/\/rimecgroup.it\/de\/wp-json\/wp\/v2\/pages"}],"about":[{"href":"https:\/\/rimecgroup.it\/de\/wp-json\/wp\/v2\/types\/page"}],"author":[{"embeddable":true,"href":"https:\/\/rimecgroup.it\/de\/wp-json\/wp\/v2\/users\/1"}],"replies":[{"embeddable":true,"href":"https:\/\/rimecgroup.it\/de\/wp-json\/wp\/v2\/comments?post=991219"}],"version-history":[{"count":3,"href":"https:\/\/rimecgroup.it\/de\/wp-json\/wp\/v2\/pages\/991219\/revisions"}],"predecessor-version":[{"id":991240,"href":"https:\/\/rimecgroup.it\/de\/wp-json\/wp\/v2\/pages\/991219\/revisions\/991240"}],"up":[{"embeddable":true,"href":"https:\/\/rimecgroup.it\/de\/wp-json\/wp\/v2\/pages\/991796"}],"wp:attachment":[{"href":"https:\/\/rimecgroup.it\/de\/wp-json\/wp\/v2\/media?parent=991219"}],"curies":[{"name":"wp","href":"https:\/\/api.w.org\/{rel}","templated":true}]}}