{"id":991189,"date":"2016-12-05T16:29:56","date_gmt":"2016-12-05T16:29:56","guid":{"rendered":"https:\/\/rimecgroup.it\/home\/"},"modified":"2025-03-31T12:18:43","modified_gmt":"2025-03-31T12:18:43","slug":"home","status":"publish","type":"page","link":"https:\/\/rimecgroup.it\/de\/","title":{"rendered":"Home"},"content":{"rendered":"<div class=\"vgblk-rw-wrapper limit-wrapper\">\n<h2>\n\tDrehen\n\t<\/h2>\n\t<p>Dank langj\u00e4hriger Erfahrung und modernster Drehmaschinen sind wir in der Lage, Bauteile in verschiedenen Gr\u00f6\u00dfen, mit L\u00f6chern, Rillen, verschiedenen Durchmesserstufen, Konizit\u00e4ten, profilierten Oberfl\u00e4chen und vielem mehr zu produzieren&#8230;<\/p>\n\t<a href=\"\/de\/tornitura\/\" target=\"_self\" role=\"button\">\n\t\t\t\t\tMehr erfahren\n\t<\/a>\n<h2>\n\tSchleifen\n\t<\/h2>\n\t<p>Unsere Schleifmaschinen und das hochqualifizierte Personal garantieren die Herstellung von Teilen, die eine hohe Oberfl\u00e4chenqualit\u00e4t erfordern. Wir garantieren verschiedene Arten des Schleifens: Rundschleifen, Senkschleifen, Flachschleifen, Schleifen ohne Spitzen und Vertikalschleifen.<\/p>\n\t<a href=\"\/de\/rettifica\/\" target=\"_self\" role=\"button\">\n\t\t\t\t\tMehr erfahren\n\t<\/a>\n<h2>\n\tBearbeitungszentren\n\t<\/h2>\n\t<p>Unsere Bearbeitungszentren geh\u00f6ren zu den fortschrittlichsten und technologisch ausgekl\u00fcgeltsten auf dem Markt. Wir verf\u00fcgen \u00fcber horizontale und vertikale Bearbeitungszentren mit 4 und 5 Achsen, die Pr\u00e4zisionstechnologie mit der Raffinesse von Software, Ingenieurwesen und Automatisierung kombinieren.<\/p>\n\t<a href=\"\/de\/centri-di-lavoro\/\" target=\"_self\" role=\"button\">\n\t\t\t\t\tMehr erfahren\n\t<\/a>\n<h2>\n\tSchneiden\n\t<\/h2>\n\t<p>Das Schneiden von Stangen und Rohren auf Ma\u00df ist eine traditionelle Bearbeitung f\u00fcr die Rimec Group. Eine ganze Halle ist dem Lager f\u00fcr Stangen und Rohre aus verschiedenen Materialien und L\u00e4ngen gewidmet, die bereit sind, mit hochentwickelten Maschinen und hochqualifiziertem Personal zugeschnitten zu werden.<\/p>\n\t<a href=\"\/de\/taglio\/\" target=\"_self\" role=\"button\">\n\t\t\t\t\tMehr erfahren\n\t<\/a>\n<h2>\n\tQualit\u00e4t\n\t<\/h2>\n\t<p>Die Qualit\u00e4tskontrollabteilung ist das Herzst\u00fcck unserer Exzellenzmission. Dank eines Expertenteams und dem Einsatz modernster Instrumente gew\u00e4hrleisten wir, dass jedes produzierte Bauteil die h\u00f6chsten Qualit\u00e4ts- und Pr\u00e4zisionsstandards erf\u00fcllt.<\/p>\n\t<a href=\"\/de\/qualita\/\" target=\"_self\" role=\"button\">\n\t\t\t\t\tMehr erfahren\n\t<\/a>\n<h2>\n\tRimec Group:<br \/><strong>Technologie und Innovation<\/strong>\n\t<\/h2>\n\t<p>Rimec Group ist ein Unternehmen, das mechanische Komponenten f\u00fcr verschiedene Industriezweige produziert.<\/p>\n<p>Seit vielen Jahren investieren wir in technologische Forschungsprozesse, um fortschrittliche L\u00f6sungen f\u00fcr die Herstellung der Teile zu entwickeln, die in unseren Werkst\u00e4tten bearbeitet werden.<\/p>\n\t<a href=\"\/de\/chi-siamo\/\" target=\"_self\" role=\"button\">\n\t\t\t\t\tMehr erfahren\n\t<\/a>\n<h2>\n\tQualit\u00e4t<br \/><strong>und Zufriedenheit<\/strong>\n\t<\/h2>\n\t<p>F\u00fcr die vollst\u00e4ndige Kundenzufriedenheit wird der gesamte Produktionsprozess durch Folgendes garantiert:<\/p>\n\t\u25ce Eingangskontrolle und Pr\u00fcfung des Rohmaterials sowie eventueller Halbfertigerzeugnisse<br \/>\n\u25ce Prozesskontrolle und -pr\u00fcfung<br \/>\n\u25ce Kennzeichnung zur R\u00fcckverfolgbarkeit des Produkts<br \/>\n\u25ce Endkontrolle beim Ausgang\n\t<a href=\"\/de\/qualita-e-certificazioni\/\" target=\"_self\" role=\"button\">\n\t\t\t\t\tMehr erfahren\n\t<\/a>\n<h2>\n\tUnsere Produkte\n\t<\/h2>\n<h3>\n\tDrehbolzen\n\t<\/h3>\n\t<p>Die Rimec Group verf\u00fcgt \u00fcber eine langj\u00e4hrige Erfahrung im Markt der Drehbolzen und ist so weit fortgeschritten, dass sie als qualifizierter Lieferant f\u00fcr die gr\u00f6\u00dften internationalen Konzerne t\u00e4tig ist. Die Rimec Group kann jeden Typ von Bolzen nach Kundenspezifikation und in sehr hohen St\u00fcckzahlen produzieren, dank modernster Maschinen und hoher Produktionskapazit\u00e4t.<\/p>\n\t<a href=\"\/de\/prodotti\/perni-di-incernieramento\/\" target=\"_self\" role=\"button\">\n\t\t\t\t\tWeitere Informationen\n\t<\/a>\n<h3>\n\tRollen und Spannstangen\n\t<\/h3>\n\t<p>Die Rollen und Spannstangen werden haupts\u00e4chlich in Erdbewegungsmaschinen verwendet, insbesondere in den Unterwagen. Die Rollen k\u00f6nnen ein-, zwei- oder dreikammrig sein und helfen, den Riemen und\/oder die Kette in Ausrichtung zu halten, wodurch seitliches Abrutschen verhindert wird.<\/p>\n\t<a href=\"\/de\/prodotti\/rulli-e-supporti-tendi-cingolo\/\" target=\"_self\" role=\"button\">\n\t\t\t\t\tWeitere Informationen\n\t<\/a>\n<h3>\n\tVerstellbare Spannstangen und feste Befestigungen\n\t<\/h3>\n\t<p>Verstellbare Spannstangen sind Bauteile, die verwendet werden, um die richtige Spannung in Ketten von F\u00f6rderern aufrechtzuerhalten. Diese Spannstangen k\u00f6nnen an unterschiedliche Kettenl\u00e4ngen und -spannungen angepasst werden und wirken \u00fcber die gesamte L\u00e4nge des Gewindes.<\/p>\n\t<a href=\"\/de\/prodotti\/tiranti-tendicatena-registrabili-e-attacchi-fissi\/\" target=\"_self\" role=\"button\">\n\t\t\t\t\tWeitere Informationen\n\t<\/a>\n<h3>\n\tWellen mit Schneckenprofil und Komponenten f\u00fcr Getriebe\n\t<\/h3>\n\t<p>Die Satelliten, die derzeit von der Rimec Group mit einer Tacchella-Roboter-Maschine gefertigt werden, werden normalerweise im Bereich von Getrieben, Getriebemotoren, stufenlosen Antrieben und Motorvariatoren eingesetzt.<\/p>\n\t<a href=\"\/de\/prodotti\/alberi-lenti-e-componenti-per-riduttori\/\" target=\"_self\" role=\"button\">\n\t\t\t\t\tWeitere Informationen\n\t<\/a>\n<h3>\n\tTwist-lock\n\t<\/h3>\n\t<p>Die Reihe der Twist Lock Sicherheitsvorrichtungen der Rimec Group wurde in unseren metallurgischen Laboratorien mit jahrelangen Studien und spezifischen Tests entwickelt, um sicherzustellen, dass das Produkt die h\u00f6chsten Anforderungen an die Widerstandsf\u00e4higkeit gegen\u00fcber den verschiedenen mechanischen Belastungen erf\u00fcllt, denen diese Bauteile im Einsatz ausgesetzt sind.<\/p>\n\t<a href=\"\/de\/prodotti\/twist-lock\/\" target=\"_self\" role=\"button\">\n\t\t\t\t\tWeitere Informationen\n\t<\/a>\n<h3>\n\tHydraulische und pneumatische Komponenten\n\t<\/h3>\n\t<p>Die Rimec Group bietet eine breite Palette an hydraulischen und pneumatischen Komponenten f\u00fcr verschiedene industrielle Sektoren, insbesondere f\u00fcr die Landwirtschaft (Ernte und Schnitt) und die Automatisierung (Poller, automatische \u00d6ffnungen und Schlie\u00dfungen usw.).<\/p>\n\t<a href=\"\/de\/prodotti\/componenti-oleodinamici-e-pneumatici\/\" target=\"_self\" role=\"button\">\n\t\t\t\t\tWeitere Informationen\n\t<\/a>\n<h3>\n\tEdelstahlkomponenten\n\t<\/h3>\n\t<p>Seit vielen Jahren stellt die Rimec Group Edelstahlkomponenten her. Wie bekannt ist, ist Edelstahl eines der vielseitigsten Materialien, das in der Industrie aufgrund seiner mechanischen, chemischen und \u00e4sthetischen Eigenschaften verwendet wird, die hohe Widerstandsf\u00e4higkeit, Zuverl\u00e4ssigkeit und Langlebigkeit garantieren.<\/p>\n\t<a href=\"\/de\/prodotti\/componenti-in-acciaio-inox\/\" target=\"_self\" role=\"button\">\n\t\t\t\t\tWeitere Informationen\n\t<\/a>\n<h3>\n\tRiemenscheiben\n\t<\/h3>\n\t<p>Die Riemenscheiben sind mechanische Teile, deren Hauptfunktion es ist, eine Bewegung auf andere mechanische Elemente zu \u00fcbertragen oder zu f\u00fchren. Sie bestehen aus einem Loch, in dem ein Bolzen untergebracht ist, um das Teil zu halten, einem Zentralk\u00f6rper und dem \u00e4u\u00dferen Teil, der anstelle von Z\u00e4hnen eine oder mehrere Vertiefungen aufweist, auf denen ein Riemen oder Kabel montiert wird, das durch Reibung eine Bewegung erzeugt und die \u00dcbertragung einer Kraft erm\u00f6glicht.<\/p>\n\t<a href=\"\/de\/prodotti\/pulegge\/\" target=\"_self\" role=\"button\">\n\t\t\t\t\tWeitere Informationen\n\t<\/a>\n<h3>\n\tSchnecken, Antriebswellen und Sonderkomponenten\n\t<\/h3>\n\t<p>Seit mehreren Jahren ist die Rimec Group ein bevorzugter Lieferant f\u00fcr industrielle Sektoren, in denen Schnecken und Antriebswellen sowie Sonderkomponenten im Allgemeinen verwendet werden.<\/p>\n\t<a href=\"\/de\/prodotti\/viti-senza-fine-alberi-di-trasmissione-e-componenti-speciali\/\" target=\"_self\" role=\"button\">\n\t\t\t\t\tWeitere Informationen\n\t<\/a>\n\t<h2>FOCUS ON<br \/>\n<strong>Neue Makino-Linie &#8211; Produktions Exzellenz<\/strong><\/h2>\n\t<p>Ein neues horizontales Makino-Bearbeitungszentrum mit einer Beladung von bis zu 20 Paletten wurde zusammen mit einem weiteren bereits vorhandenen Makino A61 in Betrieb genommen, um die Produktions Effizienz weiter zu verbessern.<\/p>\n\t<meta itemprop=\"url\" content=\"https:\/\/rimecgroup.it\/wp-content\/uploads\/2024\/09\/makino.mp4\" \/><div style=\"width: 640px;\" class=\"wp-video\"><video class=\"wp-video-shortcode\" id=\"video-991189-1\" width=\"640\" height=\"360\" preload=\"metadata\" controls=\"controls\"><source type=\"video\/mp4\" src=\"https:\/\/rimecgroup.it\/wp-content\/uploads\/2024\/09\/makino.mp4?_=1\" \/><source type=\"video\/mp4\" src=\"https:\/\/rimecgroup.it\/wp-content\/uploads\/2024\/09\/makino.mp4?_=1\" \/><source type=\"video\/webm\" src=\"https:\/\/rimecgroup.it\/wp-content\/uploads\/2024\/09\/makino.webm?_=1\" \/><a href=\"https:\/\/rimecgroup.it\/wp-content\/uploads\/2024\/09\/makino.mp4\">https:\/\/rimecgroup.it\/wp-content\/uploads\/2024\/09\/makino.mp4<\/a><\/video><\/div>\n\t<h4><strong>Ma\u00dfgeschneiderte<\/strong><br \/>\nL\u00f6sungen<\/h4>\n\t<p>Die Rimec Group ist in der Lage, auf jede Anwendungsanforderung zu reagieren und Komponenten nach Kundenspezifikation zu fertigen.<\/p>\n\t<h4><strong>Gesamtqualit\u00e4t<\/strong><\/h4>\n\t<p>F\u00fcr Rimec ist Qualit\u00e4t seit jeher ein MUSS, und jede Phase des Produktionszyklus unterliegt einem strengen Testprozess.<\/p>\n\t<h4><strong>Bearbeitungszentren<\/strong><br \/>\nMakino<\/h4>\n\t<p>Die MAKINO Bearbeitungszentren, sowohl horizontale als auch vertikale, sind sehr ausgekl\u00fcgelte und effiziente Maschinen.<\/p>\n<h2>\n\tNEUIGKEIT\n\t<\/h2>\n\t<a href=\"https:\/\/rimecgroup.it\/en\/news-media\/\" target=\"_self\" role=\"button\">\n\t\t\t\t\tALLE NACHRICHTEN ANSEHEN\n\t<\/a>\n\n<\/div><!-- .vgblk-rw-wrapper -->","protected":false},"excerpt":{"rendered":"<p>Drehen Dank langj\u00e4hriger Erfahrung und modernster Drehmaschinen sind wir in der Lage, Bauteile in verschiedenen Gr\u00f6\u00dfen, mit L\u00f6chern, Rillen, verschiedenen Durchmesserstufen, Konizit\u00e4ten, profilierten Oberfl\u00e4chen und vielem mehr zu produzieren&#8230; Mehr erfahren Schleifen Unsere Schleifmaschinen und das hochqualifizierte Personal garantieren die Herstellung von Teilen, die eine hohe Oberfl\u00e4chenqualit\u00e4t erfordern. Wir garantieren verschiedene Arten des Schleifens: Rundschleifen,&#8230;<\/p>\n","protected":false},"author":1,"featured_media":0,"parent":0,"menu_order":0,"comment_status":"closed","ping_status":"closed","template":"","meta":{"inline_featured_image":false,"footnotes":""},"class_list":["post-991189","page","type-page","status-publish","hentry"],"jetpack_sharing_enabled":true,"_links":{"self":[{"href":"https:\/\/rimecgroup.it\/de\/wp-json\/wp\/v2\/pages\/991189","targetHints":{"allow":["GET"]}}],"collection":[{"href":"https:\/\/rimecgroup.it\/de\/wp-json\/wp\/v2\/pages"}],"about":[{"href":"https:\/\/rimecgroup.it\/de\/wp-json\/wp\/v2\/types\/page"}],"author":[{"embeddable":true,"href":"https:\/\/rimecgroup.it\/de\/wp-json\/wp\/v2\/users\/1"}],"replies":[{"embeddable":true,"href":"https:\/\/rimecgroup.it\/de\/wp-json\/wp\/v2\/comments?post=991189"}],"version-history":[{"count":2,"href":"https:\/\/rimecgroup.it\/de\/wp-json\/wp\/v2\/pages\/991189\/revisions"}],"predecessor-version":[{"id":991217,"href":"https:\/\/rimecgroup.it\/de\/wp-json\/wp\/v2\/pages\/991189\/revisions\/991217"}],"wp:attachment":[{"href":"https:\/\/rimecgroup.it\/de\/wp-json\/wp\/v2\/media?parent=991189"}],"curies":[{"name":"wp","href":"https:\/\/api.w.org\/{rel}","templated":true}]}}